{"id":50887,"date":"2021-07-23T13:22:32","date_gmt":"2021-07-23T10:22:32","guid":{"rendered":"https:\/\/www.lustandlove.eu\/product\/gballs%c2%b3-tupekuulid-appiga\/"},"modified":"2026-04-13T10:37:00","modified_gmt":"2026-04-13T07:37:00","slug":"gballs%c2%b3-tupekuulid-appiga","status":"publish","type":"product","link":"https:\/\/lustandlove.eu\/et\/toode\/gballs%c2%b3-tupekuulid-appiga\/","title":{"rendered":"Gballs\u00b3 Tupekuulid \u00c4ppiga"},"content":{"rendered":"<div class=\"wpb-content-wrapper\"><p>[vc_row][vc_column][vc_column_text woodmart_inline=&#8221;no&#8221; text_larger=&#8221;no&#8221;]Gvibe Gballs 3 on arenenud vaagnap\u00f5hjalihaste treeningvahend, mis t\u00f6\u00f6tab koost\u00f6\u00f6s telefonirakendusega. Tupekuulidega treenimine pole eales olnud nii kiire, lihtne ja m\u00e4nguline. Sa ei pea veetma liigselt aega, et ennast treenida \u2013 k\u00f5igest pool tundi igap\u00e4evaselt on piisav, et juba 3-4 n\u00e4dala jooksul m\u00e4rgata reaalseid tulemusi. Gballs 3 pakub v\u00f5imalusi, mida teised kuulid ei paku \u2013 tagasisidet, mis aitab m\u00f5ista mida ja kuidas treenida parimate tulemuste nimel.[\/vc_column_text][vc_column_text woodmart_inline=&#8221;no&#8221; text_larger=&#8221;no&#8221;]<\/p>\n<h3><strong>Miks on Gballs 3 parem kui Gballs 2?<\/strong><\/h3>\n<p>[\/vc_column_text][vc_column_text woodmart_inline=&#8221;no&#8221; text_larger=&#8221;no&#8221;]<\/p>\n<ol>\n<li><strong>Edasiarendatud t\u00f6\u00f6kindlus<\/strong>. Gballs 2 v\u00f5is treeningute ringi liikuda, raskendades sensorite t\u00f6\u00f6d musklite lugemisel ning peatada korrektset treeningut. Gballs 3 on aga varustatud pehme jalaga, mis tahab kindla asukoha treeningute ajal.<\/li>\n<li><strong>Tundlikumad\u00a0 sensorid<\/strong>. Sensorid on t\u00e4pse treeningu j\u00e4lgimise jaoks k\u00f5ige olulisemad osad. Gballs 3 kannab endas veelgi t\u00e4psemaid sensoreid, et nii algajad kui edasij\u00f5udnud saaksid t\u00e4pseid tulemusi.<\/li>\n<li><strong>Magneetiline laadimine.\u00a0<\/strong>Erinevalt pere mustast lambast Gballs 2-st, on Gballs 3 varustatud magneetilise laadimisega. Nii saame pakkuda 100% veekindlust ja parimat vastupidavust.<\/li>\n<li>Pikema eluaega aku, mis kestab \u00fche laadimisega kuni 4 tundi!<\/li>\n<\/ol>\n<p>Gvibe Gballs 3 on nutitelefoni abil juhitavad tupekuulid, mis aitavad treenida vaaagnap\u00f5hjalihaseid, tundlikust ja t\u00f5sta intiimsuse m\u00f5nu.[\/vc_column_text][vc_column_text woodmart_inline=&#8221;no&#8221; text_larger=&#8221;no&#8221;]<br \/>\n<strong>Gballs 3 head<\/strong>\u00a0<strong>omadused<\/strong><br \/>\n[\/vc_column_text][vc_column_text woodmart_inline=&#8221;no&#8221; text_larger=&#8221;no&#8221;]Gballs 3 kuulidega treenimine on \u00fclimalt lihtne: Lae alla Magic Kegel rakendus. L\u00fclita sisse bluetooth, j\u00e4lgi rakenduse juhiseid et kuulid \u00fchendada, ning vali treeningprogramm, ning alusta treeninguga. Gballs 3 sisaldab kuute treeningprogrammi: Beginner level, Honeymoon, I am planning a child, Young mother, In the recovery of muscles, The mistress. Igal programmil on juures kirjeldus, et saaksid igaks elu hetkeks valida endale \u00f5ige programmi. Igal programmil on erinevad harjutused algaja ja meistri vahel. Vali oma kursus ja alusta trenniga, kus sind ootab l\u00f5bus m\u00e4ng. K\u00f5ige alguses istud oma seemne, et protsessi alustada, ning treenides n\u00e4ed kuidas su puu kasvad suureks ja tugevaks. \u00c4ppis n\u00e4ed reaalajas, kuidas su musklid kasvavad, muutudes tugevamaks ja tundlikumaks. Gballs 3 sees olevad kolm sensorit annavad sulle tagasisidet vibreerides sinu liigutuste j\u00e4rgi. Rakenduses juhendab sind h\u00e4\u00e4ljuhendid, kes annab teada mida ja kuidas peaksid tegema. Tupekuulidega treenimise p\u00f5him\u00f5te on lihaste pingutamine ja l\u00f5dvestamine, ning rakenduses saad j\u00e4lgida individuaalselt sulle loodud treeningkava, mis v\u00f5tab arvesse sinu musklite toonust. Iga saavutuse eest saad medaleid, auhindu ja boonuseid \u2013 nii oled motiveeritud oma treeninguid j\u00e4tkama. Peale raskeid treeninguid saad kuulid \u00fcmber l\u00fclitada vibreerivate kuulide programmile \u2013 see lelu on sama kasulik kui l\u00f5bus.<\/p>\n<p>Gvibe telefonirakendusega juhitavad tupekuulid on valmistatud h\u00fcpoallergeeniliselt silikoonist, muutes Gballs 3 kuulid veel painduvamaks ja pehmemaks. 100% veekindlus lubal sul neid nautida ka vannis ja du\u0161\u0161i all. Kuulid t\u00f6\u00f6tavad kuni 4 tundi \u00fche laadimisega.[\/vc_column_text][vc_column_text woodmart_inline=&#8221;no&#8221; text_larger=&#8221;no&#8221;]Koos Gballs 3 saad mugavalt ja naturaalselt saavutatud ihaldatud tulemuse, tugevndades oma muskleid, parandades oma tervist, ning aidata valu vastu p\u00e4evade ajal. Mugava treeningu jaoks kasuta veebaasil libestit. Puhastamiseks kasuta sooja vett ja lelupuhastajat.[\/vc_column_text][vc_column_text woodmart_inline=&#8221;no&#8221; text_larger=&#8221;no&#8221;]Gballs 3 ei ole vaid l\u00f5bus m\u00e4nguasi, vaid ka t\u00f5eline abiline k\u00f5igile naistele, vaatamata nende vanusele ja laste arvule. T\u00e4pselt nagu tavaliselt k\u00e4ivad hea tervisega kaasas Jooga ja sport, aitab Gballs 3 hoolitseda su seksuaalse tervise eest.[\/vc_column_text][\/vc_column][\/vc_row]<\/p>\n<\/div>","protected":false},"excerpt":{"rendered":"<p>[vc_row][vc_column][vc_column_text woodmart_inline=&#8221;no&#8221; text_larger=&#8221;no&#8221;]Gvibe Gballs 3 on arenenud vaagnap\u00f5hjalihaste treeningvahend, mis t\u00f6\u00f6tab koost\u00f6\u00f6s telefonirakendusega. Tupekuulidega treenimine pole eales olnud nii kiire,<\/p>\n","protected":false},"featured_media":48186,"template":"","meta":[],"product_brand":[4208],"product_cat":[1460,1487],"product_tag":[3754],"class_list":{"0":"post-50887","1":"product","2":"type-product","3":"status-publish","4":"has-post-thumbnail","6":"product_brand-gvibe-et","7":"product_cat-apteek","8":"product_cat-tupekuulid","9":"product_tag-menopaus","10":"pa_brand-gvibe-et","12":"first","13":"instock","14":"taxable","15":"shipping-taxable","16":"purchasable","17":"product-type-simple"},"yoast_head":"<!-- This site is optimized with the Yoast SEO plugin v27.3 - https:\/\/yoast.com\/product\/yoast-seo-wordpress\/ -->\n<title>Gballs\u00b3 Tupekuulid \u00c4ppiga | Lust and Love<\/title>\n<meta name=\"robots\" content=\"index,follow,max-snippet:-1,max-image-preview:large,max-video-preview:-1\" \/>\n<link rel=\"canonical\" href=\"https:\/\/lustandlove.eu\/et\/toode\/gballs%c2%b3-tupekuulid-appiga\/\" \/>\n<meta name=\"twitter:card\" content=\"summary_large_image\" \/>\n<meta name=\"twitter:title\" content=\"Gballs\u00b3 Tupekuulid \u00c4ppiga | Lust and Love\" \/>\n<meta name=\"twitter:description\" content=\"[vc_row][vc_column][vc_column_text woodmart_inline=&#8221;no&#8221; text_larger=&#8221;no&#8221;]Gvibe Gballs 3 on arenenud vaagnap\u00f5hjalihaste treeningvahend, mis t\u00f6\u00f6tab koost\u00f6\u00f6s telefonirakendusega. Tupekuulidega treenimine pole eales olnud nii kiire,\" \/>\n<meta name=\"twitter:image\" content=\"https:\/\/lustandlove.eu\/wp-content\/uploads\/gballs3-app-145513_720x.jpg\" \/>\n<meta name=\"twitter:label1\" content=\"Est. reading time\" \/>\n\t<meta name=\"twitter:data1\" content=\"3 minutit\" \/>\n<script type=\"application\/ld+json\" class=\"yoast-schema-graph\">{\"@context\":\"https:\\\/\\\/schema.org\",\"@graph\":[{\"@type\":[\"WebPage\",\"ItemPage\"],\"@id\":\"https:\\\/\\\/lustandlove.eu\\\/et\\\/toode\\\/gballs%c2%b3-tupekuulid-appiga\\\/\",\"url\":\"https:\\\/\\\/lustandlove.eu\\\/et\\\/toode\\\/gballs%c2%b3-tupekuulid-appiga\\\/\",\"name\":\"Gballs\u00b3 Tupekuulid \u00c4ppiga | Lust and Love\",\"isPartOf\":{\"@id\":\"https:\\\/\\\/lustandlove.eu\\\/et\\\/#website\"},\"primaryImageOfPage\":{\"@id\":\"https:\\\/\\\/lustandlove.eu\\\/et\\\/toode\\\/gballs%c2%b3-tupekuulid-appiga\\\/#primaryimage\"},\"image\":{\"@id\":\"https:\\\/\\\/lustandlove.eu\\\/et\\\/toode\\\/gballs%c2%b3-tupekuulid-appiga\\\/#primaryimage\"},\"thumbnailUrl\":\"https:\\\/\\\/lustandlove.eu\\\/wp-content\\\/uploads\\\/gballs3-app-145513_720x.jpg\",\"datePublished\":\"2021-07-23T10:22:32+00:00\",\"dateModified\":\"2026-04-13T07:37:00+00:00\",\"breadcrumb\":{\"@id\":\"https:\\\/\\\/lustandlove.eu\\\/et\\\/toode\\\/gballs%c2%b3-tupekuulid-appiga\\\/#breadcrumb\"},\"inLanguage\":\"et\",\"potentialAction\":[{\"@type\":\"ReadAction\",\"target\":[\"https:\\\/\\\/lustandlove.eu\\\/et\\\/toode\\\/gballs%c2%b3-tupekuulid-appiga\\\/\"]}]},{\"@type\":\"ImageObject\",\"inLanguage\":\"et\",\"@id\":\"https:\\\/\\\/lustandlove.eu\\\/et\\\/toode\\\/gballs%c2%b3-tupekuulid-appiga\\\/#primaryimage\",\"url\":\"https:\\\/\\\/lustandlove.eu\\\/wp-content\\\/uploads\\\/gballs3-app-145513_720x.jpg\",\"contentUrl\":\"https:\\\/\\\/lustandlove.eu\\\/wp-content\\\/uploads\\\/gballs3-app-145513_720x.jpg\",\"width\":720,\"height\":960},{\"@type\":\"BreadcrumbList\",\"@id\":\"https:\\\/\\\/lustandlove.eu\\\/et\\\/toode\\\/gballs%c2%b3-tupekuulid-appiga\\\/#breadcrumb\",\"itemListElement\":[{\"@type\":\"ListItem\",\"position\":1,\"name\":\"Lust and Love\",\"item\":\"https:\\\/\\\/lustandlove.eu\\\/et\\\/\"},{\"@type\":\"ListItem\",\"position\":2,\"name\":\"Pood\",\"item\":\"https:\\\/\\\/lustandlove.eu\\\/et\\\/pood\\\/\"},{\"@type\":\"ListItem\",\"position\":3,\"name\":\"Libestid ja kehahooldus\",\"item\":\"https:\\\/\\\/lustandlove.eu\\\/et\\\/pood\\\/apteek\\\/\"},{\"@type\":\"ListItem\",\"position\":4,\"name\":\"Tupekuulid\",\"item\":\"https:\\\/\\\/lustandlove.eu\\\/et\\\/pood\\\/apteek\\\/tupekuulid\\\/\"},{\"@type\":\"ListItem\",\"position\":5,\"name\":\"Gballs\u00b3 Tupekuulid \u00c4ppiga\"}]},{\"@type\":\"WebSite\",\"@id\":\"https:\\\/\\\/lustandlove.eu\\\/et\\\/#website\",\"url\":\"https:\\\/\\\/lustandlove.eu\\\/et\\\/\",\"name\":\"Lust &amp; Love\",\"description\":\"Online erootikapood tervise, ilu ja armastuse jaoks\",\"publisher\":{\"@id\":\"https:\\\/\\\/lustandlove.eu\\\/et\\\/#organization\"},\"potentialAction\":[{\"@type\":\"SearchAction\",\"target\":{\"@type\":\"EntryPoint\",\"urlTemplate\":\"https:\\\/\\\/lustandlove.eu\\\/et\\\/?s={search_term_string}\"},\"query-input\":{\"@type\":\"PropertyValueSpecification\",\"valueRequired\":true,\"valueName\":\"search_term_string\"}}],\"inLanguage\":\"et\"},{\"@type\":\"Organization\",\"@id\":\"https:\\\/\\\/lustandlove.eu\\\/et\\\/#organization\",\"name\":\"Bioconcept Baltics O\u00dc\",\"url\":\"https:\\\/\\\/lustandlove.eu\\\/et\\\/\",\"logo\":{\"@type\":\"ImageObject\",\"inLanguage\":\"et\",\"@id\":\"https:\\\/\\\/lustandlove.eu\\\/et\\\/#\\\/schema\\\/logo\\\/image\\\/\",\"url\":\"\",\"contentUrl\":\"\",\"caption\":\"Bioconcept Baltics O\u00dc\"},\"image\":{\"@id\":\"https:\\\/\\\/lustandlove.eu\\\/et\\\/#\\\/schema\\\/logo\\\/image\\\/\"},\"sameAs\":[\"https:\\\/\\\/www.facebook.com\\\/LustandLoveEU\\\/\",\"https:\\\/\\\/www.instagram.com\\\/lustandloveeu\\\/\"]}]}<\/script>\n<!-- \/ Yoast SEO plugin. -->","yoast_head_json":{"title":"Gballs\u00b3 Tupekuulid \u00c4ppiga | Lust and Love","robots":{"index,follow,max-snippet":"index,follow,max-snippet:-1,max-image-preview:large,max-video-preview:-1"},"canonical":"https:\/\/lustandlove.eu\/et\/toode\/gballs%c2%b3-tupekuulid-appiga\/","twitter_card":"summary_large_image","twitter_title":"Gballs\u00b3 Tupekuulid \u00c4ppiga | Lust and Love","twitter_description":"[vc_row][vc_column][vc_column_text woodmart_inline=&#8221;no&#8221; text_larger=&#8221;no&#8221;]Gvibe Gballs 3 on arenenud vaagnap\u00f5hjalihaste treeningvahend, mis t\u00f6\u00f6tab koost\u00f6\u00f6s telefonirakendusega. Tupekuulidega treenimine pole eales olnud nii kiire,","twitter_image":"https:\/\/lustandlove.eu\/wp-content\/uploads\/gballs3-app-145513_720x.jpg","twitter_misc":{"Est. reading time":"3 minutit"},"schema":{"@context":"https:\/\/schema.org","@graph":[{"@type":["WebPage","ItemPage"],"@id":"https:\/\/lustandlove.eu\/et\/toode\/gballs%c2%b3-tupekuulid-appiga\/","url":"https:\/\/lustandlove.eu\/et\/toode\/gballs%c2%b3-tupekuulid-appiga\/","name":"Gballs\u00b3 Tupekuulid \u00c4ppiga | Lust and Love","isPartOf":{"@id":"https:\/\/lustandlove.eu\/et\/#website"},"primaryImageOfPage":{"@id":"https:\/\/lustandlove.eu\/et\/toode\/gballs%c2%b3-tupekuulid-appiga\/#primaryimage"},"image":{"@id":"https:\/\/lustandlove.eu\/et\/toode\/gballs%c2%b3-tupekuulid-appiga\/#primaryimage"},"thumbnailUrl":"https:\/\/lustandlove.eu\/wp-content\/uploads\/gballs3-app-145513_720x.jpg","datePublished":"2021-07-23T10:22:32+00:00","dateModified":"2026-04-13T07:37:00+00:00","breadcrumb":{"@id":"https:\/\/lustandlove.eu\/et\/toode\/gballs%c2%b3-tupekuulid-appiga\/#breadcrumb"},"inLanguage":"et","potentialAction":[{"@type":"ReadAction","target":["https:\/\/lustandlove.eu\/et\/toode\/gballs%c2%b3-tupekuulid-appiga\/"]}]},{"@type":"ImageObject","inLanguage":"et","@id":"https:\/\/lustandlove.eu\/et\/toode\/gballs%c2%b3-tupekuulid-appiga\/#primaryimage","url":"https:\/\/lustandlove.eu\/wp-content\/uploads\/gballs3-app-145513_720x.jpg","contentUrl":"https:\/\/lustandlove.eu\/wp-content\/uploads\/gballs3-app-145513_720x.jpg","width":720,"height":960},{"@type":"BreadcrumbList","@id":"https:\/\/lustandlove.eu\/et\/toode\/gballs%c2%b3-tupekuulid-appiga\/#breadcrumb","itemListElement":[{"@type":"ListItem","position":1,"name":"Lust and Love","item":"https:\/\/lustandlove.eu\/et\/"},{"@type":"ListItem","position":2,"name":"Pood","item":"https:\/\/lustandlove.eu\/et\/pood\/"},{"@type":"ListItem","position":3,"name":"Libestid ja kehahooldus","item":"https:\/\/lustandlove.eu\/et\/pood\/apteek\/"},{"@type":"ListItem","position":4,"name":"Tupekuulid","item":"https:\/\/lustandlove.eu\/et\/pood\/apteek\/tupekuulid\/"},{"@type":"ListItem","position":5,"name":"Gballs\u00b3 Tupekuulid \u00c4ppiga"}]},{"@type":"WebSite","@id":"https:\/\/lustandlove.eu\/et\/#website","url":"https:\/\/lustandlove.eu\/et\/","name":"Lust &amp; Love","description":"Online erootikapood tervise, ilu ja armastuse jaoks","publisher":{"@id":"https:\/\/lustandlove.eu\/et\/#organization"},"potentialAction":[{"@type":"SearchAction","target":{"@type":"EntryPoint","urlTemplate":"https:\/\/lustandlove.eu\/et\/?s={search_term_string}"},"query-input":{"@type":"PropertyValueSpecification","valueRequired":true,"valueName":"search_term_string"}}],"inLanguage":"et"},{"@type":"Organization","@id":"https:\/\/lustandlove.eu\/et\/#organization","name":"Bioconcept Baltics O\u00dc","url":"https:\/\/lustandlove.eu\/et\/","logo":{"@type":"ImageObject","inLanguage":"et","@id":"https:\/\/lustandlove.eu\/et\/#\/schema\/logo\/image\/","url":"","contentUrl":"","caption":"Bioconcept Baltics O\u00dc"},"image":{"@id":"https:\/\/lustandlove.eu\/et\/#\/schema\/logo\/image\/"},"sameAs":["https:\/\/www.facebook.com\/LustandLoveEU\/","https:\/\/www.instagram.com\/lustandloveeu\/"]}]}},"_links":{"self":[{"href":"https:\/\/lustandlove.eu\/et\/wp-json\/wp\/v2\/product\/50887","targetHints":{"allow":["GET"]}}],"collection":[{"href":"https:\/\/lustandlove.eu\/et\/wp-json\/wp\/v2\/product"}],"about":[{"href":"https:\/\/lustandlove.eu\/et\/wp-json\/wp\/v2\/types\/product"}],"wp:featuredmedia":[{"embeddable":true,"href":"https:\/\/lustandlove.eu\/et\/wp-json\/wp\/v2\/media\/48186"}],"wp:attachment":[{"href":"https:\/\/lustandlove.eu\/et\/wp-json\/wp\/v2\/media?parent=50887"}],"wp:term":[{"taxonomy":"product_brand","embeddable":true,"href":"https:\/\/lustandlove.eu\/et\/wp-json\/wp\/v2\/product_brand?post=50887"},{"taxonomy":"product_cat","embeddable":true,"href":"https:\/\/lustandlove.eu\/et\/wp-json\/wp\/v2\/product_cat?post=50887"},{"taxonomy":"product_tag","embeddable":true,"href":"https:\/\/lustandlove.eu\/et\/wp-json\/wp\/v2\/product_tag?post=50887"}],"curies":[{"name":"wp","href":"https:\/\/api.w.org\/{rel}","templated":true}]}}