{"id":51107,"date":"2021-12-07T16:15:06","date_gmt":"2021-12-07T14:15:06","guid":{"rendered":"https:\/\/www.lustandlove.eu\/product\/seksikad-stringid-perfektse-loikega\/"},"modified":"2026-04-13T10:34:29","modified_gmt":"2026-04-13T07:34:29","slug":"seksikad-stringid-perfektse-loikega","status":"publish","type":"product","link":"https:\/\/lustandlove.eu\/et\/toode\/seksikad-stringid-perfektse-loikega\/","title":{"rendered":"Seksikad Stringid Perfektse L\u00f5ikega"},"content":{"rendered":"<p>See Wetlooki seksikas string ei t\u00e4iusta mitte ainult teie riietust \u2013 teile meeldib selle perfektne l\u00f5ige!<\/p>\n<p>M\u00f5lemalt poolt avatav string on seksikas ja p\u00f5nev!<\/p>\n<p>Noiri r\u00f5ivad on valmistatud elastsest kangast, kuid pidage meeles, et r\u00f5ivaste \u00f5ige suuruse valimine v\u00f5imaldab v\u00e4ltida asjatut \u00fclevenitamist ja niitide n\u00f5rgenemist ning teie Noiri r\u00f5ivas p\u00fcsib ideaalses vormis pikka aega.<\/p>\n<h3><strong>Hoolitsemine<\/strong><\/h3>\n<p>Soovitav on oma Noiri r\u00f5ivast k\u00e4sitsi pesta jaheda veega, kasutades pehmeid pesugeele. V\u00f5ite kasutada ka pesumasinat, kuid ainult k\u00e4sipesuga\/delikaatpesuga ning valides k\u00fclma vee seadistused.<\/p>\n<p>R\u00f5ivast on soovitatav pesta enne esimest kasutuskorda, et v\u00e4ltida v\u00e4rvainete m\u00e4\u00e4rdumist.<\/p>\n<p>Kuju s\u00e4ilitamiseks kuivatage tasapinnaliselt. \u00c4rge kasutage trummelkuivatit.<\/p>\n<p>V\u00f5ite triikida r\u00f5ivast pahupidi keeratuna, kasutades jahedat re\u017eiimi.<\/p>\n","protected":false},"excerpt":{"rendered":"<p>See Wetlooki seksikas string ei t\u00e4iusta mitte ainult teie riietust \u2013 teile meeldib selle perfektne l\u00f5ige! M\u00f5lemalt poolt avatav string<\/p>\n","protected":false},"featured_media":50993,"template":"","meta":[],"product_brand":[4227],"product_cat":[4013,1489],"product_tag":[3015],"class_list":{"0":"post-51107","1":"product","2":"type-product","3":"status-publish","4":"has-post-thumbnail","6":"product_brand-noir-et","7":"product_cat-aksessuaarid-et","8":"product_cat-pesu","9":"product_tag-string-et","10":"pa_brand-noir-et","12":"first","13":"instock","14":"taxable","15":"shipping-taxable","16":"purchasable","17":"product-type-variable"},"yoast_head":"<!-- This site is optimized with the Yoast SEO plugin v27.3 - https:\/\/yoast.com\/product\/yoast-seo-wordpress\/ -->\n<title>Seksikad Stringid Perfektse L\u00f5ikega | Lust and Love<\/title>\n<meta name=\"robots\" content=\"index,follow,max-snippet:-1,max-image-preview:large,max-video-preview:-1\" \/>\n<link rel=\"canonical\" href=\"https:\/\/lustandlove.eu\/et\/toode\/seksikad-stringid-perfektse-loikega\/\" \/>\n<meta name=\"twitter:card\" content=\"summary_large_image\" \/>\n<meta name=\"twitter:title\" content=\"Seksikad Stringid Perfektse L\u00f5ikega | Lust and Love\" \/>\n<meta name=\"twitter:description\" content=\"See Wetlooki seksikas string ei t\u00e4iusta mitte ainult teie riietust \u2013 teile meeldib selle perfektne l\u00f5ige! M\u00f5lemalt poolt avatav string\" \/>\n<meta name=\"twitter:image\" content=\"https:\/\/lustandlove.eu\/wp-content\/uploads\/p005_1.jpg\" \/>\n<meta name=\"twitter:label1\" content=\"Est. reading time\" \/>\n\t<meta name=\"twitter:data1\" content=\"1 minut\" \/>\n<script type=\"application\/ld+json\" class=\"yoast-schema-graph\">{\"@context\":\"https:\\\/\\\/schema.org\",\"@graph\":[{\"@type\":[\"WebPage\",\"ItemPage\"],\"@id\":\"https:\\\/\\\/lustandlove.eu\\\/et\\\/toode\\\/seksikad-stringid-perfektse-loikega\\\/\",\"url\":\"https:\\\/\\\/lustandlove.eu\\\/et\\\/toode\\\/seksikad-stringid-perfektse-loikega\\\/\",\"name\":\"Seksikad Stringid Perfektse L\u00f5ikega | Lust and Love\",\"isPartOf\":{\"@id\":\"https:\\\/\\\/lustandlove.eu\\\/et\\\/#website\"},\"primaryImageOfPage\":{\"@id\":\"https:\\\/\\\/lustandlove.eu\\\/et\\\/toode\\\/seksikad-stringid-perfektse-loikega\\\/#primaryimage\"},\"image\":{\"@id\":\"https:\\\/\\\/lustandlove.eu\\\/et\\\/toode\\\/seksikad-stringid-perfektse-loikega\\\/#primaryimage\"},\"thumbnailUrl\":\"https:\\\/\\\/lustandlove.eu\\\/wp-content\\\/uploads\\\/p005_1.jpg\",\"datePublished\":\"2021-12-07T14:15:06+00:00\",\"dateModified\":\"2026-04-13T07:34:29+00:00\",\"breadcrumb\":{\"@id\":\"https:\\\/\\\/lustandlove.eu\\\/et\\\/toode\\\/seksikad-stringid-perfektse-loikega\\\/#breadcrumb\"},\"inLanguage\":\"et\",\"potentialAction\":[{\"@type\":\"ReadAction\",\"target\":[\"https:\\\/\\\/lustandlove.eu\\\/et\\\/toode\\\/seksikad-stringid-perfektse-loikega\\\/\"]}]},{\"@type\":\"ImageObject\",\"inLanguage\":\"et\",\"@id\":\"https:\\\/\\\/lustandlove.eu\\\/et\\\/toode\\\/seksikad-stringid-perfektse-loikega\\\/#primaryimage\",\"url\":\"https:\\\/\\\/lustandlove.eu\\\/wp-content\\\/uploads\\\/p005_1.jpg\",\"contentUrl\":\"https:\\\/\\\/lustandlove.eu\\\/wp-content\\\/uploads\\\/p005_1.jpg\",\"width\":2070,\"height\":1380,\"caption\":\"Sexy String with Perfect Cut\"},{\"@type\":\"BreadcrumbList\",\"@id\":\"https:\\\/\\\/lustandlove.eu\\\/et\\\/toode\\\/seksikad-stringid-perfektse-loikega\\\/#breadcrumb\",\"itemListElement\":[{\"@type\":\"ListItem\",\"position\":1,\"name\":\"Lust and Love\",\"item\":\"https:\\\/\\\/lustandlove.eu\\\/et\\\/\"},{\"@type\":\"ListItem\",\"position\":2,\"name\":\"Pood\",\"item\":\"https:\\\/\\\/lustandlove.eu\\\/et\\\/pood\\\/\"},{\"@type\":\"ListItem\",\"position\":3,\"name\":\"Sekslelud\",\"item\":\"https:\\\/\\\/lustandlove.eu\\\/et\\\/pood\\\/sekslelud\\\/\"},{\"@type\":\"ListItem\",\"position\":4,\"name\":\"Seksikad Stringid Perfektse L\u00f5ikega\"}]},{\"@type\":\"WebSite\",\"@id\":\"https:\\\/\\\/lustandlove.eu\\\/et\\\/#website\",\"url\":\"https:\\\/\\\/lustandlove.eu\\\/et\\\/\",\"name\":\"Lust &amp; Love\",\"description\":\"Online erootikapood tervise, ilu ja armastuse jaoks\",\"publisher\":{\"@id\":\"https:\\\/\\\/lustandlove.eu\\\/et\\\/#organization\"},\"potentialAction\":[{\"@type\":\"SearchAction\",\"target\":{\"@type\":\"EntryPoint\",\"urlTemplate\":\"https:\\\/\\\/lustandlove.eu\\\/et\\\/?s={search_term_string}\"},\"query-input\":{\"@type\":\"PropertyValueSpecification\",\"valueRequired\":true,\"valueName\":\"search_term_string\"}}],\"inLanguage\":\"et\"},{\"@type\":\"Organization\",\"@id\":\"https:\\\/\\\/lustandlove.eu\\\/et\\\/#organization\",\"name\":\"Bioconcept Baltics O\u00dc\",\"url\":\"https:\\\/\\\/lustandlove.eu\\\/et\\\/\",\"logo\":{\"@type\":\"ImageObject\",\"inLanguage\":\"et\",\"@id\":\"https:\\\/\\\/lustandlove.eu\\\/et\\\/#\\\/schema\\\/logo\\\/image\\\/\",\"url\":\"\",\"contentUrl\":\"\",\"caption\":\"Bioconcept Baltics O\u00dc\"},\"image\":{\"@id\":\"https:\\\/\\\/lustandlove.eu\\\/et\\\/#\\\/schema\\\/logo\\\/image\\\/\"},\"sameAs\":[\"https:\\\/\\\/www.facebook.com\\\/LustandLoveEU\\\/\",\"https:\\\/\\\/www.instagram.com\\\/lustandloveeu\\\/\"]}]}<\/script>\n<!-- \/ Yoast SEO plugin. -->","yoast_head_json":{"title":"Seksikad Stringid Perfektse L\u00f5ikega | Lust and Love","robots":{"index,follow,max-snippet":"index,follow,max-snippet:-1,max-image-preview:large,max-video-preview:-1"},"canonical":"https:\/\/lustandlove.eu\/et\/toode\/seksikad-stringid-perfektse-loikega\/","twitter_card":"summary_large_image","twitter_title":"Seksikad Stringid Perfektse L\u00f5ikega | Lust and Love","twitter_description":"See Wetlooki seksikas string ei t\u00e4iusta mitte ainult teie riietust \u2013 teile meeldib selle perfektne l\u00f5ige! M\u00f5lemalt poolt avatav string","twitter_image":"https:\/\/lustandlove.eu\/wp-content\/uploads\/p005_1.jpg","twitter_misc":{"Est. reading time":"1 minut"},"schema":{"@context":"https:\/\/schema.org","@graph":[{"@type":["WebPage","ItemPage"],"@id":"https:\/\/lustandlove.eu\/et\/toode\/seksikad-stringid-perfektse-loikega\/","url":"https:\/\/lustandlove.eu\/et\/toode\/seksikad-stringid-perfektse-loikega\/","name":"Seksikad Stringid Perfektse L\u00f5ikega | Lust and Love","isPartOf":{"@id":"https:\/\/lustandlove.eu\/et\/#website"},"primaryImageOfPage":{"@id":"https:\/\/lustandlove.eu\/et\/toode\/seksikad-stringid-perfektse-loikega\/#primaryimage"},"image":{"@id":"https:\/\/lustandlove.eu\/et\/toode\/seksikad-stringid-perfektse-loikega\/#primaryimage"},"thumbnailUrl":"https:\/\/lustandlove.eu\/wp-content\/uploads\/p005_1.jpg","datePublished":"2021-12-07T14:15:06+00:00","dateModified":"2026-04-13T07:34:29+00:00","breadcrumb":{"@id":"https:\/\/lustandlove.eu\/et\/toode\/seksikad-stringid-perfektse-loikega\/#breadcrumb"},"inLanguage":"et","potentialAction":[{"@type":"ReadAction","target":["https:\/\/lustandlove.eu\/et\/toode\/seksikad-stringid-perfektse-loikega\/"]}]},{"@type":"ImageObject","inLanguage":"et","@id":"https:\/\/lustandlove.eu\/et\/toode\/seksikad-stringid-perfektse-loikega\/#primaryimage","url":"https:\/\/lustandlove.eu\/wp-content\/uploads\/p005_1.jpg","contentUrl":"https:\/\/lustandlove.eu\/wp-content\/uploads\/p005_1.jpg","width":2070,"height":1380,"caption":"Sexy String with Perfect Cut"},{"@type":"BreadcrumbList","@id":"https:\/\/lustandlove.eu\/et\/toode\/seksikad-stringid-perfektse-loikega\/#breadcrumb","itemListElement":[{"@type":"ListItem","position":1,"name":"Lust and Love","item":"https:\/\/lustandlove.eu\/et\/"},{"@type":"ListItem","position":2,"name":"Pood","item":"https:\/\/lustandlove.eu\/et\/pood\/"},{"@type":"ListItem","position":3,"name":"Sekslelud","item":"https:\/\/lustandlove.eu\/et\/pood\/sekslelud\/"},{"@type":"ListItem","position":4,"name":"Seksikad Stringid Perfektse L\u00f5ikega"}]},{"@type":"WebSite","@id":"https:\/\/lustandlove.eu\/et\/#website","url":"https:\/\/lustandlove.eu\/et\/","name":"Lust &amp; Love","description":"Online erootikapood tervise, ilu ja armastuse jaoks","publisher":{"@id":"https:\/\/lustandlove.eu\/et\/#organization"},"potentialAction":[{"@type":"SearchAction","target":{"@type":"EntryPoint","urlTemplate":"https:\/\/lustandlove.eu\/et\/?s={search_term_string}"},"query-input":{"@type":"PropertyValueSpecification","valueRequired":true,"valueName":"search_term_string"}}],"inLanguage":"et"},{"@type":"Organization","@id":"https:\/\/lustandlove.eu\/et\/#organization","name":"Bioconcept Baltics O\u00dc","url":"https:\/\/lustandlove.eu\/et\/","logo":{"@type":"ImageObject","inLanguage":"et","@id":"https:\/\/lustandlove.eu\/et\/#\/schema\/logo\/image\/","url":"","contentUrl":"","caption":"Bioconcept Baltics O\u00dc"},"image":{"@id":"https:\/\/lustandlove.eu\/et\/#\/schema\/logo\/image\/"},"sameAs":["https:\/\/www.facebook.com\/LustandLoveEU\/","https:\/\/www.instagram.com\/lustandloveeu\/"]}]}},"_links":{"self":[{"href":"https:\/\/lustandlove.eu\/et\/wp-json\/wp\/v2\/product\/51107","targetHints":{"allow":["GET"]}}],"collection":[{"href":"https:\/\/lustandlove.eu\/et\/wp-json\/wp\/v2\/product"}],"about":[{"href":"https:\/\/lustandlove.eu\/et\/wp-json\/wp\/v2\/types\/product"}],"wp:featuredmedia":[{"embeddable":true,"href":"https:\/\/lustandlove.eu\/et\/wp-json\/wp\/v2\/media\/50993"}],"wp:attachment":[{"href":"https:\/\/lustandlove.eu\/et\/wp-json\/wp\/v2\/media?parent=51107"}],"wp:term":[{"taxonomy":"product_brand","embeddable":true,"href":"https:\/\/lustandlove.eu\/et\/wp-json\/wp\/v2\/product_brand?post=51107"},{"taxonomy":"product_cat","embeddable":true,"href":"https:\/\/lustandlove.eu\/et\/wp-json\/wp\/v2\/product_cat?post=51107"},{"taxonomy":"product_tag","embeddable":true,"href":"https:\/\/lustandlove.eu\/et\/wp-json\/wp\/v2\/product_tag?post=51107"}],"curies":[{"name":"wp","href":"https:\/\/api.w.org\/{rel}","templated":true}]}}