{"id":51111,"date":"2022-01-03T11:49:30","date_gmt":"2022-04-29T06:14:05","guid":{"rendered":"https:\/\/www.lustandlove.eu\/?post_type=product&#038;p=51111"},"modified":"2026-04-13T10:34:25","modified_gmt":"2026-04-13T07:34:25","slug":"c-ring-maximum-stretch-must","status":"publish","type":"product","link":"https:\/\/lustandlove.eu\/et\/toode\/c-ring-maximum-stretch-must\/","title":{"rendered":"C-ring Maximum Stretch Must"},"content":{"rendered":"<p>See luksuslik silikoonist peeniser\u00f5ngas hoiab teid kauem tugevana ja pikendab teie orgasme. Nii lihtne peale panna ja piisavalt veniv, et seda igal ajal peale panna \u2013 isegi p\u00e4rast seda, kui teil on juba erektsioon.<\/p>\n<p>See \u00fclipehme silikoon tundub naha peal suurep\u00e4rane, samas kui ainulaadne libisemiskindel disain hoiab r\u00f5nga kogu m\u00e4nguajal paigal. Venitusaste on v\u00e4hem teie peenise suuruse kohta, ning rohkem teie soovitud intensiivsuse taseme kohta.<\/p>\n<p>Maksimaalne venitusaste on suurep\u00e4rane uutele kasutajatele, neile, kellel on suurem \u00fcmberm\u00f5\u00f5t, ja neile, kes soovivad kasutada r\u00f5ngast nii peenise kui ka munandite \u00fcmber.<\/p>\n","protected":false},"excerpt":{"rendered":"<p>See luksuslik silikoonist peeniser\u00f5ngas hoiab teid kauem tugevana ja pikendab teie orgasme. Nii lihtne peale panna ja piisavalt veniv, et<\/p>\n","protected":false},"featured_media":51002,"template":"","meta":[],"product_brand":[4211],"product_cat":[1477,1478],"product_tag":[1553,2899],"class_list":{"0":"post-51111","1":"product","2":"type-product","3":"status-publish","4":"has-post-thumbnail","6":"product_brand-je-joue-et","7":"product_cat-meestele","8":"product_cat-peeniserongad","9":"product_tag-peenise-rongas","10":"product_tag-peeniserongas","11":"pa_brand-je-joue-et","13":"first","14":"instock","15":"taxable","16":"shipping-taxable","17":"purchasable","18":"product-type-simple"},"yoast_head":"<!-- This site is optimized with the Yoast SEO plugin v27.3 - https:\/\/yoast.com\/product\/yoast-seo-wordpress\/ -->\n<title>C-ring Maximum Stretch Must | Lust and Love<\/title>\n<meta name=\"description\" content=\"C-ring Maximum Stretch is a luxury silicone cock ring that will keep you harder for longer and prolong your orgasms.\" \/>\n<meta name=\"robots\" content=\"index,follow,max-snippet:-1,max-image-preview:large,max-video-preview:-1\" \/>\n<link rel=\"canonical\" href=\"https:\/\/lustandlove.eu\/et\/toode\/c-ring-maximum-stretch-must\/\" \/>\n<meta name=\"twitter:card\" content=\"summary_large_image\" \/>\n<meta name=\"twitter:title\" content=\"C-ring Maximum Stretch Must | Lust and Love\" \/>\n<meta name=\"twitter:description\" content=\"C-ring Maximum Stretch is a luxury silicone cock ring that will keep you harder for longer and prolong your orgasms.\" \/>\n<meta name=\"twitter:image\" content=\"https:\/\/lustandlove.eu\/wp-content\/uploads\/je-joue-c-ring-cockring-black.jpg\" \/>\n<script type=\"application\/ld+json\" class=\"yoast-schema-graph\">{\"@context\":\"https:\\\/\\\/schema.org\",\"@graph\":[{\"@type\":[\"WebPage\",\"ItemPage\"],\"@id\":\"https:\\\/\\\/lustandlove.eu\\\/et\\\/toode\\\/c-ring-maximum-stretch-must\\\/\",\"url\":\"https:\\\/\\\/lustandlove.eu\\\/et\\\/toode\\\/c-ring-maximum-stretch-must\\\/\",\"name\":\"C-ring Maximum Stretch Must | Lust and Love\",\"isPartOf\":{\"@id\":\"https:\\\/\\\/lustandlove.eu\\\/et\\\/#website\"},\"primaryImageOfPage\":{\"@id\":\"https:\\\/\\\/lustandlove.eu\\\/et\\\/toode\\\/c-ring-maximum-stretch-must\\\/#primaryimage\"},\"image\":{\"@id\":\"https:\\\/\\\/lustandlove.eu\\\/et\\\/toode\\\/c-ring-maximum-stretch-must\\\/#primaryimage\"},\"thumbnailUrl\":\"https:\\\/\\\/lustandlove.eu\\\/wp-content\\\/uploads\\\/je-joue-c-ring-cockring-black.jpg\",\"datePublished\":\"2022-04-29T06:14:05+00:00\",\"dateModified\":\"2026-04-13T07:34:25+00:00\",\"description\":\"C-ring Maximum Stretch is a luxury silicone cock ring that will keep you harder for longer and prolong your orgasms.\",\"breadcrumb\":{\"@id\":\"https:\\\/\\\/lustandlove.eu\\\/et\\\/toode\\\/c-ring-maximum-stretch-must\\\/#breadcrumb\"},\"inLanguage\":\"et\",\"potentialAction\":[{\"@type\":\"ReadAction\",\"target\":[\"https:\\\/\\\/lustandlove.eu\\\/et\\\/toode\\\/c-ring-maximum-stretch-must\\\/\"]}]},{\"@type\":\"ImageObject\",\"inLanguage\":\"et\",\"@id\":\"https:\\\/\\\/lustandlove.eu\\\/et\\\/toode\\\/c-ring-maximum-stretch-must\\\/#primaryimage\",\"url\":\"https:\\\/\\\/lustandlove.eu\\\/wp-content\\\/uploads\\\/je-joue-c-ring-cockring-black.jpg\",\"contentUrl\":\"https:\\\/\\\/lustandlove.eu\\\/wp-content\\\/uploads\\\/je-joue-c-ring-cockring-black.jpg\",\"width\":800,\"height\":1016,\"caption\":\"C-ring Maximum Stretch\"},{\"@type\":\"BreadcrumbList\",\"@id\":\"https:\\\/\\\/lustandlove.eu\\\/et\\\/toode\\\/c-ring-maximum-stretch-must\\\/#breadcrumb\",\"itemListElement\":[{\"@type\":\"ListItem\",\"position\":1,\"name\":\"Lust and Love\",\"item\":\"https:\\\/\\\/lustandlove.eu\\\/et\\\/\"},{\"@type\":\"ListItem\",\"position\":2,\"name\":\"Pood\",\"item\":\"https:\\\/\\\/lustandlove.eu\\\/et\\\/pood\\\/\"},{\"@type\":\"ListItem\",\"position\":3,\"name\":\"Meestele\",\"item\":\"https:\\\/\\\/lustandlove.eu\\\/et\\\/pood\\\/meestele\\\/\"},{\"@type\":\"ListItem\",\"position\":4,\"name\":\"C-ring Maximum Stretch Must\"}]},{\"@type\":\"WebSite\",\"@id\":\"https:\\\/\\\/lustandlove.eu\\\/et\\\/#website\",\"url\":\"https:\\\/\\\/lustandlove.eu\\\/et\\\/\",\"name\":\"Lust &amp; Love\",\"description\":\"Online erootikapood tervise, ilu ja armastuse jaoks\",\"publisher\":{\"@id\":\"https:\\\/\\\/lustandlove.eu\\\/et\\\/#organization\"},\"potentialAction\":[{\"@type\":\"SearchAction\",\"target\":{\"@type\":\"EntryPoint\",\"urlTemplate\":\"https:\\\/\\\/lustandlove.eu\\\/et\\\/?s={search_term_string}\"},\"query-input\":{\"@type\":\"PropertyValueSpecification\",\"valueRequired\":true,\"valueName\":\"search_term_string\"}}],\"inLanguage\":\"et\"},{\"@type\":\"Organization\",\"@id\":\"https:\\\/\\\/lustandlove.eu\\\/et\\\/#organization\",\"name\":\"Bioconcept Baltics O\u00dc\",\"url\":\"https:\\\/\\\/lustandlove.eu\\\/et\\\/\",\"logo\":{\"@type\":\"ImageObject\",\"inLanguage\":\"et\",\"@id\":\"https:\\\/\\\/lustandlove.eu\\\/et\\\/#\\\/schema\\\/logo\\\/image\\\/\",\"url\":\"\",\"contentUrl\":\"\",\"caption\":\"Bioconcept Baltics O\u00dc\"},\"image\":{\"@id\":\"https:\\\/\\\/lustandlove.eu\\\/et\\\/#\\\/schema\\\/logo\\\/image\\\/\"},\"sameAs\":[\"https:\\\/\\\/www.facebook.com\\\/LustandLoveEU\\\/\",\"https:\\\/\\\/www.instagram.com\\\/lustandloveeu\\\/\"]}]}<\/script>\n<!-- \/ Yoast SEO plugin. -->","yoast_head_json":{"title":"C-ring Maximum Stretch Must | Lust and Love","description":"C-ring Maximum Stretch is a luxury silicone cock ring that will keep you harder for longer and prolong your orgasms.","robots":{"index,follow,max-snippet":"index,follow,max-snippet:-1,max-image-preview:large,max-video-preview:-1"},"canonical":"https:\/\/lustandlove.eu\/et\/toode\/c-ring-maximum-stretch-must\/","twitter_card":"summary_large_image","twitter_title":"C-ring Maximum Stretch Must | Lust and Love","twitter_description":"C-ring Maximum Stretch is a luxury silicone cock ring that will keep you harder for longer and prolong your orgasms.","twitter_image":"https:\/\/lustandlove.eu\/wp-content\/uploads\/je-joue-c-ring-cockring-black.jpg","schema":{"@context":"https:\/\/schema.org","@graph":[{"@type":["WebPage","ItemPage"],"@id":"https:\/\/lustandlove.eu\/et\/toode\/c-ring-maximum-stretch-must\/","url":"https:\/\/lustandlove.eu\/et\/toode\/c-ring-maximum-stretch-must\/","name":"C-ring Maximum Stretch Must | Lust and Love","isPartOf":{"@id":"https:\/\/lustandlove.eu\/et\/#website"},"primaryImageOfPage":{"@id":"https:\/\/lustandlove.eu\/et\/toode\/c-ring-maximum-stretch-must\/#primaryimage"},"image":{"@id":"https:\/\/lustandlove.eu\/et\/toode\/c-ring-maximum-stretch-must\/#primaryimage"},"thumbnailUrl":"https:\/\/lustandlove.eu\/wp-content\/uploads\/je-joue-c-ring-cockring-black.jpg","datePublished":"2022-04-29T06:14:05+00:00","dateModified":"2026-04-13T07:34:25+00:00","description":"C-ring Maximum Stretch is a luxury silicone cock ring that will keep you harder for longer and prolong your orgasms.","breadcrumb":{"@id":"https:\/\/lustandlove.eu\/et\/toode\/c-ring-maximum-stretch-must\/#breadcrumb"},"inLanguage":"et","potentialAction":[{"@type":"ReadAction","target":["https:\/\/lustandlove.eu\/et\/toode\/c-ring-maximum-stretch-must\/"]}]},{"@type":"ImageObject","inLanguage":"et","@id":"https:\/\/lustandlove.eu\/et\/toode\/c-ring-maximum-stretch-must\/#primaryimage","url":"https:\/\/lustandlove.eu\/wp-content\/uploads\/je-joue-c-ring-cockring-black.jpg","contentUrl":"https:\/\/lustandlove.eu\/wp-content\/uploads\/je-joue-c-ring-cockring-black.jpg","width":800,"height":1016,"caption":"C-ring Maximum Stretch"},{"@type":"BreadcrumbList","@id":"https:\/\/lustandlove.eu\/et\/toode\/c-ring-maximum-stretch-must\/#breadcrumb","itemListElement":[{"@type":"ListItem","position":1,"name":"Lust and Love","item":"https:\/\/lustandlove.eu\/et\/"},{"@type":"ListItem","position":2,"name":"Pood","item":"https:\/\/lustandlove.eu\/et\/pood\/"},{"@type":"ListItem","position":3,"name":"Meestele","item":"https:\/\/lustandlove.eu\/et\/pood\/meestele\/"},{"@type":"ListItem","position":4,"name":"C-ring Maximum Stretch Must"}]},{"@type":"WebSite","@id":"https:\/\/lustandlove.eu\/et\/#website","url":"https:\/\/lustandlove.eu\/et\/","name":"Lust &amp; Love","description":"Online erootikapood tervise, ilu ja armastuse jaoks","publisher":{"@id":"https:\/\/lustandlove.eu\/et\/#organization"},"potentialAction":[{"@type":"SearchAction","target":{"@type":"EntryPoint","urlTemplate":"https:\/\/lustandlove.eu\/et\/?s={search_term_string}"},"query-input":{"@type":"PropertyValueSpecification","valueRequired":true,"valueName":"search_term_string"}}],"inLanguage":"et"},{"@type":"Organization","@id":"https:\/\/lustandlove.eu\/et\/#organization","name":"Bioconcept Baltics O\u00dc","url":"https:\/\/lustandlove.eu\/et\/","logo":{"@type":"ImageObject","inLanguage":"et","@id":"https:\/\/lustandlove.eu\/et\/#\/schema\/logo\/image\/","url":"","contentUrl":"","caption":"Bioconcept Baltics O\u00dc"},"image":{"@id":"https:\/\/lustandlove.eu\/et\/#\/schema\/logo\/image\/"},"sameAs":["https:\/\/www.facebook.com\/LustandLoveEU\/","https:\/\/www.instagram.com\/lustandloveeu\/"]}]}},"_links":{"self":[{"href":"https:\/\/lustandlove.eu\/et\/wp-json\/wp\/v2\/product\/51111","targetHints":{"allow":["GET"]}}],"collection":[{"href":"https:\/\/lustandlove.eu\/et\/wp-json\/wp\/v2\/product"}],"about":[{"href":"https:\/\/lustandlove.eu\/et\/wp-json\/wp\/v2\/types\/product"}],"wp:featuredmedia":[{"embeddable":true,"href":"https:\/\/lustandlove.eu\/et\/wp-json\/wp\/v2\/media\/51002"}],"wp:attachment":[{"href":"https:\/\/lustandlove.eu\/et\/wp-json\/wp\/v2\/media?parent=51111"}],"wp:term":[{"taxonomy":"product_brand","embeddable":true,"href":"https:\/\/lustandlove.eu\/et\/wp-json\/wp\/v2\/product_brand?post=51111"},{"taxonomy":"product_cat","embeddable":true,"href":"https:\/\/lustandlove.eu\/et\/wp-json\/wp\/v2\/product_cat?post=51111"},{"taxonomy":"product_tag","embeddable":true,"href":"https:\/\/lustandlove.eu\/et\/wp-json\/wp\/v2\/product_tag?post=51111"}],"curies":[{"name":"wp","href":"https:\/\/api.w.org\/{rel}","templated":true}]}}