{"id":51113,"date":"2021-12-08T14:25:25","date_gmt":"2022-04-29T06:13:25","guid":{"rendered":"https:\/\/www.lustandlove.eu\/?post_type=product&#038;p=51113"},"modified":"2025-08-19T15:40:12","modified_gmt":"2025-08-19T12:40:12","slug":"c-ring-minimum-stretch-sinine","status":"publish","type":"product","link":"https:\/\/lustandlove.eu\/et\/toode\/c-ring-minimum-stretch-sinine\/","title":{"rendered":"C-ring Minimum Stretch Sinine"},"content":{"rendered":"<p>See luksuslik silikoonist peeniser\u00f5ngas hoiab teid kauem tugevana ja pikendab teie orgasme. Nii lihtne peale panna ja piisavalt veniv, et seda igal ajal peale panna \u2013 isegi p\u00e4rast seda, kui teil on juba erektsioon.<\/p>\n<p>See \u00fclipehme silikoon tundub naha peal suurep\u00e4rane, samas kui ainulaadne libisemiskindel disain hoiab r\u00f5nga kogu m\u00e4nguajal paigal. Venitusaste on v\u00e4hem teie peenise suuruse kohta, ning rohkem teie soovitud intensiivsuse taseme kohta.<\/p>\n<p>Je Joue Sinine Level 3 r\u00f5nga minimaalne venitusaste on suurep\u00e4rane kogenud kasutajatele ja\/v\u00f5i neile, kellel on v\u00e4iksem \u00fcmberm\u00f5\u00f5t. Seda taset on soovitatav kasutada ainult peenise p\u00f5hja v\u00f5i munandite \u00fcmber, mitte m\u00f5lemat korraga, olenevalt kandja suurusest.<\/p>\n","protected":false},"excerpt":{"rendered":"<p>See luksuslik silikoonist peeniser\u00f5ngas hoiab teid kauem tugevana ja pikendab teie orgasme. Nii lihtne peale panna ja piisavalt veniv, et<\/p>\n","protected":false},"featured_media":51022,"template":"","meta":[],"product_cat":[1477,1478],"product_tag":[1553,2899,3388],"yoast_head":"<!-- This site is optimized with the Yoast SEO plugin v22.9 - https:\/\/yoast.com\/wordpress\/plugins\/seo\/ -->\n<title>C-ring Minimum Stretch Sinine | Lust and Love<\/title>\n<meta name=\"description\" content=\"C-ring Minimum Stretch Blue is a luxury silicone penis ring from Je Joue that keeps users harder for longer and prolongs orgasms.\" \/>\n<meta name=\"robots\" content=\"index,follow,max-snippet:-1,max-image-preview:large,max-video-preview:-1\" \/>\n<link rel=\"canonical\" href=\"https:\/\/lustandlove.eu\/et\/toode\/c-ring-minimum-stretch-sinine\/\" \/>\n<meta name=\"twitter:card\" content=\"summary_large_image\" \/>\n<meta name=\"twitter:title\" content=\"C-ring Minimum Stretch Sinine | Lust and Love\" \/>\n<meta name=\"twitter:description\" content=\"C-ring Minimum Stretch Blue is a luxury silicone penis ring from Je Joue that keeps users harder for longer and prolongs orgasms.\" \/>\n<meta name=\"twitter:image\" content=\"https:\/\/lustandlove.eu\/wp-content\/uploads\/APA02734.jpg\" \/>\n<meta name=\"twitter:label1\" content=\"Est. reading time\" \/>\n\t<meta name=\"twitter:data1\" content=\"1 minut\" \/>\n<script type=\"application\/ld+json\" class=\"yoast-schema-graph\">{\"@context\":\"https:\/\/schema.org\",\"@graph\":[{\"@type\":[\"WebPage\",\"ItemPage\"],\"@id\":\"https:\/\/lustandlove.eu\/et\/toode\/c-ring-minimum-stretch-sinine\/\",\"url\":\"https:\/\/lustandlove.eu\/et\/toode\/c-ring-minimum-stretch-sinine\/\",\"name\":\"C-ring Minimum Stretch Sinine | Lust and Love\",\"isPartOf\":{\"@id\":\"https:\/\/lustandlove.eu\/et\/#website\"},\"primaryImageOfPage\":{\"@id\":\"https:\/\/lustandlove.eu\/et\/toode\/c-ring-minimum-stretch-sinine\/#primaryimage\"},\"image\":{\"@id\":\"https:\/\/lustandlove.eu\/et\/toode\/c-ring-minimum-stretch-sinine\/#primaryimage\"},\"thumbnailUrl\":\"https:\/\/lustandlove.eu\/wp-content\/uploads\/APA02734.jpg\",\"datePublished\":\"2022-04-29T06:13:25+00:00\",\"dateModified\":\"2025-08-19T12:40:12+00:00\",\"description\":\"C-ring Minimum Stretch Blue is a luxury silicone penis ring from Je Joue that keeps users harder for longer and prolongs orgasms.\",\"breadcrumb\":{\"@id\":\"https:\/\/lustandlove.eu\/et\/toode\/c-ring-minimum-stretch-sinine\/#breadcrumb\"},\"inLanguage\":\"et\",\"potentialAction\":[{\"@type\":\"ReadAction\",\"target\":[\"https:\/\/lustandlove.eu\/et\/toode\/c-ring-minimum-stretch-sinine\/\"]}]},{\"@type\":\"ImageObject\",\"inLanguage\":\"et\",\"@id\":\"https:\/\/lustandlove.eu\/et\/toode\/c-ring-minimum-stretch-sinine\/#primaryimage\",\"url\":\"https:\/\/lustandlove.eu\/wp-content\/uploads\/APA02734.jpg\",\"contentUrl\":\"https:\/\/lustandlove.eu\/wp-content\/uploads\/APA02734.jpg\",\"width\":1200,\"height\":1200,\"caption\":\"C-ring Minimum Stretch Blue\"},{\"@type\":\"BreadcrumbList\",\"@id\":\"https:\/\/lustandlove.eu\/et\/toode\/c-ring-minimum-stretch-sinine\/#breadcrumb\",\"itemListElement\":[{\"@type\":\"ListItem\",\"position\":1,\"name\":\"Lust and Love\",\"item\":\"https:\/\/lustandlove.eu\/et\/\"},{\"@type\":\"ListItem\",\"position\":2,\"name\":\"Pood\",\"item\":\"https:\/\/lustandlove.eu\/et\/pood\/\"},{\"@type\":\"ListItem\",\"position\":3,\"name\":\"Meestele\",\"item\":\"https:\/\/lustandlove.eu\/et\/pood\/meestele\/\"},{\"@type\":\"ListItem\",\"position\":4,\"name\":\"C-ring Minimum Stretch Sinine\"}]},{\"@type\":\"WebSite\",\"@id\":\"https:\/\/lustandlove.eu\/et\/#website\",\"url\":\"https:\/\/lustandlove.eu\/et\/\",\"name\":\"Lust &amp; Love\",\"description\":\"Online erootikapood tervise, ilu ja armastuse jaoks\",\"publisher\":{\"@id\":\"https:\/\/lustandlove.eu\/et\/#organization\"},\"potentialAction\":[{\"@type\":\"SearchAction\",\"target\":{\"@type\":\"EntryPoint\",\"urlTemplate\":\"https:\/\/lustandlove.eu\/et\/?s={search_term_string}\"},\"query-input\":\"required name=search_term_string\"}],\"inLanguage\":\"et\"},{\"@type\":\"Organization\",\"@id\":\"https:\/\/lustandlove.eu\/et\/#organization\",\"name\":\"Bioconcept Baltics O\u00dc\",\"url\":\"https:\/\/lustandlove.eu\/et\/\",\"logo\":{\"@type\":\"ImageObject\",\"inLanguage\":\"et\",\"@id\":\"https:\/\/lustandlove.eu\/et\/#\/schema\/logo\/image\/\",\"url\":\"\",\"contentUrl\":\"\",\"caption\":\"Bioconcept Baltics O\u00dc\"},\"image\":{\"@id\":\"https:\/\/lustandlove.eu\/et\/#\/schema\/logo\/image\/\"},\"sameAs\":[\"https:\/\/www.facebook.com\/LustandLoveEU\/\",\"https:\/\/www.instagram.com\/lustandloveeu\/\"]}]}<\/script>\n<!-- \/ Yoast SEO plugin. -->","yoast_head_json":{"title":"C-ring Minimum Stretch Sinine | Lust and Love","description":"C-ring Minimum Stretch Blue is a luxury silicone penis ring from Je Joue that keeps users harder for longer and prolongs orgasms.","robots":{"index,follow,max-snippet":"index,follow,max-snippet:-1,max-image-preview:large,max-video-preview:-1"},"canonical":"https:\/\/lustandlove.eu\/et\/toode\/c-ring-minimum-stretch-sinine\/","twitter_card":"summary_large_image","twitter_title":"C-ring Minimum Stretch Sinine | Lust and Love","twitter_description":"C-ring Minimum Stretch Blue is a luxury silicone penis ring from Je Joue that keeps users harder for longer and prolongs orgasms.","twitter_image":"https:\/\/lustandlove.eu\/wp-content\/uploads\/APA02734.jpg","twitter_misc":{"Est. reading time":"1 minut"},"schema":{"@context":"https:\/\/schema.org","@graph":[{"@type":["WebPage","ItemPage"],"@id":"https:\/\/lustandlove.eu\/et\/toode\/c-ring-minimum-stretch-sinine\/","url":"https:\/\/lustandlove.eu\/et\/toode\/c-ring-minimum-stretch-sinine\/","name":"C-ring Minimum Stretch Sinine | Lust and Love","isPartOf":{"@id":"https:\/\/lustandlove.eu\/et\/#website"},"primaryImageOfPage":{"@id":"https:\/\/lustandlove.eu\/et\/toode\/c-ring-minimum-stretch-sinine\/#primaryimage"},"image":{"@id":"https:\/\/lustandlove.eu\/et\/toode\/c-ring-minimum-stretch-sinine\/#primaryimage"},"thumbnailUrl":"https:\/\/lustandlove.eu\/wp-content\/uploads\/APA02734.jpg","datePublished":"2022-04-29T06:13:25+00:00","dateModified":"2025-08-19T12:40:12+00:00","description":"C-ring Minimum Stretch Blue is a luxury silicone penis ring from Je Joue that keeps users harder for longer and prolongs orgasms.","breadcrumb":{"@id":"https:\/\/lustandlove.eu\/et\/toode\/c-ring-minimum-stretch-sinine\/#breadcrumb"},"inLanguage":"et","potentialAction":[{"@type":"ReadAction","target":["https:\/\/lustandlove.eu\/et\/toode\/c-ring-minimum-stretch-sinine\/"]}]},{"@type":"ImageObject","inLanguage":"et","@id":"https:\/\/lustandlove.eu\/et\/toode\/c-ring-minimum-stretch-sinine\/#primaryimage","url":"https:\/\/lustandlove.eu\/wp-content\/uploads\/APA02734.jpg","contentUrl":"https:\/\/lustandlove.eu\/wp-content\/uploads\/APA02734.jpg","width":1200,"height":1200,"caption":"C-ring Minimum Stretch Blue"},{"@type":"BreadcrumbList","@id":"https:\/\/lustandlove.eu\/et\/toode\/c-ring-minimum-stretch-sinine\/#breadcrumb","itemListElement":[{"@type":"ListItem","position":1,"name":"Lust and Love","item":"https:\/\/lustandlove.eu\/et\/"},{"@type":"ListItem","position":2,"name":"Pood","item":"https:\/\/lustandlove.eu\/et\/pood\/"},{"@type":"ListItem","position":3,"name":"Meestele","item":"https:\/\/lustandlove.eu\/et\/pood\/meestele\/"},{"@type":"ListItem","position":4,"name":"C-ring Minimum Stretch Sinine"}]},{"@type":"WebSite","@id":"https:\/\/lustandlove.eu\/et\/#website","url":"https:\/\/lustandlove.eu\/et\/","name":"Lust &amp; Love","description":"Online erootikapood tervise, ilu ja armastuse jaoks","publisher":{"@id":"https:\/\/lustandlove.eu\/et\/#organization"},"potentialAction":[{"@type":"SearchAction","target":{"@type":"EntryPoint","urlTemplate":"https:\/\/lustandlove.eu\/et\/?s={search_term_string}"},"query-input":"required name=search_term_string"}],"inLanguage":"et"},{"@type":"Organization","@id":"https:\/\/lustandlove.eu\/et\/#organization","name":"Bioconcept Baltics O\u00dc","url":"https:\/\/lustandlove.eu\/et\/","logo":{"@type":"ImageObject","inLanguage":"et","@id":"https:\/\/lustandlove.eu\/et\/#\/schema\/logo\/image\/","url":"","contentUrl":"","caption":"Bioconcept Baltics O\u00dc"},"image":{"@id":"https:\/\/lustandlove.eu\/et\/#\/schema\/logo\/image\/"},"sameAs":["https:\/\/www.facebook.com\/LustandLoveEU\/","https:\/\/www.instagram.com\/lustandloveeu\/"]}]}},"_links":{"self":[{"href":"https:\/\/lustandlove.eu\/et\/wp-json\/wp\/v2\/product\/51113"}],"collection":[{"href":"https:\/\/lustandlove.eu\/et\/wp-json\/wp\/v2\/product"}],"about":[{"href":"https:\/\/lustandlove.eu\/et\/wp-json\/wp\/v2\/types\/product"}],"wp:featuredmedia":[{"embeddable":true,"href":"https:\/\/lustandlove.eu\/et\/wp-json\/wp\/v2\/media\/51022"}],"wp:attachment":[{"href":"https:\/\/lustandlove.eu\/et\/wp-json\/wp\/v2\/media?parent=51113"}],"wp:term":[{"taxonomy":"product_cat","embeddable":true,"href":"https:\/\/lustandlove.eu\/et\/wp-json\/wp\/v2\/product_cat?post=51113"},{"taxonomy":"product_tag","embeddable":true,"href":"https:\/\/lustandlove.eu\/et\/wp-json\/wp\/v2\/product_tag?post=51113"}],"curies":[{"name":"wp","href":"https:\/\/api.w.org\/{rel}","templated":true}]}}