{"id":51114,"date":"2021-12-08T14:31:08","date_gmt":"2022-07-22T18:38:05","guid":{"rendered":"https:\/\/www.lustandlove.eu\/?post_type=product&#038;p=51114"},"modified":"2026-04-13T10:34:28","modified_gmt":"2026-04-13T07:34:28","slug":"c-ring-trio-3-pakk","status":"publish","type":"product","link":"https:\/\/lustandlove.eu\/et\/toode\/c-ring-trio-3-pakk\/","title":{"rendered":"C-ring Trio 3-pakk"},"content":{"rendered":"<p>Suurem. Tugevam. Pikemaks ajaks.<\/p>\n<p>Need Je Joue 3 luksuslikku silikoonist peeniser\u00f5ngast muutuvad j\u00e4rjest tihedamaks, v\u00f5imaldades kasutajatel katsetada erinevate suuruste ja kombinatsioonidega. Ideaalne komplekt k\u00f5igile, kes soovivad saavutada v\u00f5imalikult intensiivse ja pikaajalise orgasmi.<\/p>\n<p>\u00dclipehme silikoon tundub nahal suurep\u00e4rane, samas kui ainulaadne libisemiskindel disain hoiab r\u00f5nga kogu m\u00e4nguaja paigal. Venitusaste on v\u00e4hem seotud peenise suuruse ja rohkem seotud intensiivsuse tasemega.<\/p>\n<p>Lihtne peale panna ja piisavalt veniv, et saaks igal ajal peale panna \u2013 erektsiooniga v\u00f5i ilma.<\/p>\n<p>&nbsp;<\/p>\n<p>M\u00f5\u00f5tmed:<\/p>\n<p>Venimata l\u00e4bim\u00f5\u00f5t (K\u00f5igil): 3,17 cm<\/p>\n<p>Venitatud l\u00e4bim\u00f5\u00f5t (must): 20 cm<\/p>\n<p>Venitatud l\u00e4bim\u00f5\u00f5t (roheline): 12,70 cm<\/p>\n<p>Venitatud l\u00e4bim\u00f5\u00f5t (sinine): 7,60 cm<\/p>\n","protected":false},"excerpt":{"rendered":"<p>Suurem. Tugevam. Pikemaks ajaks. Need Je Joue 3 luksuslikku silikoonist peeniser\u00f5ngast muutuvad j\u00e4rjest tihedamaks, v\u00f5imaldades kasutajatel katsetada erinevate suuruste ja<\/p>\n","protected":false},"featured_media":51035,"template":"","meta":[],"product_brand":[4211],"product_cat":[1477,1478],"product_tag":[1553,2899],"class_list":{"0":"post-51114","1":"product","2":"type-product","3":"status-publish","4":"has-post-thumbnail","6":"product_brand-je-joue-et","7":"product_cat-meestele","8":"product_cat-peeniserongad","9":"product_tag-peenise-rongas","10":"product_tag-peeniserongas","11":"pa_brand-je-joue-et","13":"first","14":"instock","15":"taxable","16":"shipping-taxable","17":"purchasable","18":"product-type-simple"},"yoast_head":"<!-- This site is optimized with the Yoast SEO plugin v27.3 - https:\/\/yoast.com\/product\/yoast-seo-wordpress\/ -->\n<title>C-ring Trio 3-pakk | Lust and Love<\/title>\n<meta name=\"description\" content=\"C-ring Trio Pack 3 of luxury silicone penis rings get progressively tighter, allowing users to experiment with different sensations and combinations.\" \/>\n<meta name=\"robots\" content=\"index,follow,max-snippet:-1,max-image-preview:large,max-video-preview:-1\" \/>\n<link rel=\"canonical\" href=\"https:\/\/lustandlove.eu\/et\/toode\/c-ring-trio-3-pakk\/\" \/>\n<meta name=\"twitter:card\" content=\"summary_large_image\" \/>\n<meta name=\"twitter:title\" content=\"C-ring Trio 3-pakk | Lust and Love\" \/>\n<meta name=\"twitter:description\" content=\"C-ring Trio Pack 3 of luxury silicone penis rings get progressively tighter, allowing users to experiment with different sensations and combinations.\" \/>\n<meta name=\"twitter:image\" content=\"https:\/\/lustandlove.eu\/wp-content\/uploads\/APA02733.jpg\" \/>\n<meta name=\"twitter:label1\" content=\"Est. reading time\" \/>\n\t<meta name=\"twitter:data1\" content=\"1 minut\" \/>\n<script type=\"application\/ld+json\" class=\"yoast-schema-graph\">{\"@context\":\"https:\\\/\\\/schema.org\",\"@graph\":[{\"@type\":[\"WebPage\",\"ItemPage\"],\"@id\":\"https:\\\/\\\/lustandlove.eu\\\/et\\\/toode\\\/c-ring-trio-3-pakk\\\/\",\"url\":\"https:\\\/\\\/lustandlove.eu\\\/et\\\/toode\\\/c-ring-trio-3-pakk\\\/\",\"name\":\"C-ring Trio 3-pakk | Lust and Love\",\"isPartOf\":{\"@id\":\"https:\\\/\\\/lustandlove.eu\\\/et\\\/#website\"},\"primaryImageOfPage\":{\"@id\":\"https:\\\/\\\/lustandlove.eu\\\/et\\\/toode\\\/c-ring-trio-3-pakk\\\/#primaryimage\"},\"image\":{\"@id\":\"https:\\\/\\\/lustandlove.eu\\\/et\\\/toode\\\/c-ring-trio-3-pakk\\\/#primaryimage\"},\"thumbnailUrl\":\"https:\\\/\\\/lustandlove.eu\\\/wp-content\\\/uploads\\\/APA02733.jpg\",\"datePublished\":\"2022-07-22T18:38:05+00:00\",\"dateModified\":\"2026-04-13T07:34:28+00:00\",\"description\":\"C-ring Trio Pack 3 of luxury silicone penis rings get progressively tighter, allowing users to experiment with different sensations and combinations.\",\"breadcrumb\":{\"@id\":\"https:\\\/\\\/lustandlove.eu\\\/et\\\/toode\\\/c-ring-trio-3-pakk\\\/#breadcrumb\"},\"inLanguage\":\"et\",\"potentialAction\":[{\"@type\":\"ReadAction\",\"target\":[\"https:\\\/\\\/lustandlove.eu\\\/et\\\/toode\\\/c-ring-trio-3-pakk\\\/\"]}]},{\"@type\":\"ImageObject\",\"inLanguage\":\"et\",\"@id\":\"https:\\\/\\\/lustandlove.eu\\\/et\\\/toode\\\/c-ring-trio-3-pakk\\\/#primaryimage\",\"url\":\"https:\\\/\\\/lustandlove.eu\\\/wp-content\\\/uploads\\\/APA02733.jpg\",\"contentUrl\":\"https:\\\/\\\/lustandlove.eu\\\/wp-content\\\/uploads\\\/APA02733.jpg\",\"width\":1200,\"height\":1200,\"caption\":\"C-ring Trio Pack\"},{\"@type\":\"BreadcrumbList\",\"@id\":\"https:\\\/\\\/lustandlove.eu\\\/et\\\/toode\\\/c-ring-trio-3-pakk\\\/#breadcrumb\",\"itemListElement\":[{\"@type\":\"ListItem\",\"position\":1,\"name\":\"Lust and Love\",\"item\":\"https:\\\/\\\/lustandlove.eu\\\/et\\\/\"},{\"@type\":\"ListItem\",\"position\":2,\"name\":\"Pood\",\"item\":\"https:\\\/\\\/lustandlove.eu\\\/et\\\/pood\\\/\"},{\"@type\":\"ListItem\",\"position\":3,\"name\":\"Meestele\",\"item\":\"https:\\\/\\\/lustandlove.eu\\\/et\\\/pood\\\/meestele\\\/\"},{\"@type\":\"ListItem\",\"position\":4,\"name\":\"C-ring Trio 3-pakk\"}]},{\"@type\":\"WebSite\",\"@id\":\"https:\\\/\\\/lustandlove.eu\\\/et\\\/#website\",\"url\":\"https:\\\/\\\/lustandlove.eu\\\/et\\\/\",\"name\":\"Lust &amp; Love\",\"description\":\"Online erootikapood tervise, ilu ja armastuse jaoks\",\"publisher\":{\"@id\":\"https:\\\/\\\/lustandlove.eu\\\/et\\\/#organization\"},\"potentialAction\":[{\"@type\":\"SearchAction\",\"target\":{\"@type\":\"EntryPoint\",\"urlTemplate\":\"https:\\\/\\\/lustandlove.eu\\\/et\\\/?s={search_term_string}\"},\"query-input\":{\"@type\":\"PropertyValueSpecification\",\"valueRequired\":true,\"valueName\":\"search_term_string\"}}],\"inLanguage\":\"et\"},{\"@type\":\"Organization\",\"@id\":\"https:\\\/\\\/lustandlove.eu\\\/et\\\/#organization\",\"name\":\"Bioconcept Baltics O\u00dc\",\"url\":\"https:\\\/\\\/lustandlove.eu\\\/et\\\/\",\"logo\":{\"@type\":\"ImageObject\",\"inLanguage\":\"et\",\"@id\":\"https:\\\/\\\/lustandlove.eu\\\/et\\\/#\\\/schema\\\/logo\\\/image\\\/\",\"url\":\"\",\"contentUrl\":\"\",\"caption\":\"Bioconcept Baltics O\u00dc\"},\"image\":{\"@id\":\"https:\\\/\\\/lustandlove.eu\\\/et\\\/#\\\/schema\\\/logo\\\/image\\\/\"},\"sameAs\":[\"https:\\\/\\\/www.facebook.com\\\/LustandLoveEU\\\/\",\"https:\\\/\\\/www.instagram.com\\\/lustandloveeu\\\/\"]}]}<\/script>\n<!-- \/ Yoast SEO plugin. -->","yoast_head_json":{"title":"C-ring Trio 3-pakk | Lust and Love","description":"C-ring Trio Pack 3 of luxury silicone penis rings get progressively tighter, allowing users to experiment with different sensations and combinations.","robots":{"index,follow,max-snippet":"index,follow,max-snippet:-1,max-image-preview:large,max-video-preview:-1"},"canonical":"https:\/\/lustandlove.eu\/et\/toode\/c-ring-trio-3-pakk\/","twitter_card":"summary_large_image","twitter_title":"C-ring Trio 3-pakk | Lust and Love","twitter_description":"C-ring Trio Pack 3 of luxury silicone penis rings get progressively tighter, allowing users to experiment with different sensations and combinations.","twitter_image":"https:\/\/lustandlove.eu\/wp-content\/uploads\/APA02733.jpg","twitter_misc":{"Est. reading time":"1 minut"},"schema":{"@context":"https:\/\/schema.org","@graph":[{"@type":["WebPage","ItemPage"],"@id":"https:\/\/lustandlove.eu\/et\/toode\/c-ring-trio-3-pakk\/","url":"https:\/\/lustandlove.eu\/et\/toode\/c-ring-trio-3-pakk\/","name":"C-ring Trio 3-pakk | Lust and Love","isPartOf":{"@id":"https:\/\/lustandlove.eu\/et\/#website"},"primaryImageOfPage":{"@id":"https:\/\/lustandlove.eu\/et\/toode\/c-ring-trio-3-pakk\/#primaryimage"},"image":{"@id":"https:\/\/lustandlove.eu\/et\/toode\/c-ring-trio-3-pakk\/#primaryimage"},"thumbnailUrl":"https:\/\/lustandlove.eu\/wp-content\/uploads\/APA02733.jpg","datePublished":"2022-07-22T18:38:05+00:00","dateModified":"2026-04-13T07:34:28+00:00","description":"C-ring Trio Pack 3 of luxury silicone penis rings get progressively tighter, allowing users to experiment with different sensations and combinations.","breadcrumb":{"@id":"https:\/\/lustandlove.eu\/et\/toode\/c-ring-trio-3-pakk\/#breadcrumb"},"inLanguage":"et","potentialAction":[{"@type":"ReadAction","target":["https:\/\/lustandlove.eu\/et\/toode\/c-ring-trio-3-pakk\/"]}]},{"@type":"ImageObject","inLanguage":"et","@id":"https:\/\/lustandlove.eu\/et\/toode\/c-ring-trio-3-pakk\/#primaryimage","url":"https:\/\/lustandlove.eu\/wp-content\/uploads\/APA02733.jpg","contentUrl":"https:\/\/lustandlove.eu\/wp-content\/uploads\/APA02733.jpg","width":1200,"height":1200,"caption":"C-ring Trio Pack"},{"@type":"BreadcrumbList","@id":"https:\/\/lustandlove.eu\/et\/toode\/c-ring-trio-3-pakk\/#breadcrumb","itemListElement":[{"@type":"ListItem","position":1,"name":"Lust and Love","item":"https:\/\/lustandlove.eu\/et\/"},{"@type":"ListItem","position":2,"name":"Pood","item":"https:\/\/lustandlove.eu\/et\/pood\/"},{"@type":"ListItem","position":3,"name":"Meestele","item":"https:\/\/lustandlove.eu\/et\/pood\/meestele\/"},{"@type":"ListItem","position":4,"name":"C-ring Trio 3-pakk"}]},{"@type":"WebSite","@id":"https:\/\/lustandlove.eu\/et\/#website","url":"https:\/\/lustandlove.eu\/et\/","name":"Lust &amp; Love","description":"Online erootikapood tervise, ilu ja armastuse jaoks","publisher":{"@id":"https:\/\/lustandlove.eu\/et\/#organization"},"potentialAction":[{"@type":"SearchAction","target":{"@type":"EntryPoint","urlTemplate":"https:\/\/lustandlove.eu\/et\/?s={search_term_string}"},"query-input":{"@type":"PropertyValueSpecification","valueRequired":true,"valueName":"search_term_string"}}],"inLanguage":"et"},{"@type":"Organization","@id":"https:\/\/lustandlove.eu\/et\/#organization","name":"Bioconcept Baltics O\u00dc","url":"https:\/\/lustandlove.eu\/et\/","logo":{"@type":"ImageObject","inLanguage":"et","@id":"https:\/\/lustandlove.eu\/et\/#\/schema\/logo\/image\/","url":"","contentUrl":"","caption":"Bioconcept Baltics O\u00dc"},"image":{"@id":"https:\/\/lustandlove.eu\/et\/#\/schema\/logo\/image\/"},"sameAs":["https:\/\/www.facebook.com\/LustandLoveEU\/","https:\/\/www.instagram.com\/lustandloveeu\/"]}]}},"_links":{"self":[{"href":"https:\/\/lustandlove.eu\/et\/wp-json\/wp\/v2\/product\/51114","targetHints":{"allow":["GET"]}}],"collection":[{"href":"https:\/\/lustandlove.eu\/et\/wp-json\/wp\/v2\/product"}],"about":[{"href":"https:\/\/lustandlove.eu\/et\/wp-json\/wp\/v2\/types\/product"}],"wp:featuredmedia":[{"embeddable":true,"href":"https:\/\/lustandlove.eu\/et\/wp-json\/wp\/v2\/media\/51035"}],"wp:attachment":[{"href":"https:\/\/lustandlove.eu\/et\/wp-json\/wp\/v2\/media?parent=51114"}],"wp:term":[{"taxonomy":"product_brand","embeddable":true,"href":"https:\/\/lustandlove.eu\/et\/wp-json\/wp\/v2\/product_brand?post=51114"},{"taxonomy":"product_cat","embeddable":true,"href":"https:\/\/lustandlove.eu\/et\/wp-json\/wp\/v2\/product_cat?post=51114"},{"taxonomy":"product_tag","embeddable":true,"href":"https:\/\/lustandlove.eu\/et\/wp-json\/wp\/v2\/product_tag?post=51114"}],"curies":[{"name":"wp","href":"https:\/\/api.w.org\/{rel}","templated":true}]}}