{"id":51162,"date":"2022-01-03T16:22:01","date_gmt":"2022-07-22T18:37:20","guid":{"rendered":"https:\/\/www.lustandlove.eu\/?post_type=product&#038;p=51162"},"modified":"2026-04-13T10:34:25","modified_gmt":"2026-04-13T07:34:25","slug":"kaelapats","status":"publish","type":"product","link":"https:\/\/lustandlove.eu\/et\/toode\/kaelapats\/","title":{"rendered":"K\u00e4elapats"},"content":{"rendered":"<p>Viige oma ulakad m\u00e4ngul j\u00e4rgmisele tasemel! Kas oled domineeriv v\u00f5i alistuv pool? Selle lapatsiga saad tuua m\u00f5nu oma partnerile, v\u00f5ta kontroll enda k\u00e4tte v\u00f5i anda kontroll t\u00e4ielikult \u00fcle. T\u00e4nu naeltele, mustale \u00f5mbusele ja mustale PVC materjalile n\u00e4eb see lapats v\u00e4ga ulakas ja stiilne v\u00e4lja. K\u00e4ekujuline lapats on perfektne lisa igasse magamistuppa. Lapatsi pikkus 38cm<\/p>\n","protected":false},"excerpt":{"rendered":"<p>Viige oma ulakad m\u00e4ngul j\u00e4rgmisele tasemel! Kas oled domineeriv v\u00f5i alistuv pool? Selle lapatsiga saad tuua m\u00f5nu oma partnerile, v\u00f5ta<\/p>\n","protected":false},"featured_media":51161,"template":"","meta":[],"product_brand":[4228],"product_cat":[1470,1607],"product_tag":[],"class_list":{"0":"post-51162","1":"product","2":"type-product","3":"status-publish","4":"has-post-thumbnail","6":"product_brand-o-products-et","7":"product_cat-bdsm-et","8":"product_cat-piitsad-ja-lapatsid","9":"pa_brand-o-products-et","11":"first","12":"instock","13":"taxable","14":"shipping-taxable","15":"purchasable","16":"product-type-simple"},"yoast_head":"<!-- This site is optimized with the Yoast SEO plugin v27.3 - https:\/\/yoast.com\/product\/yoast-seo-wordpress\/ -->\n<title>K\u00e4elapats | Lust and Love<\/title>\n<meta name=\"description\" content=\"This Hand Paddle is leather paddle has the shape of a hand. A practical leather wristband is attached at the end of the paddle..\" \/>\n<meta name=\"robots\" content=\"index,follow,max-snippet:-1,max-image-preview:large,max-video-preview:-1\" \/>\n<link rel=\"canonical\" href=\"https:\/\/lustandlove.eu\/et\/toode\/kaelapats\/\" \/>\n<meta name=\"twitter:card\" content=\"summary_large_image\" \/>\n<meta name=\"twitter:title\" content=\"K\u00e4elapats | Lust and Love\" \/>\n<meta name=\"twitter:description\" content=\"This Hand Paddle is leather paddle has the shape of a hand. A practical leather wristband is attached at the end of the paddle..\" \/>\n<meta name=\"twitter:image\" content=\"https:\/\/lustandlove.eu\/wp-content\/uploads\/112-tci-9057_hand_spanker_p2-orgasmproducts.jpg\" \/>\n<script type=\"application\/ld+json\" class=\"yoast-schema-graph\">{\"@context\":\"https:\\\/\\\/schema.org\",\"@graph\":[{\"@type\":[\"WebPage\",\"ItemPage\"],\"@id\":\"https:\\\/\\\/lustandlove.eu\\\/et\\\/toode\\\/kaelapats\\\/\",\"url\":\"https:\\\/\\\/lustandlove.eu\\\/et\\\/toode\\\/kaelapats\\\/\",\"name\":\"K\u00e4elapats | Lust and Love\",\"isPartOf\":{\"@id\":\"https:\\\/\\\/lustandlove.eu\\\/et\\\/#website\"},\"primaryImageOfPage\":{\"@id\":\"https:\\\/\\\/lustandlove.eu\\\/et\\\/toode\\\/kaelapats\\\/#primaryimage\"},\"image\":{\"@id\":\"https:\\\/\\\/lustandlove.eu\\\/et\\\/toode\\\/kaelapats\\\/#primaryimage\"},\"thumbnailUrl\":\"https:\\\/\\\/lustandlove.eu\\\/wp-content\\\/uploads\\\/112-tci-9057_hand_spanker_p2-orgasmproducts.jpg\",\"datePublished\":\"2022-07-22T18:37:20+00:00\",\"dateModified\":\"2026-04-13T07:34:25+00:00\",\"description\":\"This Hand Paddle is leather paddle has the shape of a hand. A practical leather wristband is attached at the end of the paddle..\",\"breadcrumb\":{\"@id\":\"https:\\\/\\\/lustandlove.eu\\\/et\\\/toode\\\/kaelapats\\\/#breadcrumb\"},\"inLanguage\":\"et\",\"potentialAction\":[{\"@type\":\"ReadAction\",\"target\":[\"https:\\\/\\\/lustandlove.eu\\\/et\\\/toode\\\/kaelapats\\\/\"]}]},{\"@type\":\"ImageObject\",\"inLanguage\":\"et\",\"@id\":\"https:\\\/\\\/lustandlove.eu\\\/et\\\/toode\\\/kaelapats\\\/#primaryimage\",\"url\":\"https:\\\/\\\/lustandlove.eu\\\/wp-content\\\/uploads\\\/112-tci-9057_hand_spanker_p2-orgasmproducts.jpg\",\"contentUrl\":\"https:\\\/\\\/lustandlove.eu\\\/wp-content\\\/uploads\\\/112-tci-9057_hand_spanker_p2-orgasmproducts.jpg\",\"width\":425,\"height\":337,\"caption\":\"Hand Paddle\"},{\"@type\":\"BreadcrumbList\",\"@id\":\"https:\\\/\\\/lustandlove.eu\\\/et\\\/toode\\\/kaelapats\\\/#breadcrumb\",\"itemListElement\":[{\"@type\":\"ListItem\",\"position\":1,\"name\":\"Lust and Love\",\"item\":\"https:\\\/\\\/lustandlove.eu\\\/et\\\/\"},{\"@type\":\"ListItem\",\"position\":2,\"name\":\"Pood\",\"item\":\"https:\\\/\\\/lustandlove.eu\\\/et\\\/pood\\\/\"},{\"@type\":\"ListItem\",\"position\":3,\"name\":\"BDSM\",\"item\":\"https:\\\/\\\/lustandlove.eu\\\/et\\\/pood\\\/bdsm-et\\\/\"},{\"@type\":\"ListItem\",\"position\":4,\"name\":\"K\u00e4elapats\"}]},{\"@type\":\"WebSite\",\"@id\":\"https:\\\/\\\/lustandlove.eu\\\/et\\\/#website\",\"url\":\"https:\\\/\\\/lustandlove.eu\\\/et\\\/\",\"name\":\"Lust &amp; Love\",\"description\":\"Online erootikapood tervise, ilu ja armastuse jaoks\",\"publisher\":{\"@id\":\"https:\\\/\\\/lustandlove.eu\\\/et\\\/#organization\"},\"potentialAction\":[{\"@type\":\"SearchAction\",\"target\":{\"@type\":\"EntryPoint\",\"urlTemplate\":\"https:\\\/\\\/lustandlove.eu\\\/et\\\/?s={search_term_string}\"},\"query-input\":{\"@type\":\"PropertyValueSpecification\",\"valueRequired\":true,\"valueName\":\"search_term_string\"}}],\"inLanguage\":\"et\"},{\"@type\":\"Organization\",\"@id\":\"https:\\\/\\\/lustandlove.eu\\\/et\\\/#organization\",\"name\":\"Bioconcept Baltics O\u00dc\",\"url\":\"https:\\\/\\\/lustandlove.eu\\\/et\\\/\",\"logo\":{\"@type\":\"ImageObject\",\"inLanguage\":\"et\",\"@id\":\"https:\\\/\\\/lustandlove.eu\\\/et\\\/#\\\/schema\\\/logo\\\/image\\\/\",\"url\":\"\",\"contentUrl\":\"\",\"caption\":\"Bioconcept Baltics O\u00dc\"},\"image\":{\"@id\":\"https:\\\/\\\/lustandlove.eu\\\/et\\\/#\\\/schema\\\/logo\\\/image\\\/\"},\"sameAs\":[\"https:\\\/\\\/www.facebook.com\\\/LustandLoveEU\\\/\",\"https:\\\/\\\/www.instagram.com\\\/lustandloveeu\\\/\"]}]}<\/script>\n<!-- \/ Yoast SEO plugin. -->","yoast_head_json":{"title":"K\u00e4elapats | Lust and Love","description":"This Hand Paddle is leather paddle has the shape of a hand. A practical leather wristband is attached at the end of the paddle..","robots":{"index,follow,max-snippet":"index,follow,max-snippet:-1,max-image-preview:large,max-video-preview:-1"},"canonical":"https:\/\/lustandlove.eu\/et\/toode\/kaelapats\/","twitter_card":"summary_large_image","twitter_title":"K\u00e4elapats | Lust and Love","twitter_description":"This Hand Paddle is leather paddle has the shape of a hand. A practical leather wristband is attached at the end of the paddle..","twitter_image":"https:\/\/lustandlove.eu\/wp-content\/uploads\/112-tci-9057_hand_spanker_p2-orgasmproducts.jpg","schema":{"@context":"https:\/\/schema.org","@graph":[{"@type":["WebPage","ItemPage"],"@id":"https:\/\/lustandlove.eu\/et\/toode\/kaelapats\/","url":"https:\/\/lustandlove.eu\/et\/toode\/kaelapats\/","name":"K\u00e4elapats | Lust and Love","isPartOf":{"@id":"https:\/\/lustandlove.eu\/et\/#website"},"primaryImageOfPage":{"@id":"https:\/\/lustandlove.eu\/et\/toode\/kaelapats\/#primaryimage"},"image":{"@id":"https:\/\/lustandlove.eu\/et\/toode\/kaelapats\/#primaryimage"},"thumbnailUrl":"https:\/\/lustandlove.eu\/wp-content\/uploads\/112-tci-9057_hand_spanker_p2-orgasmproducts.jpg","datePublished":"2022-07-22T18:37:20+00:00","dateModified":"2026-04-13T07:34:25+00:00","description":"This Hand Paddle is leather paddle has the shape of a hand. A practical leather wristband is attached at the end of the paddle..","breadcrumb":{"@id":"https:\/\/lustandlove.eu\/et\/toode\/kaelapats\/#breadcrumb"},"inLanguage":"et","potentialAction":[{"@type":"ReadAction","target":["https:\/\/lustandlove.eu\/et\/toode\/kaelapats\/"]}]},{"@type":"ImageObject","inLanguage":"et","@id":"https:\/\/lustandlove.eu\/et\/toode\/kaelapats\/#primaryimage","url":"https:\/\/lustandlove.eu\/wp-content\/uploads\/112-tci-9057_hand_spanker_p2-orgasmproducts.jpg","contentUrl":"https:\/\/lustandlove.eu\/wp-content\/uploads\/112-tci-9057_hand_spanker_p2-orgasmproducts.jpg","width":425,"height":337,"caption":"Hand Paddle"},{"@type":"BreadcrumbList","@id":"https:\/\/lustandlove.eu\/et\/toode\/kaelapats\/#breadcrumb","itemListElement":[{"@type":"ListItem","position":1,"name":"Lust and Love","item":"https:\/\/lustandlove.eu\/et\/"},{"@type":"ListItem","position":2,"name":"Pood","item":"https:\/\/lustandlove.eu\/et\/pood\/"},{"@type":"ListItem","position":3,"name":"BDSM","item":"https:\/\/lustandlove.eu\/et\/pood\/bdsm-et\/"},{"@type":"ListItem","position":4,"name":"K\u00e4elapats"}]},{"@type":"WebSite","@id":"https:\/\/lustandlove.eu\/et\/#website","url":"https:\/\/lustandlove.eu\/et\/","name":"Lust &amp; Love","description":"Online erootikapood tervise, ilu ja armastuse jaoks","publisher":{"@id":"https:\/\/lustandlove.eu\/et\/#organization"},"potentialAction":[{"@type":"SearchAction","target":{"@type":"EntryPoint","urlTemplate":"https:\/\/lustandlove.eu\/et\/?s={search_term_string}"},"query-input":{"@type":"PropertyValueSpecification","valueRequired":true,"valueName":"search_term_string"}}],"inLanguage":"et"},{"@type":"Organization","@id":"https:\/\/lustandlove.eu\/et\/#organization","name":"Bioconcept Baltics O\u00dc","url":"https:\/\/lustandlove.eu\/et\/","logo":{"@type":"ImageObject","inLanguage":"et","@id":"https:\/\/lustandlove.eu\/et\/#\/schema\/logo\/image\/","url":"","contentUrl":"","caption":"Bioconcept Baltics O\u00dc"},"image":{"@id":"https:\/\/lustandlove.eu\/et\/#\/schema\/logo\/image\/"},"sameAs":["https:\/\/www.facebook.com\/LustandLoveEU\/","https:\/\/www.instagram.com\/lustandloveeu\/"]}]}},"_links":{"self":[{"href":"https:\/\/lustandlove.eu\/et\/wp-json\/wp\/v2\/product\/51162","targetHints":{"allow":["GET"]}}],"collection":[{"href":"https:\/\/lustandlove.eu\/et\/wp-json\/wp\/v2\/product"}],"about":[{"href":"https:\/\/lustandlove.eu\/et\/wp-json\/wp\/v2\/types\/product"}],"wp:featuredmedia":[{"embeddable":true,"href":"https:\/\/lustandlove.eu\/et\/wp-json\/wp\/v2\/media\/51161"}],"wp:attachment":[{"href":"https:\/\/lustandlove.eu\/et\/wp-json\/wp\/v2\/media?parent=51162"}],"wp:term":[{"taxonomy":"product_brand","embeddable":true,"href":"https:\/\/lustandlove.eu\/et\/wp-json\/wp\/v2\/product_brand?post=51162"},{"taxonomy":"product_cat","embeddable":true,"href":"https:\/\/lustandlove.eu\/et\/wp-json\/wp\/v2\/product_cat?post=51162"},{"taxonomy":"product_tag","embeddable":true,"href":"https:\/\/lustandlove.eu\/et\/wp-json\/wp\/v2\/product_tag?post=51162"}],"curies":[{"name":"wp","href":"https:\/\/api.w.org\/{rel}","templated":true}]}}