{"id":51223,"date":"2021-12-29T10:06:33","date_gmt":"2021-12-29T08:06:33","guid":{"rendered":"https:\/\/www.lustandlove.eu\/product\/dildo-gigant-cyberskin-06\/"},"modified":"2026-04-13T10:34:26","modified_gmt":"2026-04-13T07:34:26","slug":"dildo-gigant-cyberskin-06","status":"publish","type":"product","link":"https:\/\/lustandlove.eu\/et\/toode\/dildo-gigant-cyberskin-06\/","title":{"rendered":"Dildo Gigant Cyberskin 06"},"content":{"rendered":"<p>Dildo Gigant Cyberskin on realistlik, iminapa ja munanditega dildo. Dildode eluea pikendamiseks on soovitatav kasutada toodet koos kondoomiga. Kasutamiseks ainult veep\u00f5hise libestiga. Puhastage sooja vee ja antibakteriaalse seebi v\u00f5i lelupuhastusvahendiga.<\/p>\n<p>Kvaliteetne Cyberskin on loodud j\u00e4ljendama t\u00e4pselt inimese naha tunnet. Cyberskini dildod on ideaalne sekslelu, kuna need pakuvad elutruud tunnetust ja pakuvad samasugust stimulatsiooni nagu t\u00f5eline peenis.<\/p>\n<p>Omadused:<br \/>\nKogupikkus: 26,5 cm<br \/>\nSisestatav pikkus: 19 cm<\/p>\n<p>Pea l\u00e4bim\u00f5\u00f5t: 64 mm<br \/>\nMaksimaalne l\u00e4bim\u00f5\u00f5t: 70 mm<br \/>\nMaterjal: k\u00fcbernahk<\/p>\n","protected":false},"excerpt":{"rendered":"<p>Dildo Gigant Cyberskin on realistlik, iminapa ja munanditega dildo. Dildode eluea pikendamiseks on soovitatav kasutada toodet koos kondoomiga. Kasutamiseks ainult<\/p>\n","protected":false},"featured_media":51209,"template":"","meta":[],"product_brand":[4203],"product_cat":[1485,1484,4062],"product_tag":[4094,3781],"class_list":{"0":"post-51223","1":"product","2":"type-product","3":"status-publish","4":"has-post-thumbnail","6":"product_brand-egzo-et","7":"product_cat-dildod","8":"product_cat-sekslelud","9":"product_cat-suured","10":"product_tag-bf40-et","11":"product_tag-must-reede","12":"pa_brand-egzo-et","14":"first","15":"instock","16":"taxable","17":"shipping-taxable","18":"purchasable","19":"product-type-simple"},"yoast_head":"<!-- This site is optimized with the Yoast SEO plugin v27.3 - https:\/\/yoast.com\/product\/yoast-seo-wordpress\/ -->\n<title>Dildo Gigant Cyberskin 06 | Lust and Love<\/title>\n<meta name=\"robots\" content=\"index,follow,max-snippet:-1,max-image-preview:large,max-video-preview:-1\" \/>\n<link rel=\"canonical\" href=\"https:\/\/lustandlove.eu\/et\/toode\/dildo-gigant-cyberskin-06\/\" \/>\n<meta name=\"twitter:card\" content=\"summary_large_image\" \/>\n<meta name=\"twitter:title\" content=\"Dildo Gigant Cyberskin 06 | Lust and Love\" \/>\n<meta name=\"twitter:description\" content=\"Dildo Gigant Cyberskin on realistlik, iminapa ja munanditega dildo. Dildode eluea pikendamiseks on soovitatav kasutada toodet koos kondoomiga. Kasutamiseks ainult\" \/>\n<meta name=\"twitter:image\" content=\"https:\/\/lustandlove.eu\/wp-content\/uploads\/3R0RWEPg.jpg\" \/>\n<script type=\"application\/ld+json\" class=\"yoast-schema-graph\">{\"@context\":\"https:\\\/\\\/schema.org\",\"@graph\":[{\"@type\":[\"WebPage\",\"ItemPage\"],\"@id\":\"https:\\\/\\\/lustandlove.eu\\\/et\\\/toode\\\/dildo-gigant-cyberskin-06\\\/\",\"url\":\"https:\\\/\\\/lustandlove.eu\\\/et\\\/toode\\\/dildo-gigant-cyberskin-06\\\/\",\"name\":\"Dildo Gigant Cyberskin 06 | Lust and Love\",\"isPartOf\":{\"@id\":\"https:\\\/\\\/lustandlove.eu\\\/et\\\/#website\"},\"primaryImageOfPage\":{\"@id\":\"https:\\\/\\\/lustandlove.eu\\\/et\\\/toode\\\/dildo-gigant-cyberskin-06\\\/#primaryimage\"},\"image\":{\"@id\":\"https:\\\/\\\/lustandlove.eu\\\/et\\\/toode\\\/dildo-gigant-cyberskin-06\\\/#primaryimage\"},\"thumbnailUrl\":\"https:\\\/\\\/lustandlove.eu\\\/wp-content\\\/uploads\\\/3R0RWEPg.jpg\",\"datePublished\":\"2021-12-29T08:06:33+00:00\",\"dateModified\":\"2026-04-13T07:34:26+00:00\",\"breadcrumb\":{\"@id\":\"https:\\\/\\\/lustandlove.eu\\\/et\\\/toode\\\/dildo-gigant-cyberskin-06\\\/#breadcrumb\"},\"inLanguage\":\"et\",\"potentialAction\":[{\"@type\":\"ReadAction\",\"target\":[\"https:\\\/\\\/lustandlove.eu\\\/et\\\/toode\\\/dildo-gigant-cyberskin-06\\\/\"]}]},{\"@type\":\"ImageObject\",\"inLanguage\":\"et\",\"@id\":\"https:\\\/\\\/lustandlove.eu\\\/et\\\/toode\\\/dildo-gigant-cyberskin-06\\\/#primaryimage\",\"url\":\"https:\\\/\\\/lustandlove.eu\\\/wp-content\\\/uploads\\\/3R0RWEPg.jpg\",\"contentUrl\":\"https:\\\/\\\/lustandlove.eu\\\/wp-content\\\/uploads\\\/3R0RWEPg.jpg\",\"width\":1107,\"height\":1475,\"caption\":\"Dildo Gigant Cyberskin 06\"},{\"@type\":\"BreadcrumbList\",\"@id\":\"https:\\\/\\\/lustandlove.eu\\\/et\\\/toode\\\/dildo-gigant-cyberskin-06\\\/#breadcrumb\",\"itemListElement\":[{\"@type\":\"ListItem\",\"position\":1,\"name\":\"Lust and Love\",\"item\":\"https:\\\/\\\/lustandlove.eu\\\/et\\\/\"},{\"@type\":\"ListItem\",\"position\":2,\"name\":\"Pood\",\"item\":\"https:\\\/\\\/lustandlove.eu\\\/et\\\/pood\\\/\"},{\"@type\":\"ListItem\",\"position\":3,\"name\":\"Sekslelud\",\"item\":\"https:\\\/\\\/lustandlove.eu\\\/et\\\/pood\\\/sekslelud\\\/\"},{\"@type\":\"ListItem\",\"position\":4,\"name\":\"Dildo Gigant Cyberskin 06\"}]},{\"@type\":\"WebSite\",\"@id\":\"https:\\\/\\\/lustandlove.eu\\\/et\\\/#website\",\"url\":\"https:\\\/\\\/lustandlove.eu\\\/et\\\/\",\"name\":\"Lust &amp; Love\",\"description\":\"Online erootikapood tervise, ilu ja armastuse jaoks\",\"publisher\":{\"@id\":\"https:\\\/\\\/lustandlove.eu\\\/et\\\/#organization\"},\"potentialAction\":[{\"@type\":\"SearchAction\",\"target\":{\"@type\":\"EntryPoint\",\"urlTemplate\":\"https:\\\/\\\/lustandlove.eu\\\/et\\\/?s={search_term_string}\"},\"query-input\":{\"@type\":\"PropertyValueSpecification\",\"valueRequired\":true,\"valueName\":\"search_term_string\"}}],\"inLanguage\":\"et\"},{\"@type\":\"Organization\",\"@id\":\"https:\\\/\\\/lustandlove.eu\\\/et\\\/#organization\",\"name\":\"Bioconcept Baltics O\u00dc\",\"url\":\"https:\\\/\\\/lustandlove.eu\\\/et\\\/\",\"logo\":{\"@type\":\"ImageObject\",\"inLanguage\":\"et\",\"@id\":\"https:\\\/\\\/lustandlove.eu\\\/et\\\/#\\\/schema\\\/logo\\\/image\\\/\",\"url\":\"\",\"contentUrl\":\"\",\"caption\":\"Bioconcept Baltics O\u00dc\"},\"image\":{\"@id\":\"https:\\\/\\\/lustandlove.eu\\\/et\\\/#\\\/schema\\\/logo\\\/image\\\/\"},\"sameAs\":[\"https:\\\/\\\/www.facebook.com\\\/LustandLoveEU\\\/\",\"https:\\\/\\\/www.instagram.com\\\/lustandloveeu\\\/\"]}]}<\/script>\n<!-- \/ Yoast SEO plugin. -->","yoast_head_json":{"title":"Dildo Gigant Cyberskin 06 | Lust and Love","robots":{"index,follow,max-snippet":"index,follow,max-snippet:-1,max-image-preview:large,max-video-preview:-1"},"canonical":"https:\/\/lustandlove.eu\/et\/toode\/dildo-gigant-cyberskin-06\/","twitter_card":"summary_large_image","twitter_title":"Dildo Gigant Cyberskin 06 | Lust and Love","twitter_description":"Dildo Gigant Cyberskin on realistlik, iminapa ja munanditega dildo. Dildode eluea pikendamiseks on soovitatav kasutada toodet koos kondoomiga. Kasutamiseks ainult","twitter_image":"https:\/\/lustandlove.eu\/wp-content\/uploads\/3R0RWEPg.jpg","schema":{"@context":"https:\/\/schema.org","@graph":[{"@type":["WebPage","ItemPage"],"@id":"https:\/\/lustandlove.eu\/et\/toode\/dildo-gigant-cyberskin-06\/","url":"https:\/\/lustandlove.eu\/et\/toode\/dildo-gigant-cyberskin-06\/","name":"Dildo Gigant Cyberskin 06 | Lust and Love","isPartOf":{"@id":"https:\/\/lustandlove.eu\/et\/#website"},"primaryImageOfPage":{"@id":"https:\/\/lustandlove.eu\/et\/toode\/dildo-gigant-cyberskin-06\/#primaryimage"},"image":{"@id":"https:\/\/lustandlove.eu\/et\/toode\/dildo-gigant-cyberskin-06\/#primaryimage"},"thumbnailUrl":"https:\/\/lustandlove.eu\/wp-content\/uploads\/3R0RWEPg.jpg","datePublished":"2021-12-29T08:06:33+00:00","dateModified":"2026-04-13T07:34:26+00:00","breadcrumb":{"@id":"https:\/\/lustandlove.eu\/et\/toode\/dildo-gigant-cyberskin-06\/#breadcrumb"},"inLanguage":"et","potentialAction":[{"@type":"ReadAction","target":["https:\/\/lustandlove.eu\/et\/toode\/dildo-gigant-cyberskin-06\/"]}]},{"@type":"ImageObject","inLanguage":"et","@id":"https:\/\/lustandlove.eu\/et\/toode\/dildo-gigant-cyberskin-06\/#primaryimage","url":"https:\/\/lustandlove.eu\/wp-content\/uploads\/3R0RWEPg.jpg","contentUrl":"https:\/\/lustandlove.eu\/wp-content\/uploads\/3R0RWEPg.jpg","width":1107,"height":1475,"caption":"Dildo Gigant Cyberskin 06"},{"@type":"BreadcrumbList","@id":"https:\/\/lustandlove.eu\/et\/toode\/dildo-gigant-cyberskin-06\/#breadcrumb","itemListElement":[{"@type":"ListItem","position":1,"name":"Lust and Love","item":"https:\/\/lustandlove.eu\/et\/"},{"@type":"ListItem","position":2,"name":"Pood","item":"https:\/\/lustandlove.eu\/et\/pood\/"},{"@type":"ListItem","position":3,"name":"Sekslelud","item":"https:\/\/lustandlove.eu\/et\/pood\/sekslelud\/"},{"@type":"ListItem","position":4,"name":"Dildo Gigant Cyberskin 06"}]},{"@type":"WebSite","@id":"https:\/\/lustandlove.eu\/et\/#website","url":"https:\/\/lustandlove.eu\/et\/","name":"Lust &amp; Love","description":"Online erootikapood tervise, ilu ja armastuse jaoks","publisher":{"@id":"https:\/\/lustandlove.eu\/et\/#organization"},"potentialAction":[{"@type":"SearchAction","target":{"@type":"EntryPoint","urlTemplate":"https:\/\/lustandlove.eu\/et\/?s={search_term_string}"},"query-input":{"@type":"PropertyValueSpecification","valueRequired":true,"valueName":"search_term_string"}}],"inLanguage":"et"},{"@type":"Organization","@id":"https:\/\/lustandlove.eu\/et\/#organization","name":"Bioconcept Baltics O\u00dc","url":"https:\/\/lustandlove.eu\/et\/","logo":{"@type":"ImageObject","inLanguage":"et","@id":"https:\/\/lustandlove.eu\/et\/#\/schema\/logo\/image\/","url":"","contentUrl":"","caption":"Bioconcept Baltics O\u00dc"},"image":{"@id":"https:\/\/lustandlove.eu\/et\/#\/schema\/logo\/image\/"},"sameAs":["https:\/\/www.facebook.com\/LustandLoveEU\/","https:\/\/www.instagram.com\/lustandloveeu\/"]}]}},"_links":{"self":[{"href":"https:\/\/lustandlove.eu\/et\/wp-json\/wp\/v2\/product\/51223","targetHints":{"allow":["GET"]}}],"collection":[{"href":"https:\/\/lustandlove.eu\/et\/wp-json\/wp\/v2\/product"}],"about":[{"href":"https:\/\/lustandlove.eu\/et\/wp-json\/wp\/v2\/types\/product"}],"wp:featuredmedia":[{"embeddable":true,"href":"https:\/\/lustandlove.eu\/et\/wp-json\/wp\/v2\/media\/51209"}],"wp:attachment":[{"href":"https:\/\/lustandlove.eu\/et\/wp-json\/wp\/v2\/media?parent=51223"}],"wp:term":[{"taxonomy":"product_brand","embeddable":true,"href":"https:\/\/lustandlove.eu\/et\/wp-json\/wp\/v2\/product_brand?post=51223"},{"taxonomy":"product_cat","embeddable":true,"href":"https:\/\/lustandlove.eu\/et\/wp-json\/wp\/v2\/product_cat?post=51223"},{"taxonomy":"product_tag","embeddable":true,"href":"https:\/\/lustandlove.eu\/et\/wp-json\/wp\/v2\/product_tag?post=51223"}],"curies":[{"name":"wp","href":"https:\/\/api.w.org\/{rel}","templated":true}]}}