{"id":51264,"date":"2022-01-07T12:44:28","date_gmt":"2022-01-07T07:01:32","guid":{"rendered":"https:\/\/www.lustandlove.eu\/?post_type=product&#038;p=51264"},"modified":"2025-08-19T15:40:07","modified_gmt":"2025-08-19T12:40:07","slug":"ulakas-kinkekarp","status":"publish","type":"product","link":"https:\/\/lustandlove.eu\/et\/toode\/ulakas-kinkekarp\/","title":{"rendered":"Naughty Gift Box"},"content":{"rendered":"<p>Naughty Gift Box on kaunilt pakendatud Je Joue roosakuldse sulgede kujundusega, see on ideaalne kinkekomplekt sellele ulakale erilisele inimesele teie elus. K\u00f5ik, mida vajate unustamatuks ja intiimseks \u00f5htuks, kus saate oma v\u00e4ljavalitu vaimu, keha ja hingega tutvuda. L\u00f5petate \u00f6\u00f6, kui tunnete end \u00e4rahellitatud, armastatuna ja l\u00e4hedasemana kui kunagi varem!<\/p>\n<h3><strong>Mis siin sees on?<\/strong><\/h3>\n<p>Limiteeritud v\u00e4ljaanne roosakuldne ja must Mimi vibraator<br \/>\nLuksuslik massaa\u017eik\u00fc\u00fcnal \u2013 Ylang Ylang &amp; Mandariin<br \/>\nSatiinist silmside<br \/>\nTruth or Dare \u2013 Je Joue intiimne kaardim\u00e4ng<\/p>\n<p><strong>Mimi vibraator<\/strong><br \/>\nMimi tunneb end suurep\u00e4raselt kliitoril ja mis tahes muul piirkonnal, alates nibudest kuni k\u00f5hukelmeni ja kus iganes vahepeal. Sile ja pehme Mimi libiseb \u00fcle naha, muutes selle ideaalseks erinevate kehamassaa\u017ei jaoks. Kergema puudutuse saamiseks v\u00f5ite proovida ka Mimi vibratsiooni edastada l\u00e4bi s\u00f5rmeotste, hoides seda k\u00e4es ja silitades nahka s\u00f5rmedega. Kasutage otsikut, et stimuleerida kliitorit. Kasutage k\u00fclgi, et samal ajal stimuleerida h\u00e4bememokkasid ja kliitorit. Kasutage Mimi lamedat k\u00fclge, et stimuleerida kogu suguelundite piirkonda laiemalt.<\/p>\n<p>Mimi on konstrueeritud madala sagedusega mootoriga, et anda edasi meie iseloomuliku Je Joue oi-nii-madalaid m\u00fcrisevaid vibratsioone. 5 kiiruse ja 7 mustriga Mimi pakub laias valikus vibratsioone \u2013 \u00f5rnast nurrumisest kuni s\u00fcgava m\u00fcrinani.<\/p>\n<p><strong>Massaa\u017eik\u00fc\u00fcnal<\/strong><br \/>\nS\u00fc\u00fctage k\u00fc\u00fcnal ja laske sellel 15 minutit p\u00f5leda, kuni moodustub vahakogum. Seej\u00e4rel saate p\u00e4rast leegi kustutamist lasta vahal m\u00f5ni minut jahtuda v\u00f5i valada intensiivsema tunde saamiseks otse nahale. Vaha on soe, kuid mitte piisavalt kuum, et nahka p\u00f5letada. T\u00f6\u00f6tle sulavaha nahka, kuni moodustub kaunilt l\u00f5hnav \u00f5li. Masseerige oma partneri \u00f5lgu, selga, tuharaid, reied, rindkere v\u00f5i kogu keha. Meie k\u00fc\u00fcnlad on valmistatud 100% sojavahast, mis on rikas E-vitamiini ja looduslike eeterlike \u00f5lide poolest.<\/p>\n<p><strong>Satiinist silmaside<\/strong><br \/>\nSee \u00f5rn satiinist lips lisab teie pehmele orjusm\u00e4ngule l\u00e4mbe, kuid dekadentliku atmosf\u00e4\u00e4ri. Tugevdage oma v\u00e4ljavalitu k\u00f5iki meeli, kattes nende silmad selle Je Joue musta satiinist silmasidemega. Pehme satiin tundub naha k\u00f5rval luksusliku ja sensuaalsena ning n\u00e4gemismeele \u00e4ra v\u00f5ttes j\u00e4tad nad p\u00f5nevusse, ootama iga puudutust ja sosinat.<\/p>\n<p>Teise v\u00f5imalusena siduge oma m\u00e4ngukaaslane ulaka v\u00e4ikese lipsuga ja laske neil rohkem paluda! Olgu see voodi, m\u00f6\u00f6bli v\u00f5i randmete ja pahkluude k\u00fclge seotud, teie ulakas partner on naudingu jaoks j\u00f5uetu. Plahvatuslikuks sensoorseks teekonnaks kasutage satiinist lipsu ja massaa\u017eik\u00fc\u00fcnalt koos, et s\u00fctitada nende meeli ja s\u00fcvendada teievahelist sidet.<\/p>\n<p><strong>Intiimne kaardim\u00e4ng Truth or Dare<\/strong><br \/>\nSee pole teie tavaline Truth or Dare m\u00e4ng. Looge oma partneriga intiimsust, usaldust ja armastust, m\u00e4ngides Je Joue intiimset Truth or Dare kaardim\u00e4ngu. Dare&#8217;i kaartide abil saate \u00fcksteise kehasid uutel viisidel uurida, uusi aistinguid avastada ja s\u00fcvendada arusaamist \u00fcksteise naudingupunktidest. T\u00f5ekaartide abil saate jagada m\u00e4lestusi, unistusi, ideid ja arvamusi. Garanteerime, et saate oma v\u00e4ljavalitu kohta midagi uut teada, mis tugevdab teievahelist sidet ja j\u00e4tab teile m\u00f5lemale l\u00e4hedasema tunde kui kunagi varem.<\/p>\n","protected":false},"excerpt":{"rendered":"<p>Naughty Gift Box on kaunilt pakendatud Je Joue roosakuldse sulgede kujundusega, see on ideaalne kinkekomplekt sellele ulakale erilisele inimesele teie<\/p>\n","protected":false},"featured_media":51237,"template":"","meta":[],"product_cat":[4011,4009,1493,1484],"product_tag":[4103],"yoast_head":"<!-- This site is optimized with the Yoast SEO plugin v22.9 - https:\/\/yoast.com\/wordpress\/plugins\/seo\/ -->\n<title>Naughty Gift Box | Lust and Love<\/title>\n<meta name=\"robots\" content=\"index,follow,max-snippet:-1,max-image-preview:large,max-video-preview:-1\" \/>\n<link rel=\"canonical\" href=\"https:\/\/lustandlove.eu\/et\/toode\/ulakas-kinkekarp\/\" \/>\n<meta name=\"twitter:card\" content=\"summary_large_image\" \/>\n<meta name=\"twitter:title\" content=\"Naughty Gift Box | Lust and Love\" \/>\n<meta name=\"twitter:description\" content=\"Naughty Gift Box on kaunilt pakendatud Je Joue roosakuldse sulgede kujundusega, see on ideaalne kinkekomplekt sellele ulakale erilisele inimesele teie\" \/>\n<meta name=\"twitter:image\" content=\"https:\/\/lustandlove.eu\/wp-content\/uploads\/JeJoue_BlackBox_Open_Side.jpg\" \/>\n<meta name=\"twitter:label1\" content=\"Est. reading time\" \/>\n\t<meta name=\"twitter:data1\" content=\"2 minutit\" \/>\n<script type=\"application\/ld+json\" class=\"yoast-schema-graph\">{\"@context\":\"https:\/\/schema.org\",\"@graph\":[{\"@type\":[\"WebPage\",\"ItemPage\"],\"@id\":\"https:\/\/lustandlove.eu\/et\/toode\/ulakas-kinkekarp\/\",\"url\":\"https:\/\/lustandlove.eu\/et\/toode\/ulakas-kinkekarp\/\",\"name\":\"Naughty Gift Box | Lust and Love\",\"isPartOf\":{\"@id\":\"https:\/\/lustandlove.eu\/et\/#website\"},\"primaryImageOfPage\":{\"@id\":\"https:\/\/lustandlove.eu\/et\/toode\/ulakas-kinkekarp\/#primaryimage\"},\"image\":{\"@id\":\"https:\/\/lustandlove.eu\/et\/toode\/ulakas-kinkekarp\/#primaryimage\"},\"thumbnailUrl\":\"https:\/\/lustandlove.eu\/wp-content\/uploads\/JeJoue_BlackBox_Open_Side.jpg\",\"datePublished\":\"2022-01-07T07:01:32+00:00\",\"dateModified\":\"2025-08-19T12:40:07+00:00\",\"breadcrumb\":{\"@id\":\"https:\/\/lustandlove.eu\/et\/toode\/ulakas-kinkekarp\/#breadcrumb\"},\"inLanguage\":\"et\",\"potentialAction\":[{\"@type\":\"ReadAction\",\"target\":[\"https:\/\/lustandlove.eu\/et\/toode\/ulakas-kinkekarp\/\"]}]},{\"@type\":\"ImageObject\",\"inLanguage\":\"et\",\"@id\":\"https:\/\/lustandlove.eu\/et\/toode\/ulakas-kinkekarp\/#primaryimage\",\"url\":\"https:\/\/lustandlove.eu\/wp-content\/uploads\/JeJoue_BlackBox_Open_Side.jpg\",\"contentUrl\":\"https:\/\/lustandlove.eu\/wp-content\/uploads\/JeJoue_BlackBox_Open_Side.jpg\",\"width\":1920,\"height\":1920,\"caption\":\"Naughty Gift Box\"},{\"@type\":\"BreadcrumbList\",\"@id\":\"https:\/\/lustandlove.eu\/et\/toode\/ulakas-kinkekarp\/#breadcrumb\",\"itemListElement\":[{\"@type\":\"ListItem\",\"position\":1,\"name\":\"Lust and Love\",\"item\":\"https:\/\/lustandlove.eu\/et\/\"},{\"@type\":\"ListItem\",\"position\":2,\"name\":\"Pood\",\"item\":\"https:\/\/lustandlove.eu\/et\/pood\/\"},{\"@type\":\"ListItem\",\"position\":3,\"name\":\"L\u00f5bu &amp; M\u00e4ngud\",\"item\":\"https:\/\/lustandlove.eu\/et\/pood\/lobu-mangud\/\"},{\"@type\":\"ListItem\",\"position\":4,\"name\":\"Kingiideed\",\"item\":\"https:\/\/lustandlove.eu\/et\/pood\/lobu-mangud\/kingiideed\/\"},{\"@type\":\"ListItem\",\"position\":5,\"name\":\"Naughty Gift Box\"}]},{\"@type\":\"WebSite\",\"@id\":\"https:\/\/lustandlove.eu\/et\/#website\",\"url\":\"https:\/\/lustandlove.eu\/et\/\",\"name\":\"Lust &amp; Love\",\"description\":\"Online erootikapood tervise, ilu ja armastuse jaoks\",\"publisher\":{\"@id\":\"https:\/\/lustandlove.eu\/et\/#organization\"},\"potentialAction\":[{\"@type\":\"SearchAction\",\"target\":{\"@type\":\"EntryPoint\",\"urlTemplate\":\"https:\/\/lustandlove.eu\/et\/?s={search_term_string}\"},\"query-input\":\"required name=search_term_string\"}],\"inLanguage\":\"et\"},{\"@type\":\"Organization\",\"@id\":\"https:\/\/lustandlove.eu\/et\/#organization\",\"name\":\"Bioconcept Baltics O\u00dc\",\"url\":\"https:\/\/lustandlove.eu\/et\/\",\"logo\":{\"@type\":\"ImageObject\",\"inLanguage\":\"et\",\"@id\":\"https:\/\/lustandlove.eu\/et\/#\/schema\/logo\/image\/\",\"url\":\"\",\"contentUrl\":\"\",\"caption\":\"Bioconcept Baltics O\u00dc\"},\"image\":{\"@id\":\"https:\/\/lustandlove.eu\/et\/#\/schema\/logo\/image\/\"},\"sameAs\":[\"https:\/\/www.facebook.com\/LustandLoveEU\/\",\"https:\/\/www.instagram.com\/lustandloveeu\/\"]}]}<\/script>\n<!-- \/ Yoast SEO plugin. -->","yoast_head_json":{"title":"Naughty Gift Box | Lust and Love","robots":{"index,follow,max-snippet":"index,follow,max-snippet:-1,max-image-preview:large,max-video-preview:-1"},"canonical":"https:\/\/lustandlove.eu\/et\/toode\/ulakas-kinkekarp\/","twitter_card":"summary_large_image","twitter_title":"Naughty Gift Box | Lust and Love","twitter_description":"Naughty Gift Box on kaunilt pakendatud Je Joue roosakuldse sulgede kujundusega, see on ideaalne kinkekomplekt sellele ulakale erilisele inimesele teie","twitter_image":"https:\/\/lustandlove.eu\/wp-content\/uploads\/JeJoue_BlackBox_Open_Side.jpg","twitter_misc":{"Est. reading time":"2 minutit"},"schema":{"@context":"https:\/\/schema.org","@graph":[{"@type":["WebPage","ItemPage"],"@id":"https:\/\/lustandlove.eu\/et\/toode\/ulakas-kinkekarp\/","url":"https:\/\/lustandlove.eu\/et\/toode\/ulakas-kinkekarp\/","name":"Naughty Gift Box | Lust and Love","isPartOf":{"@id":"https:\/\/lustandlove.eu\/et\/#website"},"primaryImageOfPage":{"@id":"https:\/\/lustandlove.eu\/et\/toode\/ulakas-kinkekarp\/#primaryimage"},"image":{"@id":"https:\/\/lustandlove.eu\/et\/toode\/ulakas-kinkekarp\/#primaryimage"},"thumbnailUrl":"https:\/\/lustandlove.eu\/wp-content\/uploads\/JeJoue_BlackBox_Open_Side.jpg","datePublished":"2022-01-07T07:01:32+00:00","dateModified":"2025-08-19T12:40:07+00:00","breadcrumb":{"@id":"https:\/\/lustandlove.eu\/et\/toode\/ulakas-kinkekarp\/#breadcrumb"},"inLanguage":"et","potentialAction":[{"@type":"ReadAction","target":["https:\/\/lustandlove.eu\/et\/toode\/ulakas-kinkekarp\/"]}]},{"@type":"ImageObject","inLanguage":"et","@id":"https:\/\/lustandlove.eu\/et\/toode\/ulakas-kinkekarp\/#primaryimage","url":"https:\/\/lustandlove.eu\/wp-content\/uploads\/JeJoue_BlackBox_Open_Side.jpg","contentUrl":"https:\/\/lustandlove.eu\/wp-content\/uploads\/JeJoue_BlackBox_Open_Side.jpg","width":1920,"height":1920,"caption":"Naughty Gift Box"},{"@type":"BreadcrumbList","@id":"https:\/\/lustandlove.eu\/et\/toode\/ulakas-kinkekarp\/#breadcrumb","itemListElement":[{"@type":"ListItem","position":1,"name":"Lust and Love","item":"https:\/\/lustandlove.eu\/et\/"},{"@type":"ListItem","position":2,"name":"Pood","item":"https:\/\/lustandlove.eu\/et\/pood\/"},{"@type":"ListItem","position":3,"name":"L\u00f5bu &amp; M\u00e4ngud","item":"https:\/\/lustandlove.eu\/et\/pood\/lobu-mangud\/"},{"@type":"ListItem","position":4,"name":"Kingiideed","item":"https:\/\/lustandlove.eu\/et\/pood\/lobu-mangud\/kingiideed\/"},{"@type":"ListItem","position":5,"name":"Naughty Gift Box"}]},{"@type":"WebSite","@id":"https:\/\/lustandlove.eu\/et\/#website","url":"https:\/\/lustandlove.eu\/et\/","name":"Lust &amp; Love","description":"Online erootikapood tervise, ilu ja armastuse jaoks","publisher":{"@id":"https:\/\/lustandlove.eu\/et\/#organization"},"potentialAction":[{"@type":"SearchAction","target":{"@type":"EntryPoint","urlTemplate":"https:\/\/lustandlove.eu\/et\/?s={search_term_string}"},"query-input":"required name=search_term_string"}],"inLanguage":"et"},{"@type":"Organization","@id":"https:\/\/lustandlove.eu\/et\/#organization","name":"Bioconcept Baltics O\u00dc","url":"https:\/\/lustandlove.eu\/et\/","logo":{"@type":"ImageObject","inLanguage":"et","@id":"https:\/\/lustandlove.eu\/et\/#\/schema\/logo\/image\/","url":"","contentUrl":"","caption":"Bioconcept Baltics O\u00dc"},"image":{"@id":"https:\/\/lustandlove.eu\/et\/#\/schema\/logo\/image\/"},"sameAs":["https:\/\/www.facebook.com\/LustandLoveEU\/","https:\/\/www.instagram.com\/lustandloveeu\/"]}]}},"_links":{"self":[{"href":"https:\/\/lustandlove.eu\/et\/wp-json\/wp\/v2\/product\/51264"}],"collection":[{"href":"https:\/\/lustandlove.eu\/et\/wp-json\/wp\/v2\/product"}],"about":[{"href":"https:\/\/lustandlove.eu\/et\/wp-json\/wp\/v2\/types\/product"}],"wp:featuredmedia":[{"embeddable":true,"href":"https:\/\/lustandlove.eu\/et\/wp-json\/wp\/v2\/media\/51237"}],"wp:attachment":[{"href":"https:\/\/lustandlove.eu\/et\/wp-json\/wp\/v2\/media?parent=51264"}],"wp:term":[{"taxonomy":"product_cat","embeddable":true,"href":"https:\/\/lustandlove.eu\/et\/wp-json\/wp\/v2\/product_cat?post=51264"},{"taxonomy":"product_tag","embeddable":true,"href":"https:\/\/lustandlove.eu\/et\/wp-json\/wp\/v2\/product_tag?post=51264"}],"curies":[{"name":"wp","href":"https:\/\/api.w.org\/{rel}","templated":true}]}}