{"id":51265,"date":"2022-01-07T09:01:35","date_gmt":"2022-01-07T08:04:45","guid":{"rendered":"https:\/\/www.lustandlove.eu\/?post_type=product&#038;p=51265"},"modified":"2026-04-13T10:34:25","modified_gmt":"2026-04-13T07:34:25","slug":"nice-gift-box","status":"publish","type":"product","link":"https:\/\/lustandlove.eu\/et\/toode\/nice-gift-box\/","title":{"rendered":"Nice Gift Box"},"content":{"rendered":"<p>Nice Gift Box on kaunilt pakendatud Je Joue roosade kullast sulgede disainiga, see karp on midagi enamat kui lihtsalt kingitus, see on armastuse \u017eest ja lubadus veeta oma armastatud inimesega rohkem kvaliteetaega. Hellitage seda erilist kedagi oma elus selle Je Joue piiratud koguses seksuaalse heaolu kinkekarbiga.<\/p>\n<h3><strong>Mis on sees?<\/strong><\/h3>\n<p>G-Spot kuulvibraator ja s\u00f5rmevarrukas<br \/>\nAmi 3-astmeline progressiivne Kegeli kuulikomplekt<br \/>\nLuksuslik massaa\u017eik\u00fc\u00fcnal \u2013 Jasmiin &amp; Liilia<br \/>\nBox of Treats \u2013 Je Joue l\u00e4bim\u00f5eldud karp eriliste \u017eestidega<\/p>\n<p><strong>G-Spot kuulvibraator<\/strong><\/p>\n<p>See on ideaalne m\u00e4nguasi neile, kes tahavad k\u00f5ike. T\u00e4iuslikult kaardus, et p\u00e4\u00e4seda G-punktini, j\u00e4rgib kurv ka v\u00e4liselt teie keha kontuuri, et saavutada intensiivseid klitoriaalseid orgasme. Kaasas on s\u00f5rmevarrukakinnitus neile, kes eelistavad nahk-naha kontakti ja k\u00e4ed-vabad kogemust. See m\u00e4nguasi sobib suurep\u00e4raselt nii sise- kui ka v\u00e4lisvibratsiooni jaoks. Kui te pole kindel, millist t\u00fc\u00fcpi m\u00e4nguasja te otsite, on see m\u00e4nguasi teie jaoks. See on v\u00e4ike ja armas, nii et see sobib esmakordsetele inimestele.<\/p>\n<p>Meie G-spot Bullet on konstrueeritud madala sagedusega mootoriga, et anda Je Joue&#8217;le iseloomulikud oh-nii-madalad m\u00fcrisevad vibratsioonid. 5 kiiruse ja 7 mustriga G-spot Bullet pakub laias valikus vibratsioone \u2013 \u00f5rnast nurrumisest kuni s\u00fcgava m\u00fcrinani.<\/p>\n<p>Maailma esimene progressiivne Kegeli treenings\u00fcsteem Ami on koost\u00f6\u00f6s g\u00fcnekoloogide ja \u00e4mmaemandatega v\u00e4lja t\u00f6\u00f6tatud nii, et see oleks ideaalse kuju, suuruse ja kaaluga vaagnap\u00f5hja tugevuse suurendamiseks. Tugevam arvutilihas toob kaasa sagedasemad ja v\u00f5imsamad orgasmid, aga ka terve hulga muid tervisega seotud eeliseid! Ami sees olevad lahtised pallid v\u00f5ivad vabalt ringi liikuda ja tekitavad nende kandmise ajal \u00f5rna vibratsiooni \u2013 see mitte ainult ei toniseeri lihaseid, vaid tunneb end ka pagana h\u00e4sti!<\/p>\n<p><strong>Ami 3-astmeline tupekuulide komplekt<\/strong><\/p>\n<p>Ami Kegeli tupekuulide komplekt on disainitud pehmeimast sametisest 100% kehale ohutust silikoonist, et tagada kasutusmugavus.<\/p>\n<p>Treenib ja toniseerib aktiivselt vaagnap\u00f5hjalihaseid, et saavutada parem orgasm!<\/p>\n<p><strong>Massaa\u017eik\u00fc\u00fcnal<\/strong><\/p>\n<p>S\u00fc\u00fctage k\u00fc\u00fcnal ja laske sellel 15 minutit p\u00f5leda, kuni moodustub vahakogum. Seej\u00e4rel saate p\u00e4rast leegi kustutamist lasta vahal m\u00f5ni minut jahtuda v\u00f5i valada intensiivsema tunde saamiseks otse nahale. Vaha on soe, kuid mitte piisavalt kuum, et nahka p\u00f5letada. T\u00f6\u00f6tle sulavaha nahka, kuni moodustub kaunilt l\u00f5hnav \u00f5li. Masseerige oma partneri \u00f5lgu, selga, tuharaid, reied, rindkere v\u00f5i kogu keha. Meie k\u00fc\u00fcnlad on valmistatud 100% sojavahast, mis on rikas E-vitamiini ja looduslike eeterlike \u00f5lide poolest.<\/p>\n<p><strong>Maiustuste karp<\/strong><\/p>\n<p>Kohtle oma armastatut nende l\u00e4bim\u00f5eldud v\u00e4ikeste teenekaartidega, et n\u00e4idata talle t\u00e4pselt, kui palju sa hoolid. Elu teevad ilusaks v\u00e4ikesed igap\u00e4evased asjad ja see v\u00e4ike armastuse kast aitab teie partneril tunda, et teda toetatakse, hinnatakse ja hoolitakse. Kaasas on j\u00e4rgmised maiuspalade kaardid, v\u00e4lja arvatud kaks t\u00fchja kaarti, millele saate kirjutada isiklikke maiustusi, mis on teie suhte jaoks olulised:<\/p>\n<p>&#8211; Lemmikhommikus\u00f6\u00f6k voodis<\/p>\n<p>&#8211; Tee mulle romantiline mullivann koos \u00f5lamassaa\u017eiga<\/p>\n<p>&#8211; Leia meile tantramassaa\u017ei kursus, mida koos l\u00e4bida<\/p>\n<p>&#8211; Teie valmistatud kolmek\u00e4iguline eine<\/p>\n<p>&#8211; Ma v\u00f5idan selle vaidluse<\/p>\n<p>&#8211; J\u00e4ta 10 armastusm\u00e4rki majja, et ma need leiaksin<\/p>\n<p>&#8211; \u00dcks tund kvaliteetset telefonivaba aega iga p\u00e4ev \u00fche n\u00e4dala jooksul<\/p>\n","protected":false},"excerpt":{"rendered":"<p>Nice Gift Box on kaunilt pakendatud Je Joue roosade kullast sulgede disainiga, see karp on midagi enamat kui lihtsalt kingitus,<\/p>\n","protected":false},"featured_media":51250,"template":"","meta":[],"product_brand":[4211],"product_cat":[4011,4009,1493,1484],"product_tag":[3403,3312],"class_list":{"0":"post-51265","1":"product","2":"type-product","3":"status-publish","4":"has-post-thumbnail","6":"product_brand-je-joue-et","7":"product_cat-kingiideed","8":"product_cat-lobu-mangud","9":"product_cat-paaride-komplektid","10":"product_cat-sekslelud","11":"product_tag-naistepaev","12":"product_tag-valentines-et","13":"pa_brand-je-joue-et","15":"first","16":"instock","17":"taxable","18":"shipping-taxable","19":"purchasable","20":"product-type-simple"},"yoast_head":"<!-- This site is optimized with the Yoast SEO plugin v27.3 - https:\/\/yoast.com\/product\/yoast-seo-wordpress\/ -->\n<title>Nice Gift Box | Lust and Love<\/title>\n<meta name=\"robots\" content=\"index,follow,max-snippet:-1,max-image-preview:large,max-video-preview:-1\" \/>\n<link rel=\"canonical\" href=\"https:\/\/lustandlove.eu\/et\/toode\/nice-gift-box\/\" \/>\n<meta name=\"twitter:card\" content=\"summary_large_image\" \/>\n<meta name=\"twitter:title\" content=\"Nice Gift Box | Lust and Love\" \/>\n<meta name=\"twitter:description\" content=\"Nice Gift Box on kaunilt pakendatud Je Joue roosade kullast sulgede disainiga, see karp on midagi enamat kui lihtsalt kingitus,\" \/>\n<meta name=\"twitter:image\" content=\"https:\/\/lustandlove.eu\/wp-content\/uploads\/JeJoue_WhiteBox_Open_Side.jpg\" \/>\n<meta name=\"twitter:label1\" content=\"Est. reading time\" \/>\n\t<meta name=\"twitter:data1\" content=\"3 minutit\" \/>\n<script type=\"application\/ld+json\" class=\"yoast-schema-graph\">{\"@context\":\"https:\\\/\\\/schema.org\",\"@graph\":[{\"@type\":[\"WebPage\",\"ItemPage\"],\"@id\":\"https:\\\/\\\/lustandlove.eu\\\/et\\\/toode\\\/nice-gift-box\\\/\",\"url\":\"https:\\\/\\\/lustandlove.eu\\\/et\\\/toode\\\/nice-gift-box\\\/\",\"name\":\"Nice Gift Box | Lust and Love\",\"isPartOf\":{\"@id\":\"https:\\\/\\\/lustandlove.eu\\\/et\\\/#website\"},\"primaryImageOfPage\":{\"@id\":\"https:\\\/\\\/lustandlove.eu\\\/et\\\/toode\\\/nice-gift-box\\\/#primaryimage\"},\"image\":{\"@id\":\"https:\\\/\\\/lustandlove.eu\\\/et\\\/toode\\\/nice-gift-box\\\/#primaryimage\"},\"thumbnailUrl\":\"https:\\\/\\\/lustandlove.eu\\\/wp-content\\\/uploads\\\/JeJoue_WhiteBox_Open_Side.jpg\",\"datePublished\":\"2022-01-07T08:04:45+00:00\",\"dateModified\":\"2026-04-13T07:34:25+00:00\",\"breadcrumb\":{\"@id\":\"https:\\\/\\\/lustandlove.eu\\\/et\\\/toode\\\/nice-gift-box\\\/#breadcrumb\"},\"inLanguage\":\"et\",\"potentialAction\":[{\"@type\":\"ReadAction\",\"target\":[\"https:\\\/\\\/lustandlove.eu\\\/et\\\/toode\\\/nice-gift-box\\\/\"]}]},{\"@type\":\"ImageObject\",\"inLanguage\":\"et\",\"@id\":\"https:\\\/\\\/lustandlove.eu\\\/et\\\/toode\\\/nice-gift-box\\\/#primaryimage\",\"url\":\"https:\\\/\\\/lustandlove.eu\\\/wp-content\\\/uploads\\\/JeJoue_WhiteBox_Open_Side.jpg\",\"contentUrl\":\"https:\\\/\\\/lustandlove.eu\\\/wp-content\\\/uploads\\\/JeJoue_WhiteBox_Open_Side.jpg\",\"width\":1920,\"height\":1920,\"caption\":\"Nice Gift Box\"},{\"@type\":\"BreadcrumbList\",\"@id\":\"https:\\\/\\\/lustandlove.eu\\\/et\\\/toode\\\/nice-gift-box\\\/#breadcrumb\",\"itemListElement\":[{\"@type\":\"ListItem\",\"position\":1,\"name\":\"Lust and Love\",\"item\":\"https:\\\/\\\/lustandlove.eu\\\/et\\\/\"},{\"@type\":\"ListItem\",\"position\":2,\"name\":\"Pood\",\"item\":\"https:\\\/\\\/lustandlove.eu\\\/et\\\/pood\\\/\"},{\"@type\":\"ListItem\",\"position\":3,\"name\":\"L\u00f5bu &amp; M\u00e4ngud\",\"item\":\"https:\\\/\\\/lustandlove.eu\\\/et\\\/pood\\\/lobu-mangud\\\/\"},{\"@type\":\"ListItem\",\"position\":4,\"name\":\"Kingiideed\",\"item\":\"https:\\\/\\\/lustandlove.eu\\\/et\\\/pood\\\/lobu-mangud\\\/kingiideed\\\/\"},{\"@type\":\"ListItem\",\"position\":5,\"name\":\"Nice Gift Box\"}]},{\"@type\":\"WebSite\",\"@id\":\"https:\\\/\\\/lustandlove.eu\\\/et\\\/#website\",\"url\":\"https:\\\/\\\/lustandlove.eu\\\/et\\\/\",\"name\":\"Lust &amp; Love\",\"description\":\"Online erootikapood tervise, ilu ja armastuse jaoks\",\"publisher\":{\"@id\":\"https:\\\/\\\/lustandlove.eu\\\/et\\\/#organization\"},\"potentialAction\":[{\"@type\":\"SearchAction\",\"target\":{\"@type\":\"EntryPoint\",\"urlTemplate\":\"https:\\\/\\\/lustandlove.eu\\\/et\\\/?s={search_term_string}\"},\"query-input\":{\"@type\":\"PropertyValueSpecification\",\"valueRequired\":true,\"valueName\":\"search_term_string\"}}],\"inLanguage\":\"et\"},{\"@type\":\"Organization\",\"@id\":\"https:\\\/\\\/lustandlove.eu\\\/et\\\/#organization\",\"name\":\"Bioconcept Baltics O\u00dc\",\"url\":\"https:\\\/\\\/lustandlove.eu\\\/et\\\/\",\"logo\":{\"@type\":\"ImageObject\",\"inLanguage\":\"et\",\"@id\":\"https:\\\/\\\/lustandlove.eu\\\/et\\\/#\\\/schema\\\/logo\\\/image\\\/\",\"url\":\"\",\"contentUrl\":\"\",\"caption\":\"Bioconcept Baltics O\u00dc\"},\"image\":{\"@id\":\"https:\\\/\\\/lustandlove.eu\\\/et\\\/#\\\/schema\\\/logo\\\/image\\\/\"},\"sameAs\":[\"https:\\\/\\\/www.facebook.com\\\/LustandLoveEU\\\/\",\"https:\\\/\\\/www.instagram.com\\\/lustandloveeu\\\/\"]}]}<\/script>\n<!-- \/ Yoast SEO plugin. -->","yoast_head_json":{"title":"Nice Gift Box | Lust and Love","robots":{"index,follow,max-snippet":"index,follow,max-snippet:-1,max-image-preview:large,max-video-preview:-1"},"canonical":"https:\/\/lustandlove.eu\/et\/toode\/nice-gift-box\/","twitter_card":"summary_large_image","twitter_title":"Nice Gift Box | Lust and Love","twitter_description":"Nice Gift Box on kaunilt pakendatud Je Joue roosade kullast sulgede disainiga, see karp on midagi enamat kui lihtsalt kingitus,","twitter_image":"https:\/\/lustandlove.eu\/wp-content\/uploads\/JeJoue_WhiteBox_Open_Side.jpg","twitter_misc":{"Est. reading time":"3 minutit"},"schema":{"@context":"https:\/\/schema.org","@graph":[{"@type":["WebPage","ItemPage"],"@id":"https:\/\/lustandlove.eu\/et\/toode\/nice-gift-box\/","url":"https:\/\/lustandlove.eu\/et\/toode\/nice-gift-box\/","name":"Nice Gift Box | Lust and Love","isPartOf":{"@id":"https:\/\/lustandlove.eu\/et\/#website"},"primaryImageOfPage":{"@id":"https:\/\/lustandlove.eu\/et\/toode\/nice-gift-box\/#primaryimage"},"image":{"@id":"https:\/\/lustandlove.eu\/et\/toode\/nice-gift-box\/#primaryimage"},"thumbnailUrl":"https:\/\/lustandlove.eu\/wp-content\/uploads\/JeJoue_WhiteBox_Open_Side.jpg","datePublished":"2022-01-07T08:04:45+00:00","dateModified":"2026-04-13T07:34:25+00:00","breadcrumb":{"@id":"https:\/\/lustandlove.eu\/et\/toode\/nice-gift-box\/#breadcrumb"},"inLanguage":"et","potentialAction":[{"@type":"ReadAction","target":["https:\/\/lustandlove.eu\/et\/toode\/nice-gift-box\/"]}]},{"@type":"ImageObject","inLanguage":"et","@id":"https:\/\/lustandlove.eu\/et\/toode\/nice-gift-box\/#primaryimage","url":"https:\/\/lustandlove.eu\/wp-content\/uploads\/JeJoue_WhiteBox_Open_Side.jpg","contentUrl":"https:\/\/lustandlove.eu\/wp-content\/uploads\/JeJoue_WhiteBox_Open_Side.jpg","width":1920,"height":1920,"caption":"Nice Gift Box"},{"@type":"BreadcrumbList","@id":"https:\/\/lustandlove.eu\/et\/toode\/nice-gift-box\/#breadcrumb","itemListElement":[{"@type":"ListItem","position":1,"name":"Lust and Love","item":"https:\/\/lustandlove.eu\/et\/"},{"@type":"ListItem","position":2,"name":"Pood","item":"https:\/\/lustandlove.eu\/et\/pood\/"},{"@type":"ListItem","position":3,"name":"L\u00f5bu &amp; M\u00e4ngud","item":"https:\/\/lustandlove.eu\/et\/pood\/lobu-mangud\/"},{"@type":"ListItem","position":4,"name":"Kingiideed","item":"https:\/\/lustandlove.eu\/et\/pood\/lobu-mangud\/kingiideed\/"},{"@type":"ListItem","position":5,"name":"Nice Gift Box"}]},{"@type":"WebSite","@id":"https:\/\/lustandlove.eu\/et\/#website","url":"https:\/\/lustandlove.eu\/et\/","name":"Lust &amp; Love","description":"Online erootikapood tervise, ilu ja armastuse jaoks","publisher":{"@id":"https:\/\/lustandlove.eu\/et\/#organization"},"potentialAction":[{"@type":"SearchAction","target":{"@type":"EntryPoint","urlTemplate":"https:\/\/lustandlove.eu\/et\/?s={search_term_string}"},"query-input":{"@type":"PropertyValueSpecification","valueRequired":true,"valueName":"search_term_string"}}],"inLanguage":"et"},{"@type":"Organization","@id":"https:\/\/lustandlove.eu\/et\/#organization","name":"Bioconcept Baltics O\u00dc","url":"https:\/\/lustandlove.eu\/et\/","logo":{"@type":"ImageObject","inLanguage":"et","@id":"https:\/\/lustandlove.eu\/et\/#\/schema\/logo\/image\/","url":"","contentUrl":"","caption":"Bioconcept Baltics O\u00dc"},"image":{"@id":"https:\/\/lustandlove.eu\/et\/#\/schema\/logo\/image\/"},"sameAs":["https:\/\/www.facebook.com\/LustandLoveEU\/","https:\/\/www.instagram.com\/lustandloveeu\/"]}]}},"_links":{"self":[{"href":"https:\/\/lustandlove.eu\/et\/wp-json\/wp\/v2\/product\/51265","targetHints":{"allow":["GET"]}}],"collection":[{"href":"https:\/\/lustandlove.eu\/et\/wp-json\/wp\/v2\/product"}],"about":[{"href":"https:\/\/lustandlove.eu\/et\/wp-json\/wp\/v2\/types\/product"}],"wp:featuredmedia":[{"embeddable":true,"href":"https:\/\/lustandlove.eu\/et\/wp-json\/wp\/v2\/media\/51250"}],"wp:attachment":[{"href":"https:\/\/lustandlove.eu\/et\/wp-json\/wp\/v2\/media?parent=51265"}],"wp:term":[{"taxonomy":"product_brand","embeddable":true,"href":"https:\/\/lustandlove.eu\/et\/wp-json\/wp\/v2\/product_brand?post=51265"},{"taxonomy":"product_cat","embeddable":true,"href":"https:\/\/lustandlove.eu\/et\/wp-json\/wp\/v2\/product_cat?post=51265"},{"taxonomy":"product_tag","embeddable":true,"href":"https:\/\/lustandlove.eu\/et\/wp-json\/wp\/v2\/product_tag?post=51265"}],"curies":[{"name":"wp","href":"https:\/\/api.w.org\/{rel}","templated":true}]}}