{"id":51364,"date":"2022-02-07T10:47:43","date_gmt":"2022-02-09T07:13:21","guid":{"rendered":"https:\/\/www.lustandlove.eu\/?post_type=product&#038;p=51364"},"modified":"2025-08-19T15:40:06","modified_gmt":"2025-08-19T12:40:06","slug":"jix","status":"publish","type":"product","link":"https:\/\/lustandlove.eu\/et\/toode\/jix\/","title":{"rendered":"Jix"},"content":{"rendered":"<h3><strong>Jix<\/strong><\/h3>\n<p>Nimi: Jix (ja nende partner!)<\/p>\n<p>Armastab: sukeldumist, m\u00e4ngimist ja, noh, seksi!<\/p>\n<p>Jix on p\u00e4rit armastuse ja naeru planeedilt ning ta tahab seda armastust teiega jagada. Jix on sihvakas, muutes ta teie kehale nii \u00f5rnaks kui ka meeldivaks. Pole vaja hirmu tunda, Jix on piisavalt v\u00e4ike, et olla suurep\u00e4rane algaja anaalm\u00e4nguasi mis t\u00f6\u00f6tab koos teie kehaga, mitte selle vastu. Talle meeldib koos oma partneriga t\u00f6\u00f6tada, et avada sinus korraga mitu m\u00f5nusat tunnetust; nautige ennast korraga nii sisemiselt kui ka v\u00e4liselt, t\u00e4ida kaks auku korraga v\u00f5i lase oma partneril h\u00f5lpsalt teisest otsast kinni hoida t\u00e4nu ergonoomilisele k\u00e4epidemele, millega teid viia m\u00f5nudemaailma. Jix on armastav ja t\u00f6\u00f6kas s\u00f5ber.<\/p>\n<p><strong>Omadused<\/strong>:<br \/>\nK\u00f5igile sugudele<br \/>\nKvaliteetsed materjalid &#8211; 100% silikoon, sekslelude kullastandard<br \/>\nPehme silikooni tunne<br \/>\nVibreeri viiel kiirusel ja viiel re\u017eiimil \u2013 uskumatult tugev vibraator<br \/>\nUSB-laetav<br \/>\nVaikne. Shhhhh.<br \/>\nVeekindel<br \/>\nVahetatav vibraator<br \/>\nLihtne puhastada<br \/>\nM\u00f5eldud loominguliseks kasutamiseks<\/p>\n","protected":false},"excerpt":{"rendered":"<p>Jix Nimi: Jix (ja nende partner!) Armastab: sukeldumist, m\u00e4ngimist ja, noh, seksi! Jix on p\u00e4rit armastuse ja naeru planeedilt ning<\/p>\n","protected":false},"featured_media":51345,"template":"","meta":[],"product_cat":[1484,1488,3977],"product_tag":[4104],"yoast_head":"<!-- This site is optimized with the Yoast SEO plugin v22.9 - https:\/\/yoast.com\/wordpress\/plugins\/seo\/ -->\n<title>Jix | Lust and Love<\/title>\n<meta name=\"robots\" content=\"index,follow,max-snippet:-1,max-image-preview:large,max-video-preview:-1\" \/>\n<link rel=\"canonical\" href=\"https:\/\/lustandlove.eu\/et\/toode\/jix\/\" \/>\n<meta name=\"twitter:card\" content=\"summary_large_image\" \/>\n<meta name=\"twitter:title\" content=\"Jix | Lust and Love\" \/>\n<meta name=\"twitter:description\" content=\"Jix Nimi: Jix (ja nende partner!) Armastab: sukeldumist, m\u00e4ngimist ja, noh, seksi! Jix on p\u00e4rit armastuse ja naeru planeedilt ning\" \/>\n<meta name=\"twitter:image\" content=\"https:\/\/lustandlove.eu\/wp-content\/uploads\/Jix-Blue-Trasparent-Web_2048x2048.png\" \/>\n<meta name=\"twitter:label1\" content=\"Est. reading time\" \/>\n\t<meta name=\"twitter:data1\" content=\"1 minut\" \/>\n<script type=\"application\/ld+json\" class=\"yoast-schema-graph\">{\"@context\":\"https:\/\/schema.org\",\"@graph\":[{\"@type\":[\"WebPage\",\"ItemPage\"],\"@id\":\"https:\/\/lustandlove.eu\/et\/toode\/jix\/\",\"url\":\"https:\/\/lustandlove.eu\/et\/toode\/jix\/\",\"name\":\"Jix | Lust and Love\",\"isPartOf\":{\"@id\":\"https:\/\/lustandlove.eu\/et\/#website\"},\"primaryImageOfPage\":{\"@id\":\"https:\/\/lustandlove.eu\/et\/toode\/jix\/#primaryimage\"},\"image\":{\"@id\":\"https:\/\/lustandlove.eu\/et\/toode\/jix\/#primaryimage\"},\"thumbnailUrl\":\"https:\/\/lustandlove.eu\/wp-content\/uploads\/Jix-Blue-Trasparent-Web_2048x2048.png\",\"datePublished\":\"2022-02-09T07:13:21+00:00\",\"dateModified\":\"2025-08-19T12:40:06+00:00\",\"breadcrumb\":{\"@id\":\"https:\/\/lustandlove.eu\/et\/toode\/jix\/#breadcrumb\"},\"inLanguage\":\"et\",\"potentialAction\":[{\"@type\":\"ReadAction\",\"target\":[\"https:\/\/lustandlove.eu\/et\/toode\/jix\/\"]}]},{\"@type\":\"ImageObject\",\"inLanguage\":\"et\",\"@id\":\"https:\/\/lustandlove.eu\/et\/toode\/jix\/#primaryimage\",\"url\":\"https:\/\/lustandlove.eu\/wp-content\/uploads\/Jix-Blue-Trasparent-Web_2048x2048.png\",\"contentUrl\":\"https:\/\/lustandlove.eu\/wp-content\/uploads\/Jix-Blue-Trasparent-Web_2048x2048.png\",\"width\":1000,\"height\":1000,\"caption\":\"Jix\"},{\"@type\":\"BreadcrumbList\",\"@id\":\"https:\/\/lustandlove.eu\/et\/toode\/jix\/#breadcrumb\",\"itemListElement\":[{\"@type\":\"ListItem\",\"position\":1,\"name\":\"Lust and Love\",\"item\":\"https:\/\/lustandlove.eu\/et\/\"},{\"@type\":\"ListItem\",\"position\":2,\"name\":\"Pood\",\"item\":\"https:\/\/lustandlove.eu\/et\/pood\/\"},{\"@type\":\"ListItem\",\"position\":3,\"name\":\"Sekslelud\",\"item\":\"https:\/\/lustandlove.eu\/et\/pood\/sekslelud\/\"},{\"@type\":\"ListItem\",\"position\":4,\"name\":\"Vibraatorid\",\"item\":\"https:\/\/lustandlove.eu\/et\/pood\/sekslelud\/vibraatorid\/\"},{\"@type\":\"ListItem\",\"position\":5,\"name\":\"J\u00e4nese\",\"item\":\"https:\/\/lustandlove.eu\/et\/pood\/sekslelud\/vibraatorid\/janese\/\"},{\"@type\":\"ListItem\",\"position\":6,\"name\":\"Jix\"}]},{\"@type\":\"WebSite\",\"@id\":\"https:\/\/lustandlove.eu\/et\/#website\",\"url\":\"https:\/\/lustandlove.eu\/et\/\",\"name\":\"Lust &amp; Love\",\"description\":\"Online erootikapood tervise, ilu ja armastuse jaoks\",\"publisher\":{\"@id\":\"https:\/\/lustandlove.eu\/et\/#organization\"},\"potentialAction\":[{\"@type\":\"SearchAction\",\"target\":{\"@type\":\"EntryPoint\",\"urlTemplate\":\"https:\/\/lustandlove.eu\/et\/?s={search_term_string}\"},\"query-input\":\"required name=search_term_string\"}],\"inLanguage\":\"et\"},{\"@type\":\"Organization\",\"@id\":\"https:\/\/lustandlove.eu\/et\/#organization\",\"name\":\"Bioconcept Baltics O\u00dc\",\"url\":\"https:\/\/lustandlove.eu\/et\/\",\"logo\":{\"@type\":\"ImageObject\",\"inLanguage\":\"et\",\"@id\":\"https:\/\/lustandlove.eu\/et\/#\/schema\/logo\/image\/\",\"url\":\"\",\"contentUrl\":\"\",\"caption\":\"Bioconcept Baltics O\u00dc\"},\"image\":{\"@id\":\"https:\/\/lustandlove.eu\/et\/#\/schema\/logo\/image\/\"},\"sameAs\":[\"https:\/\/www.facebook.com\/LustandLoveEU\/\",\"https:\/\/www.instagram.com\/lustandloveeu\/\"]}]}<\/script>\n<!-- \/ Yoast SEO plugin. -->","yoast_head_json":{"title":"Jix | Lust and Love","robots":{"index,follow,max-snippet":"index,follow,max-snippet:-1,max-image-preview:large,max-video-preview:-1"},"canonical":"https:\/\/lustandlove.eu\/et\/toode\/jix\/","twitter_card":"summary_large_image","twitter_title":"Jix | Lust and Love","twitter_description":"Jix Nimi: Jix (ja nende partner!) Armastab: sukeldumist, m\u00e4ngimist ja, noh, seksi! Jix on p\u00e4rit armastuse ja naeru planeedilt ning","twitter_image":"https:\/\/lustandlove.eu\/wp-content\/uploads\/Jix-Blue-Trasparent-Web_2048x2048.png","twitter_misc":{"Est. reading time":"1 minut"},"schema":{"@context":"https:\/\/schema.org","@graph":[{"@type":["WebPage","ItemPage"],"@id":"https:\/\/lustandlove.eu\/et\/toode\/jix\/","url":"https:\/\/lustandlove.eu\/et\/toode\/jix\/","name":"Jix | Lust and Love","isPartOf":{"@id":"https:\/\/lustandlove.eu\/et\/#website"},"primaryImageOfPage":{"@id":"https:\/\/lustandlove.eu\/et\/toode\/jix\/#primaryimage"},"image":{"@id":"https:\/\/lustandlove.eu\/et\/toode\/jix\/#primaryimage"},"thumbnailUrl":"https:\/\/lustandlove.eu\/wp-content\/uploads\/Jix-Blue-Trasparent-Web_2048x2048.png","datePublished":"2022-02-09T07:13:21+00:00","dateModified":"2025-08-19T12:40:06+00:00","breadcrumb":{"@id":"https:\/\/lustandlove.eu\/et\/toode\/jix\/#breadcrumb"},"inLanguage":"et","potentialAction":[{"@type":"ReadAction","target":["https:\/\/lustandlove.eu\/et\/toode\/jix\/"]}]},{"@type":"ImageObject","inLanguage":"et","@id":"https:\/\/lustandlove.eu\/et\/toode\/jix\/#primaryimage","url":"https:\/\/lustandlove.eu\/wp-content\/uploads\/Jix-Blue-Trasparent-Web_2048x2048.png","contentUrl":"https:\/\/lustandlove.eu\/wp-content\/uploads\/Jix-Blue-Trasparent-Web_2048x2048.png","width":1000,"height":1000,"caption":"Jix"},{"@type":"BreadcrumbList","@id":"https:\/\/lustandlove.eu\/et\/toode\/jix\/#breadcrumb","itemListElement":[{"@type":"ListItem","position":1,"name":"Lust and Love","item":"https:\/\/lustandlove.eu\/et\/"},{"@type":"ListItem","position":2,"name":"Pood","item":"https:\/\/lustandlove.eu\/et\/pood\/"},{"@type":"ListItem","position":3,"name":"Sekslelud","item":"https:\/\/lustandlove.eu\/et\/pood\/sekslelud\/"},{"@type":"ListItem","position":4,"name":"Vibraatorid","item":"https:\/\/lustandlove.eu\/et\/pood\/sekslelud\/vibraatorid\/"},{"@type":"ListItem","position":5,"name":"J\u00e4nese","item":"https:\/\/lustandlove.eu\/et\/pood\/sekslelud\/vibraatorid\/janese\/"},{"@type":"ListItem","position":6,"name":"Jix"}]},{"@type":"WebSite","@id":"https:\/\/lustandlove.eu\/et\/#website","url":"https:\/\/lustandlove.eu\/et\/","name":"Lust &amp; Love","description":"Online erootikapood tervise, ilu ja armastuse jaoks","publisher":{"@id":"https:\/\/lustandlove.eu\/et\/#organization"},"potentialAction":[{"@type":"SearchAction","target":{"@type":"EntryPoint","urlTemplate":"https:\/\/lustandlove.eu\/et\/?s={search_term_string}"},"query-input":"required name=search_term_string"}],"inLanguage":"et"},{"@type":"Organization","@id":"https:\/\/lustandlove.eu\/et\/#organization","name":"Bioconcept Baltics O\u00dc","url":"https:\/\/lustandlove.eu\/et\/","logo":{"@type":"ImageObject","inLanguage":"et","@id":"https:\/\/lustandlove.eu\/et\/#\/schema\/logo\/image\/","url":"","contentUrl":"","caption":"Bioconcept Baltics O\u00dc"},"image":{"@id":"https:\/\/lustandlove.eu\/et\/#\/schema\/logo\/image\/"},"sameAs":["https:\/\/www.facebook.com\/LustandLoveEU\/","https:\/\/www.instagram.com\/lustandloveeu\/"]}]}},"_links":{"self":[{"href":"https:\/\/lustandlove.eu\/et\/wp-json\/wp\/v2\/product\/51364"}],"collection":[{"href":"https:\/\/lustandlove.eu\/et\/wp-json\/wp\/v2\/product"}],"about":[{"href":"https:\/\/lustandlove.eu\/et\/wp-json\/wp\/v2\/types\/product"}],"wp:featuredmedia":[{"embeddable":true,"href":"https:\/\/lustandlove.eu\/et\/wp-json\/wp\/v2\/media\/51345"}],"wp:attachment":[{"href":"https:\/\/lustandlove.eu\/et\/wp-json\/wp\/v2\/media?parent=51364"}],"wp:term":[{"taxonomy":"product_cat","embeddable":true,"href":"https:\/\/lustandlove.eu\/et\/wp-json\/wp\/v2\/product_cat?post=51364"},{"taxonomy":"product_tag","embeddable":true,"href":"https:\/\/lustandlove.eu\/et\/wp-json\/wp\/v2\/product_tag?post=51364"}],"curies":[{"name":"wp","href":"https:\/\/api.w.org\/{rel}","templated":true}]}}