{"id":51656,"date":"2022-03-08T08:26:08","date_gmt":"2022-03-10T07:57:22","guid":{"rendered":"https:\/\/www.lustandlove.eu\/?post_type=product&#038;p=51656"},"modified":"2026-04-13T10:34:21","modified_gmt":"2026-04-13T07:34:21","slug":"egg-wonder-mastrubaator","status":"publish","type":"product","link":"https:\/\/lustandlove.eu\/et\/toode\/egg-wonder-mastrubaator\/","title":{"rendered":"Egg Wonder Mastrubaator"},"content":{"rendered":"<p>Tenga Muna munakujulised masturbaatorid on kindlasti \u00fched populaarseimad sekslelud maailmas. Nende mugav pakend, lihtne kasutamine ja lai valik t\u00f5mbavad iga\u00fche silmad enda peale. Tenga ainulaadne \u00fcliveniv materjal mahutada enamikke suurusi! Murra lahti kooretaoline \u00fcmbris, vala lisatud libesti muna sisse ning oletegi valmis oma muna nautima.<\/p>\n<p>Kuigi muna v\u00f5ib tunduda v\u00e4ike, on see loodud venima kuni 30cm ja suudab \u00e4ra katta 500ml pudeli. Niiet \u00fcksk\u00f5ik kas soovid stimuleerida vaid peenisepead v\u00f5i tervet peenist, Tenga egg on k\u00f5igeks valmis. Muna on h\u00fcgieeni tagamiseks loodud \u00fchekordseks kasutamiseks. Tenga ise soovitab muna kasutada ilma kondoomita, et saavutada parim stimulatsioon.<\/p>\n<p>Iga munaga on kaasas ka v\u00e4ike pakk Tenga enda Egg Lotion libestit (5ml). Soovi korral v\u00f5ib muna kasutada k\u00f5ikide vee baasil libestitega, n\u00e4iteks\u00a0<a href=\"https:\/\/lustandlove.eu\/et\/toode\/sutil-rich\/\">Sutil Rich<\/a>\u00a0orgaaniline ja kaua kestev libesti. Muna v\u00f5ib ka p\u00f6\u00f6rata pahupidi ja asetada s\u00f5rmede v\u00f5i vibraatori pea \u00fcmber. Nii saate stimuleerida ka teisi keha erogeenseid piirkondi ja avastada, kuidas muna muster lisab stimulatsiooni.<\/p>\n<h3><strong>Tenga Muna on valikus erinevate stimulatsioonitasemetega!<\/strong><\/h3>\n<p>V\u00e4limine v\u00e4rviline disain vihjab sisemuse detailidele. Iga kujundus sisaldab erinevat sensatsiooni, aidates teil nautida k\u00f5iki Tenga munade sorte. Tenga munad on loodud \u00fchekordseks kasutamiseks. Asetage Muna peale kasutamist lihtsalt koore sisse tagasi ja visake see \u00e4ra l\u00e4himasse pr\u00fcgikasti.<\/p>\n<p><strong>Materjalid:<\/strong><br \/>\nV\u00e4limine koor: PP<br \/>\nMuna: termoplastne elastomeer (TPE)<br \/>\nLibesti Egg Lotion koostis: vesi, gl\u00fctseriin, pol\u00fcakr\u00fclaatnaatrium, h\u00fcdroks\u00fcet\u00fc\u00fcltselluloos, met\u00fc\u00fclparabeen<\/p>\n<p><strong>Suurus<\/strong>:<\/p>\n<ul>\n<li>Muna algne suurus: 61 mm \u00d7 49 mm \u00d7 49 mm (loodud venima, et mahutada peaaegu igat suurust)<\/li>\n<li>Pakendi suurus: 70 mm \u00d7 53 mm \u00d7 53 mm<\/li>\n<\/ul>\n<p>&nbsp;<\/p>\n","protected":false},"excerpt":{"rendered":"<p>Maailmakuulus Tenga Egg Wonder v\u00f5ib tunduda v\u00e4ike, kuid nende \u00fcliveniv materjal sobib peaaegu igas suuruses kasutajatele. Iga Muna v\u00e4liskujundus peegeldab nende sisemisi detaile \u2013 erinevate munade hulgast leiate kindlasti sobiva.<\/p>\n<p>&nbsp;<\/p>\n","protected":false},"featured_media":51541,"template":"","meta":[],"product_brand":[4244],"product_cat":[4008,1480,1477],"product_tag":[1575],"class_list":{"0":"post-51656","1":"product","2":"type-product","3":"status-publish","4":"has-post-thumbnail","6":"product_brand-tenga-et","7":"product_cat-manuaalsed","8":"product_cat-masturbaatorid","9":"product_cat-meestele","10":"product_tag-masturbaator-et","11":"pa_brand-tenga-et","13":"first","14":"instock","15":"taxable","16":"shipping-taxable","17":"purchasable","18":"product-type-variable"},"yoast_head":"<!-- This site is optimized with the Yoast SEO plugin v27.3 - https:\/\/yoast.com\/product\/yoast-seo-wordpress\/ -->\n<title>Egg Wonder Mastrubaator | Lust and Love<\/title>\n<meta name=\"description\" content=\"Maailmakuulus Tenga Egg Wonder v\u00f5ib tunduda v\u00e4ike, kuid nende \u00fcliveniv materjal sobib peaaegu igas suuruses kasutajatele.\" \/>\n<meta name=\"robots\" content=\"index,follow,max-snippet:-1,max-image-preview:large,max-video-preview:-1\" \/>\n<link rel=\"canonical\" href=\"https:\/\/lustandlove.eu\/et\/toode\/egg-wonder-mastrubaator\/\" \/>\n<meta name=\"twitter:card\" content=\"summary_large_image\" \/>\n<meta name=\"twitter:title\" content=\"Egg Wonder Mastrubaator | Lust and Love\" \/>\n<meta name=\"twitter:description\" content=\"Maailmakuulus Tenga Egg Wonder v\u00f5ib tunduda v\u00e4ike, kuid nende \u00fcliveniv materjal sobib peaaegu igas suuruses kasutajatele.\" \/>\n<meta name=\"twitter:image\" content=\"https:\/\/lustandlove.eu\/wp-content\/uploads\/EGG_VP004_03_71932a72-4dd3-4785-8c53-0f216524c53f_600x.jpg\" \/>\n<meta name=\"twitter:label1\" content=\"Est. reading time\" \/>\n\t<meta name=\"twitter:data1\" content=\"1 minut\" \/>\n<script type=\"application\/ld+json\" class=\"yoast-schema-graph\">{\"@context\":\"https:\\\/\\\/schema.org\",\"@graph\":[{\"@type\":[\"WebPage\",\"ItemPage\"],\"@id\":\"https:\\\/\\\/lustandlove.eu\\\/et\\\/toode\\\/egg-wonder-mastrubaator\\\/\",\"url\":\"https:\\\/\\\/lustandlove.eu\\\/et\\\/toode\\\/egg-wonder-mastrubaator\\\/\",\"name\":\"Egg Wonder Mastrubaator | Lust and Love\",\"isPartOf\":{\"@id\":\"https:\\\/\\\/lustandlove.eu\\\/et\\\/#website\"},\"primaryImageOfPage\":{\"@id\":\"https:\\\/\\\/lustandlove.eu\\\/et\\\/toode\\\/egg-wonder-mastrubaator\\\/#primaryimage\"},\"image\":{\"@id\":\"https:\\\/\\\/lustandlove.eu\\\/et\\\/toode\\\/egg-wonder-mastrubaator\\\/#primaryimage\"},\"thumbnailUrl\":\"https:\\\/\\\/lustandlove.eu\\\/wp-content\\\/uploads\\\/EGG_VP004_03_71932a72-4dd3-4785-8c53-0f216524c53f_600x.jpg\",\"datePublished\":\"2022-03-10T07:57:22+00:00\",\"dateModified\":\"2026-04-13T07:34:21+00:00\",\"description\":\"Maailmakuulus Tenga Egg Wonder v\u00f5ib tunduda v\u00e4ike, kuid nende \u00fcliveniv materjal sobib peaaegu igas suuruses kasutajatele.\",\"breadcrumb\":{\"@id\":\"https:\\\/\\\/lustandlove.eu\\\/et\\\/toode\\\/egg-wonder-mastrubaator\\\/#breadcrumb\"},\"inLanguage\":\"et\",\"potentialAction\":[{\"@type\":\"ReadAction\",\"target\":[\"https:\\\/\\\/lustandlove.eu\\\/et\\\/toode\\\/egg-wonder-mastrubaator\\\/\"]}]},{\"@type\":\"ImageObject\",\"inLanguage\":\"et\",\"@id\":\"https:\\\/\\\/lustandlove.eu\\\/et\\\/toode\\\/egg-wonder-mastrubaator\\\/#primaryimage\",\"url\":\"https:\\\/\\\/lustandlove.eu\\\/wp-content\\\/uploads\\\/EGG_VP004_03_71932a72-4dd3-4785-8c53-0f216524c53f_600x.jpg\",\"contentUrl\":\"https:\\\/\\\/lustandlove.eu\\\/wp-content\\\/uploads\\\/EGG_VP004_03_71932a72-4dd3-4785-8c53-0f216524c53f_600x.jpg\",\"width\":600,\"height\":600,\"caption\":\"Egg - Wonder\"},{\"@type\":\"BreadcrumbList\",\"@id\":\"https:\\\/\\\/lustandlove.eu\\\/et\\\/toode\\\/egg-wonder-mastrubaator\\\/#breadcrumb\",\"itemListElement\":[{\"@type\":\"ListItem\",\"position\":1,\"name\":\"Lust and Love\",\"item\":\"https:\\\/\\\/lustandlove.eu\\\/et\\\/\"},{\"@type\":\"ListItem\",\"position\":2,\"name\":\"Pood\",\"item\":\"https:\\\/\\\/lustandlove.eu\\\/et\\\/pood\\\/\"},{\"@type\":\"ListItem\",\"position\":3,\"name\":\"Meestele\",\"item\":\"https:\\\/\\\/lustandlove.eu\\\/et\\\/pood\\\/meestele\\\/\"},{\"@type\":\"ListItem\",\"position\":4,\"name\":\"Egg Wonder Mastrubaator\"}]},{\"@type\":\"WebSite\",\"@id\":\"https:\\\/\\\/lustandlove.eu\\\/et\\\/#website\",\"url\":\"https:\\\/\\\/lustandlove.eu\\\/et\\\/\",\"name\":\"Lust &amp; Love\",\"description\":\"Online erootikapood tervise, ilu ja armastuse jaoks\",\"publisher\":{\"@id\":\"https:\\\/\\\/lustandlove.eu\\\/et\\\/#organization\"},\"potentialAction\":[{\"@type\":\"SearchAction\",\"target\":{\"@type\":\"EntryPoint\",\"urlTemplate\":\"https:\\\/\\\/lustandlove.eu\\\/et\\\/?s={search_term_string}\"},\"query-input\":{\"@type\":\"PropertyValueSpecification\",\"valueRequired\":true,\"valueName\":\"search_term_string\"}}],\"inLanguage\":\"et\"},{\"@type\":\"Organization\",\"@id\":\"https:\\\/\\\/lustandlove.eu\\\/et\\\/#organization\",\"name\":\"Bioconcept Baltics O\u00dc\",\"url\":\"https:\\\/\\\/lustandlove.eu\\\/et\\\/\",\"logo\":{\"@type\":\"ImageObject\",\"inLanguage\":\"et\",\"@id\":\"https:\\\/\\\/lustandlove.eu\\\/et\\\/#\\\/schema\\\/logo\\\/image\\\/\",\"url\":\"\",\"contentUrl\":\"\",\"caption\":\"Bioconcept Baltics O\u00dc\"},\"image\":{\"@id\":\"https:\\\/\\\/lustandlove.eu\\\/et\\\/#\\\/schema\\\/logo\\\/image\\\/\"},\"sameAs\":[\"https:\\\/\\\/www.facebook.com\\\/LustandLoveEU\\\/\",\"https:\\\/\\\/www.instagram.com\\\/lustandloveeu\\\/\"]}]}<\/script>\n<!-- \/ Yoast SEO plugin. -->","yoast_head_json":{"title":"Egg Wonder Mastrubaator | Lust and Love","description":"Maailmakuulus Tenga Egg Wonder v\u00f5ib tunduda v\u00e4ike, kuid nende \u00fcliveniv materjal sobib peaaegu igas suuruses kasutajatele.","robots":{"index,follow,max-snippet":"index,follow,max-snippet:-1,max-image-preview:large,max-video-preview:-1"},"canonical":"https:\/\/lustandlove.eu\/et\/toode\/egg-wonder-mastrubaator\/","twitter_card":"summary_large_image","twitter_title":"Egg Wonder Mastrubaator | Lust and Love","twitter_description":"Maailmakuulus Tenga Egg Wonder v\u00f5ib tunduda v\u00e4ike, kuid nende \u00fcliveniv materjal sobib peaaegu igas suuruses kasutajatele.","twitter_image":"https:\/\/lustandlove.eu\/wp-content\/uploads\/EGG_VP004_03_71932a72-4dd3-4785-8c53-0f216524c53f_600x.jpg","twitter_misc":{"Est. reading time":"1 minut"},"schema":{"@context":"https:\/\/schema.org","@graph":[{"@type":["WebPage","ItemPage"],"@id":"https:\/\/lustandlove.eu\/et\/toode\/egg-wonder-mastrubaator\/","url":"https:\/\/lustandlove.eu\/et\/toode\/egg-wonder-mastrubaator\/","name":"Egg Wonder Mastrubaator | Lust and Love","isPartOf":{"@id":"https:\/\/lustandlove.eu\/et\/#website"},"primaryImageOfPage":{"@id":"https:\/\/lustandlove.eu\/et\/toode\/egg-wonder-mastrubaator\/#primaryimage"},"image":{"@id":"https:\/\/lustandlove.eu\/et\/toode\/egg-wonder-mastrubaator\/#primaryimage"},"thumbnailUrl":"https:\/\/lustandlove.eu\/wp-content\/uploads\/EGG_VP004_03_71932a72-4dd3-4785-8c53-0f216524c53f_600x.jpg","datePublished":"2022-03-10T07:57:22+00:00","dateModified":"2026-04-13T07:34:21+00:00","description":"Maailmakuulus Tenga Egg Wonder v\u00f5ib tunduda v\u00e4ike, kuid nende \u00fcliveniv materjal sobib peaaegu igas suuruses kasutajatele.","breadcrumb":{"@id":"https:\/\/lustandlove.eu\/et\/toode\/egg-wonder-mastrubaator\/#breadcrumb"},"inLanguage":"et","potentialAction":[{"@type":"ReadAction","target":["https:\/\/lustandlove.eu\/et\/toode\/egg-wonder-mastrubaator\/"]}]},{"@type":"ImageObject","inLanguage":"et","@id":"https:\/\/lustandlove.eu\/et\/toode\/egg-wonder-mastrubaator\/#primaryimage","url":"https:\/\/lustandlove.eu\/wp-content\/uploads\/EGG_VP004_03_71932a72-4dd3-4785-8c53-0f216524c53f_600x.jpg","contentUrl":"https:\/\/lustandlove.eu\/wp-content\/uploads\/EGG_VP004_03_71932a72-4dd3-4785-8c53-0f216524c53f_600x.jpg","width":600,"height":600,"caption":"Egg - Wonder"},{"@type":"BreadcrumbList","@id":"https:\/\/lustandlove.eu\/et\/toode\/egg-wonder-mastrubaator\/#breadcrumb","itemListElement":[{"@type":"ListItem","position":1,"name":"Lust and Love","item":"https:\/\/lustandlove.eu\/et\/"},{"@type":"ListItem","position":2,"name":"Pood","item":"https:\/\/lustandlove.eu\/et\/pood\/"},{"@type":"ListItem","position":3,"name":"Meestele","item":"https:\/\/lustandlove.eu\/et\/pood\/meestele\/"},{"@type":"ListItem","position":4,"name":"Egg Wonder Mastrubaator"}]},{"@type":"WebSite","@id":"https:\/\/lustandlove.eu\/et\/#website","url":"https:\/\/lustandlove.eu\/et\/","name":"Lust &amp; Love","description":"Online erootikapood tervise, ilu ja armastuse jaoks","publisher":{"@id":"https:\/\/lustandlove.eu\/et\/#organization"},"potentialAction":[{"@type":"SearchAction","target":{"@type":"EntryPoint","urlTemplate":"https:\/\/lustandlove.eu\/et\/?s={search_term_string}"},"query-input":{"@type":"PropertyValueSpecification","valueRequired":true,"valueName":"search_term_string"}}],"inLanguage":"et"},{"@type":"Organization","@id":"https:\/\/lustandlove.eu\/et\/#organization","name":"Bioconcept Baltics O\u00dc","url":"https:\/\/lustandlove.eu\/et\/","logo":{"@type":"ImageObject","inLanguage":"et","@id":"https:\/\/lustandlove.eu\/et\/#\/schema\/logo\/image\/","url":"","contentUrl":"","caption":"Bioconcept Baltics O\u00dc"},"image":{"@id":"https:\/\/lustandlove.eu\/et\/#\/schema\/logo\/image\/"},"sameAs":["https:\/\/www.facebook.com\/LustandLoveEU\/","https:\/\/www.instagram.com\/lustandloveeu\/"]}]}},"_links":{"self":[{"href":"https:\/\/lustandlove.eu\/et\/wp-json\/wp\/v2\/product\/51656","targetHints":{"allow":["GET"]}}],"collection":[{"href":"https:\/\/lustandlove.eu\/et\/wp-json\/wp\/v2\/product"}],"about":[{"href":"https:\/\/lustandlove.eu\/et\/wp-json\/wp\/v2\/types\/product"}],"wp:featuredmedia":[{"embeddable":true,"href":"https:\/\/lustandlove.eu\/et\/wp-json\/wp\/v2\/media\/51541"}],"wp:attachment":[{"href":"https:\/\/lustandlove.eu\/et\/wp-json\/wp\/v2\/media?parent=51656"}],"wp:term":[{"taxonomy":"product_brand","embeddable":true,"href":"https:\/\/lustandlove.eu\/et\/wp-json\/wp\/v2\/product_brand?post=51656"},{"taxonomy":"product_cat","embeddable":true,"href":"https:\/\/lustandlove.eu\/et\/wp-json\/wp\/v2\/product_cat?post=51656"},{"taxonomy":"product_tag","embeddable":true,"href":"https:\/\/lustandlove.eu\/et\/wp-json\/wp\/v2\/product_tag?post=51656"}],"curies":[{"name":"wp","href":"https:\/\/api.w.org\/{rel}","templated":true}]}}