{"id":51664,"date":"2022-03-08T08:26:04","date_gmt":"2022-03-10T07:57:24","guid":{"rendered":"https:\/\/www.lustandlove.eu\/?post_type=product&#038;p=51664"},"modified":"2026-04-13T10:34:21","modified_gmt":"2026-04-13T07:34:21","slug":"egg-new-standard-mastrubaator","status":"publish","type":"product","link":"https:\/\/lustandlove.eu\/et\/toode\/egg-new-standard-mastrubaator\/","title":{"rendered":"Egg New Standard Mastrubaator"},"content":{"rendered":"<p>Tenga Egg &#8211; New Standard Series v\u00f5ib tunduda v\u00e4ike, kuid nende \u00fcliveniv materjal sobib peaaegu igas suuruses kasutajatele. Iga Muna v\u00e4liskujundus peegeldab nende sisemisi detaile \u2013 erinevate munade hulgast leiate kindlasti sobiva.<\/p>\n<p>Tenga ainulaadne \u00fcliveniv materjal mahutada enamikke suurusi! Murra lahti kooretaoline \u00fcmbris ja vala lisatud libesti muna sisse ning oletegi valmis!<\/p>\n<p><strong>Tenga Munad on valikus erinevate stimulatsioonitasemetega!<\/strong><\/p>\n<p>V\u00e4limine disain vihjab sisemuse detailidele! Iga kujundus sisaldab erinevat sensatsiooni, aidates teil nautida k\u00f5iki Tenga munade sorte! Asetage Muna lihtsalt koore sisse tagasi ja visake see \u00e4ra!<\/p>\n<p>Igal munal on erinevad sisemised detailid. V\u00e4lispinna v\u00e4rvilised kujundused p\u00f5hinevad sisemistel tekstuuridel. Iga erineva Munaga saad nautida t\u00e4iesti erinevat kogemust!<\/p>\n<p><strong>Muud andmed<\/strong>: veniv materjal, \u00fchekordselt kasutatav, libesti n\u00e4idis kaasas<\/p>\n<p><strong>Materjalid:<\/strong><br \/>\nV\u00e4limine koor: PP<br \/>\nVarrukas: termoplastne elastomeer (TPE)<br \/>\nLibesti: EGG LOTION Koostis: vesi, gl\u00fctseriin, pol\u00fcakr\u00fclaatnaatrium, h\u00fcdroks\u00fcet\u00fc\u00fcltselluloos, met\u00fc\u00fclparabeen<\/p>\n","protected":false},"excerpt":{"rendered":"<p>Tenga Egg &#8211; New Standard Series v\u00f5ib tunduda v\u00e4ike, kuid nende \u00fcliveniv materjal sobib peaaegu igas suuruses kasutajatele. Iga Muna<\/p>\n","protected":false},"featured_media":51585,"template":"","meta":[],"product_brand":[4244],"product_cat":[4008,1480,1477],"product_tag":[3388],"class_list":{"0":"post-51664","1":"product","2":"type-product","3":"status-publish","4":"has-post-thumbnail","6":"product_brand-tenga-et","7":"product_cat-manuaalsed","8":"product_cat-masturbaatorid","9":"product_cat-meestele","10":"product_tag-pride-et","11":"pa_brand-tenga-et","13":"first","14":"instock","15":"taxable","16":"shipping-taxable","17":"purchasable","18":"product-type-variable"},"yoast_head":"<!-- This site is optimized with the Yoast SEO plugin v27.3 - https:\/\/yoast.com\/product\/yoast-seo-wordpress\/ -->\n<title>Egg New Standard Mastrubaator | Lust and Love<\/title>\n<meta name=\"description\" content=\"The TENGA EGG Series - New Standard may look small, but their super-stretchable material can fit users of almost any size.\" \/>\n<meta name=\"robots\" content=\"index,follow,max-snippet:-1,max-image-preview:large,max-video-preview:-1\" \/>\n<link rel=\"canonical\" href=\"https:\/\/lustandlove.eu\/et\/toode\/egg-new-standard-mastrubaator\/\" \/>\n<meta name=\"twitter:card\" content=\"summary_large_image\" \/>\n<meta name=\"twitter:title\" content=\"Egg New Standard Mastrubaator | Lust and Love\" \/>\n<meta name=\"twitter:description\" content=\"The TENGA EGG Series - New Standard may look small, but their super-stretchable material can fit users of almost any size.\" \/>\n<meta name=\"twitter:image\" content=\"https:\/\/lustandlove.eu\/wp-content\/uploads\/VP_3_9e34103a-fe04-4415-b10b-5610f3411212_1000x1000.jpg\" \/>\n<meta name=\"twitter:label1\" content=\"Est. reading time\" \/>\n\t<meta name=\"twitter:data1\" content=\"1 minut\" \/>\n<script type=\"application\/ld+json\" class=\"yoast-schema-graph\">{\"@context\":\"https:\\\/\\\/schema.org\",\"@graph\":[{\"@type\":[\"WebPage\",\"ItemPage\"],\"@id\":\"https:\\\/\\\/lustandlove.eu\\\/et\\\/toode\\\/egg-new-standard-mastrubaator\\\/\",\"url\":\"https:\\\/\\\/lustandlove.eu\\\/et\\\/toode\\\/egg-new-standard-mastrubaator\\\/\",\"name\":\"Egg New Standard Mastrubaator | Lust and Love\",\"isPartOf\":{\"@id\":\"https:\\\/\\\/lustandlove.eu\\\/et\\\/#website\"},\"primaryImageOfPage\":{\"@id\":\"https:\\\/\\\/lustandlove.eu\\\/et\\\/toode\\\/egg-new-standard-mastrubaator\\\/#primaryimage\"},\"image\":{\"@id\":\"https:\\\/\\\/lustandlove.eu\\\/et\\\/toode\\\/egg-new-standard-mastrubaator\\\/#primaryimage\"},\"thumbnailUrl\":\"https:\\\/\\\/lustandlove.eu\\\/wp-content\\\/uploads\\\/VP_3_9e34103a-fe04-4415-b10b-5610f3411212_1000x1000.jpg\",\"datePublished\":\"2022-03-10T07:57:24+00:00\",\"dateModified\":\"2026-04-13T07:34:21+00:00\",\"description\":\"The TENGA EGG Series - New Standard may look small, but their super-stretchable material can fit users of almost any size.\",\"breadcrumb\":{\"@id\":\"https:\\\/\\\/lustandlove.eu\\\/et\\\/toode\\\/egg-new-standard-mastrubaator\\\/#breadcrumb\"},\"inLanguage\":\"et\",\"potentialAction\":[{\"@type\":\"ReadAction\",\"target\":[\"https:\\\/\\\/lustandlove.eu\\\/et\\\/toode\\\/egg-new-standard-mastrubaator\\\/\"]}]},{\"@type\":\"ImageObject\",\"inLanguage\":\"et\",\"@id\":\"https:\\\/\\\/lustandlove.eu\\\/et\\\/toode\\\/egg-new-standard-mastrubaator\\\/#primaryimage\",\"url\":\"https:\\\/\\\/lustandlove.eu\\\/wp-content\\\/uploads\\\/VP_3_9e34103a-fe04-4415-b10b-5610f3411212_1000x1000.jpg\",\"contentUrl\":\"https:\\\/\\\/lustandlove.eu\\\/wp-content\\\/uploads\\\/VP_3_9e34103a-fe04-4415-b10b-5610f3411212_1000x1000.jpg\",\"width\":1000,\"height\":1000,\"caption\":\"Egg - New Standard\"},{\"@type\":\"BreadcrumbList\",\"@id\":\"https:\\\/\\\/lustandlove.eu\\\/et\\\/toode\\\/egg-new-standard-mastrubaator\\\/#breadcrumb\",\"itemListElement\":[{\"@type\":\"ListItem\",\"position\":1,\"name\":\"Lust and Love\",\"item\":\"https:\\\/\\\/lustandlove.eu\\\/et\\\/\"},{\"@type\":\"ListItem\",\"position\":2,\"name\":\"Pood\",\"item\":\"https:\\\/\\\/lustandlove.eu\\\/et\\\/pood\\\/\"},{\"@type\":\"ListItem\",\"position\":3,\"name\":\"Meestele\",\"item\":\"https:\\\/\\\/lustandlove.eu\\\/et\\\/pood\\\/meestele\\\/\"},{\"@type\":\"ListItem\",\"position\":4,\"name\":\"Egg New Standard Mastrubaator\"}]},{\"@type\":\"WebSite\",\"@id\":\"https:\\\/\\\/lustandlove.eu\\\/et\\\/#website\",\"url\":\"https:\\\/\\\/lustandlove.eu\\\/et\\\/\",\"name\":\"Lust &amp; Love\",\"description\":\"Online erootikapood tervise, ilu ja armastuse jaoks\",\"publisher\":{\"@id\":\"https:\\\/\\\/lustandlove.eu\\\/et\\\/#organization\"},\"potentialAction\":[{\"@type\":\"SearchAction\",\"target\":{\"@type\":\"EntryPoint\",\"urlTemplate\":\"https:\\\/\\\/lustandlove.eu\\\/et\\\/?s={search_term_string}\"},\"query-input\":{\"@type\":\"PropertyValueSpecification\",\"valueRequired\":true,\"valueName\":\"search_term_string\"}}],\"inLanguage\":\"et\"},{\"@type\":\"Organization\",\"@id\":\"https:\\\/\\\/lustandlove.eu\\\/et\\\/#organization\",\"name\":\"Bioconcept Baltics O\u00dc\",\"url\":\"https:\\\/\\\/lustandlove.eu\\\/et\\\/\",\"logo\":{\"@type\":\"ImageObject\",\"inLanguage\":\"et\",\"@id\":\"https:\\\/\\\/lustandlove.eu\\\/et\\\/#\\\/schema\\\/logo\\\/image\\\/\",\"url\":\"\",\"contentUrl\":\"\",\"caption\":\"Bioconcept Baltics O\u00dc\"},\"image\":{\"@id\":\"https:\\\/\\\/lustandlove.eu\\\/et\\\/#\\\/schema\\\/logo\\\/image\\\/\"},\"sameAs\":[\"https:\\\/\\\/www.facebook.com\\\/LustandLoveEU\\\/\",\"https:\\\/\\\/www.instagram.com\\\/lustandloveeu\\\/\"]}]}<\/script>\n<!-- \/ Yoast SEO plugin. -->","yoast_head_json":{"title":"Egg New Standard Mastrubaator | Lust and Love","description":"The TENGA EGG Series - New Standard may look small, but their super-stretchable material can fit users of almost any size.","robots":{"index,follow,max-snippet":"index,follow,max-snippet:-1,max-image-preview:large,max-video-preview:-1"},"canonical":"https:\/\/lustandlove.eu\/et\/toode\/egg-new-standard-mastrubaator\/","twitter_card":"summary_large_image","twitter_title":"Egg New Standard Mastrubaator | Lust and Love","twitter_description":"The TENGA EGG Series - New Standard may look small, but their super-stretchable material can fit users of almost any size.","twitter_image":"https:\/\/lustandlove.eu\/wp-content\/uploads\/VP_3_9e34103a-fe04-4415-b10b-5610f3411212_1000x1000.jpg","twitter_misc":{"Est. reading time":"1 minut"},"schema":{"@context":"https:\/\/schema.org","@graph":[{"@type":["WebPage","ItemPage"],"@id":"https:\/\/lustandlove.eu\/et\/toode\/egg-new-standard-mastrubaator\/","url":"https:\/\/lustandlove.eu\/et\/toode\/egg-new-standard-mastrubaator\/","name":"Egg New Standard Mastrubaator | Lust and Love","isPartOf":{"@id":"https:\/\/lustandlove.eu\/et\/#website"},"primaryImageOfPage":{"@id":"https:\/\/lustandlove.eu\/et\/toode\/egg-new-standard-mastrubaator\/#primaryimage"},"image":{"@id":"https:\/\/lustandlove.eu\/et\/toode\/egg-new-standard-mastrubaator\/#primaryimage"},"thumbnailUrl":"https:\/\/lustandlove.eu\/wp-content\/uploads\/VP_3_9e34103a-fe04-4415-b10b-5610f3411212_1000x1000.jpg","datePublished":"2022-03-10T07:57:24+00:00","dateModified":"2026-04-13T07:34:21+00:00","description":"The TENGA EGG Series - New Standard may look small, but their super-stretchable material can fit users of almost any size.","breadcrumb":{"@id":"https:\/\/lustandlove.eu\/et\/toode\/egg-new-standard-mastrubaator\/#breadcrumb"},"inLanguage":"et","potentialAction":[{"@type":"ReadAction","target":["https:\/\/lustandlove.eu\/et\/toode\/egg-new-standard-mastrubaator\/"]}]},{"@type":"ImageObject","inLanguage":"et","@id":"https:\/\/lustandlove.eu\/et\/toode\/egg-new-standard-mastrubaator\/#primaryimage","url":"https:\/\/lustandlove.eu\/wp-content\/uploads\/VP_3_9e34103a-fe04-4415-b10b-5610f3411212_1000x1000.jpg","contentUrl":"https:\/\/lustandlove.eu\/wp-content\/uploads\/VP_3_9e34103a-fe04-4415-b10b-5610f3411212_1000x1000.jpg","width":1000,"height":1000,"caption":"Egg - New Standard"},{"@type":"BreadcrumbList","@id":"https:\/\/lustandlove.eu\/et\/toode\/egg-new-standard-mastrubaator\/#breadcrumb","itemListElement":[{"@type":"ListItem","position":1,"name":"Lust and Love","item":"https:\/\/lustandlove.eu\/et\/"},{"@type":"ListItem","position":2,"name":"Pood","item":"https:\/\/lustandlove.eu\/et\/pood\/"},{"@type":"ListItem","position":3,"name":"Meestele","item":"https:\/\/lustandlove.eu\/et\/pood\/meestele\/"},{"@type":"ListItem","position":4,"name":"Egg New Standard Mastrubaator"}]},{"@type":"WebSite","@id":"https:\/\/lustandlove.eu\/et\/#website","url":"https:\/\/lustandlove.eu\/et\/","name":"Lust &amp; Love","description":"Online erootikapood tervise, ilu ja armastuse jaoks","publisher":{"@id":"https:\/\/lustandlove.eu\/et\/#organization"},"potentialAction":[{"@type":"SearchAction","target":{"@type":"EntryPoint","urlTemplate":"https:\/\/lustandlove.eu\/et\/?s={search_term_string}"},"query-input":{"@type":"PropertyValueSpecification","valueRequired":true,"valueName":"search_term_string"}}],"inLanguage":"et"},{"@type":"Organization","@id":"https:\/\/lustandlove.eu\/et\/#organization","name":"Bioconcept Baltics O\u00dc","url":"https:\/\/lustandlove.eu\/et\/","logo":{"@type":"ImageObject","inLanguage":"et","@id":"https:\/\/lustandlove.eu\/et\/#\/schema\/logo\/image\/","url":"","contentUrl":"","caption":"Bioconcept Baltics O\u00dc"},"image":{"@id":"https:\/\/lustandlove.eu\/et\/#\/schema\/logo\/image\/"},"sameAs":["https:\/\/www.facebook.com\/LustandLoveEU\/","https:\/\/www.instagram.com\/lustandloveeu\/"]}]}},"_links":{"self":[{"href":"https:\/\/lustandlove.eu\/et\/wp-json\/wp\/v2\/product\/51664","targetHints":{"allow":["GET"]}}],"collection":[{"href":"https:\/\/lustandlove.eu\/et\/wp-json\/wp\/v2\/product"}],"about":[{"href":"https:\/\/lustandlove.eu\/et\/wp-json\/wp\/v2\/types\/product"}],"wp:featuredmedia":[{"embeddable":true,"href":"https:\/\/lustandlove.eu\/et\/wp-json\/wp\/v2\/media\/51585"}],"wp:attachment":[{"href":"https:\/\/lustandlove.eu\/et\/wp-json\/wp\/v2\/media?parent=51664"}],"wp:term":[{"taxonomy":"product_brand","embeddable":true,"href":"https:\/\/lustandlove.eu\/et\/wp-json\/wp\/v2\/product_brand?post=51664"},{"taxonomy":"product_cat","embeddable":true,"href":"https:\/\/lustandlove.eu\/et\/wp-json\/wp\/v2\/product_cat?post=51664"},{"taxonomy":"product_tag","embeddable":true,"href":"https:\/\/lustandlove.eu\/et\/wp-json\/wp\/v2\/product_tag?post=51664"}],"curies":[{"name":"wp","href":"https:\/\/api.w.org\/{rel}","templated":true}]}}