{"id":51671,"date":"2022-03-08T08:25:59","date_gmt":"2022-03-10T07:57:25","guid":{"rendered":"https:\/\/www.lustandlove.eu\/?post_type=product&#038;p=51671"},"modified":"2026-04-13T10:34:22","modified_gmt":"2026-04-13T07:34:22","slug":"egg-segupakk-new-standard-mastrubaatorid","status":"publish","type":"product","link":"https:\/\/lustandlove.eu\/et\/toode\/egg-segupakk-new-standard-mastrubaatorid\/","title":{"rendered":"Egg Segupakk New Standard Mastrubaatorid"},"content":{"rendered":"<p>Tenga Egg New Standard Series v\u00f5ib tunduda v\u00e4ike, kuid nende \u00fcliveniv materjal sobib peaaegu igas suuruses kasutajatele. Iga Muna v\u00e4liskujundus peegeldab nende sisemisi detaile \u2013 erinevate munade hulgast leiate kindlasti sobiva.<\/p>\n<p>Tenga ainulaadne \u00fcliveniv materjal mahutada enamikke suurusi! Murra lahti kooretaoline \u00fcmbris ja vala lisatud libesti muna sisse ning oletegi valmis!<\/p>\n<p><strong>Tenga Munad on valikus erinevate stimulatsioonitasemetega!<\/strong><\/p>\n<p>V\u00e4limine disain vihjab sisemuse detailidele! Iga kujundus sisaldab erinevat sensatsiooni, aidates teil nautida k\u00f5iki Tenga munade sorte! Asetage Muna lihtsalt koore sisse tagasi ja visake see \u00e4ra!<\/p>\n<p>Igal munal on erinevad sisemised detailid. V\u00e4lispinna v\u00e4rvilised kujundused p\u00f5hinevad sisemistel tekstuuridel. Iga erineva Munaga saad nautida t\u00e4iesti erinevat kogemust!<\/p>\n<h3><strong>Komplektis kaasas:<\/strong><\/h3>\n<p>Wavy II, Boxy, Brush, Tornado, Sphere, Silky II<\/p>\n<p><strong>Muud andmed<\/strong>: veniv materjal, \u00fchekordselt kasutatav, libesti n\u00e4idis kaasas<\/p>\n<p><strong>Materjalid:<\/strong><br \/>\nV\u00e4limine koor: PP<br \/>\nVarrukas: termoplastne elastomeer (TPE)<br \/>\nLibesti: EGG LOTION Koostis: vesi, gl\u00fctseriin, pol\u00fcakr\u00fclaatnaatrium, h\u00fcdroks\u00fcet\u00fc\u00fcltselluloos, met\u00fc\u00fclparabeen<\/p>\n","protected":false},"excerpt":{"rendered":"<p>Tenga Egg New Standard Series v\u00f5ib tunduda v\u00e4ike, kuid nende \u00fcliveniv materjal sobib peaaegu igas suuruses kasutajatele. Iga Muna v\u00e4liskujundus<\/p>\n","protected":false},"featured_media":51624,"template":"","meta":[],"product_brand":[4244],"product_cat":[4008,1480,1477],"product_tag":[],"class_list":{"0":"post-51671","1":"product","2":"type-product","3":"status-publish","4":"has-post-thumbnail","6":"product_brand-tenga-et","7":"product_cat-manuaalsed","8":"product_cat-masturbaatorid","9":"product_cat-meestele","10":"pa_brand-tenga-et","12":"first","13":"instock","14":"taxable","15":"shipping-taxable","16":"purchasable","17":"product-type-simple"},"yoast_head":"<!-- This site is optimized with the Yoast SEO plugin v27.4 - https:\/\/yoast.com\/product\/yoast-seo-wordpress\/ -->\n<title>Egg Segupakk New Standard Mastrubaatorid | Lust and Love<\/title>\n<meta name=\"description\" content=\"The TENGA EGG Variety Pack - New Standard Series masturbators include eggs: Wavy II, Boxy, Brush, Tornado, Sphere, Silky II.\" \/>\n<meta name=\"robots\" content=\"index,follow,max-snippet:-1,max-image-preview:large,max-video-preview:-1\" \/>\n<link rel=\"canonical\" href=\"https:\/\/lustandlove.eu\/et\/toode\/egg-segupakk-new-standard-mastrubaatorid\/\" \/>\n<script type=\"application\/ld+json\" class=\"yoast-schema-graph\">{\"@context\":\"https:\\\/\\\/schema.org\",\"@graph\":[{\"@type\":[\"WebPage\",\"ItemPage\"],\"@id\":\"https:\\\/\\\/lustandlove.eu\\\/et\\\/toode\\\/egg-segupakk-new-standard-mastrubaatorid\\\/\",\"url\":\"https:\\\/\\\/lustandlove.eu\\\/et\\\/toode\\\/egg-segupakk-new-standard-mastrubaatorid\\\/\",\"name\":\"Egg Segupakk New Standard Mastrubaatorid | Lust and Love\",\"isPartOf\":{\"@id\":\"https:\\\/\\\/lustandlove.eu\\\/et\\\/#website\"},\"primaryImageOfPage\":{\"@id\":\"https:\\\/\\\/lustandlove.eu\\\/et\\\/toode\\\/egg-segupakk-new-standard-mastrubaatorid\\\/#primaryimage\"},\"image\":{\"@id\":\"https:\\\/\\\/lustandlove.eu\\\/et\\\/toode\\\/egg-segupakk-new-standard-mastrubaatorid\\\/#primaryimage\"},\"thumbnailUrl\":\"https:\\\/\\\/lustandlove.eu\\\/wp-content\\\/uploads\\\/New-STANDARD_VP_76e20bcf-fcc7-4d25-8464-b68f1d9dd614_1000x1000.jpg\",\"datePublished\":\"2022-03-10T07:57:25+00:00\",\"dateModified\":\"2026-04-13T07:34:22+00:00\",\"description\":\"The TENGA EGG Variety Pack - New Standard Series masturbators include eggs: Wavy II, Boxy, Brush, Tornado, Sphere, Silky II.\",\"breadcrumb\":{\"@id\":\"https:\\\/\\\/lustandlove.eu\\\/et\\\/toode\\\/egg-segupakk-new-standard-mastrubaatorid\\\/#breadcrumb\"},\"inLanguage\":\"et\",\"potentialAction\":[{\"@type\":\"ReadAction\",\"target\":[\"https:\\\/\\\/lustandlove.eu\\\/et\\\/toode\\\/egg-segupakk-new-standard-mastrubaatorid\\\/\"]}]},{\"@type\":\"ImageObject\",\"inLanguage\":\"et\",\"@id\":\"https:\\\/\\\/lustandlove.eu\\\/et\\\/toode\\\/egg-segupakk-new-standard-mastrubaatorid\\\/#primaryimage\",\"url\":\"https:\\\/\\\/lustandlove.eu\\\/wp-content\\\/uploads\\\/New-STANDARD_VP_76e20bcf-fcc7-4d25-8464-b68f1d9dd614_1000x1000.jpg\",\"contentUrl\":\"https:\\\/\\\/lustandlove.eu\\\/wp-content\\\/uploads\\\/New-STANDARD_VP_76e20bcf-fcc7-4d25-8464-b68f1d9dd614_1000x1000.jpg\",\"width\":1000,\"height\":1000,\"caption\":\"EGG Variety Pack - New Standard\"},{\"@type\":\"BreadcrumbList\",\"@id\":\"https:\\\/\\\/lustandlove.eu\\\/et\\\/toode\\\/egg-segupakk-new-standard-mastrubaatorid\\\/#breadcrumb\",\"itemListElement\":[{\"@type\":\"ListItem\",\"position\":1,\"name\":\"Lust and Love\",\"item\":\"https:\\\/\\\/lustandlove.eu\\\/et\\\/\"},{\"@type\":\"ListItem\",\"position\":2,\"name\":\"Pood\",\"item\":\"https:\\\/\\\/lustandlove.eu\\\/et\\\/pood\\\/\"},{\"@type\":\"ListItem\",\"position\":3,\"name\":\"Meestele\",\"item\":\"https:\\\/\\\/lustandlove.eu\\\/et\\\/pood\\\/meestele\\\/\"},{\"@type\":\"ListItem\",\"position\":4,\"name\":\"Egg Segupakk New Standard Mastrubaatorid\"}]},{\"@type\":\"WebSite\",\"@id\":\"https:\\\/\\\/lustandlove.eu\\\/et\\\/#website\",\"url\":\"https:\\\/\\\/lustandlove.eu\\\/et\\\/\",\"name\":\"Lust & Love\",\"description\":\"Online erootikapood tervise, ilu ja armastuse jaoks\",\"publisher\":{\"@id\":\"https:\\\/\\\/lustandlove.eu\\\/et\\\/#organization\"},\"potentialAction\":[{\"@type\":\"SearchAction\",\"target\":{\"@type\":\"EntryPoint\",\"urlTemplate\":\"https:\\\/\\\/lustandlove.eu\\\/et\\\/?s={search_term_string}\"},\"query-input\":{\"@type\":\"PropertyValueSpecification\",\"valueRequired\":true,\"valueName\":\"search_term_string\"}}],\"inLanguage\":\"et\"},{\"@type\":\"Organization\",\"@id\":\"https:\\\/\\\/lustandlove.eu\\\/et\\\/#organization\",\"name\":\"Bioconcept Baltics O\u00dc\",\"url\":\"https:\\\/\\\/lustandlove.eu\\\/et\\\/\",\"logo\":{\"@type\":\"ImageObject\",\"inLanguage\":\"et\",\"@id\":\"https:\\\/\\\/lustandlove.eu\\\/et\\\/#\\\/schema\\\/logo\\\/image\\\/\",\"url\":\"https:\\\/\\\/lustandlove.eu\\\/wp-content\\\/uploads\\\/logo-full-2.png\",\"contentUrl\":\"https:\\\/\\\/lustandlove.eu\\\/wp-content\\\/uploads\\\/logo-full-2.png\",\"width\":837,\"height\":200,\"caption\":\"Bioconcept Baltics O\u00dc\"},\"image\":{\"@id\":\"https:\\\/\\\/lustandlove.eu\\\/et\\\/#\\\/schema\\\/logo\\\/image\\\/\"},\"sameAs\":[\"https:\\\/\\\/www.facebook.com\\\/LustandLoveEU\\\/\",\"https:\\\/\\\/www.instagram.com\\\/lustandloveeu\\\/\"]}]}<\/script>\n<!-- \/ Yoast SEO plugin. -->","yoast_head_json":{"title":"Egg Segupakk New Standard Mastrubaatorid | Lust and Love","description":"The TENGA EGG Variety Pack - New Standard Series masturbators include eggs: Wavy II, Boxy, Brush, Tornado, Sphere, Silky II.","robots":{"index,follow,max-snippet":"index,follow,max-snippet:-1,max-image-preview:large,max-video-preview:-1"},"canonical":"https:\/\/lustandlove.eu\/et\/toode\/egg-segupakk-new-standard-mastrubaatorid\/","schema":{"@context":"https:\/\/schema.org","@graph":[{"@type":["WebPage","ItemPage"],"@id":"https:\/\/lustandlove.eu\/et\/toode\/egg-segupakk-new-standard-mastrubaatorid\/","url":"https:\/\/lustandlove.eu\/et\/toode\/egg-segupakk-new-standard-mastrubaatorid\/","name":"Egg Segupakk New Standard Mastrubaatorid | Lust and Love","isPartOf":{"@id":"https:\/\/lustandlove.eu\/et\/#website"},"primaryImageOfPage":{"@id":"https:\/\/lustandlove.eu\/et\/toode\/egg-segupakk-new-standard-mastrubaatorid\/#primaryimage"},"image":{"@id":"https:\/\/lustandlove.eu\/et\/toode\/egg-segupakk-new-standard-mastrubaatorid\/#primaryimage"},"thumbnailUrl":"https:\/\/lustandlove.eu\/wp-content\/uploads\/New-STANDARD_VP_76e20bcf-fcc7-4d25-8464-b68f1d9dd614_1000x1000.jpg","datePublished":"2022-03-10T07:57:25+00:00","dateModified":"2026-04-13T07:34:22+00:00","description":"The TENGA EGG Variety Pack - New Standard Series masturbators include eggs: Wavy II, Boxy, Brush, Tornado, Sphere, Silky II.","breadcrumb":{"@id":"https:\/\/lustandlove.eu\/et\/toode\/egg-segupakk-new-standard-mastrubaatorid\/#breadcrumb"},"inLanguage":"et","potentialAction":[{"@type":"ReadAction","target":["https:\/\/lustandlove.eu\/et\/toode\/egg-segupakk-new-standard-mastrubaatorid\/"]}]},{"@type":"ImageObject","inLanguage":"et","@id":"https:\/\/lustandlove.eu\/et\/toode\/egg-segupakk-new-standard-mastrubaatorid\/#primaryimage","url":"https:\/\/lustandlove.eu\/wp-content\/uploads\/New-STANDARD_VP_76e20bcf-fcc7-4d25-8464-b68f1d9dd614_1000x1000.jpg","contentUrl":"https:\/\/lustandlove.eu\/wp-content\/uploads\/New-STANDARD_VP_76e20bcf-fcc7-4d25-8464-b68f1d9dd614_1000x1000.jpg","width":1000,"height":1000,"caption":"EGG Variety Pack - New Standard"},{"@type":"BreadcrumbList","@id":"https:\/\/lustandlove.eu\/et\/toode\/egg-segupakk-new-standard-mastrubaatorid\/#breadcrumb","itemListElement":[{"@type":"ListItem","position":1,"name":"Lust and Love","item":"https:\/\/lustandlove.eu\/et\/"},{"@type":"ListItem","position":2,"name":"Pood","item":"https:\/\/lustandlove.eu\/et\/pood\/"},{"@type":"ListItem","position":3,"name":"Meestele","item":"https:\/\/lustandlove.eu\/et\/pood\/meestele\/"},{"@type":"ListItem","position":4,"name":"Egg Segupakk New Standard Mastrubaatorid"}]},{"@type":"WebSite","@id":"https:\/\/lustandlove.eu\/et\/#website","url":"https:\/\/lustandlove.eu\/et\/","name":"Lust & Love","description":"Online erootikapood tervise, ilu ja armastuse jaoks","publisher":{"@id":"https:\/\/lustandlove.eu\/et\/#organization"},"potentialAction":[{"@type":"SearchAction","target":{"@type":"EntryPoint","urlTemplate":"https:\/\/lustandlove.eu\/et\/?s={search_term_string}"},"query-input":{"@type":"PropertyValueSpecification","valueRequired":true,"valueName":"search_term_string"}}],"inLanguage":"et"},{"@type":"Organization","@id":"https:\/\/lustandlove.eu\/et\/#organization","name":"Bioconcept Baltics O\u00dc","url":"https:\/\/lustandlove.eu\/et\/","logo":{"@type":"ImageObject","inLanguage":"et","@id":"https:\/\/lustandlove.eu\/et\/#\/schema\/logo\/image\/","url":"https:\/\/lustandlove.eu\/wp-content\/uploads\/logo-full-2.png","contentUrl":"https:\/\/lustandlove.eu\/wp-content\/uploads\/logo-full-2.png","width":837,"height":200,"caption":"Bioconcept Baltics O\u00dc"},"image":{"@id":"https:\/\/lustandlove.eu\/et\/#\/schema\/logo\/image\/"},"sameAs":["https:\/\/www.facebook.com\/LustandLoveEU\/","https:\/\/www.instagram.com\/lustandloveeu\/"]}]}},"_links":{"self":[{"href":"https:\/\/lustandlove.eu\/et\/wp-json\/wp\/v2\/product\/51671","targetHints":{"allow":["GET"]}}],"collection":[{"href":"https:\/\/lustandlove.eu\/et\/wp-json\/wp\/v2\/product"}],"about":[{"href":"https:\/\/lustandlove.eu\/et\/wp-json\/wp\/v2\/types\/product"}],"wp:featuredmedia":[{"embeddable":true,"href":"https:\/\/lustandlove.eu\/et\/wp-json\/wp\/v2\/media\/51624"}],"wp:attachment":[{"href":"https:\/\/lustandlove.eu\/et\/wp-json\/wp\/v2\/media?parent=51671"}],"wp:term":[{"taxonomy":"product_brand","embeddable":true,"href":"https:\/\/lustandlove.eu\/et\/wp-json\/wp\/v2\/product_brand?post=51671"},{"taxonomy":"product_cat","embeddable":true,"href":"https:\/\/lustandlove.eu\/et\/wp-json\/wp\/v2\/product_cat?post=51671"},{"taxonomy":"product_tag","embeddable":true,"href":"https:\/\/lustandlove.eu\/et\/wp-json\/wp\/v2\/product_tag?post=51671"}],"curies":[{"name":"wp","href":"https:\/\/api.w.org\/{rel}","templated":true}]}}