{"id":52117,"date":"2022-04-08T11:51:18","date_gmt":"2022-04-08T08:51:18","guid":{"rendered":"https:\/\/www.lustandlove.eu\/product\/pola\/"},"modified":"2026-04-13T10:34:20","modified_gmt":"2026-04-13T07:34:20","slug":"pola","status":"publish","type":"product","link":"https:\/\/lustandlove.eu\/et\/toode\/pola\/","title":{"rendered":"Pola"},"content":{"rendered":"<p>Pola on elegantne ja seksikas komplekt, mis on loodud spetsiaalselt provokatiivseks m\u00e4nguajaks.<\/p>\n<p>Rinnahoidja paljastab v\u00f5rgutavalt rindade kuju, kaunilt raamitud musta pitsiga. Pilkup\u00fc\u00fcdev V-kujuline detail on paigutatud dekoltee\u00a0 keskele. Rinnahoidja on meeldivast materjalist ja seda on lihtne selga panna. See efekt on saavutatud t\u00e4nu pitsi elastsus-omadustele ja mustale v\u00f5rgule, reguleeritavatele rihmadele ja 2-realisele kinnisele seljaosas.<\/p>\n<p>Stringid on disainitud nii, et need sobiksid ideaalselt rinnahoidjaga. Esiosa on valmistatud ahvatlevast mustast pitsist, tagaosas asuv must v\u00f5rk t\u00f5mbab v\u00f5rgutavalt t\u00e4helepanu tuharatele.<\/p>\n<p>Komplekt julgustab v\u00fcrtsikaid m\u00e4nge, eriti t\u00e4nu \u201cavatud ruumiga\u201d stringile.<\/p>\n<p><strong>Pola komplekt sisaldab:<\/strong><\/p>\n<p>Rinnahoidja<br \/>\nStringid &#8220;avatud ruumiga&#8221;<\/p>\n<p><strong>Omadused<\/strong>:<\/p>\n<p>V\u00e4rvus: must<br \/>\nSaadaval suurused: S, M, L, XL<br \/>\nAluspesu koostis: 80% pol\u00fcamiid, 20% elastaan<\/p>\n","protected":false},"excerpt":{"rendered":"<p>Pola on elegantne ja seksikas komplekt, mis on loodud spetsiaalselt provokatiivseks m\u00e4nguajaks. Rinnahoidja paljastab v\u00f5rgutavalt rindade kuju, kaunilt raamitud musta<\/p>\n","protected":false},"featured_media":52098,"template":"","meta":[],"product_brand":[4202],"product_cat":[4016,1489],"product_tag":[3403,3312],"class_list":{"0":"post-52117","1":"product","2":"type-product","3":"status-publish","4":"has-post-thumbnail","6":"product_brand-demoniq-et","7":"product_cat-komplektid","8":"product_cat-pesu","9":"product_tag-naistepaev","10":"product_tag-valentines-et","11":"pa_brand-demoniq-et","13":"first","14":"outofstock","15":"taxable","16":"shipping-taxable","17":"purchasable","18":"product-type-variable"},"yoast_head":"<!-- This site is optimized with the Yoast SEO plugin v27.4 - https:\/\/yoast.com\/product\/yoast-seo-wordpress\/ -->\n<title>Pola | Lust and Love<\/title>\n<meta name=\"description\" content=\"Pola is an elegant and sexy set, tailored especially for provocative playtime. Pola Set includes: Bra and Thong &quot;open space&quot;\" \/>\n<meta name=\"robots\" content=\"index,follow,max-snippet:-1,max-image-preview:large,max-video-preview:-1\" \/>\n<link rel=\"canonical\" href=\"https:\/\/lustandlove.eu\/et\/toode\/pola\/\" \/>\n<script type=\"application\/ld+json\" class=\"yoast-schema-graph\">{\"@context\":\"https:\\\/\\\/schema.org\",\"@graph\":[{\"@type\":[\"WebPage\",\"ItemPage\"],\"@id\":\"https:\\\/\\\/lustandlove.eu\\\/et\\\/toode\\\/pola\\\/\",\"url\":\"https:\\\/\\\/lustandlove.eu\\\/et\\\/toode\\\/pola\\\/\",\"name\":\"Pola | Lust and Love\",\"isPartOf\":{\"@id\":\"https:\\\/\\\/lustandlove.eu\\\/et\\\/#website\"},\"primaryImageOfPage\":{\"@id\":\"https:\\\/\\\/lustandlove.eu\\\/et\\\/toode\\\/pola\\\/#primaryimage\"},\"image\":{\"@id\":\"https:\\\/\\\/lustandlove.eu\\\/et\\\/toode\\\/pola\\\/#primaryimage\"},\"thumbnailUrl\":\"https:\\\/\\\/lustandlove.eu\\\/wp-content\\\/uploads\\\/1527179209.6126-1.jpg\",\"datePublished\":\"2022-04-08T08:51:18+00:00\",\"dateModified\":\"2026-04-13T07:34:20+00:00\",\"description\":\"Pola is an elegant and sexy set, tailored especially for provocative playtime. Pola Set includes: Bra and Thong \\\"open space\\\"\",\"breadcrumb\":{\"@id\":\"https:\\\/\\\/lustandlove.eu\\\/et\\\/toode\\\/pola\\\/#breadcrumb\"},\"inLanguage\":\"et\",\"potentialAction\":[{\"@type\":\"ReadAction\",\"target\":[\"https:\\\/\\\/lustandlove.eu\\\/et\\\/toode\\\/pola\\\/\"]}]},{\"@type\":\"ImageObject\",\"inLanguage\":\"et\",\"@id\":\"https:\\\/\\\/lustandlove.eu\\\/et\\\/toode\\\/pola\\\/#primaryimage\",\"url\":\"https:\\\/\\\/lustandlove.eu\\\/wp-content\\\/uploads\\\/1527179209.6126-1.jpg\",\"contentUrl\":\"https:\\\/\\\/lustandlove.eu\\\/wp-content\\\/uploads\\\/1527179209.6126-1.jpg\",\"width\":800,\"height\":1200,\"caption\":\"Pola\"},{\"@type\":\"BreadcrumbList\",\"@id\":\"https:\\\/\\\/lustandlove.eu\\\/et\\\/toode\\\/pola\\\/#breadcrumb\",\"itemListElement\":[{\"@type\":\"ListItem\",\"position\":1,\"name\":\"Lust and Love\",\"item\":\"https:\\\/\\\/lustandlove.eu\\\/et\\\/\"},{\"@type\":\"ListItem\",\"position\":2,\"name\":\"Pood\",\"item\":\"https:\\\/\\\/lustandlove.eu\\\/et\\\/pood\\\/\"},{\"@type\":\"ListItem\",\"position\":3,\"name\":\"Sekslelud\",\"item\":\"https:\\\/\\\/lustandlove.eu\\\/et\\\/pood\\\/sekslelud\\\/\"},{\"@type\":\"ListItem\",\"position\":4,\"name\":\"Pola\"}]},{\"@type\":\"WebSite\",\"@id\":\"https:\\\/\\\/lustandlove.eu\\\/et\\\/#website\",\"url\":\"https:\\\/\\\/lustandlove.eu\\\/et\\\/\",\"name\":\"Lust & Love\",\"description\":\"Online erootikapood tervise, ilu ja armastuse jaoks\",\"publisher\":{\"@id\":\"https:\\\/\\\/lustandlove.eu\\\/et\\\/#organization\"},\"potentialAction\":[{\"@type\":\"SearchAction\",\"target\":{\"@type\":\"EntryPoint\",\"urlTemplate\":\"https:\\\/\\\/lustandlove.eu\\\/et\\\/?s={search_term_string}\"},\"query-input\":{\"@type\":\"PropertyValueSpecification\",\"valueRequired\":true,\"valueName\":\"search_term_string\"}}],\"inLanguage\":\"et\"},{\"@type\":\"Organization\",\"@id\":\"https:\\\/\\\/lustandlove.eu\\\/et\\\/#organization\",\"name\":\"Bioconcept Baltics O\u00dc\",\"url\":\"https:\\\/\\\/lustandlove.eu\\\/et\\\/\",\"logo\":{\"@type\":\"ImageObject\",\"inLanguage\":\"et\",\"@id\":\"https:\\\/\\\/lustandlove.eu\\\/et\\\/#\\\/schema\\\/logo\\\/image\\\/\",\"url\":\"https:\\\/\\\/lustandlove.eu\\\/wp-content\\\/uploads\\\/logo-full-2.png\",\"contentUrl\":\"https:\\\/\\\/lustandlove.eu\\\/wp-content\\\/uploads\\\/logo-full-2.png\",\"width\":837,\"height\":200,\"caption\":\"Bioconcept Baltics O\u00dc\"},\"image\":{\"@id\":\"https:\\\/\\\/lustandlove.eu\\\/et\\\/#\\\/schema\\\/logo\\\/image\\\/\"},\"sameAs\":[\"https:\\\/\\\/www.facebook.com\\\/LustandLoveEU\\\/\",\"https:\\\/\\\/www.instagram.com\\\/lustandloveeu\\\/\"]}]}<\/script>\n<!-- \/ Yoast SEO plugin. -->","yoast_head_json":{"title":"Pola | Lust and Love","description":"Pola is an elegant and sexy set, tailored especially for provocative playtime. Pola Set includes: Bra and Thong \"open space\"","robots":{"index,follow,max-snippet":"index,follow,max-snippet:-1,max-image-preview:large,max-video-preview:-1"},"canonical":"https:\/\/lustandlove.eu\/et\/toode\/pola\/","schema":{"@context":"https:\/\/schema.org","@graph":[{"@type":["WebPage","ItemPage"],"@id":"https:\/\/lustandlove.eu\/et\/toode\/pola\/","url":"https:\/\/lustandlove.eu\/et\/toode\/pola\/","name":"Pola | Lust and Love","isPartOf":{"@id":"https:\/\/lustandlove.eu\/et\/#website"},"primaryImageOfPage":{"@id":"https:\/\/lustandlove.eu\/et\/toode\/pola\/#primaryimage"},"image":{"@id":"https:\/\/lustandlove.eu\/et\/toode\/pola\/#primaryimage"},"thumbnailUrl":"https:\/\/lustandlove.eu\/wp-content\/uploads\/1527179209.6126-1.jpg","datePublished":"2022-04-08T08:51:18+00:00","dateModified":"2026-04-13T07:34:20+00:00","description":"Pola is an elegant and sexy set, tailored especially for provocative playtime. Pola Set includes: Bra and Thong \"open space\"","breadcrumb":{"@id":"https:\/\/lustandlove.eu\/et\/toode\/pola\/#breadcrumb"},"inLanguage":"et","potentialAction":[{"@type":"ReadAction","target":["https:\/\/lustandlove.eu\/et\/toode\/pola\/"]}]},{"@type":"ImageObject","inLanguage":"et","@id":"https:\/\/lustandlove.eu\/et\/toode\/pola\/#primaryimage","url":"https:\/\/lustandlove.eu\/wp-content\/uploads\/1527179209.6126-1.jpg","contentUrl":"https:\/\/lustandlove.eu\/wp-content\/uploads\/1527179209.6126-1.jpg","width":800,"height":1200,"caption":"Pola"},{"@type":"BreadcrumbList","@id":"https:\/\/lustandlove.eu\/et\/toode\/pola\/#breadcrumb","itemListElement":[{"@type":"ListItem","position":1,"name":"Lust and Love","item":"https:\/\/lustandlove.eu\/et\/"},{"@type":"ListItem","position":2,"name":"Pood","item":"https:\/\/lustandlove.eu\/et\/pood\/"},{"@type":"ListItem","position":3,"name":"Sekslelud","item":"https:\/\/lustandlove.eu\/et\/pood\/sekslelud\/"},{"@type":"ListItem","position":4,"name":"Pola"}]},{"@type":"WebSite","@id":"https:\/\/lustandlove.eu\/et\/#website","url":"https:\/\/lustandlove.eu\/et\/","name":"Lust & Love","description":"Online erootikapood tervise, ilu ja armastuse jaoks","publisher":{"@id":"https:\/\/lustandlove.eu\/et\/#organization"},"potentialAction":[{"@type":"SearchAction","target":{"@type":"EntryPoint","urlTemplate":"https:\/\/lustandlove.eu\/et\/?s={search_term_string}"},"query-input":{"@type":"PropertyValueSpecification","valueRequired":true,"valueName":"search_term_string"}}],"inLanguage":"et"},{"@type":"Organization","@id":"https:\/\/lustandlove.eu\/et\/#organization","name":"Bioconcept Baltics O\u00dc","url":"https:\/\/lustandlove.eu\/et\/","logo":{"@type":"ImageObject","inLanguage":"et","@id":"https:\/\/lustandlove.eu\/et\/#\/schema\/logo\/image\/","url":"https:\/\/lustandlove.eu\/wp-content\/uploads\/logo-full-2.png","contentUrl":"https:\/\/lustandlove.eu\/wp-content\/uploads\/logo-full-2.png","width":837,"height":200,"caption":"Bioconcept Baltics O\u00dc"},"image":{"@id":"https:\/\/lustandlove.eu\/et\/#\/schema\/logo\/image\/"},"sameAs":["https:\/\/www.facebook.com\/LustandLoveEU\/","https:\/\/www.instagram.com\/lustandloveeu\/"]}]}},"_links":{"self":[{"href":"https:\/\/lustandlove.eu\/et\/wp-json\/wp\/v2\/product\/52117","targetHints":{"allow":["GET"]}}],"collection":[{"href":"https:\/\/lustandlove.eu\/et\/wp-json\/wp\/v2\/product"}],"about":[{"href":"https:\/\/lustandlove.eu\/et\/wp-json\/wp\/v2\/types\/product"}],"wp:featuredmedia":[{"embeddable":true,"href":"https:\/\/lustandlove.eu\/et\/wp-json\/wp\/v2\/media\/52098"}],"wp:attachment":[{"href":"https:\/\/lustandlove.eu\/et\/wp-json\/wp\/v2\/media?parent=52117"}],"wp:term":[{"taxonomy":"product_brand","embeddable":true,"href":"https:\/\/lustandlove.eu\/et\/wp-json\/wp\/v2\/product_brand?post=52117"},{"taxonomy":"product_cat","embeddable":true,"href":"https:\/\/lustandlove.eu\/et\/wp-json\/wp\/v2\/product_cat?post=52117"},{"taxonomy":"product_tag","embeddable":true,"href":"https:\/\/lustandlove.eu\/et\/wp-json\/wp\/v2\/product_tag?post=52117"}],"curies":[{"name":"wp","href":"https:\/\/api.w.org\/{rel}","templated":true}]}}