{"id":52217,"date":"2022-05-06T10:44:11","date_gmt":"2022-05-16T06:25:40","guid":{"rendered":"https:\/\/www.lustandlove.eu\/?post_type=product&#038;p=52217"},"modified":"2026-04-13T10:34:20","modified_gmt":"2026-04-13T07:34:20","slug":"stainless-steel-claw-scratcher","status":"publish","type":"product","link":"https:\/\/lustandlove.eu\/et\/toode\/stainless-steel-claw-scratcher\/","title":{"rendered":"Stainless Steel Claw Scratcher"},"content":{"rendered":"<p>See imeline vastupidav roostevabast terasest kraabits on suurep\u00e4rane, et p\u00e4\u00e4seb enda v\u00f5i oma partneri nurkadesse, kuhu te tavaliselt ei ulatu. Kraabitsat saab kasutada \u00fcle kogu keha. T\u00e4nu \u00fcmarale k\u00e4epidemele sobib see ideaalselt teie k\u00e4tte.<\/p>\n<p>See kraabits sobib suurep\u00e4raselt k\u00f5igile BDSM-i f\u00e4nnidele, t\u00e4nu oma kassi- v\u00f5i tiigrik\u00fc\u00fcne tunnetusele tundub see teie nahal h\u00e4mmastavalt!<\/p>\n<p>Valmistatud kvaliteetsest l\u00e4ikivast poleeritud roostevabast terasest.<\/p>\n","protected":false},"excerpt":{"rendered":"<p>See imeline vastupidav roostevabast terasest kraabits on suurep\u00e4rane, et p\u00e4\u00e4seb enda v\u00f5i oma partneri nurkadesse, kuhu te tavaliselt ei ulatu.<\/p>\n","protected":false},"featured_media":52157,"template":"","meta":[],"product_brand":[4228],"product_cat":[1470,4001],"product_tag":[3773],"class_list":{"0":"post-52217","1":"product","2":"type-product","3":"status-publish","4":"has-post-thumbnail","6":"product_brand-o-products-et","7":"product_cat-bdsm-et","8":"product_cat-lobutooted","9":"product_tag-meditsiin","10":"pa_brand-o-products-et","12":"first","13":"instock","14":"taxable","15":"shipping-taxable","16":"purchasable","17":"product-type-simple"},"yoast_head":"<!-- This site is optimized with the Yoast SEO plugin v27.3 - https:\/\/yoast.com\/product\/yoast-seo-wordpress\/ -->\n<title>Stainless Steel Claw Scratcher | Lust and Love<\/title>\n<meta name=\"description\" content=\"This amazing heavy-duty stainless steel claw scratcher is amazing to get to angles you can normally not reach for you and your partner.\" \/>\n<meta name=\"robots\" content=\"index,follow,max-snippet:-1,max-image-preview:large,max-video-preview:-1\" \/>\n<link rel=\"canonical\" href=\"https:\/\/lustandlove.eu\/et\/toode\/stainless-steel-claw-scratcher\/\" \/>\n<meta name=\"twitter:card\" content=\"summary_large_image\" \/>\n<meta name=\"twitter:title\" content=\"Stainless Steel Claw Scratcher | Lust and Love\" \/>\n<meta name=\"twitter:description\" content=\"This amazing heavy-duty stainless steel claw scratcher is amazing to get to angles you can normally not reach for you and your partner.\" \/>\n<meta name=\"twitter:image\" content=\"https:\/\/lustandlove.eu\/wp-content\/uploads\/opr-277111-04.jpg\" \/>\n<script type=\"application\/ld+json\" class=\"yoast-schema-graph\">{\"@context\":\"https:\\\/\\\/schema.org\",\"@graph\":[{\"@type\":[\"WebPage\",\"ItemPage\"],\"@id\":\"https:\\\/\\\/lustandlove.eu\\\/et\\\/toode\\\/stainless-steel-claw-scratcher\\\/\",\"url\":\"https:\\\/\\\/lustandlove.eu\\\/et\\\/toode\\\/stainless-steel-claw-scratcher\\\/\",\"name\":\"Stainless Steel Claw Scratcher | Lust and Love\",\"isPartOf\":{\"@id\":\"https:\\\/\\\/lustandlove.eu\\\/et\\\/#website\"},\"primaryImageOfPage\":{\"@id\":\"https:\\\/\\\/lustandlove.eu\\\/et\\\/toode\\\/stainless-steel-claw-scratcher\\\/#primaryimage\"},\"image\":{\"@id\":\"https:\\\/\\\/lustandlove.eu\\\/et\\\/toode\\\/stainless-steel-claw-scratcher\\\/#primaryimage\"},\"thumbnailUrl\":\"https:\\\/\\\/lustandlove.eu\\\/wp-content\\\/uploads\\\/opr-277111-04.jpg\",\"datePublished\":\"2022-05-16T06:25:40+00:00\",\"dateModified\":\"2026-04-13T07:34:20+00:00\",\"description\":\"This amazing heavy-duty stainless steel claw scratcher is amazing to get to angles you can normally not reach for you and your partner.\",\"breadcrumb\":{\"@id\":\"https:\\\/\\\/lustandlove.eu\\\/et\\\/toode\\\/stainless-steel-claw-scratcher\\\/#breadcrumb\"},\"inLanguage\":\"et\",\"potentialAction\":[{\"@type\":\"ReadAction\",\"target\":[\"https:\\\/\\\/lustandlove.eu\\\/et\\\/toode\\\/stainless-steel-claw-scratcher\\\/\"]}]},{\"@type\":\"ImageObject\",\"inLanguage\":\"et\",\"@id\":\"https:\\\/\\\/lustandlove.eu\\\/et\\\/toode\\\/stainless-steel-claw-scratcher\\\/#primaryimage\",\"url\":\"https:\\\/\\\/lustandlove.eu\\\/wp-content\\\/uploads\\\/opr-277111-04.jpg\",\"contentUrl\":\"https:\\\/\\\/lustandlove.eu\\\/wp-content\\\/uploads\\\/opr-277111-04.jpg\",\"width\":1200,\"height\":1200,\"caption\":\"Stainless Steel Claw Scratcher\"},{\"@type\":\"BreadcrumbList\",\"@id\":\"https:\\\/\\\/lustandlove.eu\\\/et\\\/toode\\\/stainless-steel-claw-scratcher\\\/#breadcrumb\",\"itemListElement\":[{\"@type\":\"ListItem\",\"position\":1,\"name\":\"Lust and Love\",\"item\":\"https:\\\/\\\/lustandlove.eu\\\/et\\\/\"},{\"@type\":\"ListItem\",\"position\":2,\"name\":\"Pood\",\"item\":\"https:\\\/\\\/lustandlove.eu\\\/et\\\/pood\\\/\"},{\"@type\":\"ListItem\",\"position\":3,\"name\":\"BDSM\",\"item\":\"https:\\\/\\\/lustandlove.eu\\\/et\\\/pood\\\/bdsm-et\\\/\"},{\"@type\":\"ListItem\",\"position\":4,\"name\":\"Stainless Steel Claw Scratcher\"}]},{\"@type\":\"WebSite\",\"@id\":\"https:\\\/\\\/lustandlove.eu\\\/et\\\/#website\",\"url\":\"https:\\\/\\\/lustandlove.eu\\\/et\\\/\",\"name\":\"Lust &amp; Love\",\"description\":\"Online erootikapood tervise, ilu ja armastuse jaoks\",\"publisher\":{\"@id\":\"https:\\\/\\\/lustandlove.eu\\\/et\\\/#organization\"},\"potentialAction\":[{\"@type\":\"SearchAction\",\"target\":{\"@type\":\"EntryPoint\",\"urlTemplate\":\"https:\\\/\\\/lustandlove.eu\\\/et\\\/?s={search_term_string}\"},\"query-input\":{\"@type\":\"PropertyValueSpecification\",\"valueRequired\":true,\"valueName\":\"search_term_string\"}}],\"inLanguage\":\"et\"},{\"@type\":\"Organization\",\"@id\":\"https:\\\/\\\/lustandlove.eu\\\/et\\\/#organization\",\"name\":\"Bioconcept Baltics O\u00dc\",\"url\":\"https:\\\/\\\/lustandlove.eu\\\/et\\\/\",\"logo\":{\"@type\":\"ImageObject\",\"inLanguage\":\"et\",\"@id\":\"https:\\\/\\\/lustandlove.eu\\\/et\\\/#\\\/schema\\\/logo\\\/image\\\/\",\"url\":\"\",\"contentUrl\":\"\",\"caption\":\"Bioconcept Baltics O\u00dc\"},\"image\":{\"@id\":\"https:\\\/\\\/lustandlove.eu\\\/et\\\/#\\\/schema\\\/logo\\\/image\\\/\"},\"sameAs\":[\"https:\\\/\\\/www.facebook.com\\\/LustandLoveEU\\\/\",\"https:\\\/\\\/www.instagram.com\\\/lustandloveeu\\\/\"]}]}<\/script>\n<!-- \/ Yoast SEO plugin. -->","yoast_head_json":{"title":"Stainless Steel Claw Scratcher | Lust and Love","description":"This amazing heavy-duty stainless steel claw scratcher is amazing to get to angles you can normally not reach for you and your partner.","robots":{"index,follow,max-snippet":"index,follow,max-snippet:-1,max-image-preview:large,max-video-preview:-1"},"canonical":"https:\/\/lustandlove.eu\/et\/toode\/stainless-steel-claw-scratcher\/","twitter_card":"summary_large_image","twitter_title":"Stainless Steel Claw Scratcher | Lust and Love","twitter_description":"This amazing heavy-duty stainless steel claw scratcher is amazing to get to angles you can normally not reach for you and your partner.","twitter_image":"https:\/\/lustandlove.eu\/wp-content\/uploads\/opr-277111-04.jpg","schema":{"@context":"https:\/\/schema.org","@graph":[{"@type":["WebPage","ItemPage"],"@id":"https:\/\/lustandlove.eu\/et\/toode\/stainless-steel-claw-scratcher\/","url":"https:\/\/lustandlove.eu\/et\/toode\/stainless-steel-claw-scratcher\/","name":"Stainless Steel Claw Scratcher | Lust and Love","isPartOf":{"@id":"https:\/\/lustandlove.eu\/et\/#website"},"primaryImageOfPage":{"@id":"https:\/\/lustandlove.eu\/et\/toode\/stainless-steel-claw-scratcher\/#primaryimage"},"image":{"@id":"https:\/\/lustandlove.eu\/et\/toode\/stainless-steel-claw-scratcher\/#primaryimage"},"thumbnailUrl":"https:\/\/lustandlove.eu\/wp-content\/uploads\/opr-277111-04.jpg","datePublished":"2022-05-16T06:25:40+00:00","dateModified":"2026-04-13T07:34:20+00:00","description":"This amazing heavy-duty stainless steel claw scratcher is amazing to get to angles you can normally not reach for you and your partner.","breadcrumb":{"@id":"https:\/\/lustandlove.eu\/et\/toode\/stainless-steel-claw-scratcher\/#breadcrumb"},"inLanguage":"et","potentialAction":[{"@type":"ReadAction","target":["https:\/\/lustandlove.eu\/et\/toode\/stainless-steel-claw-scratcher\/"]}]},{"@type":"ImageObject","inLanguage":"et","@id":"https:\/\/lustandlove.eu\/et\/toode\/stainless-steel-claw-scratcher\/#primaryimage","url":"https:\/\/lustandlove.eu\/wp-content\/uploads\/opr-277111-04.jpg","contentUrl":"https:\/\/lustandlove.eu\/wp-content\/uploads\/opr-277111-04.jpg","width":1200,"height":1200,"caption":"Stainless Steel Claw Scratcher"},{"@type":"BreadcrumbList","@id":"https:\/\/lustandlove.eu\/et\/toode\/stainless-steel-claw-scratcher\/#breadcrumb","itemListElement":[{"@type":"ListItem","position":1,"name":"Lust and Love","item":"https:\/\/lustandlove.eu\/et\/"},{"@type":"ListItem","position":2,"name":"Pood","item":"https:\/\/lustandlove.eu\/et\/pood\/"},{"@type":"ListItem","position":3,"name":"BDSM","item":"https:\/\/lustandlove.eu\/et\/pood\/bdsm-et\/"},{"@type":"ListItem","position":4,"name":"Stainless Steel Claw Scratcher"}]},{"@type":"WebSite","@id":"https:\/\/lustandlove.eu\/et\/#website","url":"https:\/\/lustandlove.eu\/et\/","name":"Lust &amp; Love","description":"Online erootikapood tervise, ilu ja armastuse jaoks","publisher":{"@id":"https:\/\/lustandlove.eu\/et\/#organization"},"potentialAction":[{"@type":"SearchAction","target":{"@type":"EntryPoint","urlTemplate":"https:\/\/lustandlove.eu\/et\/?s={search_term_string}"},"query-input":{"@type":"PropertyValueSpecification","valueRequired":true,"valueName":"search_term_string"}}],"inLanguage":"et"},{"@type":"Organization","@id":"https:\/\/lustandlove.eu\/et\/#organization","name":"Bioconcept Baltics O\u00dc","url":"https:\/\/lustandlove.eu\/et\/","logo":{"@type":"ImageObject","inLanguage":"et","@id":"https:\/\/lustandlove.eu\/et\/#\/schema\/logo\/image\/","url":"","contentUrl":"","caption":"Bioconcept Baltics O\u00dc"},"image":{"@id":"https:\/\/lustandlove.eu\/et\/#\/schema\/logo\/image\/"},"sameAs":["https:\/\/www.facebook.com\/LustandLoveEU\/","https:\/\/www.instagram.com\/lustandloveeu\/"]}]}},"_links":{"self":[{"href":"https:\/\/lustandlove.eu\/et\/wp-json\/wp\/v2\/product\/52217","targetHints":{"allow":["GET"]}}],"collection":[{"href":"https:\/\/lustandlove.eu\/et\/wp-json\/wp\/v2\/product"}],"about":[{"href":"https:\/\/lustandlove.eu\/et\/wp-json\/wp\/v2\/types\/product"}],"wp:featuredmedia":[{"embeddable":true,"href":"https:\/\/lustandlove.eu\/et\/wp-json\/wp\/v2\/media\/52157"}],"wp:attachment":[{"href":"https:\/\/lustandlove.eu\/et\/wp-json\/wp\/v2\/media?parent=52217"}],"wp:term":[{"taxonomy":"product_brand","embeddable":true,"href":"https:\/\/lustandlove.eu\/et\/wp-json\/wp\/v2\/product_brand?post=52217"},{"taxonomy":"product_cat","embeddable":true,"href":"https:\/\/lustandlove.eu\/et\/wp-json\/wp\/v2\/product_cat?post=52217"},{"taxonomy":"product_tag","embeddable":true,"href":"https:\/\/lustandlove.eu\/et\/wp-json\/wp\/v2\/product_tag?post=52217"}],"curies":[{"name":"wp","href":"https:\/\/api.w.org\/{rel}","templated":true}]}}