{"id":52223,"date":"2022-05-06T10:44:26","date_gmt":"2022-05-16T06:26:43","guid":{"rendered":"https:\/\/www.lustandlove.eu\/?post_type=product&#038;p=52223"},"modified":"2026-04-13T10:34:19","modified_gmt":"2026-04-13T07:34:19","slug":"kanepinoor-20m","status":"publish","type":"product","link":"https:\/\/lustandlove.eu\/et\/toode\/kanepinoor-20m\/","title":{"rendered":"Kanepin\u00f6\u00f6r 20m"},"content":{"rendered":"<p>K\u00f6is on algne sidumis- ja ohjevahend ning \u00f5ige k\u00f6ie leidmine on ohutu ja meeldiva m\u00e4ngimise jaoks h\u00e4davajalik.<\/p>\n<p>Kanepin\u00f6\u00f6r on 20 meetri pikkune naturaalne kanepist valmistatud k\u00f6is, mis sobib ideaalselt erinevat t\u00fc\u00fcpi sidumiste jaoks.<\/p>\n<p>Painduvad kanepikiud painduvad koos kehaga ja libisevad sujuvalt \u00fcle naha, et tagada seotud partneri optimaalne mugavus ja ohutus, ning pakuvad m\u00f5\u00f5dukat h\u00f5\u00f5rdumist, et hoida teie s\u00f5lmed kindlana, kuid neid on lihtne lahti v\u00f5tta.<\/p>\n<p>Selle k\u00f6ie mitmek\u00fclgsus, tugevus ja siledad otsad muudavad selle ideaalseks t\u00e4ieliku vaoshoituse, shibari ja paljude teiste k\u00f6iem\u00e4ngustiilide jaoks.<\/p>\n","protected":false},"excerpt":{"rendered":"<p>K\u00f6is on algne sidumis- ja ohjevahend ning \u00f5ige k\u00f6ie leidmine on ohutu ja meeldiva m\u00e4ngimise jaoks h\u00e4davajalik. Kanepin\u00f6\u00f6r on 20<\/p>\n","protected":false},"featured_media":52185,"template":"","meta":[],"product_brand":[4228],"product_cat":[1470,1475],"product_tag":[],"class_list":{"0":"post-52223","1":"product","2":"type-product","3":"status-publish","4":"has-post-thumbnail","6":"product_brand-o-products-et","7":"product_cat-bdsm-et","8":"product_cat-koied","9":"pa_brand-o-products-et","11":"first","12":"instock","13":"taxable","14":"shipping-taxable","15":"purchasable","16":"product-type-simple"},"yoast_head":"<!-- This site is optimized with the Yoast SEO plugin v27.3 - https:\/\/yoast.com\/product\/yoast-seo-wordpress\/ -->\n<title>Kanepin\u00f6\u00f6r 20m | Lust and Love<\/title>\n<meta name=\"description\" content=\"The Hemp Rope 20m is the original bondage and restraint tool and finding the right rope for the job is essential for safe, pleasurable play.\" \/>\n<meta name=\"robots\" content=\"index,follow,max-snippet:-1,max-image-preview:large,max-video-preview:-1\" \/>\n<link rel=\"canonical\" href=\"https:\/\/lustandlove.eu\/et\/toode\/kanepinoor-20m\/\" \/>\n<meta name=\"twitter:card\" content=\"summary_large_image\" \/>\n<meta name=\"twitter:title\" content=\"Kanepin\u00f6\u00f6r 20m | Lust and Love\" \/>\n<meta name=\"twitter:description\" content=\"The Hemp Rope 20m is the original bondage and restraint tool and finding the right rope for the job is essential for safe, pleasurable play.\" \/>\n<meta name=\"twitter:image\" content=\"https:\/\/lustandlove.eu\/wp-content\/uploads\/opr-321086-01.jpg\" \/>\n<script type=\"application\/ld+json\" class=\"yoast-schema-graph\">{\"@context\":\"https:\\\/\\\/schema.org\",\"@graph\":[{\"@type\":[\"WebPage\",\"ItemPage\"],\"@id\":\"https:\\\/\\\/lustandlove.eu\\\/et\\\/toode\\\/kanepinoor-20m\\\/\",\"url\":\"https:\\\/\\\/lustandlove.eu\\\/et\\\/toode\\\/kanepinoor-20m\\\/\",\"name\":\"Kanepin\u00f6\u00f6r 20m | Lust and Love\",\"isPartOf\":{\"@id\":\"https:\\\/\\\/lustandlove.eu\\\/et\\\/#website\"},\"primaryImageOfPage\":{\"@id\":\"https:\\\/\\\/lustandlove.eu\\\/et\\\/toode\\\/kanepinoor-20m\\\/#primaryimage\"},\"image\":{\"@id\":\"https:\\\/\\\/lustandlove.eu\\\/et\\\/toode\\\/kanepinoor-20m\\\/#primaryimage\"},\"thumbnailUrl\":\"https:\\\/\\\/lustandlove.eu\\\/wp-content\\\/uploads\\\/opr-321086-01.jpg\",\"datePublished\":\"2022-05-16T06:26:43+00:00\",\"dateModified\":\"2026-04-13T07:34:19+00:00\",\"description\":\"The Hemp Rope 20m is the original bondage and restraint tool and finding the right rope for the job is essential for safe, pleasurable play.\",\"breadcrumb\":{\"@id\":\"https:\\\/\\\/lustandlove.eu\\\/et\\\/toode\\\/kanepinoor-20m\\\/#breadcrumb\"},\"inLanguage\":\"et\",\"potentialAction\":[{\"@type\":\"ReadAction\",\"target\":[\"https:\\\/\\\/lustandlove.eu\\\/et\\\/toode\\\/kanepinoor-20m\\\/\"]}]},{\"@type\":\"ImageObject\",\"inLanguage\":\"et\",\"@id\":\"https:\\\/\\\/lustandlove.eu\\\/et\\\/toode\\\/kanepinoor-20m\\\/#primaryimage\",\"url\":\"https:\\\/\\\/lustandlove.eu\\\/wp-content\\\/uploads\\\/opr-321086-01.jpg\",\"contentUrl\":\"https:\\\/\\\/lustandlove.eu\\\/wp-content\\\/uploads\\\/opr-321086-01.jpg\",\"width\":700,\"height\":450,\"caption\":\"Hemp Rope 20m\"},{\"@type\":\"BreadcrumbList\",\"@id\":\"https:\\\/\\\/lustandlove.eu\\\/et\\\/toode\\\/kanepinoor-20m\\\/#breadcrumb\",\"itemListElement\":[{\"@type\":\"ListItem\",\"position\":1,\"name\":\"Lust and Love\",\"item\":\"https:\\\/\\\/lustandlove.eu\\\/et\\\/\"},{\"@type\":\"ListItem\",\"position\":2,\"name\":\"Pood\",\"item\":\"https:\\\/\\\/lustandlove.eu\\\/et\\\/pood\\\/\"},{\"@type\":\"ListItem\",\"position\":3,\"name\":\"BDSM\",\"item\":\"https:\\\/\\\/lustandlove.eu\\\/et\\\/pood\\\/bdsm-et\\\/\"},{\"@type\":\"ListItem\",\"position\":4,\"name\":\"Kanepin\u00f6\u00f6r 20m\"}]},{\"@type\":\"WebSite\",\"@id\":\"https:\\\/\\\/lustandlove.eu\\\/et\\\/#website\",\"url\":\"https:\\\/\\\/lustandlove.eu\\\/et\\\/\",\"name\":\"Lust &amp; Love\",\"description\":\"Online erootikapood tervise, ilu ja armastuse jaoks\",\"publisher\":{\"@id\":\"https:\\\/\\\/lustandlove.eu\\\/et\\\/#organization\"},\"potentialAction\":[{\"@type\":\"SearchAction\",\"target\":{\"@type\":\"EntryPoint\",\"urlTemplate\":\"https:\\\/\\\/lustandlove.eu\\\/et\\\/?s={search_term_string}\"},\"query-input\":{\"@type\":\"PropertyValueSpecification\",\"valueRequired\":true,\"valueName\":\"search_term_string\"}}],\"inLanguage\":\"et\"},{\"@type\":\"Organization\",\"@id\":\"https:\\\/\\\/lustandlove.eu\\\/et\\\/#organization\",\"name\":\"Bioconcept Baltics O\u00dc\",\"url\":\"https:\\\/\\\/lustandlove.eu\\\/et\\\/\",\"logo\":{\"@type\":\"ImageObject\",\"inLanguage\":\"et\",\"@id\":\"https:\\\/\\\/lustandlove.eu\\\/et\\\/#\\\/schema\\\/logo\\\/image\\\/\",\"url\":\"\",\"contentUrl\":\"\",\"caption\":\"Bioconcept Baltics O\u00dc\"},\"image\":{\"@id\":\"https:\\\/\\\/lustandlove.eu\\\/et\\\/#\\\/schema\\\/logo\\\/image\\\/\"},\"sameAs\":[\"https:\\\/\\\/www.facebook.com\\\/LustandLoveEU\\\/\",\"https:\\\/\\\/www.instagram.com\\\/lustandloveeu\\\/\"]}]}<\/script>\n<!-- \/ Yoast SEO plugin. -->","yoast_head_json":{"title":"Kanepin\u00f6\u00f6r 20m | Lust and Love","description":"The Hemp Rope 20m is the original bondage and restraint tool and finding the right rope for the job is essential for safe, pleasurable play.","robots":{"index,follow,max-snippet":"index,follow,max-snippet:-1,max-image-preview:large,max-video-preview:-1"},"canonical":"https:\/\/lustandlove.eu\/et\/toode\/kanepinoor-20m\/","twitter_card":"summary_large_image","twitter_title":"Kanepin\u00f6\u00f6r 20m | Lust and Love","twitter_description":"The Hemp Rope 20m is the original bondage and restraint tool and finding the right rope for the job is essential for safe, pleasurable play.","twitter_image":"https:\/\/lustandlove.eu\/wp-content\/uploads\/opr-321086-01.jpg","schema":{"@context":"https:\/\/schema.org","@graph":[{"@type":["WebPage","ItemPage"],"@id":"https:\/\/lustandlove.eu\/et\/toode\/kanepinoor-20m\/","url":"https:\/\/lustandlove.eu\/et\/toode\/kanepinoor-20m\/","name":"Kanepin\u00f6\u00f6r 20m | Lust and Love","isPartOf":{"@id":"https:\/\/lustandlove.eu\/et\/#website"},"primaryImageOfPage":{"@id":"https:\/\/lustandlove.eu\/et\/toode\/kanepinoor-20m\/#primaryimage"},"image":{"@id":"https:\/\/lustandlove.eu\/et\/toode\/kanepinoor-20m\/#primaryimage"},"thumbnailUrl":"https:\/\/lustandlove.eu\/wp-content\/uploads\/opr-321086-01.jpg","datePublished":"2022-05-16T06:26:43+00:00","dateModified":"2026-04-13T07:34:19+00:00","description":"The Hemp Rope 20m is the original bondage and restraint tool and finding the right rope for the job is essential for safe, pleasurable play.","breadcrumb":{"@id":"https:\/\/lustandlove.eu\/et\/toode\/kanepinoor-20m\/#breadcrumb"},"inLanguage":"et","potentialAction":[{"@type":"ReadAction","target":["https:\/\/lustandlove.eu\/et\/toode\/kanepinoor-20m\/"]}]},{"@type":"ImageObject","inLanguage":"et","@id":"https:\/\/lustandlove.eu\/et\/toode\/kanepinoor-20m\/#primaryimage","url":"https:\/\/lustandlove.eu\/wp-content\/uploads\/opr-321086-01.jpg","contentUrl":"https:\/\/lustandlove.eu\/wp-content\/uploads\/opr-321086-01.jpg","width":700,"height":450,"caption":"Hemp Rope 20m"},{"@type":"BreadcrumbList","@id":"https:\/\/lustandlove.eu\/et\/toode\/kanepinoor-20m\/#breadcrumb","itemListElement":[{"@type":"ListItem","position":1,"name":"Lust and Love","item":"https:\/\/lustandlove.eu\/et\/"},{"@type":"ListItem","position":2,"name":"Pood","item":"https:\/\/lustandlove.eu\/et\/pood\/"},{"@type":"ListItem","position":3,"name":"BDSM","item":"https:\/\/lustandlove.eu\/et\/pood\/bdsm-et\/"},{"@type":"ListItem","position":4,"name":"Kanepin\u00f6\u00f6r 20m"}]},{"@type":"WebSite","@id":"https:\/\/lustandlove.eu\/et\/#website","url":"https:\/\/lustandlove.eu\/et\/","name":"Lust &amp; Love","description":"Online erootikapood tervise, ilu ja armastuse jaoks","publisher":{"@id":"https:\/\/lustandlove.eu\/et\/#organization"},"potentialAction":[{"@type":"SearchAction","target":{"@type":"EntryPoint","urlTemplate":"https:\/\/lustandlove.eu\/et\/?s={search_term_string}"},"query-input":{"@type":"PropertyValueSpecification","valueRequired":true,"valueName":"search_term_string"}}],"inLanguage":"et"},{"@type":"Organization","@id":"https:\/\/lustandlove.eu\/et\/#organization","name":"Bioconcept Baltics O\u00dc","url":"https:\/\/lustandlove.eu\/et\/","logo":{"@type":"ImageObject","inLanguage":"et","@id":"https:\/\/lustandlove.eu\/et\/#\/schema\/logo\/image\/","url":"","contentUrl":"","caption":"Bioconcept Baltics O\u00dc"},"image":{"@id":"https:\/\/lustandlove.eu\/et\/#\/schema\/logo\/image\/"},"sameAs":["https:\/\/www.facebook.com\/LustandLoveEU\/","https:\/\/www.instagram.com\/lustandloveeu\/"]}]}},"_links":{"self":[{"href":"https:\/\/lustandlove.eu\/et\/wp-json\/wp\/v2\/product\/52223","targetHints":{"allow":["GET"]}}],"collection":[{"href":"https:\/\/lustandlove.eu\/et\/wp-json\/wp\/v2\/product"}],"about":[{"href":"https:\/\/lustandlove.eu\/et\/wp-json\/wp\/v2\/types\/product"}],"wp:featuredmedia":[{"embeddable":true,"href":"https:\/\/lustandlove.eu\/et\/wp-json\/wp\/v2\/media\/52185"}],"wp:attachment":[{"href":"https:\/\/lustandlove.eu\/et\/wp-json\/wp\/v2\/media?parent=52223"}],"wp:term":[{"taxonomy":"product_brand","embeddable":true,"href":"https:\/\/lustandlove.eu\/et\/wp-json\/wp\/v2\/product_brand?post=52223"},{"taxonomy":"product_cat","embeddable":true,"href":"https:\/\/lustandlove.eu\/et\/wp-json\/wp\/v2\/product_cat?post=52223"},{"taxonomy":"product_tag","embeddable":true,"href":"https:\/\/lustandlove.eu\/et\/wp-json\/wp\/v2\/product_tag?post=52223"}],"curies":[{"name":"wp","href":"https:\/\/api.w.org\/{rel}","templated":true}]}}