{"id":52245,"date":"2022-05-09T11:45:26","date_gmt":"2022-05-09T08:45:26","guid":{"rendered":"https:\/\/www.lustandlove.eu\/product\/roosa-gem-glass-anaaltapp-vaike\/"},"modified":"2026-04-13T10:34:18","modified_gmt":"2026-04-13T07:34:18","slug":"roosa-gem-glass-anaaltapp-vaike","status":"publish","type":"product","link":"https:\/\/lustandlove.eu\/et\/toode\/roosa-gem-glass-anaaltapp-vaike\/","title":{"rendered":"Roosa Gem Klaasist Anaaltapp &#8211; V\u00e4ike"},"content":{"rendered":"<p>Kaunistage oma tagumikku roosa kristalliga klaasist anaaltapiga! Need klaasjad Booty Sparkel anaaltappid on kristallselged ja \u00fclisiledad, et pakkuda m\u00f5nusid teie tagauksele. Ideaalne oma augu soojendamiseks, et veelgi l\u00f5busam oleks, v\u00f5i eraldiseisva anaalse m\u00e4nguasjana \u2013 tugev keha ja \u00fclisile pind suruvad tugevalt vastu seinu, et tekitada uskumatult rahuldustpakkuv tundeid!<\/p>\n<p>T\u00e4iustage oma tagumikku erkroosa kalliskiviga, et v\u00f5rgutada oma v\u00e4ljavalitu ja valmistada oma saak ette karmimaks m\u00e4nguks. Klaasmaterjal on h\u00fcgieeniline ja kehale ohutu, nii et saate muretult m\u00e4ngida. L\u00f5hnakindlad ja kergesti puhastatavad enne ja p\u00e4rast kasutamist, on need klaasist v\u00e4\u00e4riskivid iga m\u00e4nguasjakollektsiooni p\u00f5hiosa.<\/p>\n<p>Ideaalne temperatuuriga m\u00e4ngimiseks \u2013 soojendage v\u00f5i jahutage neid anaaltappe, et saada lisar\u00f5\u00f5mu! See v\u00e4ike lelu on ideaalne algajatele!<\/p>\n<p>Sile ja kitsenev keha tagab lihtsa ja mugava sisenemine ning sobib kasutamiseks k\u00f5igi libestitega, et saaksite omamoodi m\u00e4ngida<\/p>\n","protected":false},"excerpt":{"rendered":"<p>Kaunistage oma tagumikku roosa kristalliga klaasist anaaltapiga! Need klaasjad Booty Sparkel anaaltappid on kristallselged ja \u00fclisiledad, et pakkuda m\u00f5nusid teie<\/p>\n","protected":false},"featured_media":52231,"template":"","meta":[],"product_brand":[4228],"product_cat":[1491],"product_tag":[1567],"class_list":{"0":"post-52245","1":"product","2":"type-product","3":"status-publish","4":"has-post-thumbnail","6":"product_brand-o-products-et","7":"product_cat-anaallelud","8":"product_tag-klaas","9":"pa_brand-o-products-et","11":"first","12":"instock","13":"taxable","14":"shipping-taxable","15":"purchasable","16":"product-type-simple"},"yoast_head":"<!-- This site is optimized with the Yoast SEO plugin v27.4 - https:\/\/yoast.com\/product\/yoast-seo-wordpress\/ -->\n<title>Roosa Gem Klaasist Anaaltapp - V\u00e4ike | Lust and Love<\/title>\n<meta name=\"description\" content=\"Decorate your derriere with a dazzling jewel of Pink Gem Glass Anal Plug! Perfect for temerature play. Made with glass and ABS plastic.\" \/>\n<meta name=\"robots\" content=\"index,follow,max-snippet:-1,max-image-preview:large,max-video-preview:-1\" \/>\n<link rel=\"canonical\" href=\"https:\/\/lustandlove.eu\/et\/toode\/roosa-gem-glass-anaaltapp-vaike\/\" \/>\n<script type=\"application\/ld+json\" class=\"yoast-schema-graph\">{\"@context\":\"https:\\\/\\\/schema.org\",\"@graph\":[{\"@type\":[\"WebPage\",\"ItemPage\"],\"@id\":\"https:\\\/\\\/lustandlove.eu\\\/et\\\/toode\\\/roosa-gem-glass-anaaltapp-vaike\\\/\",\"url\":\"https:\\\/\\\/lustandlove.eu\\\/et\\\/toode\\\/roosa-gem-glass-anaaltapp-vaike\\\/\",\"name\":\"Roosa Gem Klaasist Anaaltapp - V\u00e4ike | Lust and Love\",\"isPartOf\":{\"@id\":\"https:\\\/\\\/lustandlove.eu\\\/et\\\/#website\"},\"primaryImageOfPage\":{\"@id\":\"https:\\\/\\\/lustandlove.eu\\\/et\\\/toode\\\/roosa-gem-glass-anaaltapp-vaike\\\/#primaryimage\"},\"image\":{\"@id\":\"https:\\\/\\\/lustandlove.eu\\\/et\\\/toode\\\/roosa-gem-glass-anaaltapp-vaike\\\/#primaryimage\"},\"thumbnailUrl\":\"https:\\\/\\\/lustandlove.eu\\\/wp-content\\\/uploads\\\/118-xr-ag430-small-01.jpg\",\"datePublished\":\"2022-05-09T08:45:26+00:00\",\"dateModified\":\"2026-04-13T07:34:18+00:00\",\"description\":\"Decorate your derriere with a dazzling jewel of Pink Gem Glass Anal Plug! Perfect for temerature play. Made with glass and ABS plastic.\",\"breadcrumb\":{\"@id\":\"https:\\\/\\\/lustandlove.eu\\\/et\\\/toode\\\/roosa-gem-glass-anaaltapp-vaike\\\/#breadcrumb\"},\"inLanguage\":\"et\",\"potentialAction\":[{\"@type\":\"ReadAction\",\"target\":[\"https:\\\/\\\/lustandlove.eu\\\/et\\\/toode\\\/roosa-gem-glass-anaaltapp-vaike\\\/\"]}]},{\"@type\":\"ImageObject\",\"inLanguage\":\"et\",\"@id\":\"https:\\\/\\\/lustandlove.eu\\\/et\\\/toode\\\/roosa-gem-glass-anaaltapp-vaike\\\/#primaryimage\",\"url\":\"https:\\\/\\\/lustandlove.eu\\\/wp-content\\\/uploads\\\/118-xr-ag430-small-01.jpg\",\"contentUrl\":\"https:\\\/\\\/lustandlove.eu\\\/wp-content\\\/uploads\\\/118-xr-ag430-small-01.jpg\",\"width\":1200,\"height\":1200,\"caption\":\"Pink Gem Glass Anal Plug - Small\"},{\"@type\":\"BreadcrumbList\",\"@id\":\"https:\\\/\\\/lustandlove.eu\\\/et\\\/toode\\\/roosa-gem-glass-anaaltapp-vaike\\\/#breadcrumb\",\"itemListElement\":[{\"@type\":\"ListItem\",\"position\":1,\"name\":\"Lust and Love\",\"item\":\"https:\\\/\\\/lustandlove.eu\\\/et\\\/\"},{\"@type\":\"ListItem\",\"position\":2,\"name\":\"Pood\",\"item\":\"https:\\\/\\\/lustandlove.eu\\\/et\\\/pood\\\/\"},{\"@type\":\"ListItem\",\"position\":3,\"name\":\"Sekslelud\",\"item\":\"https:\\\/\\\/lustandlove.eu\\\/et\\\/pood\\\/sekslelud\\\/\"},{\"@type\":\"ListItem\",\"position\":4,\"name\":\"Anaallelud\",\"item\":\"https:\\\/\\\/lustandlove.eu\\\/et\\\/pood\\\/sekslelud\\\/anaallelud\\\/\"},{\"@type\":\"ListItem\",\"position\":5,\"name\":\"Roosa Gem Klaasist Anaaltapp &#8211; V\u00e4ike\"}]},{\"@type\":\"WebSite\",\"@id\":\"https:\\\/\\\/lustandlove.eu\\\/et\\\/#website\",\"url\":\"https:\\\/\\\/lustandlove.eu\\\/et\\\/\",\"name\":\"Lust & Love\",\"description\":\"Online erootikapood tervise, ilu ja armastuse jaoks\",\"publisher\":{\"@id\":\"https:\\\/\\\/lustandlove.eu\\\/et\\\/#organization\"},\"potentialAction\":[{\"@type\":\"SearchAction\",\"target\":{\"@type\":\"EntryPoint\",\"urlTemplate\":\"https:\\\/\\\/lustandlove.eu\\\/et\\\/?s={search_term_string}\"},\"query-input\":{\"@type\":\"PropertyValueSpecification\",\"valueRequired\":true,\"valueName\":\"search_term_string\"}}],\"inLanguage\":\"et\"},{\"@type\":\"Organization\",\"@id\":\"https:\\\/\\\/lustandlove.eu\\\/et\\\/#organization\",\"name\":\"Bioconcept Baltics O\u00dc\",\"url\":\"https:\\\/\\\/lustandlove.eu\\\/et\\\/\",\"logo\":{\"@type\":\"ImageObject\",\"inLanguage\":\"et\",\"@id\":\"https:\\\/\\\/lustandlove.eu\\\/et\\\/#\\\/schema\\\/logo\\\/image\\\/\",\"url\":\"https:\\\/\\\/lustandlove.eu\\\/wp-content\\\/uploads\\\/logo-full-2.png\",\"contentUrl\":\"https:\\\/\\\/lustandlove.eu\\\/wp-content\\\/uploads\\\/logo-full-2.png\",\"width\":837,\"height\":200,\"caption\":\"Bioconcept Baltics O\u00dc\"},\"image\":{\"@id\":\"https:\\\/\\\/lustandlove.eu\\\/et\\\/#\\\/schema\\\/logo\\\/image\\\/\"},\"sameAs\":[\"https:\\\/\\\/www.facebook.com\\\/LustandLoveEU\\\/\",\"https:\\\/\\\/www.instagram.com\\\/lustandloveeu\\\/\"]}]}<\/script>\n<!-- \/ Yoast SEO plugin. -->","yoast_head_json":{"title":"Roosa Gem Klaasist Anaaltapp - V\u00e4ike | Lust and Love","description":"Decorate your derriere with a dazzling jewel of Pink Gem Glass Anal Plug! Perfect for temerature play. Made with glass and ABS plastic.","robots":{"index,follow,max-snippet":"index,follow,max-snippet:-1,max-image-preview:large,max-video-preview:-1"},"canonical":"https:\/\/lustandlove.eu\/et\/toode\/roosa-gem-glass-anaaltapp-vaike\/","schema":{"@context":"https:\/\/schema.org","@graph":[{"@type":["WebPage","ItemPage"],"@id":"https:\/\/lustandlove.eu\/et\/toode\/roosa-gem-glass-anaaltapp-vaike\/","url":"https:\/\/lustandlove.eu\/et\/toode\/roosa-gem-glass-anaaltapp-vaike\/","name":"Roosa Gem Klaasist Anaaltapp - V\u00e4ike | Lust and Love","isPartOf":{"@id":"https:\/\/lustandlove.eu\/et\/#website"},"primaryImageOfPage":{"@id":"https:\/\/lustandlove.eu\/et\/toode\/roosa-gem-glass-anaaltapp-vaike\/#primaryimage"},"image":{"@id":"https:\/\/lustandlove.eu\/et\/toode\/roosa-gem-glass-anaaltapp-vaike\/#primaryimage"},"thumbnailUrl":"https:\/\/lustandlove.eu\/wp-content\/uploads\/118-xr-ag430-small-01.jpg","datePublished":"2022-05-09T08:45:26+00:00","dateModified":"2026-04-13T07:34:18+00:00","description":"Decorate your derriere with a dazzling jewel of Pink Gem Glass Anal Plug! Perfect for temerature play. Made with glass and ABS plastic.","breadcrumb":{"@id":"https:\/\/lustandlove.eu\/et\/toode\/roosa-gem-glass-anaaltapp-vaike\/#breadcrumb"},"inLanguage":"et","potentialAction":[{"@type":"ReadAction","target":["https:\/\/lustandlove.eu\/et\/toode\/roosa-gem-glass-anaaltapp-vaike\/"]}]},{"@type":"ImageObject","inLanguage":"et","@id":"https:\/\/lustandlove.eu\/et\/toode\/roosa-gem-glass-anaaltapp-vaike\/#primaryimage","url":"https:\/\/lustandlove.eu\/wp-content\/uploads\/118-xr-ag430-small-01.jpg","contentUrl":"https:\/\/lustandlove.eu\/wp-content\/uploads\/118-xr-ag430-small-01.jpg","width":1200,"height":1200,"caption":"Pink Gem Glass Anal Plug - Small"},{"@type":"BreadcrumbList","@id":"https:\/\/lustandlove.eu\/et\/toode\/roosa-gem-glass-anaaltapp-vaike\/#breadcrumb","itemListElement":[{"@type":"ListItem","position":1,"name":"Lust and Love","item":"https:\/\/lustandlove.eu\/et\/"},{"@type":"ListItem","position":2,"name":"Pood","item":"https:\/\/lustandlove.eu\/et\/pood\/"},{"@type":"ListItem","position":3,"name":"Sekslelud","item":"https:\/\/lustandlove.eu\/et\/pood\/sekslelud\/"},{"@type":"ListItem","position":4,"name":"Anaallelud","item":"https:\/\/lustandlove.eu\/et\/pood\/sekslelud\/anaallelud\/"},{"@type":"ListItem","position":5,"name":"Roosa Gem Klaasist Anaaltapp &#8211; V\u00e4ike"}]},{"@type":"WebSite","@id":"https:\/\/lustandlove.eu\/et\/#website","url":"https:\/\/lustandlove.eu\/et\/","name":"Lust & Love","description":"Online erootikapood tervise, ilu ja armastuse jaoks","publisher":{"@id":"https:\/\/lustandlove.eu\/et\/#organization"},"potentialAction":[{"@type":"SearchAction","target":{"@type":"EntryPoint","urlTemplate":"https:\/\/lustandlove.eu\/et\/?s={search_term_string}"},"query-input":{"@type":"PropertyValueSpecification","valueRequired":true,"valueName":"search_term_string"}}],"inLanguage":"et"},{"@type":"Organization","@id":"https:\/\/lustandlove.eu\/et\/#organization","name":"Bioconcept Baltics O\u00dc","url":"https:\/\/lustandlove.eu\/et\/","logo":{"@type":"ImageObject","inLanguage":"et","@id":"https:\/\/lustandlove.eu\/et\/#\/schema\/logo\/image\/","url":"https:\/\/lustandlove.eu\/wp-content\/uploads\/logo-full-2.png","contentUrl":"https:\/\/lustandlove.eu\/wp-content\/uploads\/logo-full-2.png","width":837,"height":200,"caption":"Bioconcept Baltics O\u00dc"},"image":{"@id":"https:\/\/lustandlove.eu\/et\/#\/schema\/logo\/image\/"},"sameAs":["https:\/\/www.facebook.com\/LustandLoveEU\/","https:\/\/www.instagram.com\/lustandloveeu\/"]}]}},"_links":{"self":[{"href":"https:\/\/lustandlove.eu\/et\/wp-json\/wp\/v2\/product\/52245","targetHints":{"allow":["GET"]}}],"collection":[{"href":"https:\/\/lustandlove.eu\/et\/wp-json\/wp\/v2\/product"}],"about":[{"href":"https:\/\/lustandlove.eu\/et\/wp-json\/wp\/v2\/types\/product"}],"wp:featuredmedia":[{"embeddable":true,"href":"https:\/\/lustandlove.eu\/et\/wp-json\/wp\/v2\/media\/52231"}],"wp:attachment":[{"href":"https:\/\/lustandlove.eu\/et\/wp-json\/wp\/v2\/media?parent=52245"}],"wp:term":[{"taxonomy":"product_brand","embeddable":true,"href":"https:\/\/lustandlove.eu\/et\/wp-json\/wp\/v2\/product_brand?post=52245"},{"taxonomy":"product_cat","embeddable":true,"href":"https:\/\/lustandlove.eu\/et\/wp-json\/wp\/v2\/product_cat?post=52245"},{"taxonomy":"product_tag","embeddable":true,"href":"https:\/\/lustandlove.eu\/et\/wp-json\/wp\/v2\/product_tag?post=52245"}],"curies":[{"name":"wp","href":"https:\/\/api.w.org\/{rel}","templated":true}]}}