{"id":52544,"date":"2022-06-30T13:48:59","date_gmt":"2022-06-30T10:48:59","guid":{"rendered":"https:\/\/www.lustandlove.eu\/product\/always-pleasure-intiimne-tihendav-kreem-4ml\/"},"modified":"2026-04-13T10:34:17","modified_gmt":"2026-04-13T07:34:17","slug":"always-pleasure-intiimne-tihendav-kreem-4ml","status":"publish","type":"product","link":"https:\/\/lustandlove.eu\/et\/toode\/always-pleasure-intiimne-tihendav-kreem-4ml\/","title":{"rendered":"Always Pleasure &#8211; Intiimne Tihendav Kreem 4ml"},"content":{"rendered":"<p>Always Pleasure on naturaalsetest koostisosadest valmistatud intiimne naistele m\u00f5eldud tihendav vahend, mis annab vaginaalse pingulduse tunde, suurendades m\u00f5lema naudingut intiimsuhetes.<\/p>\n<p>&nbsp;<\/p>\n<p>Koostis:<br \/>\nVesi, gl\u00fctseriin, tset\u00fc\u00fclalkohol, gl\u00fctser\u00fc\u00fclstearaattsitraat, kaaliumtset\u00fc\u00fclfosfaat, ksantaankummi, arginiin, hamamelis Virginiana (n\u00f5iapuu) lehtede ekstrakt, Paullinia Cupana puuviljaekstrakt, Rosmarinus Officinalis A (rosmariin), h\u00fcdraatiline gl\u00fctserool, et\u00fc\u00fcltsiidne lehtede ekstrakt, Aroom, kaaliumsorbaat, naatriumbensoaat, fenoks\u00fcetanool, CI 14720<\/p>\n<p>Kuidas kasutada:<br \/>\n-Peske oma intiimpiirkonda ja kandke v\u00e4ike kogus \u00f5rna massaa\u017eiga tupe seintele, kuni tunnete t\u00e4ielikku imendumist.<br \/>\n&#8211; Kandke peale 15 minutit enne seksuaalsuhteid.<\/p>\n<p>ETTEVAATUST.<br \/>\n&#8211; Looduslikest kokkut\u00f5mbavatest ainetest valmistatud kosmeetikatoode.<br \/>\n&#8211; Mitte kasutada \u00fclitundlikkuse v\u00f5i allergia korral m\u00f5ne koostisosa suhtes.<br \/>\n&#8211; \u00c4rrituse korral l\u00f5petage kasutamine.<br \/>\n&#8211; \u00c4rge kandke silma\u00fcmbrusele ega haavadele.<br \/>\n&#8211; Mitte alla neelata.<br \/>\n-Hoida lastele k\u00e4ttesaamatus kohas.<br \/>\n&#8211; Hoida jahedas ja kuivas kohas ning kaitsta p\u00e4ikesevalguse eest.<\/p>\n","protected":false},"excerpt":{"rendered":"<p>Always Pleasure on naturaalsetest koostisosadest valmistatud intiimne naistele m\u00f5eldud tihendav vahend, mis annab vaginaalse pingulduse tunde, suurendades m\u00f5lema naudingut intiimsuhetes.<\/p>\n","protected":false},"featured_media":52488,"template":"","meta":[],"product_brand":[4239],"product_cat":[1467,1460,1468],"product_tag":[3066,3654,1539,3064,3065],"class_list":{"0":"post-52544","1":"product","2":"type-product","3":"status-publish","4":"has-post-thumbnail","6":"product_brand-secret-play-et","7":"product_cat-libestid","8":"product_cat-apteek","9":"product_cat-massaaziolid-ja-geelid","10":"product_tag-kreem","11":"product_tag-reisiks","12":"product_tag-tester-et","13":"product_tag-tihendav","14":"product_tag-vaginaalne","15":"pa_brand-secret-play-et","17":"first","18":"instock","19":"taxable","20":"shipping-taxable","21":"purchasable","22":"product-type-simple"},"yoast_head":"<!-- This site is optimized with the Yoast SEO plugin v27.4 - https:\/\/yoast.com\/product\/yoast-seo-wordpress\/ -->\n<title>Always Pleasure - Intiimne Tihendav Kreem 4ml | Lust and Love<\/title>\n<meta name=\"robots\" content=\"index,follow,max-snippet:-1,max-image-preview:large,max-video-preview:-1\" \/>\n<link rel=\"canonical\" href=\"https:\/\/lustandlove.eu\/et\/toode\/always-pleasure-intiimne-tihendav-kreem-4ml\/\" \/>\n<script type=\"application\/ld+json\" class=\"yoast-schema-graph\">{\"@context\":\"https:\\\/\\\/schema.org\",\"@graph\":[{\"@type\":[\"WebPage\",\"ItemPage\"],\"@id\":\"https:\\\/\\\/lustandlove.eu\\\/et\\\/toode\\\/always-pleasure-intiimne-tihendav-kreem-4ml\\\/\",\"url\":\"https:\\\/\\\/lustandlove.eu\\\/et\\\/toode\\\/always-pleasure-intiimne-tihendav-kreem-4ml\\\/\",\"name\":\"Always Pleasure - Intiimne Tihendav Kreem 4ml | Lust and Love\",\"isPartOf\":{\"@id\":\"https:\\\/\\\/lustandlove.eu\\\/et\\\/#website\"},\"primaryImageOfPage\":{\"@id\":\"https:\\\/\\\/lustandlove.eu\\\/et\\\/toode\\\/always-pleasure-intiimne-tihendav-kreem-4ml\\\/#primaryimage\"},\"image\":{\"@id\":\"https:\\\/\\\/lustandlove.eu\\\/et\\\/toode\\\/always-pleasure-intiimne-tihendav-kreem-4ml\\\/#primaryimage\"},\"thumbnailUrl\":\"https:\\\/\\\/lustandlove.eu\\\/wp-content\\\/uploads\\\/3P.jpg\",\"datePublished\":\"2022-06-30T10:48:59+00:00\",\"dateModified\":\"2026-04-13T07:34:17+00:00\",\"breadcrumb\":{\"@id\":\"https:\\\/\\\/lustandlove.eu\\\/et\\\/toode\\\/always-pleasure-intiimne-tihendav-kreem-4ml\\\/#breadcrumb\"},\"inLanguage\":\"et\",\"potentialAction\":[{\"@type\":\"ReadAction\",\"target\":[\"https:\\\/\\\/lustandlove.eu\\\/et\\\/toode\\\/always-pleasure-intiimne-tihendav-kreem-4ml\\\/\"]}]},{\"@type\":\"ImageObject\",\"inLanguage\":\"et\",\"@id\":\"https:\\\/\\\/lustandlove.eu\\\/et\\\/toode\\\/always-pleasure-intiimne-tihendav-kreem-4ml\\\/#primaryimage\",\"url\":\"https:\\\/\\\/lustandlove.eu\\\/wp-content\\\/uploads\\\/3P.jpg\",\"contentUrl\":\"https:\\\/\\\/lustandlove.eu\\\/wp-content\\\/uploads\\\/3P.jpg\",\"width\":1000,\"height\":1000,\"caption\":\"Always Pleasure\"},{\"@type\":\"BreadcrumbList\",\"@id\":\"https:\\\/\\\/lustandlove.eu\\\/et\\\/toode\\\/always-pleasure-intiimne-tihendav-kreem-4ml\\\/#breadcrumb\",\"itemListElement\":[{\"@type\":\"ListItem\",\"position\":1,\"name\":\"Lust and Love\",\"item\":\"https:\\\/\\\/lustandlove.eu\\\/et\\\/\"},{\"@type\":\"ListItem\",\"position\":2,\"name\":\"Pood\",\"item\":\"https:\\\/\\\/lustandlove.eu\\\/et\\\/pood\\\/\"},{\"@type\":\"ListItem\",\"position\":3,\"name\":\"Pakkumised\",\"item\":\"https:\\\/\\\/lustandlove.eu\\\/et\\\/pood\\\/pakkumised\\\/\"},{\"@type\":\"ListItem\",\"position\":4,\"name\":\"Testrid\",\"item\":\"https:\\\/\\\/lustandlove.eu\\\/et\\\/pood\\\/pakkumised\\\/testrid\\\/\"},{\"@type\":\"ListItem\",\"position\":5,\"name\":\"Always Pleasure &#8211; Intiimne Tihendav Kreem 4ml\"}]},{\"@type\":\"WebSite\",\"@id\":\"https:\\\/\\\/lustandlove.eu\\\/et\\\/#website\",\"url\":\"https:\\\/\\\/lustandlove.eu\\\/et\\\/\",\"name\":\"Lust & Love\",\"description\":\"Online erootikapood tervise, ilu ja armastuse jaoks\",\"publisher\":{\"@id\":\"https:\\\/\\\/lustandlove.eu\\\/et\\\/#organization\"},\"potentialAction\":[{\"@type\":\"SearchAction\",\"target\":{\"@type\":\"EntryPoint\",\"urlTemplate\":\"https:\\\/\\\/lustandlove.eu\\\/et\\\/?s={search_term_string}\"},\"query-input\":{\"@type\":\"PropertyValueSpecification\",\"valueRequired\":true,\"valueName\":\"search_term_string\"}}],\"inLanguage\":\"et\"},{\"@type\":\"Organization\",\"@id\":\"https:\\\/\\\/lustandlove.eu\\\/et\\\/#organization\",\"name\":\"Bioconcept Baltics O\u00dc\",\"url\":\"https:\\\/\\\/lustandlove.eu\\\/et\\\/\",\"logo\":{\"@type\":\"ImageObject\",\"inLanguage\":\"et\",\"@id\":\"https:\\\/\\\/lustandlove.eu\\\/et\\\/#\\\/schema\\\/logo\\\/image\\\/\",\"url\":\"https:\\\/\\\/lustandlove.eu\\\/wp-content\\\/uploads\\\/logo-full-2.png\",\"contentUrl\":\"https:\\\/\\\/lustandlove.eu\\\/wp-content\\\/uploads\\\/logo-full-2.png\",\"width\":837,\"height\":200,\"caption\":\"Bioconcept Baltics O\u00dc\"},\"image\":{\"@id\":\"https:\\\/\\\/lustandlove.eu\\\/et\\\/#\\\/schema\\\/logo\\\/image\\\/\"},\"sameAs\":[\"https:\\\/\\\/www.facebook.com\\\/LustandLoveEU\\\/\",\"https:\\\/\\\/www.instagram.com\\\/lustandloveeu\\\/\"]}]}<\/script>\n<!-- \/ Yoast SEO plugin. -->","yoast_head_json":{"title":"Always Pleasure - Intiimne Tihendav Kreem 4ml | Lust and Love","robots":{"index,follow,max-snippet":"index,follow,max-snippet:-1,max-image-preview:large,max-video-preview:-1"},"canonical":"https:\/\/lustandlove.eu\/et\/toode\/always-pleasure-intiimne-tihendav-kreem-4ml\/","schema":{"@context":"https:\/\/schema.org","@graph":[{"@type":["WebPage","ItemPage"],"@id":"https:\/\/lustandlove.eu\/et\/toode\/always-pleasure-intiimne-tihendav-kreem-4ml\/","url":"https:\/\/lustandlove.eu\/et\/toode\/always-pleasure-intiimne-tihendav-kreem-4ml\/","name":"Always Pleasure - Intiimne Tihendav Kreem 4ml | Lust and Love","isPartOf":{"@id":"https:\/\/lustandlove.eu\/et\/#website"},"primaryImageOfPage":{"@id":"https:\/\/lustandlove.eu\/et\/toode\/always-pleasure-intiimne-tihendav-kreem-4ml\/#primaryimage"},"image":{"@id":"https:\/\/lustandlove.eu\/et\/toode\/always-pleasure-intiimne-tihendav-kreem-4ml\/#primaryimage"},"thumbnailUrl":"https:\/\/lustandlove.eu\/wp-content\/uploads\/3P.jpg","datePublished":"2022-06-30T10:48:59+00:00","dateModified":"2026-04-13T07:34:17+00:00","breadcrumb":{"@id":"https:\/\/lustandlove.eu\/et\/toode\/always-pleasure-intiimne-tihendav-kreem-4ml\/#breadcrumb"},"inLanguage":"et","potentialAction":[{"@type":"ReadAction","target":["https:\/\/lustandlove.eu\/et\/toode\/always-pleasure-intiimne-tihendav-kreem-4ml\/"]}]},{"@type":"ImageObject","inLanguage":"et","@id":"https:\/\/lustandlove.eu\/et\/toode\/always-pleasure-intiimne-tihendav-kreem-4ml\/#primaryimage","url":"https:\/\/lustandlove.eu\/wp-content\/uploads\/3P.jpg","contentUrl":"https:\/\/lustandlove.eu\/wp-content\/uploads\/3P.jpg","width":1000,"height":1000,"caption":"Always Pleasure"},{"@type":"BreadcrumbList","@id":"https:\/\/lustandlove.eu\/et\/toode\/always-pleasure-intiimne-tihendav-kreem-4ml\/#breadcrumb","itemListElement":[{"@type":"ListItem","position":1,"name":"Lust and Love","item":"https:\/\/lustandlove.eu\/et\/"},{"@type":"ListItem","position":2,"name":"Pood","item":"https:\/\/lustandlove.eu\/et\/pood\/"},{"@type":"ListItem","position":3,"name":"Pakkumised","item":"https:\/\/lustandlove.eu\/et\/pood\/pakkumised\/"},{"@type":"ListItem","position":4,"name":"Testrid","item":"https:\/\/lustandlove.eu\/et\/pood\/pakkumised\/testrid\/"},{"@type":"ListItem","position":5,"name":"Always Pleasure &#8211; Intiimne Tihendav Kreem 4ml"}]},{"@type":"WebSite","@id":"https:\/\/lustandlove.eu\/et\/#website","url":"https:\/\/lustandlove.eu\/et\/","name":"Lust & Love","description":"Online erootikapood tervise, ilu ja armastuse jaoks","publisher":{"@id":"https:\/\/lustandlove.eu\/et\/#organization"},"potentialAction":[{"@type":"SearchAction","target":{"@type":"EntryPoint","urlTemplate":"https:\/\/lustandlove.eu\/et\/?s={search_term_string}"},"query-input":{"@type":"PropertyValueSpecification","valueRequired":true,"valueName":"search_term_string"}}],"inLanguage":"et"},{"@type":"Organization","@id":"https:\/\/lustandlove.eu\/et\/#organization","name":"Bioconcept Baltics O\u00dc","url":"https:\/\/lustandlove.eu\/et\/","logo":{"@type":"ImageObject","inLanguage":"et","@id":"https:\/\/lustandlove.eu\/et\/#\/schema\/logo\/image\/","url":"https:\/\/lustandlove.eu\/wp-content\/uploads\/logo-full-2.png","contentUrl":"https:\/\/lustandlove.eu\/wp-content\/uploads\/logo-full-2.png","width":837,"height":200,"caption":"Bioconcept Baltics O\u00dc"},"image":{"@id":"https:\/\/lustandlove.eu\/et\/#\/schema\/logo\/image\/"},"sameAs":["https:\/\/www.facebook.com\/LustandLoveEU\/","https:\/\/www.instagram.com\/lustandloveeu\/"]}]}},"_links":{"self":[{"href":"https:\/\/lustandlove.eu\/et\/wp-json\/wp\/v2\/product\/52544","targetHints":{"allow":["GET"]}}],"collection":[{"href":"https:\/\/lustandlove.eu\/et\/wp-json\/wp\/v2\/product"}],"about":[{"href":"https:\/\/lustandlove.eu\/et\/wp-json\/wp\/v2\/types\/product"}],"wp:featuredmedia":[{"embeddable":true,"href":"https:\/\/lustandlove.eu\/et\/wp-json\/wp\/v2\/media\/52488"}],"wp:attachment":[{"href":"https:\/\/lustandlove.eu\/et\/wp-json\/wp\/v2\/media?parent=52544"}],"wp:term":[{"taxonomy":"product_brand","embeddable":true,"href":"https:\/\/lustandlove.eu\/et\/wp-json\/wp\/v2\/product_brand?post=52544"},{"taxonomy":"product_cat","embeddable":true,"href":"https:\/\/lustandlove.eu\/et\/wp-json\/wp\/v2\/product_cat?post=52544"},{"taxonomy":"product_tag","embeddable":true,"href":"https:\/\/lustandlove.eu\/et\/wp-json\/wp\/v2\/product_tag?post=52544"}],"curies":[{"name":"wp","href":"https:\/\/api.w.org\/{rel}","templated":true}]}}