{"id":52546,"date":"2022-06-30T14:00:42","date_gmt":"2022-06-30T11:00:42","guid":{"rendered":"https:\/\/www.lustandlove.eu\/product\/relax-anal-gel\/"},"modified":"2026-04-13T10:34:16","modified_gmt":"2026-04-13T07:34:16","slug":"relax-anal-gel","status":"publish","type":"product","link":"https:\/\/lustandlove.eu\/et\/toode\/relax-anal-gel\/","title":{"rendered":"Relax! Anal Gel"},"content":{"rendered":"<p>Kas teadsid, et anaalseks on \u00fcks meeldivamaid seksuaalpraktikaid? Kuid selleks, et saada t\u00e4ielikku rahuldust, peate v\u00f5tma asja rahulikult. Olenemata sellest, kas olete uustulnuk v\u00f5i mitte, Relax! sobib teile ideaalselt. See geel annab l\u00f5dvestus- ja elastsustunde anaalpiirkonnas, v\u00f5imaldades stimulatsioonil olla meeldivam. Relax! on spetsiaalselt loodud anaalseksi jaoks ja laiendab anaalpiirkonna lihaseid ja kudesid, aidates muuta seksuaalvahekorra meeldivamaks. Oleme kindlad, et see anaalgeel ei j\u00e4ta teid \u00fcksk\u00f5ikseks ja t\u00e4nu selle looduslikele koostisosadele kogete maailmav\u00e4list stimulatsiooni.<\/p>\n<p>Koostis:<br \/>\nAqua, gl\u00fctseriin, pol\u00fcsorbaat 80, Spilanthes Acmella \u00f5ie\/lehe\/varre ekstrakt, karbomeer, Citrus Aurantium Dulcis (apelsini) koore\u00f5li, arginiin, mentool, Eugenia Caryophyllus (nelgi) lehe\u00f5li, kaaliumbensogeeni isosool, somonool, somonool, , Linalool.<\/p>\n<p>Kuidas kasutada:<br \/>\nKanna v\u00e4ike kogus anaalpiirkonnale \u00f5rna massaa\u017eiga.<br \/>\nLase m\u00f5neks minutiks m\u00f5juda.<\/p>\n<p>Ettevaatusabin\u00f5ud:<br \/>\n&#8211; Kosmeetikatoode ainult v\u00e4lispidiseks kasutamiseks.<br \/>\n&#8211; \u00c4rge kandke silma\u00fcmbrusele ega haavadele.<br \/>\n&#8211; Mitte kasutada \u00fclitundlikkuse v\u00f5i allergia korral m\u00f5ne koostisosa suhtes.<br \/>\n&#8211; \u00c4rrituse korral l\u00f5petage kasutamine.<br \/>\n&#8211; Mitte alla neelata.<br \/>\n-Hoida lastele k\u00e4ttesaamatus kohas.<br \/>\n&#8211; Hoida jahedas ja kuivas kohas ning kaitsta p\u00e4ikesevalguse eest.<\/p>\n","protected":false},"excerpt":{"rendered":"<p>Kas teadsid, et anaalseks on \u00fcks meeldivamaid seksuaalpraktikaid? Kuid selleks, et saada t\u00e4ielikku rahuldust, peate v\u00f5tma asja rahulikult. Olenemata sellest,<\/p>\n","protected":false},"featured_media":52493,"template":"","meta":[],"product_brand":[4239],"product_cat":[1464,1460],"product_tag":[1506,3773,3067,3069,3070],"class_list":{"0":"post-52546","1":"product","2":"type-product","3":"status-publish","4":"has-post-thumbnail","6":"product_brand-secret-play-et","7":"product_cat-erutavad-geelid","8":"product_cat-apteek","9":"product_tag-anaal-et","10":"product_tag-meditsiin","11":"product_tag-oli","12":"product_tag-rahune","13":"product_tag-rahustav","14":"pa_brand-secret-play-et","16":"first","17":"instock","18":"taxable","19":"shipping-taxable","20":"purchasable","21":"product-type-simple"},"yoast_head":"<!-- This site is optimized with the Yoast SEO plugin v27.3 - https:\/\/yoast.com\/product\/yoast-seo-wordpress\/ -->\n<title>Relax! Anal Gel | Lust and Love<\/title>\n<meta name=\"robots\" content=\"index,follow,max-snippet:-1,max-image-preview:large,max-video-preview:-1\" \/>\n<link rel=\"canonical\" href=\"https:\/\/lustandlove.eu\/et\/toode\/relax-anal-gel\/\" \/>\n<meta name=\"twitter:card\" content=\"summary_large_image\" \/>\n<meta name=\"twitter:title\" content=\"Relax! Anal Gel | Lust and Love\" \/>\n<meta name=\"twitter:description\" content=\"Kas teadsid, et anaalseks on \u00fcks meeldivamaid seksuaalpraktikaid? Kuid selleks, et saada t\u00e4ielikku rahuldust, peate v\u00f5tma asja rahulikult. Olenemata sellest,\" \/>\n<meta name=\"twitter:image\" content=\"https:\/\/lustandlove.eu\/wp-content\/uploads\/1P.jpg\" \/>\n<meta name=\"twitter:label1\" content=\"Est. reading time\" \/>\n\t<meta name=\"twitter:data1\" content=\"1 minut\" \/>\n<script type=\"application\/ld+json\" class=\"yoast-schema-graph\">{\"@context\":\"https:\\\/\\\/schema.org\",\"@graph\":[{\"@type\":[\"WebPage\",\"ItemPage\"],\"@id\":\"https:\\\/\\\/lustandlove.eu\\\/et\\\/toode\\\/relax-anal-gel\\\/\",\"url\":\"https:\\\/\\\/lustandlove.eu\\\/et\\\/toode\\\/relax-anal-gel\\\/\",\"name\":\"Relax! Anal Gel | Lust and Love\",\"isPartOf\":{\"@id\":\"https:\\\/\\\/lustandlove.eu\\\/et\\\/#website\"},\"primaryImageOfPage\":{\"@id\":\"https:\\\/\\\/lustandlove.eu\\\/et\\\/toode\\\/relax-anal-gel\\\/#primaryimage\"},\"image\":{\"@id\":\"https:\\\/\\\/lustandlove.eu\\\/et\\\/toode\\\/relax-anal-gel\\\/#primaryimage\"},\"thumbnailUrl\":\"https:\\\/\\\/lustandlove.eu\\\/wp-content\\\/uploads\\\/1P.jpg\",\"datePublished\":\"2022-06-30T11:00:42+00:00\",\"dateModified\":\"2026-04-13T07:34:16+00:00\",\"breadcrumb\":{\"@id\":\"https:\\\/\\\/lustandlove.eu\\\/et\\\/toode\\\/relax-anal-gel\\\/#breadcrumb\"},\"inLanguage\":\"et\",\"potentialAction\":[{\"@type\":\"ReadAction\",\"target\":[\"https:\\\/\\\/lustandlove.eu\\\/et\\\/toode\\\/relax-anal-gel\\\/\"]}]},{\"@type\":\"ImageObject\",\"inLanguage\":\"et\",\"@id\":\"https:\\\/\\\/lustandlove.eu\\\/et\\\/toode\\\/relax-anal-gel\\\/#primaryimage\",\"url\":\"https:\\\/\\\/lustandlove.eu\\\/wp-content\\\/uploads\\\/1P.jpg\",\"contentUrl\":\"https:\\\/\\\/lustandlove.eu\\\/wp-content\\\/uploads\\\/1P.jpg\",\"width\":1000,\"height\":1000,\"caption\":\"Relax! Anal Gel\"},{\"@type\":\"BreadcrumbList\",\"@id\":\"https:\\\/\\\/lustandlove.eu\\\/et\\\/toode\\\/relax-anal-gel\\\/#breadcrumb\",\"itemListElement\":[{\"@type\":\"ListItem\",\"position\":1,\"name\":\"Lust and Love\",\"item\":\"https:\\\/\\\/lustandlove.eu\\\/et\\\/\"},{\"@type\":\"ListItem\",\"position\":2,\"name\":\"Pood\",\"item\":\"https:\\\/\\\/lustandlove.eu\\\/et\\\/pood\\\/\"},{\"@type\":\"ListItem\",\"position\":3,\"name\":\"Libestid ja kehahooldus\",\"item\":\"https:\\\/\\\/lustandlove.eu\\\/et\\\/pood\\\/apteek\\\/\"},{\"@type\":\"ListItem\",\"position\":4,\"name\":\"Relax! Anal Gel\"}]},{\"@type\":\"WebSite\",\"@id\":\"https:\\\/\\\/lustandlove.eu\\\/et\\\/#website\",\"url\":\"https:\\\/\\\/lustandlove.eu\\\/et\\\/\",\"name\":\"Lust &amp; Love\",\"description\":\"Online erootikapood tervise, ilu ja armastuse jaoks\",\"publisher\":{\"@id\":\"https:\\\/\\\/lustandlove.eu\\\/et\\\/#organization\"},\"potentialAction\":[{\"@type\":\"SearchAction\",\"target\":{\"@type\":\"EntryPoint\",\"urlTemplate\":\"https:\\\/\\\/lustandlove.eu\\\/et\\\/?s={search_term_string}\"},\"query-input\":{\"@type\":\"PropertyValueSpecification\",\"valueRequired\":true,\"valueName\":\"search_term_string\"}}],\"inLanguage\":\"et\"},{\"@type\":\"Organization\",\"@id\":\"https:\\\/\\\/lustandlove.eu\\\/et\\\/#organization\",\"name\":\"Bioconcept Baltics O\u00dc\",\"url\":\"https:\\\/\\\/lustandlove.eu\\\/et\\\/\",\"logo\":{\"@type\":\"ImageObject\",\"inLanguage\":\"et\",\"@id\":\"https:\\\/\\\/lustandlove.eu\\\/et\\\/#\\\/schema\\\/logo\\\/image\\\/\",\"url\":\"\",\"contentUrl\":\"\",\"caption\":\"Bioconcept Baltics O\u00dc\"},\"image\":{\"@id\":\"https:\\\/\\\/lustandlove.eu\\\/et\\\/#\\\/schema\\\/logo\\\/image\\\/\"},\"sameAs\":[\"https:\\\/\\\/www.facebook.com\\\/LustandLoveEU\\\/\",\"https:\\\/\\\/www.instagram.com\\\/lustandloveeu\\\/\"]}]}<\/script>\n<!-- \/ Yoast SEO plugin. -->","yoast_head_json":{"title":"Relax! Anal Gel | Lust and Love","robots":{"index,follow,max-snippet":"index,follow,max-snippet:-1,max-image-preview:large,max-video-preview:-1"},"canonical":"https:\/\/lustandlove.eu\/et\/toode\/relax-anal-gel\/","twitter_card":"summary_large_image","twitter_title":"Relax! Anal Gel | Lust and Love","twitter_description":"Kas teadsid, et anaalseks on \u00fcks meeldivamaid seksuaalpraktikaid? Kuid selleks, et saada t\u00e4ielikku rahuldust, peate v\u00f5tma asja rahulikult. Olenemata sellest,","twitter_image":"https:\/\/lustandlove.eu\/wp-content\/uploads\/1P.jpg","twitter_misc":{"Est. reading time":"1 minut"},"schema":{"@context":"https:\/\/schema.org","@graph":[{"@type":["WebPage","ItemPage"],"@id":"https:\/\/lustandlove.eu\/et\/toode\/relax-anal-gel\/","url":"https:\/\/lustandlove.eu\/et\/toode\/relax-anal-gel\/","name":"Relax! Anal Gel | Lust and Love","isPartOf":{"@id":"https:\/\/lustandlove.eu\/et\/#website"},"primaryImageOfPage":{"@id":"https:\/\/lustandlove.eu\/et\/toode\/relax-anal-gel\/#primaryimage"},"image":{"@id":"https:\/\/lustandlove.eu\/et\/toode\/relax-anal-gel\/#primaryimage"},"thumbnailUrl":"https:\/\/lustandlove.eu\/wp-content\/uploads\/1P.jpg","datePublished":"2022-06-30T11:00:42+00:00","dateModified":"2026-04-13T07:34:16+00:00","breadcrumb":{"@id":"https:\/\/lustandlove.eu\/et\/toode\/relax-anal-gel\/#breadcrumb"},"inLanguage":"et","potentialAction":[{"@type":"ReadAction","target":["https:\/\/lustandlove.eu\/et\/toode\/relax-anal-gel\/"]}]},{"@type":"ImageObject","inLanguage":"et","@id":"https:\/\/lustandlove.eu\/et\/toode\/relax-anal-gel\/#primaryimage","url":"https:\/\/lustandlove.eu\/wp-content\/uploads\/1P.jpg","contentUrl":"https:\/\/lustandlove.eu\/wp-content\/uploads\/1P.jpg","width":1000,"height":1000,"caption":"Relax! Anal Gel"},{"@type":"BreadcrumbList","@id":"https:\/\/lustandlove.eu\/et\/toode\/relax-anal-gel\/#breadcrumb","itemListElement":[{"@type":"ListItem","position":1,"name":"Lust and Love","item":"https:\/\/lustandlove.eu\/et\/"},{"@type":"ListItem","position":2,"name":"Pood","item":"https:\/\/lustandlove.eu\/et\/pood\/"},{"@type":"ListItem","position":3,"name":"Libestid ja kehahooldus","item":"https:\/\/lustandlove.eu\/et\/pood\/apteek\/"},{"@type":"ListItem","position":4,"name":"Relax! Anal Gel"}]},{"@type":"WebSite","@id":"https:\/\/lustandlove.eu\/et\/#website","url":"https:\/\/lustandlove.eu\/et\/","name":"Lust &amp; Love","description":"Online erootikapood tervise, ilu ja armastuse jaoks","publisher":{"@id":"https:\/\/lustandlove.eu\/et\/#organization"},"potentialAction":[{"@type":"SearchAction","target":{"@type":"EntryPoint","urlTemplate":"https:\/\/lustandlove.eu\/et\/?s={search_term_string}"},"query-input":{"@type":"PropertyValueSpecification","valueRequired":true,"valueName":"search_term_string"}}],"inLanguage":"et"},{"@type":"Organization","@id":"https:\/\/lustandlove.eu\/et\/#organization","name":"Bioconcept Baltics O\u00dc","url":"https:\/\/lustandlove.eu\/et\/","logo":{"@type":"ImageObject","inLanguage":"et","@id":"https:\/\/lustandlove.eu\/et\/#\/schema\/logo\/image\/","url":"","contentUrl":"","caption":"Bioconcept Baltics O\u00dc"},"image":{"@id":"https:\/\/lustandlove.eu\/et\/#\/schema\/logo\/image\/"},"sameAs":["https:\/\/www.facebook.com\/LustandLoveEU\/","https:\/\/www.instagram.com\/lustandloveeu\/"]}]}},"_links":{"self":[{"href":"https:\/\/lustandlove.eu\/et\/wp-json\/wp\/v2\/product\/52546","targetHints":{"allow":["GET"]}}],"collection":[{"href":"https:\/\/lustandlove.eu\/et\/wp-json\/wp\/v2\/product"}],"about":[{"href":"https:\/\/lustandlove.eu\/et\/wp-json\/wp\/v2\/types\/product"}],"wp:featuredmedia":[{"embeddable":true,"href":"https:\/\/lustandlove.eu\/et\/wp-json\/wp\/v2\/media\/52493"}],"wp:attachment":[{"href":"https:\/\/lustandlove.eu\/et\/wp-json\/wp\/v2\/media?parent=52546"}],"wp:term":[{"taxonomy":"product_brand","embeddable":true,"href":"https:\/\/lustandlove.eu\/et\/wp-json\/wp\/v2\/product_brand?post=52546"},{"taxonomy":"product_cat","embeddable":true,"href":"https:\/\/lustandlove.eu\/et\/wp-json\/wp\/v2\/product_cat?post=52546"},{"taxonomy":"product_tag","embeddable":true,"href":"https:\/\/lustandlove.eu\/et\/wp-json\/wp\/v2\/product_tag?post=52546"}],"curies":[{"name":"wp","href":"https:\/\/api.w.org\/{rel}","templated":true}]}}