{"id":52551,"date":"2022-06-30T14:40:07","date_gmt":"2022-06-30T11:40:07","guid":{"rendered":"https:\/\/www.lustandlove.eu\/product\/vanilla-soojendava-effektiga-libesti\/"},"modified":"2026-04-13T10:34:15","modified_gmt":"2026-04-13T07:34:15","slug":"vanilla-soojendava-effektiga-libesti","status":"publish","type":"product","link":"https:\/\/lustandlove.eu\/et\/toode\/vanilla-soojendava-effektiga-libesti\/","title":{"rendered":"Vanilla Soojendava Effektiga Libesti"},"content":{"rendered":"<p>2-1s libesti ja soojendava toimega massaa\u017ei\u00f5li. Maitsed igale maitsele. Ei sisalda suhkrut ega parabeene, sobib ideaalselt k\u00f5ikidele erogeensetele tsoonidele: nibud, kael jne<\/p>\n<p>Koostis:<br \/>\nGl\u00fctseriin, vesi, aroom, naatriumsahhariin, karamell<\/p>\n<p>Kuidas kasutada:<br \/>\nKandke ohtralt soovitud kehapiirkonnale ja masseerige \u00f5rnalt.<\/p>\n<p>Kasutatav nii massa\u017ei\u00f5li kui libestina<br \/>\nIlma lisatud suhkurteta, gluteiinivaba ja 100% vegan<br \/>\nEI SOBI kasutamiseks koos kondoomide ja seksleludega<\/p>\n<p>Ettevaatusabin\u00f5ud:<br \/>\n&#8211; Kosmeetikatoode ainult v\u00e4lispidiseks kasutamiseks.<br \/>\n&#8211; Mitte kasutada \u00fclitundlikkuse v\u00f5i allergia korral m\u00f5ne koostisosa suhtes.<br \/>\n&#8211; \u00c4rrituse korral l\u00f5petage kasutamine.<br \/>\n&#8211; \u00c4rge kandke silma\u00fcmbrusele ega haavadele.<br \/>\n&#8211; Mitte alla neelata.<br \/>\n-Hoida lastele k\u00e4ttesaamatus kohas.<br \/>\n&#8211; Hoida jahedas ja kuivas kohas ning kaitsta p\u00e4ikesevalguse eest.<\/p>\n","protected":false},"excerpt":{"rendered":"<p>2-1s libesti ja soojendava toimega massaa\u017ei\u00f5li. Maitsed igale maitsele. Ei sisalda suhkrut ega parabeene, sobib ideaalselt k\u00f5ikidele erogeensetele tsoonidele: nibud,<\/p>\n","protected":false},"featured_media":52523,"template":"","meta":[],"product_brand":[4239],"product_cat":[1467,1460,1468,3974],"product_tag":[4093,3071,4128,1574,3083,3781,4133,3067,3444],"class_list":{"0":"post-52551","1":"product","2":"type-product","3":"status-publish","4":"has-post-thumbnail","6":"product_brand-secret-play-et","7":"product_cat-libestid","8":"product_cat-apteek","9":"product_cat-massaaziolid-ja-geelid","10":"product_cat-oli-baasil","11":"product_tag-bf35-et","12":"product_tag-libesti-et-3","13":"product_tag-lubricant-et","14":"product_tag-massaaz-et","15":"product_tag-massaazioli","16":"product_tag-must-reede","17":"product_tag-natural-et","18":"product_tag-oli","19":"product_tag-sugis","20":"pa_brand-secret-play-et","22":"first","23":"instock","24":"taxable","25":"shipping-taxable","26":"purchasable","27":"product-type-simple"},"yoast_head":"<!-- This site is optimized with the Yoast SEO plugin v27.3 - https:\/\/yoast.com\/product\/yoast-seo-wordpress\/ -->\n<title>Vanilla Soojendava Effektiga Libesti | Lust and Love<\/title>\n<meta name=\"robots\" content=\"index,follow,max-snippet:-1,max-image-preview:large,max-video-preview:-1\" \/>\n<link rel=\"canonical\" href=\"https:\/\/lustandlove.eu\/et\/toode\/vanilla-soojendava-effektiga-libesti\/\" \/>\n<meta name=\"twitter:card\" content=\"summary_large_image\" \/>\n<meta name=\"twitter:title\" content=\"Vanilla Soojendava Effektiga Libesti | Lust and Love\" \/>\n<meta name=\"twitter:description\" content=\"2-1s libesti ja soojendava toimega massaa\u017ei\u00f5li. Maitsed igale maitsele. Ei sisalda suhkrut ega parabeene, sobib ideaalselt k\u00f5ikidele erogeensetele tsoonidele: nibud,\" \/>\n<meta name=\"twitter:image\" content=\"https:\/\/lustandlove.eu\/wp-content\/uploads\/16P.jpg\" \/>\n<meta name=\"twitter:label1\" content=\"Est. reading time\" \/>\n\t<meta name=\"twitter:data1\" content=\"1 minut\" \/>\n<script type=\"application\/ld+json\" class=\"yoast-schema-graph\">{\"@context\":\"https:\\\/\\\/schema.org\",\"@graph\":[{\"@type\":[\"WebPage\",\"ItemPage\"],\"@id\":\"https:\\\/\\\/lustandlove.eu\\\/et\\\/toode\\\/vanilla-soojendava-effektiga-libesti\\\/\",\"url\":\"https:\\\/\\\/lustandlove.eu\\\/et\\\/toode\\\/vanilla-soojendava-effektiga-libesti\\\/\",\"name\":\"Vanilla Soojendava Effektiga Libesti | Lust and Love\",\"isPartOf\":{\"@id\":\"https:\\\/\\\/lustandlove.eu\\\/et\\\/#website\"},\"primaryImageOfPage\":{\"@id\":\"https:\\\/\\\/lustandlove.eu\\\/et\\\/toode\\\/vanilla-soojendava-effektiga-libesti\\\/#primaryimage\"},\"image\":{\"@id\":\"https:\\\/\\\/lustandlove.eu\\\/et\\\/toode\\\/vanilla-soojendava-effektiga-libesti\\\/#primaryimage\"},\"thumbnailUrl\":\"https:\\\/\\\/lustandlove.eu\\\/wp-content\\\/uploads\\\/16P.jpg\",\"datePublished\":\"2022-06-30T11:40:07+00:00\",\"dateModified\":\"2026-04-13T07:34:15+00:00\",\"breadcrumb\":{\"@id\":\"https:\\\/\\\/lustandlove.eu\\\/et\\\/toode\\\/vanilla-soojendava-effektiga-libesti\\\/#breadcrumb\"},\"inLanguage\":\"et\",\"potentialAction\":[{\"@type\":\"ReadAction\",\"target\":[\"https:\\\/\\\/lustandlove.eu\\\/et\\\/toode\\\/vanilla-soojendava-effektiga-libesti\\\/\"]}]},{\"@type\":\"ImageObject\",\"inLanguage\":\"et\",\"@id\":\"https:\\\/\\\/lustandlove.eu\\\/et\\\/toode\\\/vanilla-soojendava-effektiga-libesti\\\/#primaryimage\",\"url\":\"https:\\\/\\\/lustandlove.eu\\\/wp-content\\\/uploads\\\/16P.jpg\",\"contentUrl\":\"https:\\\/\\\/lustandlove.eu\\\/wp-content\\\/uploads\\\/16P.jpg\",\"width\":1000,\"height\":1000,\"caption\":\"Vanilla Hot Effect Kissable Lubricant\"},{\"@type\":\"BreadcrumbList\",\"@id\":\"https:\\\/\\\/lustandlove.eu\\\/et\\\/toode\\\/vanilla-soojendava-effektiga-libesti\\\/#breadcrumb\",\"itemListElement\":[{\"@type\":\"ListItem\",\"position\":1,\"name\":\"Lust and Love\",\"item\":\"https:\\\/\\\/lustandlove.eu\\\/et\\\/\"},{\"@type\":\"ListItem\",\"position\":2,\"name\":\"Pood\",\"item\":\"https:\\\/\\\/lustandlove.eu\\\/et\\\/pood\\\/\"},{\"@type\":\"ListItem\",\"position\":3,\"name\":\"Libestid ja kehahooldus\",\"item\":\"https:\\\/\\\/lustandlove.eu\\\/et\\\/pood\\\/apteek\\\/\"},{\"@type\":\"ListItem\",\"position\":4,\"name\":\"Vanilla Soojendava Effektiga Libesti\"}]},{\"@type\":\"WebSite\",\"@id\":\"https:\\\/\\\/lustandlove.eu\\\/et\\\/#website\",\"url\":\"https:\\\/\\\/lustandlove.eu\\\/et\\\/\",\"name\":\"Lust &amp; Love\",\"description\":\"Online erootikapood tervise, ilu ja armastuse jaoks\",\"publisher\":{\"@id\":\"https:\\\/\\\/lustandlove.eu\\\/et\\\/#organization\"},\"potentialAction\":[{\"@type\":\"SearchAction\",\"target\":{\"@type\":\"EntryPoint\",\"urlTemplate\":\"https:\\\/\\\/lustandlove.eu\\\/et\\\/?s={search_term_string}\"},\"query-input\":{\"@type\":\"PropertyValueSpecification\",\"valueRequired\":true,\"valueName\":\"search_term_string\"}}],\"inLanguage\":\"et\"},{\"@type\":\"Organization\",\"@id\":\"https:\\\/\\\/lustandlove.eu\\\/et\\\/#organization\",\"name\":\"Bioconcept Baltics O\u00dc\",\"url\":\"https:\\\/\\\/lustandlove.eu\\\/et\\\/\",\"logo\":{\"@type\":\"ImageObject\",\"inLanguage\":\"et\",\"@id\":\"https:\\\/\\\/lustandlove.eu\\\/et\\\/#\\\/schema\\\/logo\\\/image\\\/\",\"url\":\"\",\"contentUrl\":\"\",\"caption\":\"Bioconcept Baltics O\u00dc\"},\"image\":{\"@id\":\"https:\\\/\\\/lustandlove.eu\\\/et\\\/#\\\/schema\\\/logo\\\/image\\\/\"},\"sameAs\":[\"https:\\\/\\\/www.facebook.com\\\/LustandLoveEU\\\/\",\"https:\\\/\\\/www.instagram.com\\\/lustandloveeu\\\/\"]}]}<\/script>\n<!-- \/ Yoast SEO plugin. -->","yoast_head_json":{"title":"Vanilla Soojendava Effektiga Libesti | Lust and Love","robots":{"index,follow,max-snippet":"index,follow,max-snippet:-1,max-image-preview:large,max-video-preview:-1"},"canonical":"https:\/\/lustandlove.eu\/et\/toode\/vanilla-soojendava-effektiga-libesti\/","twitter_card":"summary_large_image","twitter_title":"Vanilla Soojendava Effektiga Libesti | Lust and Love","twitter_description":"2-1s libesti ja soojendava toimega massaa\u017ei\u00f5li. Maitsed igale maitsele. Ei sisalda suhkrut ega parabeene, sobib ideaalselt k\u00f5ikidele erogeensetele tsoonidele: nibud,","twitter_image":"https:\/\/lustandlove.eu\/wp-content\/uploads\/16P.jpg","twitter_misc":{"Est. reading time":"1 minut"},"schema":{"@context":"https:\/\/schema.org","@graph":[{"@type":["WebPage","ItemPage"],"@id":"https:\/\/lustandlove.eu\/et\/toode\/vanilla-soojendava-effektiga-libesti\/","url":"https:\/\/lustandlove.eu\/et\/toode\/vanilla-soojendava-effektiga-libesti\/","name":"Vanilla Soojendava Effektiga Libesti | Lust and Love","isPartOf":{"@id":"https:\/\/lustandlove.eu\/et\/#website"},"primaryImageOfPage":{"@id":"https:\/\/lustandlove.eu\/et\/toode\/vanilla-soojendava-effektiga-libesti\/#primaryimage"},"image":{"@id":"https:\/\/lustandlove.eu\/et\/toode\/vanilla-soojendava-effektiga-libesti\/#primaryimage"},"thumbnailUrl":"https:\/\/lustandlove.eu\/wp-content\/uploads\/16P.jpg","datePublished":"2022-06-30T11:40:07+00:00","dateModified":"2026-04-13T07:34:15+00:00","breadcrumb":{"@id":"https:\/\/lustandlove.eu\/et\/toode\/vanilla-soojendava-effektiga-libesti\/#breadcrumb"},"inLanguage":"et","potentialAction":[{"@type":"ReadAction","target":["https:\/\/lustandlove.eu\/et\/toode\/vanilla-soojendava-effektiga-libesti\/"]}]},{"@type":"ImageObject","inLanguage":"et","@id":"https:\/\/lustandlove.eu\/et\/toode\/vanilla-soojendava-effektiga-libesti\/#primaryimage","url":"https:\/\/lustandlove.eu\/wp-content\/uploads\/16P.jpg","contentUrl":"https:\/\/lustandlove.eu\/wp-content\/uploads\/16P.jpg","width":1000,"height":1000,"caption":"Vanilla Hot Effect Kissable Lubricant"},{"@type":"BreadcrumbList","@id":"https:\/\/lustandlove.eu\/et\/toode\/vanilla-soojendava-effektiga-libesti\/#breadcrumb","itemListElement":[{"@type":"ListItem","position":1,"name":"Lust and Love","item":"https:\/\/lustandlove.eu\/et\/"},{"@type":"ListItem","position":2,"name":"Pood","item":"https:\/\/lustandlove.eu\/et\/pood\/"},{"@type":"ListItem","position":3,"name":"Libestid ja kehahooldus","item":"https:\/\/lustandlove.eu\/et\/pood\/apteek\/"},{"@type":"ListItem","position":4,"name":"Vanilla Soojendava Effektiga Libesti"}]},{"@type":"WebSite","@id":"https:\/\/lustandlove.eu\/et\/#website","url":"https:\/\/lustandlove.eu\/et\/","name":"Lust &amp; Love","description":"Online erootikapood tervise, ilu ja armastuse jaoks","publisher":{"@id":"https:\/\/lustandlove.eu\/et\/#organization"},"potentialAction":[{"@type":"SearchAction","target":{"@type":"EntryPoint","urlTemplate":"https:\/\/lustandlove.eu\/et\/?s={search_term_string}"},"query-input":{"@type":"PropertyValueSpecification","valueRequired":true,"valueName":"search_term_string"}}],"inLanguage":"et"},{"@type":"Organization","@id":"https:\/\/lustandlove.eu\/et\/#organization","name":"Bioconcept Baltics O\u00dc","url":"https:\/\/lustandlove.eu\/et\/","logo":{"@type":"ImageObject","inLanguage":"et","@id":"https:\/\/lustandlove.eu\/et\/#\/schema\/logo\/image\/","url":"","contentUrl":"","caption":"Bioconcept Baltics O\u00dc"},"image":{"@id":"https:\/\/lustandlove.eu\/et\/#\/schema\/logo\/image\/"},"sameAs":["https:\/\/www.facebook.com\/LustandLoveEU\/","https:\/\/www.instagram.com\/lustandloveeu\/"]}]}},"_links":{"self":[{"href":"https:\/\/lustandlove.eu\/et\/wp-json\/wp\/v2\/product\/52551","targetHints":{"allow":["GET"]}}],"collection":[{"href":"https:\/\/lustandlove.eu\/et\/wp-json\/wp\/v2\/product"}],"about":[{"href":"https:\/\/lustandlove.eu\/et\/wp-json\/wp\/v2\/types\/product"}],"wp:featuredmedia":[{"embeddable":true,"href":"https:\/\/lustandlove.eu\/et\/wp-json\/wp\/v2\/media\/52523"}],"wp:attachment":[{"href":"https:\/\/lustandlove.eu\/et\/wp-json\/wp\/v2\/media?parent=52551"}],"wp:term":[{"taxonomy":"product_brand","embeddable":true,"href":"https:\/\/lustandlove.eu\/et\/wp-json\/wp\/v2\/product_brand?post=52551"},{"taxonomy":"product_cat","embeddable":true,"href":"https:\/\/lustandlove.eu\/et\/wp-json\/wp\/v2\/product_cat?post=52551"},{"taxonomy":"product_tag","embeddable":true,"href":"https:\/\/lustandlove.eu\/et\/wp-json\/wp\/v2\/product_tag?post=52551"}],"curies":[{"name":"wp","href":"https:\/\/api.w.org\/{rel}","templated":true}]}}