{"id":52555,"date":"2022-06-30T14:48:53","date_gmt":"2022-06-30T11:48:53","guid":{"rendered":"https:\/\/www.lustandlove.eu\/product\/peach-sparkling-wine-massaazioli\/"},"modified":"2026-04-13T10:34:14","modified_gmt":"2026-04-13T07:34:14","slug":"peach-sparkling-wine-massaazioli","status":"publish","type":"product","link":"https:\/\/lustandlove.eu\/et\/toode\/peach-sparkling-wine-massaazioli\/","title":{"rendered":"Peach &#038; Sparkling Wine Massaa\u017ei\u00f5li"},"content":{"rendered":"<p>Peach &amp; Sparkling Wine massaa\u017ei\u00f5lil on libeda tekstuuriga, mis v\u00f5imaldab massaa\u017ei kaudu stimuleerida k\u00f5iki meeli.<br \/>\nSee sisaldab ka tr\u00fchvlit, mis oma aroomiga stimuleerib seksuaalset iha loomulikul viisil: vastupandamatu t\u00f5mme k\u00f5igile.<br \/>\nLaske end kaasa haarata selle massaa\u017ei\u00f5liga, mis laseb k\u00e4tel ja huultel meeldivalt reisida \u00fcle partneri v\u00f5i sinu keha.<br \/>\nNahk on k\u00f5ige olulisem seksuaalorgan ja selle eest hoolitsemine on h\u00e4davajalik, mist\u00f5ttu aitab \u00f5li lisaks nahale kauni v\u00e4limuse andmisele ka selle niisutamisega.<br \/>\nT\u00e4nu oma disainile ja dosaatorile, mis kontrollib kasutatavat kogust, saate nautida erootilist massaa\u017ei, mis on t\u00e4is meeldivaid tundeid&#8230;\u00a0 Sellest saab teie eelm\u00e4ngude oluline aksessuaar.<\/p>\n<p>Koostis:<br \/>\nParaffinum liquidum, Parfum, Helianthus annuus (p\u00e4evalille) seemne\u00f5li, Tuber melanosporum ekstrakt, tokofer\u00fc\u00fclatsetaat, bens\u00fc\u00fclbensoaat, limoneen, linalool, tsitronellool, heks\u00fc\u00fclkaneel, bens\u00fc\u00fclsalits\u00fclaat, tsitraal<\/p>\n<p>Kuidas kasutada:<br \/>\nKandke rohkelt soovitud kehapiirkonnale ja masseerige \u00f5rnalt.<\/p>\n<p>Ettevaatusabin\u00f5ud:<br \/>\n&#8211; Kosmeetikatoode ainult v\u00e4lispidiseks kasutamiseks.<br \/>\n&#8211; Mitte kasutada \u00fclitundlikkuse v\u00f5i allergia korral m\u00f5ne koostisosa suhtes.<br \/>\n&#8211; \u00c4rrituse korral l\u00f5petage kasutamine.<br \/>\n&#8211; \u00c4rge kandke silma\u00fcmbrusele ega haavadele.<br \/>\n&#8211; Mitte alla neelata.<br \/>\n-Hoida lastele k\u00e4ttesaamatus kohas.<br \/>\n&#8211; Hoida jahedas ja kuivas kohas ning kaitsta p\u00e4ikesevalguse eest.<\/p>\n","protected":false},"excerpt":{"rendered":"<p>Peach &amp; Sparkling Wine massaa\u017ei\u00f5lil on libeda tekstuuriga, mis v\u00f5imaldab massaa\u017ei kaudu stimuleerida k\u00f5iki meeli. See sisaldab ka tr\u00fchvlit, mis<\/p>\n","protected":false},"featured_media":52511,"template":"","meta":[],"product_brand":[4239],"product_cat":[1467,1460,1468,3974],"product_tag":[3093,4093,1574,3083,3781,3403,4133,3067,3654,3312],"class_list":{"0":"post-52555","1":"product","2":"type-product","3":"status-publish","4":"has-post-thumbnail","6":"product_brand-secret-play-et","7":"product_cat-libestid","8":"product_cat-apteek","9":"product_cat-massaaziolid-ja-geelid","10":"product_cat-oli-baasil","11":"product_tag-aftercare-et","12":"product_tag-bf35-et","13":"product_tag-massaaz-et","14":"product_tag-massaazioli","15":"product_tag-must-reede","16":"product_tag-naistepaev","17":"product_tag-natural-et","18":"product_tag-oli","19":"product_tag-reisiks","20":"product_tag-valentines-et","21":"pa_brand-secret-play-et","23":"first","24":"instock","25":"taxable","26":"shipping-taxable","27":"purchasable","28":"product-type-simple"},"yoast_head":"<!-- This site is optimized with the Yoast SEO plugin v27.3 - https:\/\/yoast.com\/product\/yoast-seo-wordpress\/ -->\n<title>Peach &amp; Sparkling Wine Massaa\u017ei\u00f5li | Lust and Love<\/title>\n<meta name=\"robots\" content=\"index,follow,max-snippet:-1,max-image-preview:large,max-video-preview:-1\" \/>\n<link rel=\"canonical\" href=\"https:\/\/lustandlove.eu\/et\/toode\/peach-sparkling-wine-massaazioli\/\" \/>\n<meta name=\"twitter:card\" content=\"summary_large_image\" \/>\n<meta name=\"twitter:title\" content=\"Peach &amp; Sparkling Wine Massaa\u017ei\u00f5li | Lust and Love\" \/>\n<meta name=\"twitter:description\" content=\"Peach &amp; Sparkling Wine massaa\u017ei\u00f5lil on libeda tekstuuriga, mis v\u00f5imaldab massaa\u017ei kaudu stimuleerida k\u00f5iki meeli. See sisaldab ka tr\u00fchvlit, mis\" \/>\n<meta name=\"twitter:image\" content=\"https:\/\/lustandlove.eu\/wp-content\/uploads\/10P.jpg\" \/>\n<meta name=\"twitter:label1\" content=\"Est. reading time\" \/>\n\t<meta name=\"twitter:data1\" content=\"1 minut\" \/>\n<script type=\"application\/ld+json\" class=\"yoast-schema-graph\">{\"@context\":\"https:\\\/\\\/schema.org\",\"@graph\":[{\"@type\":[\"WebPage\",\"ItemPage\"],\"@id\":\"https:\\\/\\\/lustandlove.eu\\\/et\\\/toode\\\/peach-sparkling-wine-massaazioli\\\/\",\"url\":\"https:\\\/\\\/lustandlove.eu\\\/et\\\/toode\\\/peach-sparkling-wine-massaazioli\\\/\",\"name\":\"Peach & Sparkling Wine Massaa\u017ei\u00f5li | Lust and Love\",\"isPartOf\":{\"@id\":\"https:\\\/\\\/lustandlove.eu\\\/et\\\/#website\"},\"primaryImageOfPage\":{\"@id\":\"https:\\\/\\\/lustandlove.eu\\\/et\\\/toode\\\/peach-sparkling-wine-massaazioli\\\/#primaryimage\"},\"image\":{\"@id\":\"https:\\\/\\\/lustandlove.eu\\\/et\\\/toode\\\/peach-sparkling-wine-massaazioli\\\/#primaryimage\"},\"thumbnailUrl\":\"https:\\\/\\\/lustandlove.eu\\\/wp-content\\\/uploads\\\/10P.jpg\",\"datePublished\":\"2022-06-30T11:48:53+00:00\",\"dateModified\":\"2026-04-13T07:34:14+00:00\",\"breadcrumb\":{\"@id\":\"https:\\\/\\\/lustandlove.eu\\\/et\\\/toode\\\/peach-sparkling-wine-massaazioli\\\/#breadcrumb\"},\"inLanguage\":\"et\",\"potentialAction\":[{\"@type\":\"ReadAction\",\"target\":[\"https:\\\/\\\/lustandlove.eu\\\/et\\\/toode\\\/peach-sparkling-wine-massaazioli\\\/\"]}]},{\"@type\":\"ImageObject\",\"inLanguage\":\"et\",\"@id\":\"https:\\\/\\\/lustandlove.eu\\\/et\\\/toode\\\/peach-sparkling-wine-massaazioli\\\/#primaryimage\",\"url\":\"https:\\\/\\\/lustandlove.eu\\\/wp-content\\\/uploads\\\/10P.jpg\",\"contentUrl\":\"https:\\\/\\\/lustandlove.eu\\\/wp-content\\\/uploads\\\/10P.jpg\",\"width\":1000,\"height\":1000,\"caption\":\"Peach & Sparkling Wine Massage Oil\"},{\"@type\":\"BreadcrumbList\",\"@id\":\"https:\\\/\\\/lustandlove.eu\\\/et\\\/toode\\\/peach-sparkling-wine-massaazioli\\\/#breadcrumb\",\"itemListElement\":[{\"@type\":\"ListItem\",\"position\":1,\"name\":\"Lust and Love\",\"item\":\"https:\\\/\\\/lustandlove.eu\\\/et\\\/\"},{\"@type\":\"ListItem\",\"position\":2,\"name\":\"Pood\",\"item\":\"https:\\\/\\\/lustandlove.eu\\\/et\\\/pood\\\/\"},{\"@type\":\"ListItem\",\"position\":3,\"name\":\"Libestid ja kehahooldus\",\"item\":\"https:\\\/\\\/lustandlove.eu\\\/et\\\/pood\\\/apteek\\\/\"},{\"@type\":\"ListItem\",\"position\":4,\"name\":\"Peach &#038; Sparkling Wine Massaa\u017ei\u00f5li\"}]},{\"@type\":\"WebSite\",\"@id\":\"https:\\\/\\\/lustandlove.eu\\\/et\\\/#website\",\"url\":\"https:\\\/\\\/lustandlove.eu\\\/et\\\/\",\"name\":\"Lust &amp; Love\",\"description\":\"Online erootikapood tervise, ilu ja armastuse jaoks\",\"publisher\":{\"@id\":\"https:\\\/\\\/lustandlove.eu\\\/et\\\/#organization\"},\"potentialAction\":[{\"@type\":\"SearchAction\",\"target\":{\"@type\":\"EntryPoint\",\"urlTemplate\":\"https:\\\/\\\/lustandlove.eu\\\/et\\\/?s={search_term_string}\"},\"query-input\":{\"@type\":\"PropertyValueSpecification\",\"valueRequired\":true,\"valueName\":\"search_term_string\"}}],\"inLanguage\":\"et\"},{\"@type\":\"Organization\",\"@id\":\"https:\\\/\\\/lustandlove.eu\\\/et\\\/#organization\",\"name\":\"Bioconcept Baltics O\u00dc\",\"url\":\"https:\\\/\\\/lustandlove.eu\\\/et\\\/\",\"logo\":{\"@type\":\"ImageObject\",\"inLanguage\":\"et\",\"@id\":\"https:\\\/\\\/lustandlove.eu\\\/et\\\/#\\\/schema\\\/logo\\\/image\\\/\",\"url\":\"\",\"contentUrl\":\"\",\"caption\":\"Bioconcept Baltics O\u00dc\"},\"image\":{\"@id\":\"https:\\\/\\\/lustandlove.eu\\\/et\\\/#\\\/schema\\\/logo\\\/image\\\/\"},\"sameAs\":[\"https:\\\/\\\/www.facebook.com\\\/LustandLoveEU\\\/\",\"https:\\\/\\\/www.instagram.com\\\/lustandloveeu\\\/\"]}]}<\/script>\n<!-- \/ Yoast SEO plugin. -->","yoast_head_json":{"title":"Peach & Sparkling Wine Massaa\u017ei\u00f5li | Lust and Love","robots":{"index,follow,max-snippet":"index,follow,max-snippet:-1,max-image-preview:large,max-video-preview:-1"},"canonical":"https:\/\/lustandlove.eu\/et\/toode\/peach-sparkling-wine-massaazioli\/","twitter_card":"summary_large_image","twitter_title":"Peach & Sparkling Wine Massaa\u017ei\u00f5li | Lust and Love","twitter_description":"Peach &amp; Sparkling Wine massaa\u017ei\u00f5lil on libeda tekstuuriga, mis v\u00f5imaldab massaa\u017ei kaudu stimuleerida k\u00f5iki meeli. See sisaldab ka tr\u00fchvlit, mis","twitter_image":"https:\/\/lustandlove.eu\/wp-content\/uploads\/10P.jpg","twitter_misc":{"Est. reading time":"1 minut"},"schema":{"@context":"https:\/\/schema.org","@graph":[{"@type":["WebPage","ItemPage"],"@id":"https:\/\/lustandlove.eu\/et\/toode\/peach-sparkling-wine-massaazioli\/","url":"https:\/\/lustandlove.eu\/et\/toode\/peach-sparkling-wine-massaazioli\/","name":"Peach & Sparkling Wine Massaa\u017ei\u00f5li | Lust and Love","isPartOf":{"@id":"https:\/\/lustandlove.eu\/et\/#website"},"primaryImageOfPage":{"@id":"https:\/\/lustandlove.eu\/et\/toode\/peach-sparkling-wine-massaazioli\/#primaryimage"},"image":{"@id":"https:\/\/lustandlove.eu\/et\/toode\/peach-sparkling-wine-massaazioli\/#primaryimage"},"thumbnailUrl":"https:\/\/lustandlove.eu\/wp-content\/uploads\/10P.jpg","datePublished":"2022-06-30T11:48:53+00:00","dateModified":"2026-04-13T07:34:14+00:00","breadcrumb":{"@id":"https:\/\/lustandlove.eu\/et\/toode\/peach-sparkling-wine-massaazioli\/#breadcrumb"},"inLanguage":"et","potentialAction":[{"@type":"ReadAction","target":["https:\/\/lustandlove.eu\/et\/toode\/peach-sparkling-wine-massaazioli\/"]}]},{"@type":"ImageObject","inLanguage":"et","@id":"https:\/\/lustandlove.eu\/et\/toode\/peach-sparkling-wine-massaazioli\/#primaryimage","url":"https:\/\/lustandlove.eu\/wp-content\/uploads\/10P.jpg","contentUrl":"https:\/\/lustandlove.eu\/wp-content\/uploads\/10P.jpg","width":1000,"height":1000,"caption":"Peach & Sparkling Wine Massage Oil"},{"@type":"BreadcrumbList","@id":"https:\/\/lustandlove.eu\/et\/toode\/peach-sparkling-wine-massaazioli\/#breadcrumb","itemListElement":[{"@type":"ListItem","position":1,"name":"Lust and Love","item":"https:\/\/lustandlove.eu\/et\/"},{"@type":"ListItem","position":2,"name":"Pood","item":"https:\/\/lustandlove.eu\/et\/pood\/"},{"@type":"ListItem","position":3,"name":"Libestid ja kehahooldus","item":"https:\/\/lustandlove.eu\/et\/pood\/apteek\/"},{"@type":"ListItem","position":4,"name":"Peach &#038; Sparkling Wine Massaa\u017ei\u00f5li"}]},{"@type":"WebSite","@id":"https:\/\/lustandlove.eu\/et\/#website","url":"https:\/\/lustandlove.eu\/et\/","name":"Lust &amp; Love","description":"Online erootikapood tervise, ilu ja armastuse jaoks","publisher":{"@id":"https:\/\/lustandlove.eu\/et\/#organization"},"potentialAction":[{"@type":"SearchAction","target":{"@type":"EntryPoint","urlTemplate":"https:\/\/lustandlove.eu\/et\/?s={search_term_string}"},"query-input":{"@type":"PropertyValueSpecification","valueRequired":true,"valueName":"search_term_string"}}],"inLanguage":"et"},{"@type":"Organization","@id":"https:\/\/lustandlove.eu\/et\/#organization","name":"Bioconcept Baltics O\u00dc","url":"https:\/\/lustandlove.eu\/et\/","logo":{"@type":"ImageObject","inLanguage":"et","@id":"https:\/\/lustandlove.eu\/et\/#\/schema\/logo\/image\/","url":"","contentUrl":"","caption":"Bioconcept Baltics O\u00dc"},"image":{"@id":"https:\/\/lustandlove.eu\/et\/#\/schema\/logo\/image\/"},"sameAs":["https:\/\/www.facebook.com\/LustandLoveEU\/","https:\/\/www.instagram.com\/lustandloveeu\/"]}]}},"_links":{"self":[{"href":"https:\/\/lustandlove.eu\/et\/wp-json\/wp\/v2\/product\/52555","targetHints":{"allow":["GET"]}}],"collection":[{"href":"https:\/\/lustandlove.eu\/et\/wp-json\/wp\/v2\/product"}],"about":[{"href":"https:\/\/lustandlove.eu\/et\/wp-json\/wp\/v2\/types\/product"}],"wp:featuredmedia":[{"embeddable":true,"href":"https:\/\/lustandlove.eu\/et\/wp-json\/wp\/v2\/media\/52511"}],"wp:attachment":[{"href":"https:\/\/lustandlove.eu\/et\/wp-json\/wp\/v2\/media?parent=52555"}],"wp:term":[{"taxonomy":"product_brand","embeddable":true,"href":"https:\/\/lustandlove.eu\/et\/wp-json\/wp\/v2\/product_brand?post=52555"},{"taxonomy":"product_cat","embeddable":true,"href":"https:\/\/lustandlove.eu\/et\/wp-json\/wp\/v2\/product_cat?post=52555"},{"taxonomy":"product_tag","embeddable":true,"href":"https:\/\/lustandlove.eu\/et\/wp-json\/wp\/v2\/product_tag?post=52555"}],"curies":[{"name":"wp","href":"https:\/\/api.w.org\/{rel}","templated":true}]}}