{"id":52616,"date":"2022-07-12T10:31:09","date_gmt":"2022-07-14T06:25:22","guid":{"rendered":"https:\/\/www.lustandlove.eu\/?post_type=product&#038;p=52616"},"modified":"2025-08-19T15:39:53","modified_gmt":"2025-08-19T12:39:53","slug":"shimmer","status":"publish","type":"product","link":"https:\/\/lustandlove.eu\/et\/toode\/shimmer\/","title":{"rendered":"Shimmer"},"content":{"rendered":"<p>Shimmer on p\u00e4rit maailmast, kus on pikad p\u00e4evad ja pikad \u00f6\u00f6d, nii et neile meeldib hetkest maksimumi v\u00f5tta. Tema saba on spetsiaalse kurviga, et avada s\u00fcgav G-punkti ja eesn\u00e4\u00e4rme stimulatsioon. Koos v\u00f5imsate vibratsioonimustritega s\u00e4rate ka teie!<\/p>\n<p>S\u00f5rmed saate kergesti \u00fcle tema uimede panna, et muuta need ergonoomiliseks k\u00e4epidemeks, kui pakute r\u00f5\u00f5mu endale v\u00f5i teistele. Need samad uimed loovad piiri, muutes teie anaalm\u00e4ngu turvaliseks ja mahlaseks. Shimmer on s\u00f5ber, kellega tasub palju hetki veeta.<\/p>\n","protected":false},"excerpt":{"rendered":"<p>Shimmer on p\u00e4rit maailmast, kus on pikad p\u00e4evad ja pikad \u00f6\u00f6d, nii et neile meeldib hetkest maksimumi v\u00f5tta. Tema saba<\/p>\n","protected":false},"featured_media":52595,"template":"","meta":[],"product_cat":[1484,1488,3980],"product_tag":[3654,4104],"yoast_head":"<!-- This site is optimized with the Yoast SEO plugin v22.9 - https:\/\/yoast.com\/wordpress\/plugins\/seo\/ -->\n<title>Shimmer | Lust and Love<\/title>\n<meta name=\"robots\" content=\"index,follow,max-snippet:-1,max-image-preview:large,max-video-preview:-1\" \/>\n<link rel=\"canonical\" href=\"https:\/\/lustandlove.eu\/et\/toode\/shimmer\/\" \/>\n<meta name=\"twitter:card\" content=\"summary_large_image\" \/>\n<meta name=\"twitter:title\" content=\"Shimmer | Lust and Love\" \/>\n<meta name=\"twitter:description\" content=\"Shimmer on p\u00e4rit maailmast, kus on pikad p\u00e4evad ja pikad \u00f6\u00f6d, nii et neile meeldib hetkest maksimumi v\u00f5tta. Tema saba\" \/>\n<meta name=\"twitter:image\" content=\"https:\/\/lustandlove.eu\/wp-content\/uploads\/00-Shimmer-Moonlight.png\" \/>\n<script type=\"application\/ld+json\" class=\"yoast-schema-graph\">{\"@context\":\"https:\/\/schema.org\",\"@graph\":[{\"@type\":[\"WebPage\",\"ItemPage\"],\"@id\":\"https:\/\/lustandlove.eu\/et\/toode\/shimmer\/\",\"url\":\"https:\/\/lustandlove.eu\/et\/toode\/shimmer\/\",\"name\":\"Shimmer | Lust and Love\",\"isPartOf\":{\"@id\":\"https:\/\/lustandlove.eu\/et\/#website\"},\"primaryImageOfPage\":{\"@id\":\"https:\/\/lustandlove.eu\/et\/toode\/shimmer\/#primaryimage\"},\"image\":{\"@id\":\"https:\/\/lustandlove.eu\/et\/toode\/shimmer\/#primaryimage\"},\"thumbnailUrl\":\"https:\/\/lustandlove.eu\/wp-content\/uploads\/00-Shimmer-Moonlight.png\",\"datePublished\":\"2022-07-14T06:25:22+00:00\",\"dateModified\":\"2025-08-19T12:39:53+00:00\",\"breadcrumb\":{\"@id\":\"https:\/\/lustandlove.eu\/et\/toode\/shimmer\/#breadcrumb\"},\"inLanguage\":\"et\",\"potentialAction\":[{\"@type\":\"ReadAction\",\"target\":[\"https:\/\/lustandlove.eu\/et\/toode\/shimmer\/\"]}]},{\"@type\":\"ImageObject\",\"inLanguage\":\"et\",\"@id\":\"https:\/\/lustandlove.eu\/et\/toode\/shimmer\/#primaryimage\",\"url\":\"https:\/\/lustandlove.eu\/wp-content\/uploads\/00-Shimmer-Moonlight.png\",\"contentUrl\":\"https:\/\/lustandlove.eu\/wp-content\/uploads\/00-Shimmer-Moonlight.png\",\"width\":1138,\"height\":1138,\"caption\":\"Shimmer\"},{\"@type\":\"BreadcrumbList\",\"@id\":\"https:\/\/lustandlove.eu\/et\/toode\/shimmer\/#breadcrumb\",\"itemListElement\":[{\"@type\":\"ListItem\",\"position\":1,\"name\":\"Lust and Love\",\"item\":\"https:\/\/lustandlove.eu\/et\/\"},{\"@type\":\"ListItem\",\"position\":2,\"name\":\"Pood\",\"item\":\"https:\/\/lustandlove.eu\/et\/pood\/\"},{\"@type\":\"ListItem\",\"position\":3,\"name\":\"Sekslelud\",\"item\":\"https:\/\/lustandlove.eu\/et\/pood\/sekslelud\/\"},{\"@type\":\"ListItem\",\"position\":4,\"name\":\"Vibraatorid\",\"item\":\"https:\/\/lustandlove.eu\/et\/pood\/sekslelud\/vibraatorid\/\"},{\"@type\":\"ListItem\",\"position\":5,\"name\":\"Klassikalised\",\"item\":\"https:\/\/lustandlove.eu\/et\/pood\/sekslelud\/vibraatorid\/klassikalised\/\"},{\"@type\":\"ListItem\",\"position\":6,\"name\":\"Shimmer\"}]},{\"@type\":\"WebSite\",\"@id\":\"https:\/\/lustandlove.eu\/et\/#website\",\"url\":\"https:\/\/lustandlove.eu\/et\/\",\"name\":\"Lust &amp; Love\",\"description\":\"Online erootikapood tervise, ilu ja armastuse jaoks\",\"publisher\":{\"@id\":\"https:\/\/lustandlove.eu\/et\/#organization\"},\"potentialAction\":[{\"@type\":\"SearchAction\",\"target\":{\"@type\":\"EntryPoint\",\"urlTemplate\":\"https:\/\/lustandlove.eu\/et\/?s={search_term_string}\"},\"query-input\":\"required name=search_term_string\"}],\"inLanguage\":\"et\"},{\"@type\":\"Organization\",\"@id\":\"https:\/\/lustandlove.eu\/et\/#organization\",\"name\":\"Bioconcept Baltics O\u00dc\",\"url\":\"https:\/\/lustandlove.eu\/et\/\",\"logo\":{\"@type\":\"ImageObject\",\"inLanguage\":\"et\",\"@id\":\"https:\/\/lustandlove.eu\/et\/#\/schema\/logo\/image\/\",\"url\":\"\",\"contentUrl\":\"\",\"caption\":\"Bioconcept Baltics O\u00dc\"},\"image\":{\"@id\":\"https:\/\/lustandlove.eu\/et\/#\/schema\/logo\/image\/\"},\"sameAs\":[\"https:\/\/www.facebook.com\/LustandLoveEU\/\",\"https:\/\/www.instagram.com\/lustandloveeu\/\"]}]}<\/script>\n<!-- \/ Yoast SEO plugin. -->","yoast_head_json":{"title":"Shimmer | Lust and Love","robots":{"index,follow,max-snippet":"index,follow,max-snippet:-1,max-image-preview:large,max-video-preview:-1"},"canonical":"https:\/\/lustandlove.eu\/et\/toode\/shimmer\/","twitter_card":"summary_large_image","twitter_title":"Shimmer | Lust and Love","twitter_description":"Shimmer on p\u00e4rit maailmast, kus on pikad p\u00e4evad ja pikad \u00f6\u00f6d, nii et neile meeldib hetkest maksimumi v\u00f5tta. Tema saba","twitter_image":"https:\/\/lustandlove.eu\/wp-content\/uploads\/00-Shimmer-Moonlight.png","schema":{"@context":"https:\/\/schema.org","@graph":[{"@type":["WebPage","ItemPage"],"@id":"https:\/\/lustandlove.eu\/et\/toode\/shimmer\/","url":"https:\/\/lustandlove.eu\/et\/toode\/shimmer\/","name":"Shimmer | Lust and Love","isPartOf":{"@id":"https:\/\/lustandlove.eu\/et\/#website"},"primaryImageOfPage":{"@id":"https:\/\/lustandlove.eu\/et\/toode\/shimmer\/#primaryimage"},"image":{"@id":"https:\/\/lustandlove.eu\/et\/toode\/shimmer\/#primaryimage"},"thumbnailUrl":"https:\/\/lustandlove.eu\/wp-content\/uploads\/00-Shimmer-Moonlight.png","datePublished":"2022-07-14T06:25:22+00:00","dateModified":"2025-08-19T12:39:53+00:00","breadcrumb":{"@id":"https:\/\/lustandlove.eu\/et\/toode\/shimmer\/#breadcrumb"},"inLanguage":"et","potentialAction":[{"@type":"ReadAction","target":["https:\/\/lustandlove.eu\/et\/toode\/shimmer\/"]}]},{"@type":"ImageObject","inLanguage":"et","@id":"https:\/\/lustandlove.eu\/et\/toode\/shimmer\/#primaryimage","url":"https:\/\/lustandlove.eu\/wp-content\/uploads\/00-Shimmer-Moonlight.png","contentUrl":"https:\/\/lustandlove.eu\/wp-content\/uploads\/00-Shimmer-Moonlight.png","width":1138,"height":1138,"caption":"Shimmer"},{"@type":"BreadcrumbList","@id":"https:\/\/lustandlove.eu\/et\/toode\/shimmer\/#breadcrumb","itemListElement":[{"@type":"ListItem","position":1,"name":"Lust and Love","item":"https:\/\/lustandlove.eu\/et\/"},{"@type":"ListItem","position":2,"name":"Pood","item":"https:\/\/lustandlove.eu\/et\/pood\/"},{"@type":"ListItem","position":3,"name":"Sekslelud","item":"https:\/\/lustandlove.eu\/et\/pood\/sekslelud\/"},{"@type":"ListItem","position":4,"name":"Vibraatorid","item":"https:\/\/lustandlove.eu\/et\/pood\/sekslelud\/vibraatorid\/"},{"@type":"ListItem","position":5,"name":"Klassikalised","item":"https:\/\/lustandlove.eu\/et\/pood\/sekslelud\/vibraatorid\/klassikalised\/"},{"@type":"ListItem","position":6,"name":"Shimmer"}]},{"@type":"WebSite","@id":"https:\/\/lustandlove.eu\/et\/#website","url":"https:\/\/lustandlove.eu\/et\/","name":"Lust &amp; Love","description":"Online erootikapood tervise, ilu ja armastuse jaoks","publisher":{"@id":"https:\/\/lustandlove.eu\/et\/#organization"},"potentialAction":[{"@type":"SearchAction","target":{"@type":"EntryPoint","urlTemplate":"https:\/\/lustandlove.eu\/et\/?s={search_term_string}"},"query-input":"required name=search_term_string"}],"inLanguage":"et"},{"@type":"Organization","@id":"https:\/\/lustandlove.eu\/et\/#organization","name":"Bioconcept Baltics O\u00dc","url":"https:\/\/lustandlove.eu\/et\/","logo":{"@type":"ImageObject","inLanguage":"et","@id":"https:\/\/lustandlove.eu\/et\/#\/schema\/logo\/image\/","url":"","contentUrl":"","caption":"Bioconcept Baltics O\u00dc"},"image":{"@id":"https:\/\/lustandlove.eu\/et\/#\/schema\/logo\/image\/"},"sameAs":["https:\/\/www.facebook.com\/LustandLoveEU\/","https:\/\/www.instagram.com\/lustandloveeu\/"]}]}},"_links":{"self":[{"href":"https:\/\/lustandlove.eu\/et\/wp-json\/wp\/v2\/product\/52616"}],"collection":[{"href":"https:\/\/lustandlove.eu\/et\/wp-json\/wp\/v2\/product"}],"about":[{"href":"https:\/\/lustandlove.eu\/et\/wp-json\/wp\/v2\/types\/product"}],"wp:featuredmedia":[{"embeddable":true,"href":"https:\/\/lustandlove.eu\/et\/wp-json\/wp\/v2\/media\/52595"}],"wp:attachment":[{"href":"https:\/\/lustandlove.eu\/et\/wp-json\/wp\/v2\/media?parent=52616"}],"wp:term":[{"taxonomy":"product_cat","embeddable":true,"href":"https:\/\/lustandlove.eu\/et\/wp-json\/wp\/v2\/product_cat?post=52616"},{"taxonomy":"product_tag","embeddable":true,"href":"https:\/\/lustandlove.eu\/et\/wp-json\/wp\/v2\/product_tag?post=52616"}],"curies":[{"name":"wp","href":"https:\/\/api.w.org\/{rel}","templated":true}]}}