{"id":52780,"date":"2022-08-04T08:46:17","date_gmt":"2022-08-04T06:00:07","guid":{"rendered":"https:\/\/www.lustandlove.eu\/?post_type=product&#038;p=52780"},"modified":"2025-08-19T15:39:53","modified_gmt":"2025-08-19T12:39:53","slug":"gcup-menstruaalanum","status":"publish","type":"product","link":"https:\/\/lustandlove.eu\/et\/toode\/gcup-menstruaalanum\/","title":{"rendered":"GCup Menstruaalanum"},"content":{"rendered":"<p>Menstruaalanum Gcup on kellukese kujuga. Gcupi peamine eelis on sisemine sisse volditud klapp. T\u00e4nu klapile ei valgu aktiivse eluviisi korral vedelik tuppe tagasi. V\u00f5ite tegeleda oma igap\u00e4evaste tegevustega, sportida ja isegi ujuda, unustades t\u00e4ielikult &#8220;need p\u00e4evad&#8221;. Gcupil on pehme ja sile pind, mis on ideaalse suurusega, et v\u00e4ltida ebamugavust. Lisaks s\u00e4\u00e4stavad menstruaalanumad m\u00e4rkimisv\u00e4\u00e4rselt tavaliste kasutatavate sidemete ja tampoonide hulka. Menstruaalanum Gcup on naiste tervisele t\u00e4iesti ohutu.<\/p>\n<p>Gcupi peamine eelis on sisemine struktuur. Kausi sees on tagasil\u00f6\u00f6giklapp, mis ei lase vedelikul v\u00e4lja p\u00e4\u00e4seda. Menstruaalanum Gcup on kellukese kujuga, mis teeb selle kasutamise lihtsaks.<\/p>\n<p><strong>Omadused<\/strong><br \/>\nM\u00f5eldud aktiivseks elustiiliks.<br \/>\nPremium kvaliteediga materjal.<br \/>\nOhutus.<br \/>\nLekkekaitse \u2013 tagasil\u00f6\u00f6giklapp.<br \/>\nEi mingit l\u00f5hna.<br \/>\nMugav klassikaline kuju.<br \/>\nKeskkonnas\u00f5bralik koostis &#8211; 100% silikoon.<br \/>\n\u00d6konoomne, kasutusiga kuni 10 aastat.<br \/>\nSuurus S &#8211; v\u00e4iksema ja keskmise koguse vedeliku hoidmiseks: pikkus koos sabaga: 60 mm, s\u00fcgavus &#8211; 40 mm, l\u00e4bim\u00f5\u00f5t &#8211; 35 mm, maht &#8211; 20 ml.<\/p>\n","protected":false},"excerpt":{"rendered":"<p>Menstruaalanum Gcup on kellukese kujuga. Gcupi peamine eelis on sisemine sisse volditud klapp. T\u00e4nu klapile ei valgu aktiivse eluviisi korral<\/p>\n","protected":false},"featured_media":85741,"template":"","meta":[],"product_cat":[1460,1466],"product_tag":[],"yoast_head":"<!-- This site is optimized with the Yoast SEO plugin v22.9 - https:\/\/yoast.com\/wordpress\/plugins\/seo\/ -->\n<title>GCup Menstruaalanum | Lust and Love<\/title>\n<meta name=\"description\" content=\"The menstrual cup Gcup has the shape of a bell. The cup has a the internal non-return valve. Made from 100% silicone.\" \/>\n<meta name=\"robots\" content=\"index,follow,max-snippet:-1,max-image-preview:large,max-video-preview:-1\" \/>\n<link rel=\"canonical\" href=\"https:\/\/lustandlove.eu\/et\/toode\/gcup-menstruaalanum\/\" \/>\n<meta name=\"twitter:card\" content=\"summary_large_image\" \/>\n<meta name=\"twitter:title\" content=\"GCup Menstruaalanum | Lust and Love\" \/>\n<meta name=\"twitter:description\" content=\"The menstrual cup Gcup has the shape of a bell. The cup has a the internal non-return valve. Made from 100% silicone.\" \/>\n<meta name=\"twitter:image\" content=\"https:\/\/lustandlove.eu\/wp-content\/uploads\/Gvibe_Gcup_1350x1800_doypack.jpg\" \/>\n<meta name=\"twitter:label1\" content=\"Est. reading time\" \/>\n\t<meta name=\"twitter:data1\" content=\"1 minut\" \/>\n<script type=\"application\/ld+json\" class=\"yoast-schema-graph\">{\"@context\":\"https:\/\/schema.org\",\"@graph\":[{\"@type\":[\"WebPage\",\"ItemPage\"],\"@id\":\"https:\/\/lustandlove.eu\/et\/toode\/gcup-menstruaalanum\/\",\"url\":\"https:\/\/lustandlove.eu\/et\/toode\/gcup-menstruaalanum\/\",\"name\":\"GCup Menstruaalanum | Lust and Love\",\"isPartOf\":{\"@id\":\"https:\/\/lustandlove.eu\/et\/#website\"},\"primaryImageOfPage\":{\"@id\":\"https:\/\/lustandlove.eu\/et\/toode\/gcup-menstruaalanum\/#primaryimage\"},\"image\":{\"@id\":\"https:\/\/lustandlove.eu\/et\/toode\/gcup-menstruaalanum\/#primaryimage\"},\"thumbnailUrl\":\"https:\/\/lustandlove.eu\/wp-content\/uploads\/Gvibe_Gcup_1350x1800_doypack.jpg\",\"datePublished\":\"2022-08-04T06:00:07+00:00\",\"dateModified\":\"2025-08-19T12:39:53+00:00\",\"description\":\"The menstrual cup Gcup has the shape of a bell. The cup has a the internal non-return valve. Made from 100% silicone.\",\"breadcrumb\":{\"@id\":\"https:\/\/lustandlove.eu\/et\/toode\/gcup-menstruaalanum\/#breadcrumb\"},\"inLanguage\":\"et\",\"potentialAction\":[{\"@type\":\"ReadAction\",\"target\":[\"https:\/\/lustandlove.eu\/et\/toode\/gcup-menstruaalanum\/\"]}]},{\"@type\":\"ImageObject\",\"inLanguage\":\"et\",\"@id\":\"https:\/\/lustandlove.eu\/et\/toode\/gcup-menstruaalanum\/#primaryimage\",\"url\":\"https:\/\/lustandlove.eu\/wp-content\/uploads\/Gvibe_Gcup_1350x1800_doypack.jpg\",\"contentUrl\":\"https:\/\/lustandlove.eu\/wp-content\/uploads\/Gvibe_Gcup_1350x1800_doypack.jpg\",\"width\":1350,\"height\":1800},{\"@type\":\"BreadcrumbList\",\"@id\":\"https:\/\/lustandlove.eu\/et\/toode\/gcup-menstruaalanum\/#breadcrumb\",\"itemListElement\":[{\"@type\":\"ListItem\",\"position\":1,\"name\":\"Lust and Love\",\"item\":\"https:\/\/lustandlove.eu\/et\/\"},{\"@type\":\"ListItem\",\"position\":2,\"name\":\"Pood\",\"item\":\"https:\/\/lustandlove.eu\/et\/pood\/\"},{\"@type\":\"ListItem\",\"position\":3,\"name\":\"Libestid ja kehahooldus\",\"item\":\"https:\/\/lustandlove.eu\/et\/pood\/apteek\/\"},{\"@type\":\"ListItem\",\"position\":4,\"name\":\"GCup Menstruaalanum\"}]},{\"@type\":\"WebSite\",\"@id\":\"https:\/\/lustandlove.eu\/et\/#website\",\"url\":\"https:\/\/lustandlove.eu\/et\/\",\"name\":\"Lust &amp; Love\",\"description\":\"Online erootikapood tervise, ilu ja armastuse jaoks\",\"publisher\":{\"@id\":\"https:\/\/lustandlove.eu\/et\/#organization\"},\"potentialAction\":[{\"@type\":\"SearchAction\",\"target\":{\"@type\":\"EntryPoint\",\"urlTemplate\":\"https:\/\/lustandlove.eu\/et\/?s={search_term_string}\"},\"query-input\":\"required name=search_term_string\"}],\"inLanguage\":\"et\"},{\"@type\":\"Organization\",\"@id\":\"https:\/\/lustandlove.eu\/et\/#organization\",\"name\":\"Bioconcept Baltics O\u00dc\",\"url\":\"https:\/\/lustandlove.eu\/et\/\",\"logo\":{\"@type\":\"ImageObject\",\"inLanguage\":\"et\",\"@id\":\"https:\/\/lustandlove.eu\/et\/#\/schema\/logo\/image\/\",\"url\":\"\",\"contentUrl\":\"\",\"caption\":\"Bioconcept Baltics O\u00dc\"},\"image\":{\"@id\":\"https:\/\/lustandlove.eu\/et\/#\/schema\/logo\/image\/\"},\"sameAs\":[\"https:\/\/www.facebook.com\/LustandLoveEU\/\",\"https:\/\/www.instagram.com\/lustandloveeu\/\"]}]}<\/script>\n<!-- \/ Yoast SEO plugin. -->","yoast_head_json":{"title":"GCup Menstruaalanum | Lust and Love","description":"The menstrual cup Gcup has the shape of a bell. The cup has a the internal non-return valve. Made from 100% silicone.","robots":{"index,follow,max-snippet":"index,follow,max-snippet:-1,max-image-preview:large,max-video-preview:-1"},"canonical":"https:\/\/lustandlove.eu\/et\/toode\/gcup-menstruaalanum\/","twitter_card":"summary_large_image","twitter_title":"GCup Menstruaalanum | Lust and Love","twitter_description":"The menstrual cup Gcup has the shape of a bell. The cup has a the internal non-return valve. Made from 100% silicone.","twitter_image":"https:\/\/lustandlove.eu\/wp-content\/uploads\/Gvibe_Gcup_1350x1800_doypack.jpg","twitter_misc":{"Est. reading time":"1 minut"},"schema":{"@context":"https:\/\/schema.org","@graph":[{"@type":["WebPage","ItemPage"],"@id":"https:\/\/lustandlove.eu\/et\/toode\/gcup-menstruaalanum\/","url":"https:\/\/lustandlove.eu\/et\/toode\/gcup-menstruaalanum\/","name":"GCup Menstruaalanum | Lust and Love","isPartOf":{"@id":"https:\/\/lustandlove.eu\/et\/#website"},"primaryImageOfPage":{"@id":"https:\/\/lustandlove.eu\/et\/toode\/gcup-menstruaalanum\/#primaryimage"},"image":{"@id":"https:\/\/lustandlove.eu\/et\/toode\/gcup-menstruaalanum\/#primaryimage"},"thumbnailUrl":"https:\/\/lustandlove.eu\/wp-content\/uploads\/Gvibe_Gcup_1350x1800_doypack.jpg","datePublished":"2022-08-04T06:00:07+00:00","dateModified":"2025-08-19T12:39:53+00:00","description":"The menstrual cup Gcup has the shape of a bell. The cup has a the internal non-return valve. Made from 100% silicone.","breadcrumb":{"@id":"https:\/\/lustandlove.eu\/et\/toode\/gcup-menstruaalanum\/#breadcrumb"},"inLanguage":"et","potentialAction":[{"@type":"ReadAction","target":["https:\/\/lustandlove.eu\/et\/toode\/gcup-menstruaalanum\/"]}]},{"@type":"ImageObject","inLanguage":"et","@id":"https:\/\/lustandlove.eu\/et\/toode\/gcup-menstruaalanum\/#primaryimage","url":"https:\/\/lustandlove.eu\/wp-content\/uploads\/Gvibe_Gcup_1350x1800_doypack.jpg","contentUrl":"https:\/\/lustandlove.eu\/wp-content\/uploads\/Gvibe_Gcup_1350x1800_doypack.jpg","width":1350,"height":1800},{"@type":"BreadcrumbList","@id":"https:\/\/lustandlove.eu\/et\/toode\/gcup-menstruaalanum\/#breadcrumb","itemListElement":[{"@type":"ListItem","position":1,"name":"Lust and Love","item":"https:\/\/lustandlove.eu\/et\/"},{"@type":"ListItem","position":2,"name":"Pood","item":"https:\/\/lustandlove.eu\/et\/pood\/"},{"@type":"ListItem","position":3,"name":"Libestid ja kehahooldus","item":"https:\/\/lustandlove.eu\/et\/pood\/apteek\/"},{"@type":"ListItem","position":4,"name":"GCup Menstruaalanum"}]},{"@type":"WebSite","@id":"https:\/\/lustandlove.eu\/et\/#website","url":"https:\/\/lustandlove.eu\/et\/","name":"Lust &amp; Love","description":"Online erootikapood tervise, ilu ja armastuse jaoks","publisher":{"@id":"https:\/\/lustandlove.eu\/et\/#organization"},"potentialAction":[{"@type":"SearchAction","target":{"@type":"EntryPoint","urlTemplate":"https:\/\/lustandlove.eu\/et\/?s={search_term_string}"},"query-input":"required name=search_term_string"}],"inLanguage":"et"},{"@type":"Organization","@id":"https:\/\/lustandlove.eu\/et\/#organization","name":"Bioconcept Baltics O\u00dc","url":"https:\/\/lustandlove.eu\/et\/","logo":{"@type":"ImageObject","inLanguage":"et","@id":"https:\/\/lustandlove.eu\/et\/#\/schema\/logo\/image\/","url":"","contentUrl":"","caption":"Bioconcept Baltics O\u00dc"},"image":{"@id":"https:\/\/lustandlove.eu\/et\/#\/schema\/logo\/image\/"},"sameAs":["https:\/\/www.facebook.com\/LustandLoveEU\/","https:\/\/www.instagram.com\/lustandloveeu\/"]}]}},"_links":{"self":[{"href":"https:\/\/lustandlove.eu\/et\/wp-json\/wp\/v2\/product\/52780"}],"collection":[{"href":"https:\/\/lustandlove.eu\/et\/wp-json\/wp\/v2\/product"}],"about":[{"href":"https:\/\/lustandlove.eu\/et\/wp-json\/wp\/v2\/types\/product"}],"wp:featuredmedia":[{"embeddable":true,"href":"https:\/\/lustandlove.eu\/et\/wp-json\/wp\/v2\/media\/85741"}],"wp:attachment":[{"href":"https:\/\/lustandlove.eu\/et\/wp-json\/wp\/v2\/media?parent=52780"}],"wp:term":[{"taxonomy":"product_cat","embeddable":true,"href":"https:\/\/lustandlove.eu\/et\/wp-json\/wp\/v2\/product_cat?post=52780"},{"taxonomy":"product_tag","embeddable":true,"href":"https:\/\/lustandlove.eu\/et\/wp-json\/wp\/v2\/product_tag?post=52780"}],"curies":[{"name":"wp","href":"https:\/\/api.w.org\/{rel}","templated":true}]}}