{"id":52782,"date":"2022-08-04T08:45:56","date_gmt":"2022-08-04T06:00:09","guid":{"rendered":"https:\/\/www.lustandlove.eu\/?post_type=product&#038;p=52782"},"modified":"2026-04-13T10:34:13","modified_gmt":"2026-04-13T07:34:13","slug":"gplug-xs","status":"publish","type":"product","link":"https:\/\/lustandlove.eu\/et\/toode\/gplug-xs\/","title":{"rendered":"GPlug XS"},"content":{"rendered":"<p>GPlug XS t\u00f6\u00f6tati v\u00e4lja spetsiaalselt lisar\u00f5\u00f5mu otsijaid silmas pidades. Ideaalne igast soost kasutajatele nii \u00fcksi v\u00f5i koos partneriga. V\u00f5ite kasutada GPlugi eelm\u00e4ngu v\u00f5i anaalm\u00e4ngude ajal, et saada ekstra t\u00e4istunnet ja stimuleerida p-punkti ja g-punkti. Olge valmis tugevamateks, pikemateks ja intensiivsemateks orgasmideks, kui lisate oma m\u00e4ngule Gvibe m\u00e4nguasju ja anaaltappe.<\/p>\n<p>Glug XS on k\u00f5ige v\u00e4iksem puldi ja mootoriga anaaltapp! Kasuta Gring s\u00f5rmevibraatorit puldina, et saada k\u00e4ed-vabad naudingut! XS tappi l\u00e4bim\u00f5\u00f5t on vaid 2 cm. Ideaalne algajatele! Gplug XS peamine eelis on kitsas anatoomiliselt mugav stopper. See muudab GPlug XS-i pikaajaliseks kasutamiseks mugavaks.<\/p>\n<p>Funktsioonid:<\/p>\n<p>Ergonoomiline disain, l\u00f5busad v\u00e4rvid.<br \/>\nV\u00f5imas, kuid vaikne mootor.<br \/>\nKuus (6) muutuva intensiivsusega vibratsioonire\u017eiimi \u2013 kergest v\u00e4rinast kuni intensiivse vibratsioonini.<br \/>\nIntuitiivsed juhtnupud.<br \/>\nValmistatud esmaklassilisest h\u00fcpoallergeensest kehas\u00f5bralikust meditsiinilisest silikoonist.<br \/>\nSiidine ja sile.<br \/>\nL\u00f5hnatu.<br \/>\n100% veekindel.<br \/>\nKuni 4 tundi t\u00f6\u00f6aega \u00fche aku laadimisega.<br \/>\nMagnet laadija. Pange t\u00e4hele, et esialgne laadimisaeg on 2 tundi.<br \/>\nReisilukk: lukust vabastamiseks vajutage toitenuppu ja hoidke seda all<\/p>\n","protected":false},"excerpt":{"rendered":"<p>GPlug XS t\u00f6\u00f6tati v\u00e4lja spetsiaalselt lisar\u00f5\u00f5mu otsijaid silmas pidades. Ideaalne igast soost kasutajatele nii \u00fcksi v\u00f5i koos partneriga. V\u00f5ite kasutada<\/p>\n","protected":false},"featured_media":85659,"template":"","meta":[],"product_brand":[4208],"product_cat":[1491],"product_tag":[3388],"class_list":{"0":"post-52782","1":"product","2":"type-product","3":"status-publish","4":"has-post-thumbnail","6":"product_brand-gvibe-et","7":"product_cat-anaallelud","8":"product_tag-pride-et","9":"pa_brand-gvibe-et","11":"first","12":"instock","13":"taxable","14":"shipping-taxable","15":"purchasable","16":"product-type-simple"},"yoast_head":"<!-- This site is optimized with the Yoast SEO plugin v27.3 - https:\/\/yoast.com\/product\/yoast-seo-wordpress\/ -->\n<title>GPlug XS | Lust and Love<\/title>\n<meta name=\"description\" content=\"GPlug\u00a0 XS was specially developed with extra pleasure seekers in mind. The plug has a quiet motor and 6 speeds to play with.\" \/>\n<meta name=\"robots\" content=\"index,follow,max-snippet:-1,max-image-preview:large,max-video-preview:-1\" \/>\n<link rel=\"canonical\" href=\"https:\/\/lustandlove.eu\/et\/toode\/gplug-xs\/\" \/>\n<meta name=\"twitter:card\" content=\"summary_large_image\" \/>\n<meta name=\"twitter:title\" content=\"GPlug XS | Lust and Love\" \/>\n<meta name=\"twitter:description\" content=\"GPlug\u00a0 XS was specially developed with extra pleasure seekers in mind. The plug has a quiet motor and 6 speeds to play with.\" \/>\n<meta name=\"twitter:image\" content=\"https:\/\/lustandlove.eu\/wp-content\/uploads\/Gvibe_GplugXS_1350x1800_Doypack.jpg\" \/>\n<meta name=\"twitter:label1\" content=\"Est. reading time\" \/>\n\t<meta name=\"twitter:data1\" content=\"1 minut\" \/>\n<script type=\"application\/ld+json\" class=\"yoast-schema-graph\">{\"@context\":\"https:\\\/\\\/schema.org\",\"@graph\":[{\"@type\":[\"WebPage\",\"ItemPage\"],\"@id\":\"https:\\\/\\\/lustandlove.eu\\\/et\\\/toode\\\/gplug-xs\\\/\",\"url\":\"https:\\\/\\\/lustandlove.eu\\\/et\\\/toode\\\/gplug-xs\\\/\",\"name\":\"GPlug XS | Lust and Love\",\"isPartOf\":{\"@id\":\"https:\\\/\\\/lustandlove.eu\\\/et\\\/#website\"},\"primaryImageOfPage\":{\"@id\":\"https:\\\/\\\/lustandlove.eu\\\/et\\\/toode\\\/gplug-xs\\\/#primaryimage\"},\"image\":{\"@id\":\"https:\\\/\\\/lustandlove.eu\\\/et\\\/toode\\\/gplug-xs\\\/#primaryimage\"},\"thumbnailUrl\":\"https:\\\/\\\/lustandlove.eu\\\/wp-content\\\/uploads\\\/Gvibe_GplugXS_1350x1800_Doypack.jpg\",\"datePublished\":\"2022-08-04T06:00:09+00:00\",\"dateModified\":\"2026-04-13T07:34:13+00:00\",\"description\":\"GPlug\u00a0 XS was specially developed with extra pleasure seekers in mind. The plug has a quiet motor and 6 speeds to play with.\",\"breadcrumb\":{\"@id\":\"https:\\\/\\\/lustandlove.eu\\\/et\\\/toode\\\/gplug-xs\\\/#breadcrumb\"},\"inLanguage\":\"et\",\"potentialAction\":[{\"@type\":\"ReadAction\",\"target\":[\"https:\\\/\\\/lustandlove.eu\\\/et\\\/toode\\\/gplug-xs\\\/\"]}]},{\"@type\":\"ImageObject\",\"inLanguage\":\"et\",\"@id\":\"https:\\\/\\\/lustandlove.eu\\\/et\\\/toode\\\/gplug-xs\\\/#primaryimage\",\"url\":\"https:\\\/\\\/lustandlove.eu\\\/wp-content\\\/uploads\\\/Gvibe_GplugXS_1350x1800_Doypack.jpg\",\"contentUrl\":\"https:\\\/\\\/lustandlove.eu\\\/wp-content\\\/uploads\\\/Gvibe_GplugXS_1350x1800_Doypack.jpg\",\"width\":1350,\"height\":1800},{\"@type\":\"BreadcrumbList\",\"@id\":\"https:\\\/\\\/lustandlove.eu\\\/et\\\/toode\\\/gplug-xs\\\/#breadcrumb\",\"itemListElement\":[{\"@type\":\"ListItem\",\"position\":1,\"name\":\"Lust and Love\",\"item\":\"https:\\\/\\\/lustandlove.eu\\\/et\\\/\"},{\"@type\":\"ListItem\",\"position\":2,\"name\":\"Pood\",\"item\":\"https:\\\/\\\/lustandlove.eu\\\/et\\\/pood\\\/\"},{\"@type\":\"ListItem\",\"position\":3,\"name\":\"Sekslelud\",\"item\":\"https:\\\/\\\/lustandlove.eu\\\/et\\\/pood\\\/sekslelud\\\/\"},{\"@type\":\"ListItem\",\"position\":4,\"name\":\"Anaallelud\",\"item\":\"https:\\\/\\\/lustandlove.eu\\\/et\\\/pood\\\/sekslelud\\\/anaallelud\\\/\"},{\"@type\":\"ListItem\",\"position\":5,\"name\":\"GPlug XS\"}]},{\"@type\":\"WebSite\",\"@id\":\"https:\\\/\\\/lustandlove.eu\\\/et\\\/#website\",\"url\":\"https:\\\/\\\/lustandlove.eu\\\/et\\\/\",\"name\":\"Lust &amp; Love\",\"description\":\"Online erootikapood tervise, ilu ja armastuse jaoks\",\"publisher\":{\"@id\":\"https:\\\/\\\/lustandlove.eu\\\/et\\\/#organization\"},\"potentialAction\":[{\"@type\":\"SearchAction\",\"target\":{\"@type\":\"EntryPoint\",\"urlTemplate\":\"https:\\\/\\\/lustandlove.eu\\\/et\\\/?s={search_term_string}\"},\"query-input\":{\"@type\":\"PropertyValueSpecification\",\"valueRequired\":true,\"valueName\":\"search_term_string\"}}],\"inLanguage\":\"et\"},{\"@type\":\"Organization\",\"@id\":\"https:\\\/\\\/lustandlove.eu\\\/et\\\/#organization\",\"name\":\"Bioconcept Baltics O\u00dc\",\"url\":\"https:\\\/\\\/lustandlove.eu\\\/et\\\/\",\"logo\":{\"@type\":\"ImageObject\",\"inLanguage\":\"et\",\"@id\":\"https:\\\/\\\/lustandlove.eu\\\/et\\\/#\\\/schema\\\/logo\\\/image\\\/\",\"url\":\"\",\"contentUrl\":\"\",\"caption\":\"Bioconcept Baltics O\u00dc\"},\"image\":{\"@id\":\"https:\\\/\\\/lustandlove.eu\\\/et\\\/#\\\/schema\\\/logo\\\/image\\\/\"},\"sameAs\":[\"https:\\\/\\\/www.facebook.com\\\/LustandLoveEU\\\/\",\"https:\\\/\\\/www.instagram.com\\\/lustandloveeu\\\/\"]}]}<\/script>\n<!-- \/ Yoast SEO plugin. -->","yoast_head_json":{"title":"GPlug XS | Lust and Love","description":"GPlug\u00a0 XS was specially developed with extra pleasure seekers in mind. The plug has a quiet motor and 6 speeds to play with.","robots":{"index,follow,max-snippet":"index,follow,max-snippet:-1,max-image-preview:large,max-video-preview:-1"},"canonical":"https:\/\/lustandlove.eu\/et\/toode\/gplug-xs\/","twitter_card":"summary_large_image","twitter_title":"GPlug XS | Lust and Love","twitter_description":"GPlug\u00a0 XS was specially developed with extra pleasure seekers in mind. The plug has a quiet motor and 6 speeds to play with.","twitter_image":"https:\/\/lustandlove.eu\/wp-content\/uploads\/Gvibe_GplugXS_1350x1800_Doypack.jpg","twitter_misc":{"Est. reading time":"1 minut"},"schema":{"@context":"https:\/\/schema.org","@graph":[{"@type":["WebPage","ItemPage"],"@id":"https:\/\/lustandlove.eu\/et\/toode\/gplug-xs\/","url":"https:\/\/lustandlove.eu\/et\/toode\/gplug-xs\/","name":"GPlug XS | Lust and Love","isPartOf":{"@id":"https:\/\/lustandlove.eu\/et\/#website"},"primaryImageOfPage":{"@id":"https:\/\/lustandlove.eu\/et\/toode\/gplug-xs\/#primaryimage"},"image":{"@id":"https:\/\/lustandlove.eu\/et\/toode\/gplug-xs\/#primaryimage"},"thumbnailUrl":"https:\/\/lustandlove.eu\/wp-content\/uploads\/Gvibe_GplugXS_1350x1800_Doypack.jpg","datePublished":"2022-08-04T06:00:09+00:00","dateModified":"2026-04-13T07:34:13+00:00","description":"GPlug\u00a0 XS was specially developed with extra pleasure seekers in mind. The plug has a quiet motor and 6 speeds to play with.","breadcrumb":{"@id":"https:\/\/lustandlove.eu\/et\/toode\/gplug-xs\/#breadcrumb"},"inLanguage":"et","potentialAction":[{"@type":"ReadAction","target":["https:\/\/lustandlove.eu\/et\/toode\/gplug-xs\/"]}]},{"@type":"ImageObject","inLanguage":"et","@id":"https:\/\/lustandlove.eu\/et\/toode\/gplug-xs\/#primaryimage","url":"https:\/\/lustandlove.eu\/wp-content\/uploads\/Gvibe_GplugXS_1350x1800_Doypack.jpg","contentUrl":"https:\/\/lustandlove.eu\/wp-content\/uploads\/Gvibe_GplugXS_1350x1800_Doypack.jpg","width":1350,"height":1800},{"@type":"BreadcrumbList","@id":"https:\/\/lustandlove.eu\/et\/toode\/gplug-xs\/#breadcrumb","itemListElement":[{"@type":"ListItem","position":1,"name":"Lust and Love","item":"https:\/\/lustandlove.eu\/et\/"},{"@type":"ListItem","position":2,"name":"Pood","item":"https:\/\/lustandlove.eu\/et\/pood\/"},{"@type":"ListItem","position":3,"name":"Sekslelud","item":"https:\/\/lustandlove.eu\/et\/pood\/sekslelud\/"},{"@type":"ListItem","position":4,"name":"Anaallelud","item":"https:\/\/lustandlove.eu\/et\/pood\/sekslelud\/anaallelud\/"},{"@type":"ListItem","position":5,"name":"GPlug XS"}]},{"@type":"WebSite","@id":"https:\/\/lustandlove.eu\/et\/#website","url":"https:\/\/lustandlove.eu\/et\/","name":"Lust &amp; Love","description":"Online erootikapood tervise, ilu ja armastuse jaoks","publisher":{"@id":"https:\/\/lustandlove.eu\/et\/#organization"},"potentialAction":[{"@type":"SearchAction","target":{"@type":"EntryPoint","urlTemplate":"https:\/\/lustandlove.eu\/et\/?s={search_term_string}"},"query-input":{"@type":"PropertyValueSpecification","valueRequired":true,"valueName":"search_term_string"}}],"inLanguage":"et"},{"@type":"Organization","@id":"https:\/\/lustandlove.eu\/et\/#organization","name":"Bioconcept Baltics O\u00dc","url":"https:\/\/lustandlove.eu\/et\/","logo":{"@type":"ImageObject","inLanguage":"et","@id":"https:\/\/lustandlove.eu\/et\/#\/schema\/logo\/image\/","url":"","contentUrl":"","caption":"Bioconcept Baltics O\u00dc"},"image":{"@id":"https:\/\/lustandlove.eu\/et\/#\/schema\/logo\/image\/"},"sameAs":["https:\/\/www.facebook.com\/LustandLoveEU\/","https:\/\/www.instagram.com\/lustandloveeu\/"]}]}},"_links":{"self":[{"href":"https:\/\/lustandlove.eu\/et\/wp-json\/wp\/v2\/product\/52782","targetHints":{"allow":["GET"]}}],"collection":[{"href":"https:\/\/lustandlove.eu\/et\/wp-json\/wp\/v2\/product"}],"about":[{"href":"https:\/\/lustandlove.eu\/et\/wp-json\/wp\/v2\/types\/product"}],"wp:featuredmedia":[{"embeddable":true,"href":"https:\/\/lustandlove.eu\/et\/wp-json\/wp\/v2\/media\/85659"}],"wp:attachment":[{"href":"https:\/\/lustandlove.eu\/et\/wp-json\/wp\/v2\/media?parent=52782"}],"wp:term":[{"taxonomy":"product_brand","embeddable":true,"href":"https:\/\/lustandlove.eu\/et\/wp-json\/wp\/v2\/product_brand?post=52782"},{"taxonomy":"product_cat","embeddable":true,"href":"https:\/\/lustandlove.eu\/et\/wp-json\/wp\/v2\/product_cat?post=52782"},{"taxonomy":"product_tag","embeddable":true,"href":"https:\/\/lustandlove.eu\/et\/wp-json\/wp\/v2\/product_tag?post=52782"}],"curies":[{"name":"wp","href":"https:\/\/api.w.org\/{rel}","templated":true}]}}