{"id":52815,"date":"2022-08-04T13:40:26","date_gmt":"2022-08-04T11:04:28","guid":{"rendered":"https:\/\/www.lustandlove.eu\/?post_type=product&#038;p=52815"},"modified":"2026-04-13T10:34:12","modified_gmt":"2026-04-13T07:34:12","slug":"ribbed-g-punkti-stimulaator","status":"publish","type":"product","link":"https:\/\/lustandlove.eu\/et\/toode\/ribbed-g-punkti-stimulaator\/","title":{"rendered":"Ribbed G-punkti Stimulaator"},"content":{"rendered":"<p>Ribiline G-punkti stimulaator on loodud pakkuma teile uskumatuid m\u00f5nusid. Pea tabab t\u00e4pselt k\u00f5ik n\u00e4rvil\u00f5pmed ja masseerib samal ajal eesn\u00e4\u00e4ret, et anda teile intensiivne orgasm.<\/p>\n<p>Kiotos Steeli tooted on valmistatud 100% roostevabast terasest, mis tagab t\u00e4nap\u00e4eval saadaolevate terastoodete k\u00f5rgeima kvaliteedi. M\u00e4nguasjade puhastamine on Kiotos Toy puhastusvahendiga lihtne.<\/p>\n","protected":false},"excerpt":{"rendered":"<p>Ribiline G-punkti stimulaator on loodud pakkuma teile uskumatuid m\u00f5nusid. Pea tabab t\u00e4pselt k\u00f5ik n\u00e4rvil\u00f5pmed ja masseerib samal ajal eesn\u00e4\u00e4ret, et<\/p>\n","protected":false},"featured_media":52808,"template":"","meta":[],"product_brand":[4228],"product_cat":[1470,1477,1483],"product_tag":[],"class_list":{"0":"post-52815","1":"product","2":"type-product","3":"status-publish","4":"has-post-thumbnail","6":"product_brand-o-products-et","7":"product_cat-bdsm-et","8":"product_cat-meestele","9":"product_cat-prostaadi-stimulaatorid","10":"pa_brand-o-products-et","12":"first","13":"instock","14":"taxable","15":"shipping-taxable","16":"purchasable","17":"product-type-simple"},"yoast_head":"<!-- This site is optimized with the Yoast SEO plugin v27.3 - https:\/\/yoast.com\/product\/yoast-seo-wordpress\/ -->\n<title>Ribbed G-punkti Stimulaator | Lust and Love<\/title>\n<meta name=\"description\" content=\"The ribbed G-Spot Stimulator is designed to give you incredible sensations. The Stimulator is made from 100% stainless steel.\" \/>\n<meta name=\"robots\" content=\"index,follow,max-snippet:-1,max-image-preview:large,max-video-preview:-1\" \/>\n<link rel=\"canonical\" href=\"https:\/\/lustandlove.eu\/et\/toode\/ribbed-g-punkti-stimulaator\/\" \/>\n<meta name=\"twitter:card\" content=\"summary_large_image\" \/>\n<meta name=\"twitter:title\" content=\"Ribbed G-punkti Stimulaator | Lust and Love\" \/>\n<meta name=\"twitter:description\" content=\"The ribbed G-Spot Stimulator is designed to give you incredible sensations. The Stimulator is made from 100% stainless steel.\" \/>\n<meta name=\"twitter:image\" content=\"https:\/\/lustandlove.eu\/wp-content\/uploads\/112-tms-2323_1-1.jpg\" \/>\n<script type=\"application\/ld+json\" class=\"yoast-schema-graph\">{\"@context\":\"https:\\\/\\\/schema.org\",\"@graph\":[{\"@type\":[\"WebPage\",\"ItemPage\"],\"@id\":\"https:\\\/\\\/lustandlove.eu\\\/et\\\/toode\\\/ribbed-g-punkti-stimulaator\\\/\",\"url\":\"https:\\\/\\\/lustandlove.eu\\\/et\\\/toode\\\/ribbed-g-punkti-stimulaator\\\/\",\"name\":\"Ribbed G-punkti Stimulaator | Lust and Love\",\"isPartOf\":{\"@id\":\"https:\\\/\\\/lustandlove.eu\\\/et\\\/#website\"},\"primaryImageOfPage\":{\"@id\":\"https:\\\/\\\/lustandlove.eu\\\/et\\\/toode\\\/ribbed-g-punkti-stimulaator\\\/#primaryimage\"},\"image\":{\"@id\":\"https:\\\/\\\/lustandlove.eu\\\/et\\\/toode\\\/ribbed-g-punkti-stimulaator\\\/#primaryimage\"},\"thumbnailUrl\":\"https:\\\/\\\/lustandlove.eu\\\/wp-content\\\/uploads\\\/112-tms-2323_1-1.jpg\",\"datePublished\":\"2022-08-04T11:04:28+00:00\",\"dateModified\":\"2026-04-13T07:34:12+00:00\",\"description\":\"The ribbed G-Spot Stimulator is designed to give you incredible sensations. The Stimulator is made from 100% stainless steel.\",\"breadcrumb\":{\"@id\":\"https:\\\/\\\/lustandlove.eu\\\/et\\\/toode\\\/ribbed-g-punkti-stimulaator\\\/#breadcrumb\"},\"inLanguage\":\"et\",\"potentialAction\":[{\"@type\":\"ReadAction\",\"target\":[\"https:\\\/\\\/lustandlove.eu\\\/et\\\/toode\\\/ribbed-g-punkti-stimulaator\\\/\"]}]},{\"@type\":\"ImageObject\",\"inLanguage\":\"et\",\"@id\":\"https:\\\/\\\/lustandlove.eu\\\/et\\\/toode\\\/ribbed-g-punkti-stimulaator\\\/#primaryimage\",\"url\":\"https:\\\/\\\/lustandlove.eu\\\/wp-content\\\/uploads\\\/112-tms-2323_1-1.jpg\",\"contentUrl\":\"https:\\\/\\\/lustandlove.eu\\\/wp-content\\\/uploads\\\/112-tms-2323_1-1.jpg\",\"width\":700,\"height\":450,\"caption\":\"Ribbed G-Spot Stimulator\"},{\"@type\":\"BreadcrumbList\",\"@id\":\"https:\\\/\\\/lustandlove.eu\\\/et\\\/toode\\\/ribbed-g-punkti-stimulaator\\\/#breadcrumb\",\"itemListElement\":[{\"@type\":\"ListItem\",\"position\":1,\"name\":\"Lust and Love\",\"item\":\"https:\\\/\\\/lustandlove.eu\\\/et\\\/\"},{\"@type\":\"ListItem\",\"position\":2,\"name\":\"Pood\",\"item\":\"https:\\\/\\\/lustandlove.eu\\\/et\\\/pood\\\/\"},{\"@type\":\"ListItem\",\"position\":3,\"name\":\"BDSM\",\"item\":\"https:\\\/\\\/lustandlove.eu\\\/et\\\/pood\\\/bdsm-et\\\/\"},{\"@type\":\"ListItem\",\"position\":4,\"name\":\"Ribbed G-punkti Stimulaator\"}]},{\"@type\":\"WebSite\",\"@id\":\"https:\\\/\\\/lustandlove.eu\\\/et\\\/#website\",\"url\":\"https:\\\/\\\/lustandlove.eu\\\/et\\\/\",\"name\":\"Lust &amp; Love\",\"description\":\"Online erootikapood tervise, ilu ja armastuse jaoks\",\"publisher\":{\"@id\":\"https:\\\/\\\/lustandlove.eu\\\/et\\\/#organization\"},\"potentialAction\":[{\"@type\":\"SearchAction\",\"target\":{\"@type\":\"EntryPoint\",\"urlTemplate\":\"https:\\\/\\\/lustandlove.eu\\\/et\\\/?s={search_term_string}\"},\"query-input\":{\"@type\":\"PropertyValueSpecification\",\"valueRequired\":true,\"valueName\":\"search_term_string\"}}],\"inLanguage\":\"et\"},{\"@type\":\"Organization\",\"@id\":\"https:\\\/\\\/lustandlove.eu\\\/et\\\/#organization\",\"name\":\"Bioconcept Baltics O\u00dc\",\"url\":\"https:\\\/\\\/lustandlove.eu\\\/et\\\/\",\"logo\":{\"@type\":\"ImageObject\",\"inLanguage\":\"et\",\"@id\":\"https:\\\/\\\/lustandlove.eu\\\/et\\\/#\\\/schema\\\/logo\\\/image\\\/\",\"url\":\"\",\"contentUrl\":\"\",\"caption\":\"Bioconcept Baltics O\u00dc\"},\"image\":{\"@id\":\"https:\\\/\\\/lustandlove.eu\\\/et\\\/#\\\/schema\\\/logo\\\/image\\\/\"},\"sameAs\":[\"https:\\\/\\\/www.facebook.com\\\/LustandLoveEU\\\/\",\"https:\\\/\\\/www.instagram.com\\\/lustandloveeu\\\/\"]}]}<\/script>\n<!-- \/ Yoast SEO plugin. -->","yoast_head_json":{"title":"Ribbed G-punkti Stimulaator | Lust and Love","description":"The ribbed G-Spot Stimulator is designed to give you incredible sensations. The Stimulator is made from 100% stainless steel.","robots":{"index,follow,max-snippet":"index,follow,max-snippet:-1,max-image-preview:large,max-video-preview:-1"},"canonical":"https:\/\/lustandlove.eu\/et\/toode\/ribbed-g-punkti-stimulaator\/","twitter_card":"summary_large_image","twitter_title":"Ribbed G-punkti Stimulaator | Lust and Love","twitter_description":"The ribbed G-Spot Stimulator is designed to give you incredible sensations. The Stimulator is made from 100% stainless steel.","twitter_image":"https:\/\/lustandlove.eu\/wp-content\/uploads\/112-tms-2323_1-1.jpg","schema":{"@context":"https:\/\/schema.org","@graph":[{"@type":["WebPage","ItemPage"],"@id":"https:\/\/lustandlove.eu\/et\/toode\/ribbed-g-punkti-stimulaator\/","url":"https:\/\/lustandlove.eu\/et\/toode\/ribbed-g-punkti-stimulaator\/","name":"Ribbed G-punkti Stimulaator | Lust and Love","isPartOf":{"@id":"https:\/\/lustandlove.eu\/et\/#website"},"primaryImageOfPage":{"@id":"https:\/\/lustandlove.eu\/et\/toode\/ribbed-g-punkti-stimulaator\/#primaryimage"},"image":{"@id":"https:\/\/lustandlove.eu\/et\/toode\/ribbed-g-punkti-stimulaator\/#primaryimage"},"thumbnailUrl":"https:\/\/lustandlove.eu\/wp-content\/uploads\/112-tms-2323_1-1.jpg","datePublished":"2022-08-04T11:04:28+00:00","dateModified":"2026-04-13T07:34:12+00:00","description":"The ribbed G-Spot Stimulator is designed to give you incredible sensations. The Stimulator is made from 100% stainless steel.","breadcrumb":{"@id":"https:\/\/lustandlove.eu\/et\/toode\/ribbed-g-punkti-stimulaator\/#breadcrumb"},"inLanguage":"et","potentialAction":[{"@type":"ReadAction","target":["https:\/\/lustandlove.eu\/et\/toode\/ribbed-g-punkti-stimulaator\/"]}]},{"@type":"ImageObject","inLanguage":"et","@id":"https:\/\/lustandlove.eu\/et\/toode\/ribbed-g-punkti-stimulaator\/#primaryimage","url":"https:\/\/lustandlove.eu\/wp-content\/uploads\/112-tms-2323_1-1.jpg","contentUrl":"https:\/\/lustandlove.eu\/wp-content\/uploads\/112-tms-2323_1-1.jpg","width":700,"height":450,"caption":"Ribbed G-Spot Stimulator"},{"@type":"BreadcrumbList","@id":"https:\/\/lustandlove.eu\/et\/toode\/ribbed-g-punkti-stimulaator\/#breadcrumb","itemListElement":[{"@type":"ListItem","position":1,"name":"Lust and Love","item":"https:\/\/lustandlove.eu\/et\/"},{"@type":"ListItem","position":2,"name":"Pood","item":"https:\/\/lustandlove.eu\/et\/pood\/"},{"@type":"ListItem","position":3,"name":"BDSM","item":"https:\/\/lustandlove.eu\/et\/pood\/bdsm-et\/"},{"@type":"ListItem","position":4,"name":"Ribbed G-punkti Stimulaator"}]},{"@type":"WebSite","@id":"https:\/\/lustandlove.eu\/et\/#website","url":"https:\/\/lustandlove.eu\/et\/","name":"Lust &amp; Love","description":"Online erootikapood tervise, ilu ja armastuse jaoks","publisher":{"@id":"https:\/\/lustandlove.eu\/et\/#organization"},"potentialAction":[{"@type":"SearchAction","target":{"@type":"EntryPoint","urlTemplate":"https:\/\/lustandlove.eu\/et\/?s={search_term_string}"},"query-input":{"@type":"PropertyValueSpecification","valueRequired":true,"valueName":"search_term_string"}}],"inLanguage":"et"},{"@type":"Organization","@id":"https:\/\/lustandlove.eu\/et\/#organization","name":"Bioconcept Baltics O\u00dc","url":"https:\/\/lustandlove.eu\/et\/","logo":{"@type":"ImageObject","inLanguage":"et","@id":"https:\/\/lustandlove.eu\/et\/#\/schema\/logo\/image\/","url":"","contentUrl":"","caption":"Bioconcept Baltics O\u00dc"},"image":{"@id":"https:\/\/lustandlove.eu\/et\/#\/schema\/logo\/image\/"},"sameAs":["https:\/\/www.facebook.com\/LustandLoveEU\/","https:\/\/www.instagram.com\/lustandloveeu\/"]}]}},"_links":{"self":[{"href":"https:\/\/lustandlove.eu\/et\/wp-json\/wp\/v2\/product\/52815","targetHints":{"allow":["GET"]}}],"collection":[{"href":"https:\/\/lustandlove.eu\/et\/wp-json\/wp\/v2\/product"}],"about":[{"href":"https:\/\/lustandlove.eu\/et\/wp-json\/wp\/v2\/types\/product"}],"wp:featuredmedia":[{"embeddable":true,"href":"https:\/\/lustandlove.eu\/et\/wp-json\/wp\/v2\/media\/52808"}],"wp:attachment":[{"href":"https:\/\/lustandlove.eu\/et\/wp-json\/wp\/v2\/media?parent=52815"}],"wp:term":[{"taxonomy":"product_brand","embeddable":true,"href":"https:\/\/lustandlove.eu\/et\/wp-json\/wp\/v2\/product_brand?post=52815"},{"taxonomy":"product_cat","embeddable":true,"href":"https:\/\/lustandlove.eu\/et\/wp-json\/wp\/v2\/product_cat?post=52815"},{"taxonomy":"product_tag","embeddable":true,"href":"https:\/\/lustandlove.eu\/et\/wp-json\/wp\/v2\/product_tag?post=52815"}],"curies":[{"name":"wp","href":"https:\/\/api.w.org\/{rel}","templated":true}]}}