{"id":52852,"date":"2022-08-04T14:03:06","date_gmt":"2022-08-04T11:04:15","guid":{"rendered":"https:\/\/www.lustandlove.eu\/?post_type=product&#038;p=52852"},"modified":"2026-04-13T10:34:07","modified_gmt":"2026-04-13T07:34:07","slug":"dinoo-primal-spino-must","status":"publish","type":"product","link":"https:\/\/lustandlove.eu\/et\/toode\/dinoo-primal-spino-must\/","title":{"rendered":"Dinoo Primal &#8211; Spino Must"},"content":{"rendered":"<p>Dinoo Primal Desires sari on m\u00f5eldud neile, kes armastavad Extra suuri ja ekstreemseid m\u00e4nguasju, millel on realistlik tunne t\u00e4nu RST (Real Skin Touch) materjalile! Iga Primal Desire Dildoga on kaasas ereoran\u017e inimnapp, mis sobib k\u00f5ikidele <em>Hung<\/em> s\u00fcsteemiga dildodele. Selle kauni omaduse \u00fcle tasub uhke olla! Kasutage oma kujutlusv\u00f5imet ja hellitage ennast v\u00f5i oma partnerit selle imelise dildoga.<\/p>\n<p>K\u00f5ik Dinoo Primal Desiresi dildod on pakitud kaunisse karpi. Ideaalsed kinkimiseks v\u00f5i lihtsalt endale hoidmiseks.<\/p>\n<p>Lihtsaks sisestamiseks on soovitatav kasutada veep\u00f5hiseid libesteid. Puhastage dildot p\u00e4rast iga kasutuskorda, et see kauem vastu peaks, soovitame kvaliteetset m\u00e4nguasjade puhastusvahendit.<\/p>\n","protected":false},"excerpt":{"rendered":"<p>Dinoo Primal Desires sari on m\u00f5eldud neile, kes armastavad Extra suuri ja ekstreemseid m\u00e4nguasju, millel on realistlik tunne t\u00e4nu RST<\/p>\n","protected":false},"featured_media":52845,"template":"","meta":[],"product_brand":[4228],"product_cat":[1485,4063,1484],"product_tag":[4093,3781],"class_list":{"0":"post-52852","1":"product","2":"type-product","3":"status-publish","4":"has-post-thumbnail","6":"product_brand-o-products-et","7":"product_cat-dildod","8":"product_cat-fantaasia","9":"product_cat-sekslelud","10":"product_tag-bf35-et","11":"product_tag-must-reede","12":"pa_brand-o-products-et","14":"first","15":"instock","16":"taxable","17":"shipping-taxable","18":"purchasable","19":"product-type-simple"},"yoast_head":"<!-- This site is optimized with the Yoast SEO plugin v27.3 - https:\/\/yoast.com\/product\/yoast-seo-wordpress\/ -->\n<title>Dinoo Primal - Spino Must | Lust and Love<\/title>\n<meta name=\"robots\" content=\"index,follow,max-snippet:-1,max-image-preview:large,max-video-preview:-1\" \/>\n<link rel=\"canonical\" href=\"https:\/\/lustandlove.eu\/et\/toode\/dinoo-primal-spino-must\/\" \/>\n<meta name=\"twitter:card\" content=\"summary_large_image\" \/>\n<meta name=\"twitter:title\" content=\"Dinoo Primal - Spino Must | Lust and Love\" \/>\n<meta name=\"twitter:description\" content=\"Dinoo Primal Desires sari on m\u00f5eldud neile, kes armastavad Extra suuri ja ekstreemseid m\u00e4nguasju, millel on realistlik tunne t\u00e4nu RST\" \/>\n<meta name=\"twitter:image\" content=\"https:\/\/lustandlove.eu\/wp-content\/uploads\/115-pr11b-00-1.jpg\" \/>\n<meta name=\"twitter:label1\" content=\"Est. reading time\" \/>\n\t<meta name=\"twitter:data1\" content=\"1 minut\" \/>\n<script type=\"application\/ld+json\" class=\"yoast-schema-graph\">{\"@context\":\"https:\\\/\\\/schema.org\",\"@graph\":[{\"@type\":[\"WebPage\",\"ItemPage\"],\"@id\":\"https:\\\/\\\/lustandlove.eu\\\/et\\\/toode\\\/dinoo-primal-spino-must\\\/\",\"url\":\"https:\\\/\\\/lustandlove.eu\\\/et\\\/toode\\\/dinoo-primal-spino-must\\\/\",\"name\":\"Dinoo Primal - Spino Must | Lust and Love\",\"isPartOf\":{\"@id\":\"https:\\\/\\\/lustandlove.eu\\\/et\\\/#website\"},\"primaryImageOfPage\":{\"@id\":\"https:\\\/\\\/lustandlove.eu\\\/et\\\/toode\\\/dinoo-primal-spino-must\\\/#primaryimage\"},\"image\":{\"@id\":\"https:\\\/\\\/lustandlove.eu\\\/et\\\/toode\\\/dinoo-primal-spino-must\\\/#primaryimage\"},\"thumbnailUrl\":\"https:\\\/\\\/lustandlove.eu\\\/wp-content\\\/uploads\\\/115-pr11b-00-1.jpg\",\"datePublished\":\"2022-08-04T11:04:15+00:00\",\"dateModified\":\"2026-04-13T07:34:07+00:00\",\"breadcrumb\":{\"@id\":\"https:\\\/\\\/lustandlove.eu\\\/et\\\/toode\\\/dinoo-primal-spino-must\\\/#breadcrumb\"},\"inLanguage\":\"et\",\"potentialAction\":[{\"@type\":\"ReadAction\",\"target\":[\"https:\\\/\\\/lustandlove.eu\\\/et\\\/toode\\\/dinoo-primal-spino-must\\\/\"]}]},{\"@type\":\"ImageObject\",\"inLanguage\":\"et\",\"@id\":\"https:\\\/\\\/lustandlove.eu\\\/et\\\/toode\\\/dinoo-primal-spino-must\\\/#primaryimage\",\"url\":\"https:\\\/\\\/lustandlove.eu\\\/wp-content\\\/uploads\\\/115-pr11b-00-1.jpg\",\"contentUrl\":\"https:\\\/\\\/lustandlove.eu\\\/wp-content\\\/uploads\\\/115-pr11b-00-1.jpg\",\"width\":1200,\"height\":1200,\"caption\":\"Spino Black\"},{\"@type\":\"BreadcrumbList\",\"@id\":\"https:\\\/\\\/lustandlove.eu\\\/et\\\/toode\\\/dinoo-primal-spino-must\\\/#breadcrumb\",\"itemListElement\":[{\"@type\":\"ListItem\",\"position\":1,\"name\":\"Lust and Love\",\"item\":\"https:\\\/\\\/lustandlove.eu\\\/et\\\/\"},{\"@type\":\"ListItem\",\"position\":2,\"name\":\"Pood\",\"item\":\"https:\\\/\\\/lustandlove.eu\\\/et\\\/pood\\\/\"},{\"@type\":\"ListItem\",\"position\":3,\"name\":\"Sekslelud\",\"item\":\"https:\\\/\\\/lustandlove.eu\\\/et\\\/pood\\\/sekslelud\\\/\"},{\"@type\":\"ListItem\",\"position\":4,\"name\":\"Dinoo Primal &#8211; Spino Must\"}]},{\"@type\":\"WebSite\",\"@id\":\"https:\\\/\\\/lustandlove.eu\\\/et\\\/#website\",\"url\":\"https:\\\/\\\/lustandlove.eu\\\/et\\\/\",\"name\":\"Lust &amp; Love\",\"description\":\"Online erootikapood tervise, ilu ja armastuse jaoks\",\"publisher\":{\"@id\":\"https:\\\/\\\/lustandlove.eu\\\/et\\\/#organization\"},\"potentialAction\":[{\"@type\":\"SearchAction\",\"target\":{\"@type\":\"EntryPoint\",\"urlTemplate\":\"https:\\\/\\\/lustandlove.eu\\\/et\\\/?s={search_term_string}\"},\"query-input\":{\"@type\":\"PropertyValueSpecification\",\"valueRequired\":true,\"valueName\":\"search_term_string\"}}],\"inLanguage\":\"et\"},{\"@type\":\"Organization\",\"@id\":\"https:\\\/\\\/lustandlove.eu\\\/et\\\/#organization\",\"name\":\"Bioconcept Baltics O\u00dc\",\"url\":\"https:\\\/\\\/lustandlove.eu\\\/et\\\/\",\"logo\":{\"@type\":\"ImageObject\",\"inLanguage\":\"et\",\"@id\":\"https:\\\/\\\/lustandlove.eu\\\/et\\\/#\\\/schema\\\/logo\\\/image\\\/\",\"url\":\"\",\"contentUrl\":\"\",\"caption\":\"Bioconcept Baltics O\u00dc\"},\"image\":{\"@id\":\"https:\\\/\\\/lustandlove.eu\\\/et\\\/#\\\/schema\\\/logo\\\/image\\\/\"},\"sameAs\":[\"https:\\\/\\\/www.facebook.com\\\/LustandLoveEU\\\/\",\"https:\\\/\\\/www.instagram.com\\\/lustandloveeu\\\/\"]}]}<\/script>\n<!-- \/ Yoast SEO plugin. -->","yoast_head_json":{"title":"Dinoo Primal - Spino Must | Lust and Love","robots":{"index,follow,max-snippet":"index,follow,max-snippet:-1,max-image-preview:large,max-video-preview:-1"},"canonical":"https:\/\/lustandlove.eu\/et\/toode\/dinoo-primal-spino-must\/","twitter_card":"summary_large_image","twitter_title":"Dinoo Primal - Spino Must | Lust and Love","twitter_description":"Dinoo Primal Desires sari on m\u00f5eldud neile, kes armastavad Extra suuri ja ekstreemseid m\u00e4nguasju, millel on realistlik tunne t\u00e4nu RST","twitter_image":"https:\/\/lustandlove.eu\/wp-content\/uploads\/115-pr11b-00-1.jpg","twitter_misc":{"Est. reading time":"1 minut"},"schema":{"@context":"https:\/\/schema.org","@graph":[{"@type":["WebPage","ItemPage"],"@id":"https:\/\/lustandlove.eu\/et\/toode\/dinoo-primal-spino-must\/","url":"https:\/\/lustandlove.eu\/et\/toode\/dinoo-primal-spino-must\/","name":"Dinoo Primal - Spino Must | Lust and Love","isPartOf":{"@id":"https:\/\/lustandlove.eu\/et\/#website"},"primaryImageOfPage":{"@id":"https:\/\/lustandlove.eu\/et\/toode\/dinoo-primal-spino-must\/#primaryimage"},"image":{"@id":"https:\/\/lustandlove.eu\/et\/toode\/dinoo-primal-spino-must\/#primaryimage"},"thumbnailUrl":"https:\/\/lustandlove.eu\/wp-content\/uploads\/115-pr11b-00-1.jpg","datePublished":"2022-08-04T11:04:15+00:00","dateModified":"2026-04-13T07:34:07+00:00","breadcrumb":{"@id":"https:\/\/lustandlove.eu\/et\/toode\/dinoo-primal-spino-must\/#breadcrumb"},"inLanguage":"et","potentialAction":[{"@type":"ReadAction","target":["https:\/\/lustandlove.eu\/et\/toode\/dinoo-primal-spino-must\/"]}]},{"@type":"ImageObject","inLanguage":"et","@id":"https:\/\/lustandlove.eu\/et\/toode\/dinoo-primal-spino-must\/#primaryimage","url":"https:\/\/lustandlove.eu\/wp-content\/uploads\/115-pr11b-00-1.jpg","contentUrl":"https:\/\/lustandlove.eu\/wp-content\/uploads\/115-pr11b-00-1.jpg","width":1200,"height":1200,"caption":"Spino Black"},{"@type":"BreadcrumbList","@id":"https:\/\/lustandlove.eu\/et\/toode\/dinoo-primal-spino-must\/#breadcrumb","itemListElement":[{"@type":"ListItem","position":1,"name":"Lust and Love","item":"https:\/\/lustandlove.eu\/et\/"},{"@type":"ListItem","position":2,"name":"Pood","item":"https:\/\/lustandlove.eu\/et\/pood\/"},{"@type":"ListItem","position":3,"name":"Sekslelud","item":"https:\/\/lustandlove.eu\/et\/pood\/sekslelud\/"},{"@type":"ListItem","position":4,"name":"Dinoo Primal &#8211; Spino Must"}]},{"@type":"WebSite","@id":"https:\/\/lustandlove.eu\/et\/#website","url":"https:\/\/lustandlove.eu\/et\/","name":"Lust &amp; Love","description":"Online erootikapood tervise, ilu ja armastuse jaoks","publisher":{"@id":"https:\/\/lustandlove.eu\/et\/#organization"},"potentialAction":[{"@type":"SearchAction","target":{"@type":"EntryPoint","urlTemplate":"https:\/\/lustandlove.eu\/et\/?s={search_term_string}"},"query-input":{"@type":"PropertyValueSpecification","valueRequired":true,"valueName":"search_term_string"}}],"inLanguage":"et"},{"@type":"Organization","@id":"https:\/\/lustandlove.eu\/et\/#organization","name":"Bioconcept Baltics O\u00dc","url":"https:\/\/lustandlove.eu\/et\/","logo":{"@type":"ImageObject","inLanguage":"et","@id":"https:\/\/lustandlove.eu\/et\/#\/schema\/logo\/image\/","url":"","contentUrl":"","caption":"Bioconcept Baltics O\u00dc"},"image":{"@id":"https:\/\/lustandlove.eu\/et\/#\/schema\/logo\/image\/"},"sameAs":["https:\/\/www.facebook.com\/LustandLoveEU\/","https:\/\/www.instagram.com\/lustandloveeu\/"]}]}},"_links":{"self":[{"href":"https:\/\/lustandlove.eu\/et\/wp-json\/wp\/v2\/product\/52852","targetHints":{"allow":["GET"]}}],"collection":[{"href":"https:\/\/lustandlove.eu\/et\/wp-json\/wp\/v2\/product"}],"about":[{"href":"https:\/\/lustandlove.eu\/et\/wp-json\/wp\/v2\/types\/product"}],"wp:featuredmedia":[{"embeddable":true,"href":"https:\/\/lustandlove.eu\/et\/wp-json\/wp\/v2\/media\/52845"}],"wp:attachment":[{"href":"https:\/\/lustandlove.eu\/et\/wp-json\/wp\/v2\/media?parent=52852"}],"wp:term":[{"taxonomy":"product_brand","embeddable":true,"href":"https:\/\/lustandlove.eu\/et\/wp-json\/wp\/v2\/product_brand?post=52852"},{"taxonomy":"product_cat","embeddable":true,"href":"https:\/\/lustandlove.eu\/et\/wp-json\/wp\/v2\/product_cat?post=52852"},{"taxonomy":"product_tag","embeddable":true,"href":"https:\/\/lustandlove.eu\/et\/wp-json\/wp\/v2\/product_tag?post=52852"}],"curies":[{"name":"wp","href":"https:\/\/api.w.org\/{rel}","templated":true}]}}