{"id":52883,"date":"2022-08-04T14:03:05","date_gmt":"2022-08-04T11:04:17","guid":{"rendered":"https:\/\/www.lustandlove.eu\/?post_type=product&#038;p=52883"},"modified":"2026-04-13T10:34:08","modified_gmt":"2026-04-13T07:34:08","slug":"vikerkaar-ogadega-5-kohaline","status":"publish","type":"product","link":"https:\/\/lustandlove.eu\/et\/toode\/vikerkaar-ogadega-5-kohaline\/","title":{"rendered":"Vikerkaar Ogadega 5-kohaline Pinwheel"},"content":{"rendered":"<p>Sellel luksuslikul viiekordsel pinwheelil on spetsiaalne kuumt\u00f6\u00f6tlus, et muuta terase v\u00e4rv kauniks vikerkaareefektiks. Sellel pinwheelil on viis ogalist ketast, mis on v\u00e4ga kerge ja sobib suurep\u00e4raselt algajatele. See vikerkaareversioon annab teile sellega m\u00e4ngides suurep\u00e4rase tunde ja saate h\u00f5lpsalt pinget intensiivsema tunde saavutamiseks suurendada.<\/p>\n<p>Viie rattaga pinwheel on valmistatud 100% roostevabast terasest ja kaetud teravate ogadega.<\/p>\n<p>Proovi kasutamise ajaks silmad kinni siduda, et tunda veelgi rohkem kuidas ogad nahka torgivad ja n\u00e4rve stimuleerivad.<\/p>\n","protected":false},"excerpt":{"rendered":"<p>Sellel luksuslikul viiekordsel pinwheelil on spetsiaalne kuumt\u00f6\u00f6tlus, et muuta terase v\u00e4rv kauniks vikerkaareefektiks. Sellel pinwheelil on viis ogalist ketast, mis<\/p>\n","protected":false},"featured_media":52865,"template":"","meta":[],"product_brand":[4228],"product_cat":[1470,4003],"product_tag":[3773],"class_list":{"0":"post-52883","1":"product","2":"type-product","3":"status-publish","4":"has-post-thumbnail","6":"product_brand-o-products-et","7":"product_cat-bdsm-et","8":"product_cat-ogarattad","9":"product_tag-meditsiin","10":"pa_brand-o-products-et","12":"first","13":"instock","14":"taxable","15":"shipping-taxable","16":"purchasable","17":"product-type-simple"},"yoast_head":"<!-- This site is optimized with the Yoast SEO plugin v27.3 - https:\/\/yoast.com\/product\/yoast-seo-wordpress\/ -->\n<title>Vikerkaar Ogadega 5-kohaline Pinwheel | Lust and Love<\/title>\n<meta name=\"description\" content=\"This luxury 5x\u00a0pinwheel has had a special heat treatment to change the steel color to a beautiful Rainbow effect. Made from stainless steel.\" \/>\n<meta name=\"robots\" content=\"index,follow,max-snippet:-1,max-image-preview:large,max-video-preview:-1\" \/>\n<link rel=\"canonical\" href=\"https:\/\/lustandlove.eu\/et\/toode\/vikerkaar-ogadega-5-kohaline\/\" \/>\n<meta name=\"twitter:card\" content=\"summary_large_image\" \/>\n<meta name=\"twitter:title\" content=\"Vikerkaar Ogadega 5-kohaline Pinwheel | Lust and Love\" \/>\n<meta name=\"twitter:description\" content=\"This luxury 5x\u00a0pinwheel has had a special heat treatment to change the steel color to a beautiful Rainbow effect. Made from stainless steel.\" \/>\n<meta name=\"twitter:image\" content=\"https:\/\/lustandlove.eu\/wp-content\/uploads\/opr-277106-03.jpg\" \/>\n<script type=\"application\/ld+json\" class=\"yoast-schema-graph\">{\"@context\":\"https:\\\/\\\/schema.org\",\"@graph\":[{\"@type\":[\"WebPage\",\"ItemPage\"],\"@id\":\"https:\\\/\\\/lustandlove.eu\\\/et\\\/toode\\\/vikerkaar-ogadega-5-kohaline\\\/\",\"url\":\"https:\\\/\\\/lustandlove.eu\\\/et\\\/toode\\\/vikerkaar-ogadega-5-kohaline\\\/\",\"name\":\"Vikerkaar Ogadega 5-kohaline Pinwheel | Lust and Love\",\"isPartOf\":{\"@id\":\"https:\\\/\\\/lustandlove.eu\\\/et\\\/#website\"},\"primaryImageOfPage\":{\"@id\":\"https:\\\/\\\/lustandlove.eu\\\/et\\\/toode\\\/vikerkaar-ogadega-5-kohaline\\\/#primaryimage\"},\"image\":{\"@id\":\"https:\\\/\\\/lustandlove.eu\\\/et\\\/toode\\\/vikerkaar-ogadega-5-kohaline\\\/#primaryimage\"},\"thumbnailUrl\":\"https:\\\/\\\/lustandlove.eu\\\/wp-content\\\/uploads\\\/opr-277106-03.jpg\",\"datePublished\":\"2022-08-04T11:04:17+00:00\",\"dateModified\":\"2026-04-13T07:34:08+00:00\",\"description\":\"This luxury 5x\u00a0pinwheel has had a special heat treatment to change the steel color to a beautiful Rainbow effect. Made from stainless steel.\",\"breadcrumb\":{\"@id\":\"https:\\\/\\\/lustandlove.eu\\\/et\\\/toode\\\/vikerkaar-ogadega-5-kohaline\\\/#breadcrumb\"},\"inLanguage\":\"et\",\"potentialAction\":[{\"@type\":\"ReadAction\",\"target\":[\"https:\\\/\\\/lustandlove.eu\\\/et\\\/toode\\\/vikerkaar-ogadega-5-kohaline\\\/\"]}]},{\"@type\":\"ImageObject\",\"inLanguage\":\"et\",\"@id\":\"https:\\\/\\\/lustandlove.eu\\\/et\\\/toode\\\/vikerkaar-ogadega-5-kohaline\\\/#primaryimage\",\"url\":\"https:\\\/\\\/lustandlove.eu\\\/wp-content\\\/uploads\\\/opr-277106-03.jpg\",\"contentUrl\":\"https:\\\/\\\/lustandlove.eu\\\/wp-content\\\/uploads\\\/opr-277106-03.jpg\",\"width\":700,\"height\":450,\"caption\":\"Rainbow Pinwheel 5 Wheels\"},{\"@type\":\"BreadcrumbList\",\"@id\":\"https:\\\/\\\/lustandlove.eu\\\/et\\\/toode\\\/vikerkaar-ogadega-5-kohaline\\\/#breadcrumb\",\"itemListElement\":[{\"@type\":\"ListItem\",\"position\":1,\"name\":\"Lust and Love\",\"item\":\"https:\\\/\\\/lustandlove.eu\\\/et\\\/\"},{\"@type\":\"ListItem\",\"position\":2,\"name\":\"Pood\",\"item\":\"https:\\\/\\\/lustandlove.eu\\\/et\\\/pood\\\/\"},{\"@type\":\"ListItem\",\"position\":3,\"name\":\"BDSM\",\"item\":\"https:\\\/\\\/lustandlove.eu\\\/et\\\/pood\\\/bdsm-et\\\/\"},{\"@type\":\"ListItem\",\"position\":4,\"name\":\"Vikerkaar Ogadega 5-kohaline Pinwheel\"}]},{\"@type\":\"WebSite\",\"@id\":\"https:\\\/\\\/lustandlove.eu\\\/et\\\/#website\",\"url\":\"https:\\\/\\\/lustandlove.eu\\\/et\\\/\",\"name\":\"Lust &amp; Love\",\"description\":\"Online erootikapood tervise, ilu ja armastuse jaoks\",\"publisher\":{\"@id\":\"https:\\\/\\\/lustandlove.eu\\\/et\\\/#organization\"},\"potentialAction\":[{\"@type\":\"SearchAction\",\"target\":{\"@type\":\"EntryPoint\",\"urlTemplate\":\"https:\\\/\\\/lustandlove.eu\\\/et\\\/?s={search_term_string}\"},\"query-input\":{\"@type\":\"PropertyValueSpecification\",\"valueRequired\":true,\"valueName\":\"search_term_string\"}}],\"inLanguage\":\"et\"},{\"@type\":\"Organization\",\"@id\":\"https:\\\/\\\/lustandlove.eu\\\/et\\\/#organization\",\"name\":\"Bioconcept Baltics O\u00dc\",\"url\":\"https:\\\/\\\/lustandlove.eu\\\/et\\\/\",\"logo\":{\"@type\":\"ImageObject\",\"inLanguage\":\"et\",\"@id\":\"https:\\\/\\\/lustandlove.eu\\\/et\\\/#\\\/schema\\\/logo\\\/image\\\/\",\"url\":\"\",\"contentUrl\":\"\",\"caption\":\"Bioconcept Baltics O\u00dc\"},\"image\":{\"@id\":\"https:\\\/\\\/lustandlove.eu\\\/et\\\/#\\\/schema\\\/logo\\\/image\\\/\"},\"sameAs\":[\"https:\\\/\\\/www.facebook.com\\\/LustandLoveEU\\\/\",\"https:\\\/\\\/www.instagram.com\\\/lustandloveeu\\\/\"]}]}<\/script>\n<!-- \/ Yoast SEO plugin. -->","yoast_head_json":{"title":"Vikerkaar Ogadega 5-kohaline Pinwheel | Lust and Love","description":"This luxury 5x\u00a0pinwheel has had a special heat treatment to change the steel color to a beautiful Rainbow effect. Made from stainless steel.","robots":{"index,follow,max-snippet":"index,follow,max-snippet:-1,max-image-preview:large,max-video-preview:-1"},"canonical":"https:\/\/lustandlove.eu\/et\/toode\/vikerkaar-ogadega-5-kohaline\/","twitter_card":"summary_large_image","twitter_title":"Vikerkaar Ogadega 5-kohaline Pinwheel | Lust and Love","twitter_description":"This luxury 5x\u00a0pinwheel has had a special heat treatment to change the steel color to a beautiful Rainbow effect. Made from stainless steel.","twitter_image":"https:\/\/lustandlove.eu\/wp-content\/uploads\/opr-277106-03.jpg","schema":{"@context":"https:\/\/schema.org","@graph":[{"@type":["WebPage","ItemPage"],"@id":"https:\/\/lustandlove.eu\/et\/toode\/vikerkaar-ogadega-5-kohaline\/","url":"https:\/\/lustandlove.eu\/et\/toode\/vikerkaar-ogadega-5-kohaline\/","name":"Vikerkaar Ogadega 5-kohaline Pinwheel | Lust and Love","isPartOf":{"@id":"https:\/\/lustandlove.eu\/et\/#website"},"primaryImageOfPage":{"@id":"https:\/\/lustandlove.eu\/et\/toode\/vikerkaar-ogadega-5-kohaline\/#primaryimage"},"image":{"@id":"https:\/\/lustandlove.eu\/et\/toode\/vikerkaar-ogadega-5-kohaline\/#primaryimage"},"thumbnailUrl":"https:\/\/lustandlove.eu\/wp-content\/uploads\/opr-277106-03.jpg","datePublished":"2022-08-04T11:04:17+00:00","dateModified":"2026-04-13T07:34:08+00:00","description":"This luxury 5x\u00a0pinwheel has had a special heat treatment to change the steel color to a beautiful Rainbow effect. Made from stainless steel.","breadcrumb":{"@id":"https:\/\/lustandlove.eu\/et\/toode\/vikerkaar-ogadega-5-kohaline\/#breadcrumb"},"inLanguage":"et","potentialAction":[{"@type":"ReadAction","target":["https:\/\/lustandlove.eu\/et\/toode\/vikerkaar-ogadega-5-kohaline\/"]}]},{"@type":"ImageObject","inLanguage":"et","@id":"https:\/\/lustandlove.eu\/et\/toode\/vikerkaar-ogadega-5-kohaline\/#primaryimage","url":"https:\/\/lustandlove.eu\/wp-content\/uploads\/opr-277106-03.jpg","contentUrl":"https:\/\/lustandlove.eu\/wp-content\/uploads\/opr-277106-03.jpg","width":700,"height":450,"caption":"Rainbow Pinwheel 5 Wheels"},{"@type":"BreadcrumbList","@id":"https:\/\/lustandlove.eu\/et\/toode\/vikerkaar-ogadega-5-kohaline\/#breadcrumb","itemListElement":[{"@type":"ListItem","position":1,"name":"Lust and Love","item":"https:\/\/lustandlove.eu\/et\/"},{"@type":"ListItem","position":2,"name":"Pood","item":"https:\/\/lustandlove.eu\/et\/pood\/"},{"@type":"ListItem","position":3,"name":"BDSM","item":"https:\/\/lustandlove.eu\/et\/pood\/bdsm-et\/"},{"@type":"ListItem","position":4,"name":"Vikerkaar Ogadega 5-kohaline Pinwheel"}]},{"@type":"WebSite","@id":"https:\/\/lustandlove.eu\/et\/#website","url":"https:\/\/lustandlove.eu\/et\/","name":"Lust &amp; Love","description":"Online erootikapood tervise, ilu ja armastuse jaoks","publisher":{"@id":"https:\/\/lustandlove.eu\/et\/#organization"},"potentialAction":[{"@type":"SearchAction","target":{"@type":"EntryPoint","urlTemplate":"https:\/\/lustandlove.eu\/et\/?s={search_term_string}"},"query-input":{"@type":"PropertyValueSpecification","valueRequired":true,"valueName":"search_term_string"}}],"inLanguage":"et"},{"@type":"Organization","@id":"https:\/\/lustandlove.eu\/et\/#organization","name":"Bioconcept Baltics O\u00dc","url":"https:\/\/lustandlove.eu\/et\/","logo":{"@type":"ImageObject","inLanguage":"et","@id":"https:\/\/lustandlove.eu\/et\/#\/schema\/logo\/image\/","url":"","contentUrl":"","caption":"Bioconcept Baltics O\u00dc"},"image":{"@id":"https:\/\/lustandlove.eu\/et\/#\/schema\/logo\/image\/"},"sameAs":["https:\/\/www.facebook.com\/LustandLoveEU\/","https:\/\/www.instagram.com\/lustandloveeu\/"]}]}},"_links":{"self":[{"href":"https:\/\/lustandlove.eu\/et\/wp-json\/wp\/v2\/product\/52883","targetHints":{"allow":["GET"]}}],"collection":[{"href":"https:\/\/lustandlove.eu\/et\/wp-json\/wp\/v2\/product"}],"about":[{"href":"https:\/\/lustandlove.eu\/et\/wp-json\/wp\/v2\/types\/product"}],"wp:featuredmedia":[{"embeddable":true,"href":"https:\/\/lustandlove.eu\/et\/wp-json\/wp\/v2\/media\/52865"}],"wp:attachment":[{"href":"https:\/\/lustandlove.eu\/et\/wp-json\/wp\/v2\/media?parent=52883"}],"wp:term":[{"taxonomy":"product_brand","embeddable":true,"href":"https:\/\/lustandlove.eu\/et\/wp-json\/wp\/v2\/product_brand?post=52883"},{"taxonomy":"product_cat","embeddable":true,"href":"https:\/\/lustandlove.eu\/et\/wp-json\/wp\/v2\/product_cat?post=52883"},{"taxonomy":"product_tag","embeddable":true,"href":"https:\/\/lustandlove.eu\/et\/wp-json\/wp\/v2\/product_tag?post=52883"}],"curies":[{"name":"wp","href":"https:\/\/api.w.org\/{rel}","templated":true}]}}