{"id":53038,"date":"2022-08-04T14:02:57","date_gmt":"2022-08-04T11:04:26","guid":{"rendered":"https:\/\/www.lustandlove.eu\/?post_type=product&#038;p=53038"},"modified":"2026-04-13T10:34:11","modified_gmt":"2026-04-13T07:34:11","slug":"monstar-dildo-beast-49","status":"publish","type":"product","link":"https:\/\/lustandlove.eu\/et\/toode\/monstar-dildo-beast-49\/","title":{"rendered":"Monstar Dildo Beast 49"},"content":{"rendered":"<p>See dildo BEAST firmalt Kiotos Monstar n\u00e4eb oma v\u00e4rvilise v\u00e4limuse ja trendika dildokujundusega h\u00e4mmastav v\u00e4lja. Sellel Monstar Dildo Beast 49-l on h\u00e4mmastavad omadused, mis muudavad selle vagiinasse v\u00f5i tagumikku sisestades eriti m\u00f5nusaks. Kauni roosa, kollase ja sinise v\u00e4rvide seguga dildo on 24.5 cm pikkune ja 5.6 cm l\u00e4bim\u00f5\u00f5duga ning on valmistatud kehale ohutust meditsiinilisest silikoonmaterjalist.<\/p>\n<p>Pange t\u00e4hele, et v\u00e4rvid ja v\u00e4rvisegud v\u00f5ivad tootmisprotsessi t\u00f5ttu dildo kohta veidi erineda.<\/p>\n","protected":false},"excerpt":{"rendered":"<p>See dildo BEAST firmalt Kiotos Monstar n\u00e4eb oma v\u00e4rvilise v\u00e4limuse ja trendika dildokujundusega h\u00e4mmastav v\u00e4lja. Sellel Monstar Dildo Beast 49-l<\/p>\n","protected":false},"featured_media":53000,"template":"","meta":[],"product_brand":[4228],"product_cat":[1485,4063,1484],"product_tag":[4093,3779,3781],"class_list":{"0":"post-53038","1":"product","2":"type-product","3":"status-publish","4":"has-post-thumbnail","6":"product_brand-o-products-et","7":"product_cat-dildod","8":"product_cat-fantaasia","9":"product_cat-sekslelud","10":"product_tag-bf35-et","11":"product_tag-fantaasia","12":"product_tag-must-reede","13":"pa_brand-o-products-et","15":"first","16":"instock","17":"taxable","18":"shipping-taxable","19":"purchasable","20":"product-type-simple"},"yoast_head":"<!-- This site is optimized with the Yoast SEO plugin v27.3 - https:\/\/yoast.com\/product\/yoast-seo-wordpress\/ -->\n<title>Monstar Dildo Beast 49 | Lust and Love<\/title>\n<meta name=\"description\" content=\"This dildo BEAST 49 from Kiotos Monstar looks amazing with the bright color effect and its trendy dildo design. Made from silicone.\" \/>\n<meta name=\"robots\" content=\"index,follow,max-snippet:-1,max-image-preview:large,max-video-preview:-1\" \/>\n<link rel=\"canonical\" href=\"https:\/\/lustandlove.eu\/et\/toode\/monstar-dildo-beast-49\/\" \/>\n<meta name=\"twitter:card\" content=\"summary_large_image\" \/>\n<meta name=\"twitter:title\" content=\"Monstar Dildo Beast 49 | Lust and Love\" \/>\n<meta name=\"twitter:description\" content=\"This dildo BEAST 49 from Kiotos Monstar looks amazing with the bright color effect and its trendy dildo design. Made from silicone.\" \/>\n<meta name=\"twitter:image\" content=\"https:\/\/lustandlove.eu\/wp-content\/uploads\/opr-361049-01.jpg\" \/>\n<script type=\"application\/ld+json\" class=\"yoast-schema-graph\">{\"@context\":\"https:\\\/\\\/schema.org\",\"@graph\":[{\"@type\":[\"WebPage\",\"ItemPage\"],\"@id\":\"https:\\\/\\\/lustandlove.eu\\\/et\\\/toode\\\/monstar-dildo-beast-49\\\/\",\"url\":\"https:\\\/\\\/lustandlove.eu\\\/et\\\/toode\\\/monstar-dildo-beast-49\\\/\",\"name\":\"Monstar Dildo Beast 49 | Lust and Love\",\"isPartOf\":{\"@id\":\"https:\\\/\\\/lustandlove.eu\\\/et\\\/#website\"},\"primaryImageOfPage\":{\"@id\":\"https:\\\/\\\/lustandlove.eu\\\/et\\\/toode\\\/monstar-dildo-beast-49\\\/#primaryimage\"},\"image\":{\"@id\":\"https:\\\/\\\/lustandlove.eu\\\/et\\\/toode\\\/monstar-dildo-beast-49\\\/#primaryimage\"},\"thumbnailUrl\":\"https:\\\/\\\/lustandlove.eu\\\/wp-content\\\/uploads\\\/opr-361049-01.jpg\",\"datePublished\":\"2022-08-04T11:04:26+00:00\",\"dateModified\":\"2026-04-13T07:34:11+00:00\",\"description\":\"This dildo BEAST 49 from Kiotos Monstar looks amazing with the bright color effect and its trendy dildo design. Made from silicone.\",\"breadcrumb\":{\"@id\":\"https:\\\/\\\/lustandlove.eu\\\/et\\\/toode\\\/monstar-dildo-beast-49\\\/#breadcrumb\"},\"inLanguage\":\"et\",\"potentialAction\":[{\"@type\":\"ReadAction\",\"target\":[\"https:\\\/\\\/lustandlove.eu\\\/et\\\/toode\\\/monstar-dildo-beast-49\\\/\"]}]},{\"@type\":\"ImageObject\",\"inLanguage\":\"et\",\"@id\":\"https:\\\/\\\/lustandlove.eu\\\/et\\\/toode\\\/monstar-dildo-beast-49\\\/#primaryimage\",\"url\":\"https:\\\/\\\/lustandlove.eu\\\/wp-content\\\/uploads\\\/opr-361049-01.jpg\",\"contentUrl\":\"https:\\\/\\\/lustandlove.eu\\\/wp-content\\\/uploads\\\/opr-361049-01.jpg\",\"width\":700,\"height\":450,\"caption\":\"Monstar Dildo Beast 49\"},{\"@type\":\"BreadcrumbList\",\"@id\":\"https:\\\/\\\/lustandlove.eu\\\/et\\\/toode\\\/monstar-dildo-beast-49\\\/#breadcrumb\",\"itemListElement\":[{\"@type\":\"ListItem\",\"position\":1,\"name\":\"Lust and Love\",\"item\":\"https:\\\/\\\/lustandlove.eu\\\/et\\\/\"},{\"@type\":\"ListItem\",\"position\":2,\"name\":\"Pood\",\"item\":\"https:\\\/\\\/lustandlove.eu\\\/et\\\/pood\\\/\"},{\"@type\":\"ListItem\",\"position\":3,\"name\":\"Sekslelud\",\"item\":\"https:\\\/\\\/lustandlove.eu\\\/et\\\/pood\\\/sekslelud\\\/\"},{\"@type\":\"ListItem\",\"position\":4,\"name\":\"Monstar Dildo Beast 49\"}]},{\"@type\":\"WebSite\",\"@id\":\"https:\\\/\\\/lustandlove.eu\\\/et\\\/#website\",\"url\":\"https:\\\/\\\/lustandlove.eu\\\/et\\\/\",\"name\":\"Lust &amp; Love\",\"description\":\"Online erootikapood tervise, ilu ja armastuse jaoks\",\"publisher\":{\"@id\":\"https:\\\/\\\/lustandlove.eu\\\/et\\\/#organization\"},\"potentialAction\":[{\"@type\":\"SearchAction\",\"target\":{\"@type\":\"EntryPoint\",\"urlTemplate\":\"https:\\\/\\\/lustandlove.eu\\\/et\\\/?s={search_term_string}\"},\"query-input\":{\"@type\":\"PropertyValueSpecification\",\"valueRequired\":true,\"valueName\":\"search_term_string\"}}],\"inLanguage\":\"et\"},{\"@type\":\"Organization\",\"@id\":\"https:\\\/\\\/lustandlove.eu\\\/et\\\/#organization\",\"name\":\"Bioconcept Baltics O\u00dc\",\"url\":\"https:\\\/\\\/lustandlove.eu\\\/et\\\/\",\"logo\":{\"@type\":\"ImageObject\",\"inLanguage\":\"et\",\"@id\":\"https:\\\/\\\/lustandlove.eu\\\/et\\\/#\\\/schema\\\/logo\\\/image\\\/\",\"url\":\"\",\"contentUrl\":\"\",\"caption\":\"Bioconcept Baltics O\u00dc\"},\"image\":{\"@id\":\"https:\\\/\\\/lustandlove.eu\\\/et\\\/#\\\/schema\\\/logo\\\/image\\\/\"},\"sameAs\":[\"https:\\\/\\\/www.facebook.com\\\/LustandLoveEU\\\/\",\"https:\\\/\\\/www.instagram.com\\\/lustandloveeu\\\/\"]}]}<\/script>\n<!-- \/ Yoast SEO plugin. -->","yoast_head_json":{"title":"Monstar Dildo Beast 49 | Lust and Love","description":"This dildo BEAST 49 from Kiotos Monstar looks amazing with the bright color effect and its trendy dildo design. Made from silicone.","robots":{"index,follow,max-snippet":"index,follow,max-snippet:-1,max-image-preview:large,max-video-preview:-1"},"canonical":"https:\/\/lustandlove.eu\/et\/toode\/monstar-dildo-beast-49\/","twitter_card":"summary_large_image","twitter_title":"Monstar Dildo Beast 49 | Lust and Love","twitter_description":"This dildo BEAST 49 from Kiotos Monstar looks amazing with the bright color effect and its trendy dildo design. Made from silicone.","twitter_image":"https:\/\/lustandlove.eu\/wp-content\/uploads\/opr-361049-01.jpg","schema":{"@context":"https:\/\/schema.org","@graph":[{"@type":["WebPage","ItemPage"],"@id":"https:\/\/lustandlove.eu\/et\/toode\/monstar-dildo-beast-49\/","url":"https:\/\/lustandlove.eu\/et\/toode\/monstar-dildo-beast-49\/","name":"Monstar Dildo Beast 49 | Lust and Love","isPartOf":{"@id":"https:\/\/lustandlove.eu\/et\/#website"},"primaryImageOfPage":{"@id":"https:\/\/lustandlove.eu\/et\/toode\/monstar-dildo-beast-49\/#primaryimage"},"image":{"@id":"https:\/\/lustandlove.eu\/et\/toode\/monstar-dildo-beast-49\/#primaryimage"},"thumbnailUrl":"https:\/\/lustandlove.eu\/wp-content\/uploads\/opr-361049-01.jpg","datePublished":"2022-08-04T11:04:26+00:00","dateModified":"2026-04-13T07:34:11+00:00","description":"This dildo BEAST 49 from Kiotos Monstar looks amazing with the bright color effect and its trendy dildo design. Made from silicone.","breadcrumb":{"@id":"https:\/\/lustandlove.eu\/et\/toode\/monstar-dildo-beast-49\/#breadcrumb"},"inLanguage":"et","potentialAction":[{"@type":"ReadAction","target":["https:\/\/lustandlove.eu\/et\/toode\/monstar-dildo-beast-49\/"]}]},{"@type":"ImageObject","inLanguage":"et","@id":"https:\/\/lustandlove.eu\/et\/toode\/monstar-dildo-beast-49\/#primaryimage","url":"https:\/\/lustandlove.eu\/wp-content\/uploads\/opr-361049-01.jpg","contentUrl":"https:\/\/lustandlove.eu\/wp-content\/uploads\/opr-361049-01.jpg","width":700,"height":450,"caption":"Monstar Dildo Beast 49"},{"@type":"BreadcrumbList","@id":"https:\/\/lustandlove.eu\/et\/toode\/monstar-dildo-beast-49\/#breadcrumb","itemListElement":[{"@type":"ListItem","position":1,"name":"Lust and Love","item":"https:\/\/lustandlove.eu\/et\/"},{"@type":"ListItem","position":2,"name":"Pood","item":"https:\/\/lustandlove.eu\/et\/pood\/"},{"@type":"ListItem","position":3,"name":"Sekslelud","item":"https:\/\/lustandlove.eu\/et\/pood\/sekslelud\/"},{"@type":"ListItem","position":4,"name":"Monstar Dildo Beast 49"}]},{"@type":"WebSite","@id":"https:\/\/lustandlove.eu\/et\/#website","url":"https:\/\/lustandlove.eu\/et\/","name":"Lust &amp; Love","description":"Online erootikapood tervise, ilu ja armastuse jaoks","publisher":{"@id":"https:\/\/lustandlove.eu\/et\/#organization"},"potentialAction":[{"@type":"SearchAction","target":{"@type":"EntryPoint","urlTemplate":"https:\/\/lustandlove.eu\/et\/?s={search_term_string}"},"query-input":{"@type":"PropertyValueSpecification","valueRequired":true,"valueName":"search_term_string"}}],"inLanguage":"et"},{"@type":"Organization","@id":"https:\/\/lustandlove.eu\/et\/#organization","name":"Bioconcept Baltics O\u00dc","url":"https:\/\/lustandlove.eu\/et\/","logo":{"@type":"ImageObject","inLanguage":"et","@id":"https:\/\/lustandlove.eu\/et\/#\/schema\/logo\/image\/","url":"","contentUrl":"","caption":"Bioconcept Baltics O\u00dc"},"image":{"@id":"https:\/\/lustandlove.eu\/et\/#\/schema\/logo\/image\/"},"sameAs":["https:\/\/www.facebook.com\/LustandLoveEU\/","https:\/\/www.instagram.com\/lustandloveeu\/"]}]}},"_links":{"self":[{"href":"https:\/\/lustandlove.eu\/et\/wp-json\/wp\/v2\/product\/53038","targetHints":{"allow":["GET"]}}],"collection":[{"href":"https:\/\/lustandlove.eu\/et\/wp-json\/wp\/v2\/product"}],"about":[{"href":"https:\/\/lustandlove.eu\/et\/wp-json\/wp\/v2\/types\/product"}],"wp:featuredmedia":[{"embeddable":true,"href":"https:\/\/lustandlove.eu\/et\/wp-json\/wp\/v2\/media\/53000"}],"wp:attachment":[{"href":"https:\/\/lustandlove.eu\/et\/wp-json\/wp\/v2\/media?parent=53038"}],"wp:term":[{"taxonomy":"product_brand","embeddable":true,"href":"https:\/\/lustandlove.eu\/et\/wp-json\/wp\/v2\/product_brand?post=53038"},{"taxonomy":"product_cat","embeddable":true,"href":"https:\/\/lustandlove.eu\/et\/wp-json\/wp\/v2\/product_cat?post=53038"},{"taxonomy":"product_tag","embeddable":true,"href":"https:\/\/lustandlove.eu\/et\/wp-json\/wp\/v2\/product_tag?post=53038"}],"curies":[{"name":"wp","href":"https:\/\/api.w.org\/{rel}","templated":true}]}}