{"id":53154,"date":"2022-08-24T14:33:41","date_gmt":"2022-08-25T11:54:10","guid":{"rendered":"https:\/\/www.lustandlove.eu\/?post_type=product&#038;p=53154"},"modified":"2026-04-13T10:34:05","modified_gmt":"2026-04-13T07:34:05","slug":"hera-flex-rabbit-vibraator","status":"publish","type":"product","link":"https:\/\/lustandlove.eu\/et\/toode\/hera-flex-rabbit-vibraator\/","title":{"rendered":"Hera Flex Rabbit Vibraator"},"content":{"rendered":"<p>Ikooniline Rabbit \u2013 \u00fcmber kujundatud kaasaegse kuninganna jaoks! Hera Flex on maailma pehmeim ja stiilseim Rabbit vibraator. Pehme, pigistatav ots annab s\u00fcgava ja m\u00fcrilise vibratsiooni otse teie G-punktile, samal ajal kui painduv p\u00f6ial stimuleerib rohkem teie kliitorit, et saavutada \u00fclim kombineeritud orgasm.<\/p>\n<p>Hera Flex kasutab uut Je Joue BodyFlex tehnoloogiat et liikuda koos sinu kehaga. T\u00e4ielikult painduv keha suudab kaarduda igasse suunda, muutes selle sinu keha jaoks perfektseks. L\u00f5puks, vibraator sama eriline kui sina!<\/p>\n<p><strong>Funktsioonid<\/strong>:<br \/>\nHera Flex mootor on loodud vibreerima \u00fclimadala sagedusega, et anda edasi meile iseloomulike Je Joue oi-nii-madal m\u00fcrisevaid vibratsioone. Need vibratsioonid liiguvad l\u00e4bi keha kaugemale, p\u00e4\u00e4sedes juurde rohkematele sisemistele n\u00e4rvil\u00f5pmetele ja naudingupunktidele, et saavutada t\u00e4ielik vaimustav kogu keha orgasm.<\/p>\n<p>5 kiiruse ja 7 mustriga Hera Flex pakub laias valikus vibratsioone \u2013 \u00f5rnast nurrumisest kuni s\u00fcgava m\u00fcrinani.<\/p>\n<p>USB-laetav silikoonist j\u00e4nese vibraator \u00f5ndsate orgasmide jaoks<br \/>\n5 kiirust ja 7 mustrit kohandatud m\u00e4ngimiseks<br \/>\nKontuur on loodud teie naudingupunktide t\u00e4pseks stimuleerimiseks<br \/>\nSobib nii sisemiseks kui ka v\u00e4liseks stimulatsiooniks<br \/>\n100% veekindel lihtsaks puhastamiseks ja kuumast kuumemate vannide jaoks<br \/>\n100% vegan vibraator<\/p>\n<p><strong>N\u00e4pun\u00e4iteid:<\/strong><br \/>\nOma painduva ja ergonoomilise disainiga suudab Hera Flex \u00e4ratada teie G-punkti ja kliitori \u00fcheaegselt. Pakkudes k\u00e4snalist, kuid otsest G-punkti stimulatsiooni koos laia kliitori stimulaatoriga, saate nautida parimaid s\u00fcgavaid m\u00fcrisevaid vibratsioone kombineeritud orgasmilise \u00f5ndsuse saavutamiseks.<\/p>\n<p>Siin on m\u00f5ned n\u00e4pun\u00e4ited, kuidas alustada&#8230;<\/p>\n<p>Alustage Hera Flex kasutamist soojendamiseks v\u00e4lispidiselt. Masseerige oma kliitorit v\u00e4ikese koguse veep\u00f5hise libestiga <em>rabbit-<\/em>i &#8220;k\u00f5rvade&#8221; pehme otsa (v\u00f5i kliitori stimulaatori) kohal. Seej\u00e4rel saate G-punkti pehme otsaga oma tupeava masseerida, kuni olete piisavalt erutunud, et siseneda. Nautige kliitori stimulaatori paindlikkust, kui kasutate <em>rabbit<\/em>-it oma G-punkti tabamiseks.<\/p>\n<p>S\u00f5ltuvalt teie tujust v\u00f5ite otsustada, et soovite igal ajahetkel ainult kliitori v\u00f5i G-punkti vibratsiooni. Seega veenduge, et uurite erinevaid vibratsioonimustreid ja tugevusi, kl\u00f5psates seadeid ja helitugevuse nuppe.<\/p>\n","protected":false},"excerpt":{"rendered":"<p>Ikooniline Rabbit \u2013 \u00fcmber kujundatud kaasaegse kuninganna jaoks! Hera Flex on maailma pehmeim ja stiilseim Rabbit vibraator. Pehme, pigistatav ots<\/p>\n","protected":false},"featured_media":53078,"template":"","meta":[],"product_brand":[4211],"product_cat":[3977,1484,1488],"product_tag":[3883],"class_list":{"0":"post-53154","1":"product","2":"type-product","3":"status-publish","4":"has-post-thumbnail","6":"product_brand-je-joue-et","7":"product_cat-janese","8":"product_cat-sekslelud","9":"product_cat-vibraatorid","10":"product_tag-rabbit-et","11":"pa_brand-je-joue-et","13":"first","14":"instock","15":"taxable","16":"shipping-taxable","17":"purchasable","18":"product-type-simple"},"yoast_head":"<!-- This site is optimized with the Yoast SEO plugin v27.3 - https:\/\/yoast.com\/product\/yoast-seo-wordpress\/ -->\n<title>Hera Flex Rabbit Vibraator | Lust and Love<\/title>\n<meta name=\"description\" content=\"Hera Flex rabbit vibrator has a fully flexible shaft can be bent into any position. The vibrator is waterproof and has 5 speeds and 7 patterns\" \/>\n<meta name=\"robots\" content=\"index,follow,max-snippet:-1,max-image-preview:large,max-video-preview:-1\" \/>\n<link rel=\"canonical\" href=\"https:\/\/lustandlove.eu\/et\/toode\/hera-flex-rabbit-vibraator\/\" \/>\n<meta name=\"twitter:card\" content=\"summary_large_image\" \/>\n<meta name=\"twitter:title\" content=\"Hera Flex Rabbit Vibraator | Lust and Love\" \/>\n<meta name=\"twitter:description\" content=\"Hera Flex rabbit vibrator has a fully flexible shaft can be bent into any position. The vibrator is waterproof and has 5 speeds and 7 patterns\" \/>\n<meta name=\"twitter:image\" content=\"https:\/\/lustandlove.eu\/wp-content\/uploads\/img_126772_8420a87dcb3d7fdb5633c4fbbe8fb881_1.jpg\" \/>\n<meta name=\"twitter:label1\" content=\"Est. reading time\" \/>\n\t<meta name=\"twitter:data1\" content=\"2 minutit\" \/>\n<script type=\"application\/ld+json\" class=\"yoast-schema-graph\">{\"@context\":\"https:\\\/\\\/schema.org\",\"@graph\":[{\"@type\":[\"WebPage\",\"ItemPage\"],\"@id\":\"https:\\\/\\\/lustandlove.eu\\\/et\\\/toode\\\/hera-flex-rabbit-vibraator\\\/\",\"url\":\"https:\\\/\\\/lustandlove.eu\\\/et\\\/toode\\\/hera-flex-rabbit-vibraator\\\/\",\"name\":\"Hera Flex Rabbit Vibraator | Lust and Love\",\"isPartOf\":{\"@id\":\"https:\\\/\\\/lustandlove.eu\\\/et\\\/#website\"},\"primaryImageOfPage\":{\"@id\":\"https:\\\/\\\/lustandlove.eu\\\/et\\\/toode\\\/hera-flex-rabbit-vibraator\\\/#primaryimage\"},\"image\":{\"@id\":\"https:\\\/\\\/lustandlove.eu\\\/et\\\/toode\\\/hera-flex-rabbit-vibraator\\\/#primaryimage\"},\"thumbnailUrl\":\"https:\\\/\\\/lustandlove.eu\\\/wp-content\\\/uploads\\\/img_126772_8420a87dcb3d7fdb5633c4fbbe8fb881_1.jpg\",\"datePublished\":\"2022-08-25T11:54:10+00:00\",\"dateModified\":\"2026-04-13T07:34:05+00:00\",\"description\":\"Hera Flex rabbit vibrator has a fully flexible shaft can be bent into any position. The vibrator is waterproof and has 5 speeds and 7 patterns\",\"breadcrumb\":{\"@id\":\"https:\\\/\\\/lustandlove.eu\\\/et\\\/toode\\\/hera-flex-rabbit-vibraator\\\/#breadcrumb\"},\"inLanguage\":\"et\",\"potentialAction\":[{\"@type\":\"ReadAction\",\"target\":[\"https:\\\/\\\/lustandlove.eu\\\/et\\\/toode\\\/hera-flex-rabbit-vibraator\\\/\"]}]},{\"@type\":\"ImageObject\",\"inLanguage\":\"et\",\"@id\":\"https:\\\/\\\/lustandlove.eu\\\/et\\\/toode\\\/hera-flex-rabbit-vibraator\\\/#primaryimage\",\"url\":\"https:\\\/\\\/lustandlove.eu\\\/wp-content\\\/uploads\\\/img_126772_8420a87dcb3d7fdb5633c4fbbe8fb881_1.jpg\",\"contentUrl\":\"https:\\\/\\\/lustandlove.eu\\\/wp-content\\\/uploads\\\/img_126772_8420a87dcb3d7fdb5633c4fbbe8fb881_1.jpg\",\"width\":800,\"height\":800,\"caption\":\"Hera Flex Rabbit Vibrator\"},{\"@type\":\"BreadcrumbList\",\"@id\":\"https:\\\/\\\/lustandlove.eu\\\/et\\\/toode\\\/hera-flex-rabbit-vibraator\\\/#breadcrumb\",\"itemListElement\":[{\"@type\":\"ListItem\",\"position\":1,\"name\":\"Lust and Love\",\"item\":\"https:\\\/\\\/lustandlove.eu\\\/et\\\/\"},{\"@type\":\"ListItem\",\"position\":2,\"name\":\"Pood\",\"item\":\"https:\\\/\\\/lustandlove.eu\\\/et\\\/pood\\\/\"},{\"@type\":\"ListItem\",\"position\":3,\"name\":\"Sekslelud\",\"item\":\"https:\\\/\\\/lustandlove.eu\\\/et\\\/pood\\\/sekslelud\\\/\"},{\"@type\":\"ListItem\",\"position\":4,\"name\":\"Hera Flex Rabbit Vibraator\"}]},{\"@type\":\"WebSite\",\"@id\":\"https:\\\/\\\/lustandlove.eu\\\/et\\\/#website\",\"url\":\"https:\\\/\\\/lustandlove.eu\\\/et\\\/\",\"name\":\"Lust &amp; Love\",\"description\":\"Online erootikapood tervise, ilu ja armastuse jaoks\",\"publisher\":{\"@id\":\"https:\\\/\\\/lustandlove.eu\\\/et\\\/#organization\"},\"potentialAction\":[{\"@type\":\"SearchAction\",\"target\":{\"@type\":\"EntryPoint\",\"urlTemplate\":\"https:\\\/\\\/lustandlove.eu\\\/et\\\/?s={search_term_string}\"},\"query-input\":{\"@type\":\"PropertyValueSpecification\",\"valueRequired\":true,\"valueName\":\"search_term_string\"}}],\"inLanguage\":\"et\"},{\"@type\":\"Organization\",\"@id\":\"https:\\\/\\\/lustandlove.eu\\\/et\\\/#organization\",\"name\":\"Bioconcept Baltics O\u00dc\",\"url\":\"https:\\\/\\\/lustandlove.eu\\\/et\\\/\",\"logo\":{\"@type\":\"ImageObject\",\"inLanguage\":\"et\",\"@id\":\"https:\\\/\\\/lustandlove.eu\\\/et\\\/#\\\/schema\\\/logo\\\/image\\\/\",\"url\":\"\",\"contentUrl\":\"\",\"caption\":\"Bioconcept Baltics O\u00dc\"},\"image\":{\"@id\":\"https:\\\/\\\/lustandlove.eu\\\/et\\\/#\\\/schema\\\/logo\\\/image\\\/\"},\"sameAs\":[\"https:\\\/\\\/www.facebook.com\\\/LustandLoveEU\\\/\",\"https:\\\/\\\/www.instagram.com\\\/lustandloveeu\\\/\"]}]}<\/script>\n<!-- \/ Yoast SEO plugin. -->","yoast_head_json":{"title":"Hera Flex Rabbit Vibraator | Lust and Love","description":"Hera Flex rabbit vibrator has a fully flexible shaft can be bent into any position. The vibrator is waterproof and has 5 speeds and 7 patterns","robots":{"index,follow,max-snippet":"index,follow,max-snippet:-1,max-image-preview:large,max-video-preview:-1"},"canonical":"https:\/\/lustandlove.eu\/et\/toode\/hera-flex-rabbit-vibraator\/","twitter_card":"summary_large_image","twitter_title":"Hera Flex Rabbit Vibraator | Lust and Love","twitter_description":"Hera Flex rabbit vibrator has a fully flexible shaft can be bent into any position. The vibrator is waterproof and has 5 speeds and 7 patterns","twitter_image":"https:\/\/lustandlove.eu\/wp-content\/uploads\/img_126772_8420a87dcb3d7fdb5633c4fbbe8fb881_1.jpg","twitter_misc":{"Est. reading time":"2 minutit"},"schema":{"@context":"https:\/\/schema.org","@graph":[{"@type":["WebPage","ItemPage"],"@id":"https:\/\/lustandlove.eu\/et\/toode\/hera-flex-rabbit-vibraator\/","url":"https:\/\/lustandlove.eu\/et\/toode\/hera-flex-rabbit-vibraator\/","name":"Hera Flex Rabbit Vibraator | Lust and Love","isPartOf":{"@id":"https:\/\/lustandlove.eu\/et\/#website"},"primaryImageOfPage":{"@id":"https:\/\/lustandlove.eu\/et\/toode\/hera-flex-rabbit-vibraator\/#primaryimage"},"image":{"@id":"https:\/\/lustandlove.eu\/et\/toode\/hera-flex-rabbit-vibraator\/#primaryimage"},"thumbnailUrl":"https:\/\/lustandlove.eu\/wp-content\/uploads\/img_126772_8420a87dcb3d7fdb5633c4fbbe8fb881_1.jpg","datePublished":"2022-08-25T11:54:10+00:00","dateModified":"2026-04-13T07:34:05+00:00","description":"Hera Flex rabbit vibrator has a fully flexible shaft can be bent into any position. The vibrator is waterproof and has 5 speeds and 7 patterns","breadcrumb":{"@id":"https:\/\/lustandlove.eu\/et\/toode\/hera-flex-rabbit-vibraator\/#breadcrumb"},"inLanguage":"et","potentialAction":[{"@type":"ReadAction","target":["https:\/\/lustandlove.eu\/et\/toode\/hera-flex-rabbit-vibraator\/"]}]},{"@type":"ImageObject","inLanguage":"et","@id":"https:\/\/lustandlove.eu\/et\/toode\/hera-flex-rabbit-vibraator\/#primaryimage","url":"https:\/\/lustandlove.eu\/wp-content\/uploads\/img_126772_8420a87dcb3d7fdb5633c4fbbe8fb881_1.jpg","contentUrl":"https:\/\/lustandlove.eu\/wp-content\/uploads\/img_126772_8420a87dcb3d7fdb5633c4fbbe8fb881_1.jpg","width":800,"height":800,"caption":"Hera Flex Rabbit Vibrator"},{"@type":"BreadcrumbList","@id":"https:\/\/lustandlove.eu\/et\/toode\/hera-flex-rabbit-vibraator\/#breadcrumb","itemListElement":[{"@type":"ListItem","position":1,"name":"Lust and Love","item":"https:\/\/lustandlove.eu\/et\/"},{"@type":"ListItem","position":2,"name":"Pood","item":"https:\/\/lustandlove.eu\/et\/pood\/"},{"@type":"ListItem","position":3,"name":"Sekslelud","item":"https:\/\/lustandlove.eu\/et\/pood\/sekslelud\/"},{"@type":"ListItem","position":4,"name":"Hera Flex Rabbit Vibraator"}]},{"@type":"WebSite","@id":"https:\/\/lustandlove.eu\/et\/#website","url":"https:\/\/lustandlove.eu\/et\/","name":"Lust &amp; Love","description":"Online erootikapood tervise, ilu ja armastuse jaoks","publisher":{"@id":"https:\/\/lustandlove.eu\/et\/#organization"},"potentialAction":[{"@type":"SearchAction","target":{"@type":"EntryPoint","urlTemplate":"https:\/\/lustandlove.eu\/et\/?s={search_term_string}"},"query-input":{"@type":"PropertyValueSpecification","valueRequired":true,"valueName":"search_term_string"}}],"inLanguage":"et"},{"@type":"Organization","@id":"https:\/\/lustandlove.eu\/et\/#organization","name":"Bioconcept Baltics O\u00dc","url":"https:\/\/lustandlove.eu\/et\/","logo":{"@type":"ImageObject","inLanguage":"et","@id":"https:\/\/lustandlove.eu\/et\/#\/schema\/logo\/image\/","url":"","contentUrl":"","caption":"Bioconcept Baltics O\u00dc"},"image":{"@id":"https:\/\/lustandlove.eu\/et\/#\/schema\/logo\/image\/"},"sameAs":["https:\/\/www.facebook.com\/LustandLoveEU\/","https:\/\/www.instagram.com\/lustandloveeu\/"]}]}},"_links":{"self":[{"href":"https:\/\/lustandlove.eu\/et\/wp-json\/wp\/v2\/product\/53154","targetHints":{"allow":["GET"]}}],"collection":[{"href":"https:\/\/lustandlove.eu\/et\/wp-json\/wp\/v2\/product"}],"about":[{"href":"https:\/\/lustandlove.eu\/et\/wp-json\/wp\/v2\/types\/product"}],"wp:featuredmedia":[{"embeddable":true,"href":"https:\/\/lustandlove.eu\/et\/wp-json\/wp\/v2\/media\/53078"}],"wp:attachment":[{"href":"https:\/\/lustandlove.eu\/et\/wp-json\/wp\/v2\/media?parent=53154"}],"wp:term":[{"taxonomy":"product_brand","embeddable":true,"href":"https:\/\/lustandlove.eu\/et\/wp-json\/wp\/v2\/product_brand?post=53154"},{"taxonomy":"product_cat","embeddable":true,"href":"https:\/\/lustandlove.eu\/et\/wp-json\/wp\/v2\/product_cat?post=53154"},{"taxonomy":"product_tag","embeddable":true,"href":"https:\/\/lustandlove.eu\/et\/wp-json\/wp\/v2\/product_tag?post=53154"}],"curies":[{"name":"wp","href":"https:\/\/api.w.org\/{rel}","templated":true}]}}