{"id":53155,"date":"2022-08-24T14:32:46","date_gmt":"2022-08-25T11:54:11","guid":{"rendered":"https:\/\/www.lustandlove.eu\/?post_type=product&#038;p=53155"},"modified":"2026-04-13T10:34:05","modified_gmt":"2026-04-13T07:34:05","slug":"juno-g-spot-vibraator","status":"publish","type":"product","link":"https:\/\/lustandlove.eu\/et\/toode\/juno-g-spot-vibraator\/","title":{"rendered":"Juno G-Spot Vibraator"},"content":{"rendered":"<p>Juno, G-punkti jumalanna! Juno on maailma pehmeim ja stiilseim G-punkti vibraator, mis pakub v\u00f5imsaid s\u00fcgavaid m\u00fcrisevaid vibratsiooni otse teie sisemistele naudingupunktidele. Je Joue ainulaadsed madala sagedusega vibratsioonid suudavad liikuda edasi l\u00e4bi keha, p\u00e4\u00e4sedes juurde rohkematele sisemistele n\u00e4rvil\u00f5pmetele ja stimuleerides kogu sisemist kliitorit. Juno on t\u00f5esti orgasmiline taevas!<\/p>\n<p><strong>Funktsioonid<\/strong>:<br \/>\nJuno mootor on loodud vibreerima \u00fclimadala sagedusega, et anda edasi meile iseloomulike Je Joue oi-nii-madal m\u00fcrisevaid vibratsioone. Need vibratsioonid liiguvad l\u00e4bi keha kaugemale, p\u00e4\u00e4sedes juurde rohkematele sisemistele n\u00e4rvil\u00f5pmetele ja naudingupunktidele, et saavutada t\u00e4ielik vaimustav kogu keha orgasm.<\/p>\n<p>5 kiiruse ja 7 mustriga Juno pakub laias valikus vibratsioone \u2013 \u00f5rnast nurrumisest kuni s\u00fcgava m\u00fcrinani.<\/p>\n<p>USB-laetav silikoonist j\u00e4nese vibraator \u00f5ndsate orgasmide jaoks<br \/>\n5 kiirust ja 7 mustrit kohandatud m\u00e4ngimiseks<br \/>\nKontuur on loodud teie naudingupunktide t\u00e4pseks stimuleerimiseks<br \/>\nSobib nii sisemiseks kui ka v\u00e4liseks stimulatsiooniks<br \/>\n100% veekindel lihtsaks puhastamiseks ja kuumast kuumemate vannide jaoks<br \/>\n100% vegan vibraator<\/p>\n<p><strong>N\u00e4pun\u00e4iteid:<\/strong><br \/>\nOma elegantse ja ergonoomilise disainiga suudab Juno \u00e4ratada teie G-punkti t\u00e4pse sihtimisega. Pakkudes k\u00e4snalist, kuid otsest G-punkti stimulatsiooni, saate nautida parimaid s\u00fcgavaid m\u00fcrisevaid vibratsioone\u00a0 orgasmilise \u00f5ndsuse saavutamiseks.<\/p>\n<p>Siin on m\u00f5ned n\u00e4pun\u00e4ited, kuidas alustada&#8230;<\/p>\n<p>Alustage Juno kasutamist soojendamiseks v\u00e4lispidiselt. Masseerige oma kliitorit v\u00e4ikese koguse veep\u00f5hise libestiga. Seej\u00e4rel saate Juno pehme otsaga oma tupeava masseerida, kuni olete piisavalt erutunud, et siseneda. Nautige Juno kurvilist disaini oma G-punkti tabamiseks.<\/p>\n<p>Kindlasti veenduge, et uurite erinevaid vibratsioonimustreid ja tugevusi, kl\u00f5psates seadeid ja helitugevuse nuppe.<\/p>\n","protected":false},"excerpt":{"rendered":"<p>Juno, G-punkti jumalanna! Juno on maailma pehmeim ja stiilseim G-punkti vibraator, mis pakub v\u00f5imsaid s\u00fcgavaid m\u00fcrisevaid vibratsiooni otse teie sisemistele<\/p>\n","protected":false},"featured_media":53091,"template":"","meta":[],"product_brand":[4211],"product_cat":[3980,1484,1488],"product_tag":[],"class_list":{"0":"post-53155","1":"product","2":"type-product","3":"status-publish","4":"has-post-thumbnail","6":"product_brand-je-joue-et","7":"product_cat-klassikalised","8":"product_cat-sekslelud","9":"product_cat-vibraatorid","10":"pa_brand-je-joue-et","12":"first","13":"instock","14":"taxable","15":"shipping-taxable","16":"purchasable","17":"product-type-variable"},"yoast_head":"<!-- This site is optimized with the Yoast SEO plugin v27.3 - https:\/\/yoast.com\/product\/yoast-seo-wordpress\/ -->\n<title>Juno G-Spot Vibraator | Lust and Love<\/title>\n<meta name=\"description\" content=\"Juno G-Spot vibrator has 5 speeds and 7 patterns. The vibrator is waterproof and vegan friendly. Juno vibrator is USB rechargable.\" \/>\n<meta name=\"robots\" content=\"index,follow,max-snippet:-1,max-image-preview:large,max-video-preview:-1\" \/>\n<link rel=\"canonical\" href=\"https:\/\/lustandlove.eu\/et\/toode\/juno-g-spot-vibraator\/\" \/>\n<meta name=\"twitter:card\" content=\"summary_large_image\" \/>\n<meta name=\"twitter:title\" content=\"Juno G-Spot Vibraator | Lust and Love\" \/>\n<meta name=\"twitter:description\" content=\"Juno G-Spot vibrator has 5 speeds and 7 patterns. The vibrator is waterproof and vegan friendly. Juno vibrator is USB rechargable.\" \/>\n<meta name=\"twitter:image\" content=\"https:\/\/lustandlove.eu\/wp-content\/uploads\/JJ_Toy1_Standing_Purple_1000x.png\" \/>\n<meta name=\"twitter:label1\" content=\"Est. reading time\" \/>\n\t<meta name=\"twitter:data1\" content=\"1 minut\" \/>\n<script type=\"application\/ld+json\" class=\"yoast-schema-graph\">{\"@context\":\"https:\\\/\\\/schema.org\",\"@graph\":[{\"@type\":[\"WebPage\",\"ItemPage\"],\"@id\":\"https:\\\/\\\/lustandlove.eu\\\/et\\\/toode\\\/juno-g-spot-vibraator\\\/\",\"url\":\"https:\\\/\\\/lustandlove.eu\\\/et\\\/toode\\\/juno-g-spot-vibraator\\\/\",\"name\":\"Juno G-Spot Vibraator | Lust and Love\",\"isPartOf\":{\"@id\":\"https:\\\/\\\/lustandlove.eu\\\/et\\\/#website\"},\"primaryImageOfPage\":{\"@id\":\"https:\\\/\\\/lustandlove.eu\\\/et\\\/toode\\\/juno-g-spot-vibraator\\\/#primaryimage\"},\"image\":{\"@id\":\"https:\\\/\\\/lustandlove.eu\\\/et\\\/toode\\\/juno-g-spot-vibraator\\\/#primaryimage\"},\"thumbnailUrl\":\"https:\\\/\\\/lustandlove.eu\\\/wp-content\\\/uploads\\\/JJ_Toy1_Standing_Purple_1000x.png\",\"datePublished\":\"2022-08-25T11:54:11+00:00\",\"dateModified\":\"2026-04-13T07:34:05+00:00\",\"description\":\"Juno G-Spot vibrator has 5 speeds and 7 patterns. The vibrator is waterproof and vegan friendly. Juno vibrator is USB rechargable.\",\"breadcrumb\":{\"@id\":\"https:\\\/\\\/lustandlove.eu\\\/et\\\/toode\\\/juno-g-spot-vibraator\\\/#breadcrumb\"},\"inLanguage\":\"et\",\"potentialAction\":[{\"@type\":\"ReadAction\",\"target\":[\"https:\\\/\\\/lustandlove.eu\\\/et\\\/toode\\\/juno-g-spot-vibraator\\\/\"]}]},{\"@type\":\"ImageObject\",\"inLanguage\":\"et\",\"@id\":\"https:\\\/\\\/lustandlove.eu\\\/et\\\/toode\\\/juno-g-spot-vibraator\\\/#primaryimage\",\"url\":\"https:\\\/\\\/lustandlove.eu\\\/wp-content\\\/uploads\\\/JJ_Toy1_Standing_Purple_1000x.png\",\"contentUrl\":\"https:\\\/\\\/lustandlove.eu\\\/wp-content\\\/uploads\\\/JJ_Toy1_Standing_Purple_1000x.png\",\"width\":1000,\"height\":1000,\"caption\":\"Juno G-Spot Vibrator\"},{\"@type\":\"BreadcrumbList\",\"@id\":\"https:\\\/\\\/lustandlove.eu\\\/et\\\/toode\\\/juno-g-spot-vibraator\\\/#breadcrumb\",\"itemListElement\":[{\"@type\":\"ListItem\",\"position\":1,\"name\":\"Lust and Love\",\"item\":\"https:\\\/\\\/lustandlove.eu\\\/et\\\/\"},{\"@type\":\"ListItem\",\"position\":2,\"name\":\"Pood\",\"item\":\"https:\\\/\\\/lustandlove.eu\\\/et\\\/pood\\\/\"},{\"@type\":\"ListItem\",\"position\":3,\"name\":\"Sekslelud\",\"item\":\"https:\\\/\\\/lustandlove.eu\\\/et\\\/pood\\\/sekslelud\\\/\"},{\"@type\":\"ListItem\",\"position\":4,\"name\":\"Juno G-Spot Vibraator\"}]},{\"@type\":\"WebSite\",\"@id\":\"https:\\\/\\\/lustandlove.eu\\\/et\\\/#website\",\"url\":\"https:\\\/\\\/lustandlove.eu\\\/et\\\/\",\"name\":\"Lust &amp; Love\",\"description\":\"Online erootikapood tervise, ilu ja armastuse jaoks\",\"publisher\":{\"@id\":\"https:\\\/\\\/lustandlove.eu\\\/et\\\/#organization\"},\"potentialAction\":[{\"@type\":\"SearchAction\",\"target\":{\"@type\":\"EntryPoint\",\"urlTemplate\":\"https:\\\/\\\/lustandlove.eu\\\/et\\\/?s={search_term_string}\"},\"query-input\":{\"@type\":\"PropertyValueSpecification\",\"valueRequired\":true,\"valueName\":\"search_term_string\"}}],\"inLanguage\":\"et\"},{\"@type\":\"Organization\",\"@id\":\"https:\\\/\\\/lustandlove.eu\\\/et\\\/#organization\",\"name\":\"Bioconcept Baltics O\u00dc\",\"url\":\"https:\\\/\\\/lustandlove.eu\\\/et\\\/\",\"logo\":{\"@type\":\"ImageObject\",\"inLanguage\":\"et\",\"@id\":\"https:\\\/\\\/lustandlove.eu\\\/et\\\/#\\\/schema\\\/logo\\\/image\\\/\",\"url\":\"\",\"contentUrl\":\"\",\"caption\":\"Bioconcept Baltics O\u00dc\"},\"image\":{\"@id\":\"https:\\\/\\\/lustandlove.eu\\\/et\\\/#\\\/schema\\\/logo\\\/image\\\/\"},\"sameAs\":[\"https:\\\/\\\/www.facebook.com\\\/LustandLoveEU\\\/\",\"https:\\\/\\\/www.instagram.com\\\/lustandloveeu\\\/\"]}]}<\/script>\n<!-- \/ Yoast SEO plugin. -->","yoast_head_json":{"title":"Juno G-Spot Vibraator | Lust and Love","description":"Juno G-Spot vibrator has 5 speeds and 7 patterns. The vibrator is waterproof and vegan friendly. Juno vibrator is USB rechargable.","robots":{"index,follow,max-snippet":"index,follow,max-snippet:-1,max-image-preview:large,max-video-preview:-1"},"canonical":"https:\/\/lustandlove.eu\/et\/toode\/juno-g-spot-vibraator\/","twitter_card":"summary_large_image","twitter_title":"Juno G-Spot Vibraator | Lust and Love","twitter_description":"Juno G-Spot vibrator has 5 speeds and 7 patterns. The vibrator is waterproof and vegan friendly. Juno vibrator is USB rechargable.","twitter_image":"https:\/\/lustandlove.eu\/wp-content\/uploads\/JJ_Toy1_Standing_Purple_1000x.png","twitter_misc":{"Est. reading time":"1 minut"},"schema":{"@context":"https:\/\/schema.org","@graph":[{"@type":["WebPage","ItemPage"],"@id":"https:\/\/lustandlove.eu\/et\/toode\/juno-g-spot-vibraator\/","url":"https:\/\/lustandlove.eu\/et\/toode\/juno-g-spot-vibraator\/","name":"Juno G-Spot Vibraator | Lust and Love","isPartOf":{"@id":"https:\/\/lustandlove.eu\/et\/#website"},"primaryImageOfPage":{"@id":"https:\/\/lustandlove.eu\/et\/toode\/juno-g-spot-vibraator\/#primaryimage"},"image":{"@id":"https:\/\/lustandlove.eu\/et\/toode\/juno-g-spot-vibraator\/#primaryimage"},"thumbnailUrl":"https:\/\/lustandlove.eu\/wp-content\/uploads\/JJ_Toy1_Standing_Purple_1000x.png","datePublished":"2022-08-25T11:54:11+00:00","dateModified":"2026-04-13T07:34:05+00:00","description":"Juno G-Spot vibrator has 5 speeds and 7 patterns. The vibrator is waterproof and vegan friendly. Juno vibrator is USB rechargable.","breadcrumb":{"@id":"https:\/\/lustandlove.eu\/et\/toode\/juno-g-spot-vibraator\/#breadcrumb"},"inLanguage":"et","potentialAction":[{"@type":"ReadAction","target":["https:\/\/lustandlove.eu\/et\/toode\/juno-g-spot-vibraator\/"]}]},{"@type":"ImageObject","inLanguage":"et","@id":"https:\/\/lustandlove.eu\/et\/toode\/juno-g-spot-vibraator\/#primaryimage","url":"https:\/\/lustandlove.eu\/wp-content\/uploads\/JJ_Toy1_Standing_Purple_1000x.png","contentUrl":"https:\/\/lustandlove.eu\/wp-content\/uploads\/JJ_Toy1_Standing_Purple_1000x.png","width":1000,"height":1000,"caption":"Juno G-Spot Vibrator"},{"@type":"BreadcrumbList","@id":"https:\/\/lustandlove.eu\/et\/toode\/juno-g-spot-vibraator\/#breadcrumb","itemListElement":[{"@type":"ListItem","position":1,"name":"Lust and Love","item":"https:\/\/lustandlove.eu\/et\/"},{"@type":"ListItem","position":2,"name":"Pood","item":"https:\/\/lustandlove.eu\/et\/pood\/"},{"@type":"ListItem","position":3,"name":"Sekslelud","item":"https:\/\/lustandlove.eu\/et\/pood\/sekslelud\/"},{"@type":"ListItem","position":4,"name":"Juno G-Spot Vibraator"}]},{"@type":"WebSite","@id":"https:\/\/lustandlove.eu\/et\/#website","url":"https:\/\/lustandlove.eu\/et\/","name":"Lust &amp; Love","description":"Online erootikapood tervise, ilu ja armastuse jaoks","publisher":{"@id":"https:\/\/lustandlove.eu\/et\/#organization"},"potentialAction":[{"@type":"SearchAction","target":{"@type":"EntryPoint","urlTemplate":"https:\/\/lustandlove.eu\/et\/?s={search_term_string}"},"query-input":{"@type":"PropertyValueSpecification","valueRequired":true,"valueName":"search_term_string"}}],"inLanguage":"et"},{"@type":"Organization","@id":"https:\/\/lustandlove.eu\/et\/#organization","name":"Bioconcept Baltics O\u00dc","url":"https:\/\/lustandlove.eu\/et\/","logo":{"@type":"ImageObject","inLanguage":"et","@id":"https:\/\/lustandlove.eu\/et\/#\/schema\/logo\/image\/","url":"","contentUrl":"","caption":"Bioconcept Baltics O\u00dc"},"image":{"@id":"https:\/\/lustandlove.eu\/et\/#\/schema\/logo\/image\/"},"sameAs":["https:\/\/www.facebook.com\/LustandLoveEU\/","https:\/\/www.instagram.com\/lustandloveeu\/"]}]}},"_links":{"self":[{"href":"https:\/\/lustandlove.eu\/et\/wp-json\/wp\/v2\/product\/53155","targetHints":{"allow":["GET"]}}],"collection":[{"href":"https:\/\/lustandlove.eu\/et\/wp-json\/wp\/v2\/product"}],"about":[{"href":"https:\/\/lustandlove.eu\/et\/wp-json\/wp\/v2\/types\/product"}],"wp:featuredmedia":[{"embeddable":true,"href":"https:\/\/lustandlove.eu\/et\/wp-json\/wp\/v2\/media\/53091"}],"wp:attachment":[{"href":"https:\/\/lustandlove.eu\/et\/wp-json\/wp\/v2\/media?parent=53155"}],"wp:term":[{"taxonomy":"product_brand","embeddable":true,"href":"https:\/\/lustandlove.eu\/et\/wp-json\/wp\/v2\/product_brand?post=53155"},{"taxonomy":"product_cat","embeddable":true,"href":"https:\/\/lustandlove.eu\/et\/wp-json\/wp\/v2\/product_cat?post=53155"},{"taxonomy":"product_tag","embeddable":true,"href":"https:\/\/lustandlove.eu\/et\/wp-json\/wp\/v2\/product_tag?post=53155"}],"curies":[{"name":"wp","href":"https:\/\/api.w.org\/{rel}","templated":true}]}}