{"id":53159,"date":"2022-08-24T14:30:41","date_gmt":"2022-08-25T11:54:13","guid":{"rendered":"https:\/\/www.lustandlove.eu\/?post_type=product&#038;p=53159"},"modified":"2026-04-13T10:34:06","modified_gmt":"2026-04-13T07:34:06","slug":"kuunal-mandarin-ylang-ylang","status":"publish","type":"product","link":"https:\/\/lustandlove.eu\/et\/toode\/kuunal-mandarin-ylang-ylang\/","title":{"rendered":"K\u00fc\u00fcnal Mandariin &#038; Ylang Ylang"},"content":{"rendered":"<p>Sensuaalne aroom, mis loob meeleolu k\u00f5ige intiimsemaks kehamassaa\u017eiks. Ylang Ylangi on afrodisiaakumiks kasutatud aastatuhandeid, samal ajal kui mandariin lisab mahlast alatooni, mis j\u00e4tab teie nahale meeldiva ja vastupandamatu l\u00f5hna.<\/p>\n<p>Laske k\u00fc\u00fcnlal viisteist minutit sulada, kuni vaha on sulanud kuni klaasi v\u00e4lisservadeni. Seej\u00e4rel v\u00f5id vaha otse nahale valada v\u00f5i tundlikumate maitsete huvides lasta paariks minutiks jahtuda. Sukelduge sooja vedela vaha basseini ja niristage nahale veelgi \u00f5rnema tunde saamiseks.<\/p>\n<p>Nendes kehamassaa\u017eik\u00fc\u00fcnaldes sisalduvad toitainerikkad soja- ja eeterlikud \u00f5lid pehmendavad, niisutavad ja noorendavad teie nahka, j\u00e4ttes selle kergelt l\u00f5hnavaks ja niisutatuks.<\/p>\n","protected":false},"excerpt":{"rendered":"<p>Sensuaalne aroom, mis loob meeleolu k\u00f5ige intiimsemaks kehamassaa\u017eiks. Ylang Ylangi on afrodisiaakumiks kasutatud aastatuhandeid, samal ajal kui mandariin lisab mahlast<\/p>\n","protected":false},"featured_media":53130,"template":"","meta":[],"product_brand":[4211],"product_cat":[1460,1468],"product_tag":[],"class_list":{"0":"post-53159","1":"product","2":"type-product","3":"status-publish","4":"has-post-thumbnail","6":"product_brand-je-joue-et","7":"product_cat-apteek","8":"product_cat-massaaziolid-ja-geelid","9":"pa_brand-je-joue-et","11":"first","12":"instock","13":"taxable","14":"shipping-taxable","15":"purchasable","16":"product-type-simple"},"yoast_head":"<!-- This site is optimized with the Yoast SEO plugin v27.3 - https:\/\/yoast.com\/product\/yoast-seo-wordpress\/ -->\n<title>K\u00fc\u00fcnal Mandariin &amp; Ylang Ylang | Lust and Love<\/title>\n<meta name=\"description\" content=\"Candle Mandarin &amp; Ylang Ylang can be used for massage. Allow the candle to melt for fifteen minutes until you can pour it on the skin.\" \/>\n<meta name=\"robots\" content=\"index,follow,max-snippet:-1,max-image-preview:large,max-video-preview:-1\" \/>\n<link rel=\"canonical\" href=\"https:\/\/lustandlove.eu\/et\/toode\/kuunal-mandarin-ylang-ylang\/\" \/>\n<meta name=\"twitter:card\" content=\"summary_large_image\" \/>\n<meta name=\"twitter:title\" content=\"K\u00fc\u00fcnal Mandariin &amp; Ylang Ylang | Lust and Love\" \/>\n<meta name=\"twitter:description\" content=\"Candle Mandarin &amp; Ylang Ylang can be used for massage. Allow the candle to melt for fifteen minutes until you can pour it on the skin.\" \/>\n<meta name=\"twitter:image\" content=\"https:\/\/lustandlove.eu\/wp-content\/uploads\/JeJoue_WhiteBoxWithCandle_1000x.jpg\" \/>\n<meta name=\"twitter:label1\" content=\"Est. reading time\" \/>\n\t<meta name=\"twitter:data1\" content=\"1 minut\" \/>\n<script type=\"application\/ld+json\" class=\"yoast-schema-graph\">{\"@context\":\"https:\\\/\\\/schema.org\",\"@graph\":[{\"@type\":[\"WebPage\",\"ItemPage\"],\"@id\":\"https:\\\/\\\/lustandlove.eu\\\/et\\\/toode\\\/kuunal-mandarin-ylang-ylang\\\/\",\"url\":\"https:\\\/\\\/lustandlove.eu\\\/et\\\/toode\\\/kuunal-mandarin-ylang-ylang\\\/\",\"name\":\"K\u00fc\u00fcnal Mandariin & Ylang Ylang | Lust and Love\",\"isPartOf\":{\"@id\":\"https:\\\/\\\/lustandlove.eu\\\/et\\\/#website\"},\"primaryImageOfPage\":{\"@id\":\"https:\\\/\\\/lustandlove.eu\\\/et\\\/toode\\\/kuunal-mandarin-ylang-ylang\\\/#primaryimage\"},\"image\":{\"@id\":\"https:\\\/\\\/lustandlove.eu\\\/et\\\/toode\\\/kuunal-mandarin-ylang-ylang\\\/#primaryimage\"},\"thumbnailUrl\":\"https:\\\/\\\/lustandlove.eu\\\/wp-content\\\/uploads\\\/JeJoue_WhiteBoxWithCandle_1000x.jpg\",\"datePublished\":\"2022-08-25T11:54:13+00:00\",\"dateModified\":\"2026-04-13T07:34:06+00:00\",\"description\":\"Candle Mandarin & Ylang Ylang can be used for massage. Allow the candle to melt for fifteen minutes until you can pour it on the skin.\",\"breadcrumb\":{\"@id\":\"https:\\\/\\\/lustandlove.eu\\\/et\\\/toode\\\/kuunal-mandarin-ylang-ylang\\\/#breadcrumb\"},\"inLanguage\":\"et\",\"potentialAction\":[{\"@type\":\"ReadAction\",\"target\":[\"https:\\\/\\\/lustandlove.eu\\\/et\\\/toode\\\/kuunal-mandarin-ylang-ylang\\\/\"]}]},{\"@type\":\"ImageObject\",\"inLanguage\":\"et\",\"@id\":\"https:\\\/\\\/lustandlove.eu\\\/et\\\/toode\\\/kuunal-mandarin-ylang-ylang\\\/#primaryimage\",\"url\":\"https:\\\/\\\/lustandlove.eu\\\/wp-content\\\/uploads\\\/JeJoue_WhiteBoxWithCandle_1000x.jpg\",\"contentUrl\":\"https:\\\/\\\/lustandlove.eu\\\/wp-content\\\/uploads\\\/JeJoue_WhiteBoxWithCandle_1000x.jpg\",\"width\":1000,\"height\":1000,\"caption\":\"Candle Mandarin & Ylang Ylang\"},{\"@type\":\"BreadcrumbList\",\"@id\":\"https:\\\/\\\/lustandlove.eu\\\/et\\\/toode\\\/kuunal-mandarin-ylang-ylang\\\/#breadcrumb\",\"itemListElement\":[{\"@type\":\"ListItem\",\"position\":1,\"name\":\"Lust and Love\",\"item\":\"https:\\\/\\\/lustandlove.eu\\\/et\\\/\"},{\"@type\":\"ListItem\",\"position\":2,\"name\":\"Pood\",\"item\":\"https:\\\/\\\/lustandlove.eu\\\/et\\\/pood\\\/\"},{\"@type\":\"ListItem\",\"position\":3,\"name\":\"Libestid ja kehahooldus\",\"item\":\"https:\\\/\\\/lustandlove.eu\\\/et\\\/pood\\\/apteek\\\/\"},{\"@type\":\"ListItem\",\"position\":4,\"name\":\"K\u00fc\u00fcnal Mandariin &#038; Ylang Ylang\"}]},{\"@type\":\"WebSite\",\"@id\":\"https:\\\/\\\/lustandlove.eu\\\/et\\\/#website\",\"url\":\"https:\\\/\\\/lustandlove.eu\\\/et\\\/\",\"name\":\"Lust &amp; Love\",\"description\":\"Online erootikapood tervise, ilu ja armastuse jaoks\",\"publisher\":{\"@id\":\"https:\\\/\\\/lustandlove.eu\\\/et\\\/#organization\"},\"potentialAction\":[{\"@type\":\"SearchAction\",\"target\":{\"@type\":\"EntryPoint\",\"urlTemplate\":\"https:\\\/\\\/lustandlove.eu\\\/et\\\/?s={search_term_string}\"},\"query-input\":{\"@type\":\"PropertyValueSpecification\",\"valueRequired\":true,\"valueName\":\"search_term_string\"}}],\"inLanguage\":\"et\"},{\"@type\":\"Organization\",\"@id\":\"https:\\\/\\\/lustandlove.eu\\\/et\\\/#organization\",\"name\":\"Bioconcept Baltics O\u00dc\",\"url\":\"https:\\\/\\\/lustandlove.eu\\\/et\\\/\",\"logo\":{\"@type\":\"ImageObject\",\"inLanguage\":\"et\",\"@id\":\"https:\\\/\\\/lustandlove.eu\\\/et\\\/#\\\/schema\\\/logo\\\/image\\\/\",\"url\":\"\",\"contentUrl\":\"\",\"caption\":\"Bioconcept Baltics O\u00dc\"},\"image\":{\"@id\":\"https:\\\/\\\/lustandlove.eu\\\/et\\\/#\\\/schema\\\/logo\\\/image\\\/\"},\"sameAs\":[\"https:\\\/\\\/www.facebook.com\\\/LustandLoveEU\\\/\",\"https:\\\/\\\/www.instagram.com\\\/lustandloveeu\\\/\"]}]}<\/script>\n<!-- \/ Yoast SEO plugin. -->","yoast_head_json":{"title":"K\u00fc\u00fcnal Mandariin & Ylang Ylang | Lust and Love","description":"Candle Mandarin & Ylang Ylang can be used for massage. Allow the candle to melt for fifteen minutes until you can pour it on the skin.","robots":{"index,follow,max-snippet":"index,follow,max-snippet:-1,max-image-preview:large,max-video-preview:-1"},"canonical":"https:\/\/lustandlove.eu\/et\/toode\/kuunal-mandarin-ylang-ylang\/","twitter_card":"summary_large_image","twitter_title":"K\u00fc\u00fcnal Mandariin & Ylang Ylang | Lust and Love","twitter_description":"Candle Mandarin & Ylang Ylang can be used for massage. Allow the candle to melt for fifteen minutes until you can pour it on the skin.","twitter_image":"https:\/\/lustandlove.eu\/wp-content\/uploads\/JeJoue_WhiteBoxWithCandle_1000x.jpg","twitter_misc":{"Est. reading time":"1 minut"},"schema":{"@context":"https:\/\/schema.org","@graph":[{"@type":["WebPage","ItemPage"],"@id":"https:\/\/lustandlove.eu\/et\/toode\/kuunal-mandarin-ylang-ylang\/","url":"https:\/\/lustandlove.eu\/et\/toode\/kuunal-mandarin-ylang-ylang\/","name":"K\u00fc\u00fcnal Mandariin & Ylang Ylang | Lust and Love","isPartOf":{"@id":"https:\/\/lustandlove.eu\/et\/#website"},"primaryImageOfPage":{"@id":"https:\/\/lustandlove.eu\/et\/toode\/kuunal-mandarin-ylang-ylang\/#primaryimage"},"image":{"@id":"https:\/\/lustandlove.eu\/et\/toode\/kuunal-mandarin-ylang-ylang\/#primaryimage"},"thumbnailUrl":"https:\/\/lustandlove.eu\/wp-content\/uploads\/JeJoue_WhiteBoxWithCandle_1000x.jpg","datePublished":"2022-08-25T11:54:13+00:00","dateModified":"2026-04-13T07:34:06+00:00","description":"Candle Mandarin & Ylang Ylang can be used for massage. Allow the candle to melt for fifteen minutes until you can pour it on the skin.","breadcrumb":{"@id":"https:\/\/lustandlove.eu\/et\/toode\/kuunal-mandarin-ylang-ylang\/#breadcrumb"},"inLanguage":"et","potentialAction":[{"@type":"ReadAction","target":["https:\/\/lustandlove.eu\/et\/toode\/kuunal-mandarin-ylang-ylang\/"]}]},{"@type":"ImageObject","inLanguage":"et","@id":"https:\/\/lustandlove.eu\/et\/toode\/kuunal-mandarin-ylang-ylang\/#primaryimage","url":"https:\/\/lustandlove.eu\/wp-content\/uploads\/JeJoue_WhiteBoxWithCandle_1000x.jpg","contentUrl":"https:\/\/lustandlove.eu\/wp-content\/uploads\/JeJoue_WhiteBoxWithCandle_1000x.jpg","width":1000,"height":1000,"caption":"Candle Mandarin & Ylang Ylang"},{"@type":"BreadcrumbList","@id":"https:\/\/lustandlove.eu\/et\/toode\/kuunal-mandarin-ylang-ylang\/#breadcrumb","itemListElement":[{"@type":"ListItem","position":1,"name":"Lust and Love","item":"https:\/\/lustandlove.eu\/et\/"},{"@type":"ListItem","position":2,"name":"Pood","item":"https:\/\/lustandlove.eu\/et\/pood\/"},{"@type":"ListItem","position":3,"name":"Libestid ja kehahooldus","item":"https:\/\/lustandlove.eu\/et\/pood\/apteek\/"},{"@type":"ListItem","position":4,"name":"K\u00fc\u00fcnal Mandariin &#038; Ylang Ylang"}]},{"@type":"WebSite","@id":"https:\/\/lustandlove.eu\/et\/#website","url":"https:\/\/lustandlove.eu\/et\/","name":"Lust &amp; Love","description":"Online erootikapood tervise, ilu ja armastuse jaoks","publisher":{"@id":"https:\/\/lustandlove.eu\/et\/#organization"},"potentialAction":[{"@type":"SearchAction","target":{"@type":"EntryPoint","urlTemplate":"https:\/\/lustandlove.eu\/et\/?s={search_term_string}"},"query-input":{"@type":"PropertyValueSpecification","valueRequired":true,"valueName":"search_term_string"}}],"inLanguage":"et"},{"@type":"Organization","@id":"https:\/\/lustandlove.eu\/et\/#organization","name":"Bioconcept Baltics O\u00dc","url":"https:\/\/lustandlove.eu\/et\/","logo":{"@type":"ImageObject","inLanguage":"et","@id":"https:\/\/lustandlove.eu\/et\/#\/schema\/logo\/image\/","url":"","contentUrl":"","caption":"Bioconcept Baltics O\u00dc"},"image":{"@id":"https:\/\/lustandlove.eu\/et\/#\/schema\/logo\/image\/"},"sameAs":["https:\/\/www.facebook.com\/LustandLoveEU\/","https:\/\/www.instagram.com\/lustandloveeu\/"]}]}},"_links":{"self":[{"href":"https:\/\/lustandlove.eu\/et\/wp-json\/wp\/v2\/product\/53159","targetHints":{"allow":["GET"]}}],"collection":[{"href":"https:\/\/lustandlove.eu\/et\/wp-json\/wp\/v2\/product"}],"about":[{"href":"https:\/\/lustandlove.eu\/et\/wp-json\/wp\/v2\/types\/product"}],"wp:featuredmedia":[{"embeddable":true,"href":"https:\/\/lustandlove.eu\/et\/wp-json\/wp\/v2\/media\/53130"}],"wp:attachment":[{"href":"https:\/\/lustandlove.eu\/et\/wp-json\/wp\/v2\/media?parent=53159"}],"wp:term":[{"taxonomy":"product_brand","embeddable":true,"href":"https:\/\/lustandlove.eu\/et\/wp-json\/wp\/v2\/product_brand?post=53159"},{"taxonomy":"product_cat","embeddable":true,"href":"https:\/\/lustandlove.eu\/et\/wp-json\/wp\/v2\/product_cat?post=53159"},{"taxonomy":"product_tag","embeddable":true,"href":"https:\/\/lustandlove.eu\/et\/wp-json\/wp\/v2\/product_tag?post=53159"}],"curies":[{"name":"wp","href":"https:\/\/api.w.org\/{rel}","templated":true}]}}