{"id":53160,"date":"2022-08-24T14:29:36","date_gmt":"2022-08-25T11:54:14","guid":{"rendered":"https:\/\/www.lustandlove.eu\/?post_type=product&#038;p=53160"},"modified":"2026-04-13T10:34:07","modified_gmt":"2026-04-13T07:34:07","slug":"kuunal-jasmiin-liilia","status":"publish","type":"product","link":"https:\/\/lustandlove.eu\/et\/toode\/kuunal-jasmiin-liilia\/","title":{"rendered":"K\u00fc\u00fcnal Jasmiin &#038; Liilia"},"content":{"rendered":"<p>Sensuaalne aroom, mis loob meeleolu k\u00f5ige intiimsemaks kehamassaa\u017eiks. Jasmiini magus l\u00f5hn leevendab stressi ja aitab kehal l\u00f5dvestuda, samuti on see v\u00f5imas afrodisiaakum, t\u00f5stes seksuaalset iha. Liilial on l\u00f5\u00f5gastavad ja tervendavad omadused, mis j\u00e4tavad teie naha pehmeks ja l\u00f5hnavad ahvatlevalt h\u00e4sti.<\/p>\n<p>Laske k\u00fc\u00fcnlal viisteist minutit sulada, kuni vaha on sulanud kuni klaasi v\u00e4lisservadeni. Seej\u00e4rel v\u00f5id vaha otse nahale valada v\u00f5i tundlikumate maitsete huvides lasta paariks minutiks jahtuda. Sukelduge sooja vedela vaha basseini ja niristage nahale veelgi \u00f5rnema tunde saamiseks.<\/p>\n<p>Nendes kehamassaa\u017eik\u00fc\u00fcnaldes sisalduvad toitainerikkad soja- ja eeterlikud \u00f5lid pehmendavad, niisutavad ja noorendavad teie nahka, j\u00e4ttes selle kergelt l\u00f5hnavaks ja niisutatuks.<\/p>\n","protected":false},"excerpt":{"rendered":"<p>Sensuaalne aroom, mis loob meeleolu k\u00f5ige intiimsemaks kehamassaa\u017eiks. Jasmiini magus l\u00f5hn leevendab stressi ja aitab kehal l\u00f5dvestuda, samuti on see<\/p>\n","protected":false},"featured_media":53141,"template":"","meta":[],"product_brand":[4211],"product_cat":[1460,1468],"product_tag":[3444],"class_list":{"0":"post-53160","1":"product","2":"type-product","3":"status-publish","4":"has-post-thumbnail","6":"product_brand-je-joue-et","7":"product_cat-apteek","8":"product_cat-massaaziolid-ja-geelid","9":"product_tag-sugis","10":"pa_brand-je-joue-et","12":"first","13":"instock","14":"taxable","15":"shipping-taxable","16":"purchasable","17":"product-type-simple"},"yoast_head":"<!-- This site is optimized with the Yoast SEO plugin v27.4 - https:\/\/yoast.com\/product\/yoast-seo-wordpress\/ -->\n<title>K\u00fc\u00fcnal Jasmiin &amp; Liilia | Lust and Love<\/title>\n<meta name=\"robots\" content=\"index,follow,max-snippet:-1,max-image-preview:large,max-video-preview:-1\" \/>\n<link rel=\"canonical\" href=\"https:\/\/lustandlove.eu\/et\/toode\/kuunal-jasmiin-liilia\/\" \/>\n<script type=\"application\/ld+json\" class=\"yoast-schema-graph\">{\"@context\":\"https:\\\/\\\/schema.org\",\"@graph\":[{\"@type\":[\"WebPage\",\"ItemPage\"],\"@id\":\"https:\\\/\\\/lustandlove.eu\\\/et\\\/toode\\\/kuunal-jasmiin-liilia\\\/\",\"url\":\"https:\\\/\\\/lustandlove.eu\\\/et\\\/toode\\\/kuunal-jasmiin-liilia\\\/\",\"name\":\"K\u00fc\u00fcnal Jasmiin & Liilia | Lust and Love\",\"isPartOf\":{\"@id\":\"https:\\\/\\\/lustandlove.eu\\\/et\\\/#website\"},\"primaryImageOfPage\":{\"@id\":\"https:\\\/\\\/lustandlove.eu\\\/et\\\/toode\\\/kuunal-jasmiin-liilia\\\/#primaryimage\"},\"image\":{\"@id\":\"https:\\\/\\\/lustandlove.eu\\\/et\\\/toode\\\/kuunal-jasmiin-liilia\\\/#primaryimage\"},\"thumbnailUrl\":\"https:\\\/\\\/lustandlove.eu\\\/wp-content\\\/uploads\\\/JeJoue_BlackBoxWithCandle_1000x.jpg\",\"datePublished\":\"2022-08-25T11:54:14+00:00\",\"dateModified\":\"2026-04-13T07:34:07+00:00\",\"breadcrumb\":{\"@id\":\"https:\\\/\\\/lustandlove.eu\\\/et\\\/toode\\\/kuunal-jasmiin-liilia\\\/#breadcrumb\"},\"inLanguage\":\"et\",\"potentialAction\":[{\"@type\":\"ReadAction\",\"target\":[\"https:\\\/\\\/lustandlove.eu\\\/et\\\/toode\\\/kuunal-jasmiin-liilia\\\/\"]}]},{\"@type\":\"ImageObject\",\"inLanguage\":\"et\",\"@id\":\"https:\\\/\\\/lustandlove.eu\\\/et\\\/toode\\\/kuunal-jasmiin-liilia\\\/#primaryimage\",\"url\":\"https:\\\/\\\/lustandlove.eu\\\/wp-content\\\/uploads\\\/JeJoue_BlackBoxWithCandle_1000x.jpg\",\"contentUrl\":\"https:\\\/\\\/lustandlove.eu\\\/wp-content\\\/uploads\\\/JeJoue_BlackBoxWithCandle_1000x.jpg\",\"width\":1000,\"height\":1000,\"caption\":\"Candle Jasmine & Lily\"},{\"@type\":\"BreadcrumbList\",\"@id\":\"https:\\\/\\\/lustandlove.eu\\\/et\\\/toode\\\/kuunal-jasmiin-liilia\\\/#breadcrumb\",\"itemListElement\":[{\"@type\":\"ListItem\",\"position\":1,\"name\":\"Lust and Love\",\"item\":\"https:\\\/\\\/lustandlove.eu\\\/et\\\/\"},{\"@type\":\"ListItem\",\"position\":2,\"name\":\"Pood\",\"item\":\"https:\\\/\\\/lustandlove.eu\\\/et\\\/pood\\\/\"},{\"@type\":\"ListItem\",\"position\":3,\"name\":\"Libestid ja kehahooldus\",\"item\":\"https:\\\/\\\/lustandlove.eu\\\/et\\\/pood\\\/apteek\\\/\"},{\"@type\":\"ListItem\",\"position\":4,\"name\":\"K\u00fc\u00fcnal Jasmiin &#038; Liilia\"}]},{\"@type\":\"WebSite\",\"@id\":\"https:\\\/\\\/lustandlove.eu\\\/et\\\/#website\",\"url\":\"https:\\\/\\\/lustandlove.eu\\\/et\\\/\",\"name\":\"Lust & Love\",\"description\":\"Online erootikapood tervise, ilu ja armastuse jaoks\",\"publisher\":{\"@id\":\"https:\\\/\\\/lustandlove.eu\\\/et\\\/#organization\"},\"potentialAction\":[{\"@type\":\"SearchAction\",\"target\":{\"@type\":\"EntryPoint\",\"urlTemplate\":\"https:\\\/\\\/lustandlove.eu\\\/et\\\/?s={search_term_string}\"},\"query-input\":{\"@type\":\"PropertyValueSpecification\",\"valueRequired\":true,\"valueName\":\"search_term_string\"}}],\"inLanguage\":\"et\"},{\"@type\":\"Organization\",\"@id\":\"https:\\\/\\\/lustandlove.eu\\\/et\\\/#organization\",\"name\":\"Bioconcept Baltics O\u00dc\",\"url\":\"https:\\\/\\\/lustandlove.eu\\\/et\\\/\",\"logo\":{\"@type\":\"ImageObject\",\"inLanguage\":\"et\",\"@id\":\"https:\\\/\\\/lustandlove.eu\\\/et\\\/#\\\/schema\\\/logo\\\/image\\\/\",\"url\":\"https:\\\/\\\/lustandlove.eu\\\/wp-content\\\/uploads\\\/logo-full-2.png\",\"contentUrl\":\"https:\\\/\\\/lustandlove.eu\\\/wp-content\\\/uploads\\\/logo-full-2.png\",\"width\":837,\"height\":200,\"caption\":\"Bioconcept Baltics O\u00dc\"},\"image\":{\"@id\":\"https:\\\/\\\/lustandlove.eu\\\/et\\\/#\\\/schema\\\/logo\\\/image\\\/\"},\"sameAs\":[\"https:\\\/\\\/www.facebook.com\\\/LustandLoveEU\\\/\",\"https:\\\/\\\/www.instagram.com\\\/lustandloveeu\\\/\"]}]}<\/script>\n<!-- \/ Yoast SEO plugin. -->","yoast_head_json":{"title":"K\u00fc\u00fcnal Jasmiin & Liilia | Lust and Love","robots":{"index,follow,max-snippet":"index,follow,max-snippet:-1,max-image-preview:large,max-video-preview:-1"},"canonical":"https:\/\/lustandlove.eu\/et\/toode\/kuunal-jasmiin-liilia\/","schema":{"@context":"https:\/\/schema.org","@graph":[{"@type":["WebPage","ItemPage"],"@id":"https:\/\/lustandlove.eu\/et\/toode\/kuunal-jasmiin-liilia\/","url":"https:\/\/lustandlove.eu\/et\/toode\/kuunal-jasmiin-liilia\/","name":"K\u00fc\u00fcnal Jasmiin & Liilia | Lust and Love","isPartOf":{"@id":"https:\/\/lustandlove.eu\/et\/#website"},"primaryImageOfPage":{"@id":"https:\/\/lustandlove.eu\/et\/toode\/kuunal-jasmiin-liilia\/#primaryimage"},"image":{"@id":"https:\/\/lustandlove.eu\/et\/toode\/kuunal-jasmiin-liilia\/#primaryimage"},"thumbnailUrl":"https:\/\/lustandlove.eu\/wp-content\/uploads\/JeJoue_BlackBoxWithCandle_1000x.jpg","datePublished":"2022-08-25T11:54:14+00:00","dateModified":"2026-04-13T07:34:07+00:00","breadcrumb":{"@id":"https:\/\/lustandlove.eu\/et\/toode\/kuunal-jasmiin-liilia\/#breadcrumb"},"inLanguage":"et","potentialAction":[{"@type":"ReadAction","target":["https:\/\/lustandlove.eu\/et\/toode\/kuunal-jasmiin-liilia\/"]}]},{"@type":"ImageObject","inLanguage":"et","@id":"https:\/\/lustandlove.eu\/et\/toode\/kuunal-jasmiin-liilia\/#primaryimage","url":"https:\/\/lustandlove.eu\/wp-content\/uploads\/JeJoue_BlackBoxWithCandle_1000x.jpg","contentUrl":"https:\/\/lustandlove.eu\/wp-content\/uploads\/JeJoue_BlackBoxWithCandle_1000x.jpg","width":1000,"height":1000,"caption":"Candle Jasmine & Lily"},{"@type":"BreadcrumbList","@id":"https:\/\/lustandlove.eu\/et\/toode\/kuunal-jasmiin-liilia\/#breadcrumb","itemListElement":[{"@type":"ListItem","position":1,"name":"Lust and Love","item":"https:\/\/lustandlove.eu\/et\/"},{"@type":"ListItem","position":2,"name":"Pood","item":"https:\/\/lustandlove.eu\/et\/pood\/"},{"@type":"ListItem","position":3,"name":"Libestid ja kehahooldus","item":"https:\/\/lustandlove.eu\/et\/pood\/apteek\/"},{"@type":"ListItem","position":4,"name":"K\u00fc\u00fcnal Jasmiin &#038; Liilia"}]},{"@type":"WebSite","@id":"https:\/\/lustandlove.eu\/et\/#website","url":"https:\/\/lustandlove.eu\/et\/","name":"Lust & Love","description":"Online erootikapood tervise, ilu ja armastuse jaoks","publisher":{"@id":"https:\/\/lustandlove.eu\/et\/#organization"},"potentialAction":[{"@type":"SearchAction","target":{"@type":"EntryPoint","urlTemplate":"https:\/\/lustandlove.eu\/et\/?s={search_term_string}"},"query-input":{"@type":"PropertyValueSpecification","valueRequired":true,"valueName":"search_term_string"}}],"inLanguage":"et"},{"@type":"Organization","@id":"https:\/\/lustandlove.eu\/et\/#organization","name":"Bioconcept Baltics O\u00dc","url":"https:\/\/lustandlove.eu\/et\/","logo":{"@type":"ImageObject","inLanguage":"et","@id":"https:\/\/lustandlove.eu\/et\/#\/schema\/logo\/image\/","url":"https:\/\/lustandlove.eu\/wp-content\/uploads\/logo-full-2.png","contentUrl":"https:\/\/lustandlove.eu\/wp-content\/uploads\/logo-full-2.png","width":837,"height":200,"caption":"Bioconcept Baltics O\u00dc"},"image":{"@id":"https:\/\/lustandlove.eu\/et\/#\/schema\/logo\/image\/"},"sameAs":["https:\/\/www.facebook.com\/LustandLoveEU\/","https:\/\/www.instagram.com\/lustandloveeu\/"]}]}},"_links":{"self":[{"href":"https:\/\/lustandlove.eu\/et\/wp-json\/wp\/v2\/product\/53160","targetHints":{"allow":["GET"]}}],"collection":[{"href":"https:\/\/lustandlove.eu\/et\/wp-json\/wp\/v2\/product"}],"about":[{"href":"https:\/\/lustandlove.eu\/et\/wp-json\/wp\/v2\/types\/product"}],"wp:featuredmedia":[{"embeddable":true,"href":"https:\/\/lustandlove.eu\/et\/wp-json\/wp\/v2\/media\/53141"}],"wp:attachment":[{"href":"https:\/\/lustandlove.eu\/et\/wp-json\/wp\/v2\/media?parent=53160"}],"wp:term":[{"taxonomy":"product_brand","embeddable":true,"href":"https:\/\/lustandlove.eu\/et\/wp-json\/wp\/v2\/product_brand?post=53160"},{"taxonomy":"product_cat","embeddable":true,"href":"https:\/\/lustandlove.eu\/et\/wp-json\/wp\/v2\/product_cat?post=53160"},{"taxonomy":"product_tag","embeddable":true,"href":"https:\/\/lustandlove.eu\/et\/wp-json\/wp\/v2\/product_tag?post=53160"}],"curies":[{"name":"wp","href":"https:\/\/api.w.org\/{rel}","templated":true}]}}