{"id":53402,"date":"2022-11-07T14:07:59","date_gmt":"2022-11-07T12:07:59","guid":{"rendered":"https:\/\/www.lustandlove.eu\/?post_type=product&#038;p=53402"},"modified":"2026-04-13T10:34:02","modified_gmt":"2026-04-13T07:34:02","slug":"tiny-wand-emojibator-vibraator","status":"publish","type":"product","link":"https:\/\/lustandlove.eu\/et\/toode\/tiny-wand-emojibator-vibraator\/","title":{"rendered":"Tiny Wand Emojibator Vibraator"},"content":{"rendered":"<p>Valmistuge maksimaalseks naudinguks oma peopesal. Pakkisime oma pisikese v\u00f5lukepi sisse palju maagiat! Sellel imelisel m\u00e4nguasjal on 10 vibratsioonimustrit, ning see on veekindel USB-laadimispesa, mis on du\u0161i all m\u00e4ngimiseks ohutu. Piisavalt tugev, et rahuldada, vaikne ja diskreetne, see reisis\u00f5bralik vibraator annab suurep\u00e4raseid tulemusi!<\/p>\n","protected":false},"excerpt":{"rendered":"<p>Valmistuge maksimaalseks naudinguks oma peopesal. Pakkisime oma pisikese v\u00f5lukepi sisse palju maagiat! Sellel imelisel m\u00e4nguasjal on 10 vibratsioonimustrit, ning see<\/p>\n","protected":false},"featured_media":53393,"template":"","meta":[],"product_brand":[4140],"product_cat":[1484,3979,1488],"product_tag":[1515,3654,3149,1543,1545],"class_list":{"0":"post-53402","1":"product","2":"type-product","3":"status-publish","4":"has-post-thumbnail","6":"product_brand-emojibator-et","7":"product_cat-sekslelud","8":"product_cat-valispidised","9":"product_cat-vibraatorid","10":"product_tag-bullet-vibraator","11":"product_tag-reisiks","12":"product_tag-vaike","13":"product_tag-vibraator","14":"product_tag-wand-et","15":"pa_brand-emojibator-et","17":"first","18":"instock","19":"taxable","20":"shipping-taxable","21":"purchasable","22":"product-type-variable"},"yoast_head":"<!-- This site is optimized with the Yoast SEO plugin v27.3 - https:\/\/yoast.com\/product\/yoast-seo-wordpress\/ -->\n<title>Tiny Wand Emojibator Vibraator | Lust and Love<\/title>\n<meta name=\"robots\" content=\"index,follow,max-snippet:-1,max-image-preview:large,max-video-preview:-1\" \/>\n<link rel=\"canonical\" href=\"https:\/\/lustandlove.eu\/et\/toode\/tiny-wand-emojibator-vibraator\/\" \/>\n<meta name=\"twitter:card\" content=\"summary_large_image\" \/>\n<meta name=\"twitter:title\" content=\"Tiny Wand Emojibator Vibraator | Lust and Love\" \/>\n<meta name=\"twitter:description\" content=\"Valmistuge maksimaalseks naudinguks oma peopesal. Pakkisime oma pisikese v\u00f5lukepi sisse palju maagiat! Sellel imelisel m\u00e4nguasjal on 10 vibratsioonimustrit, ning see\" \/>\n<meta name=\"twitter:image\" content=\"https:\/\/lustandlove.eu\/wp-content\/uploads\/IMG_4083_1200x.webp\" \/>\n<script type=\"application\/ld+json\" class=\"yoast-schema-graph\">{\"@context\":\"https:\\\/\\\/schema.org\",\"@graph\":[{\"@type\":[\"WebPage\",\"ItemPage\"],\"@id\":\"https:\\\/\\\/lustandlove.eu\\\/et\\\/toode\\\/tiny-wand-emojibator-vibraator\\\/\",\"url\":\"https:\\\/\\\/lustandlove.eu\\\/et\\\/toode\\\/tiny-wand-emojibator-vibraator\\\/\",\"name\":\"Tiny Wand Emojibator Vibraator | Lust and Love\",\"isPartOf\":{\"@id\":\"https:\\\/\\\/lustandlove.eu\\\/et\\\/#website\"},\"primaryImageOfPage\":{\"@id\":\"https:\\\/\\\/lustandlove.eu\\\/et\\\/toode\\\/tiny-wand-emojibator-vibraator\\\/#primaryimage\"},\"image\":{\"@id\":\"https:\\\/\\\/lustandlove.eu\\\/et\\\/toode\\\/tiny-wand-emojibator-vibraator\\\/#primaryimage\"},\"thumbnailUrl\":\"https:\\\/\\\/lustandlove.eu\\\/wp-content\\\/uploads\\\/IMG_4083_1200x.webp\",\"datePublished\":\"2022-11-07T12:07:59+00:00\",\"dateModified\":\"2026-04-13T07:34:02+00:00\",\"breadcrumb\":{\"@id\":\"https:\\\/\\\/lustandlove.eu\\\/et\\\/toode\\\/tiny-wand-emojibator-vibraator\\\/#breadcrumb\"},\"inLanguage\":\"et\",\"potentialAction\":[{\"@type\":\"ReadAction\",\"target\":[\"https:\\\/\\\/lustandlove.eu\\\/et\\\/toode\\\/tiny-wand-emojibator-vibraator\\\/\"]}]},{\"@type\":\"ImageObject\",\"inLanguage\":\"et\",\"@id\":\"https:\\\/\\\/lustandlove.eu\\\/et\\\/toode\\\/tiny-wand-emojibator-vibraator\\\/#primaryimage\",\"url\":\"https:\\\/\\\/lustandlove.eu\\\/wp-content\\\/uploads\\\/IMG_4083_1200x.webp\",\"contentUrl\":\"https:\\\/\\\/lustandlove.eu\\\/wp-content\\\/uploads\\\/IMG_4083_1200x.webp\",\"width\":1200,\"height\":1200,\"caption\":\"Tiny Wand Emojibator Vibrator Lust&Love\"},{\"@type\":\"BreadcrumbList\",\"@id\":\"https:\\\/\\\/lustandlove.eu\\\/et\\\/toode\\\/tiny-wand-emojibator-vibraator\\\/#breadcrumb\",\"itemListElement\":[{\"@type\":\"ListItem\",\"position\":1,\"name\":\"Lust and Love\",\"item\":\"https:\\\/\\\/lustandlove.eu\\\/et\\\/\"},{\"@type\":\"ListItem\",\"position\":2,\"name\":\"Pood\",\"item\":\"https:\\\/\\\/lustandlove.eu\\\/et\\\/pood\\\/\"},{\"@type\":\"ListItem\",\"position\":3,\"name\":\"Sekslelud\",\"item\":\"https:\\\/\\\/lustandlove.eu\\\/et\\\/pood\\\/sekslelud\\\/\"},{\"@type\":\"ListItem\",\"position\":4,\"name\":\"Tiny Wand Emojibator Vibraator\"}]},{\"@type\":\"WebSite\",\"@id\":\"https:\\\/\\\/lustandlove.eu\\\/et\\\/#website\",\"url\":\"https:\\\/\\\/lustandlove.eu\\\/et\\\/\",\"name\":\"Lust &amp; Love\",\"description\":\"Online erootikapood tervise, ilu ja armastuse jaoks\",\"publisher\":{\"@id\":\"https:\\\/\\\/lustandlove.eu\\\/et\\\/#organization\"},\"potentialAction\":[{\"@type\":\"SearchAction\",\"target\":{\"@type\":\"EntryPoint\",\"urlTemplate\":\"https:\\\/\\\/lustandlove.eu\\\/et\\\/?s={search_term_string}\"},\"query-input\":{\"@type\":\"PropertyValueSpecification\",\"valueRequired\":true,\"valueName\":\"search_term_string\"}}],\"inLanguage\":\"et\"},{\"@type\":\"Organization\",\"@id\":\"https:\\\/\\\/lustandlove.eu\\\/et\\\/#organization\",\"name\":\"Bioconcept Baltics O\u00dc\",\"url\":\"https:\\\/\\\/lustandlove.eu\\\/et\\\/\",\"logo\":{\"@type\":\"ImageObject\",\"inLanguage\":\"et\",\"@id\":\"https:\\\/\\\/lustandlove.eu\\\/et\\\/#\\\/schema\\\/logo\\\/image\\\/\",\"url\":\"\",\"contentUrl\":\"\",\"caption\":\"Bioconcept Baltics O\u00dc\"},\"image\":{\"@id\":\"https:\\\/\\\/lustandlove.eu\\\/et\\\/#\\\/schema\\\/logo\\\/image\\\/\"},\"sameAs\":[\"https:\\\/\\\/www.facebook.com\\\/LustandLoveEU\\\/\",\"https:\\\/\\\/www.instagram.com\\\/lustandloveeu\\\/\"]}]}<\/script>\n<!-- \/ Yoast SEO plugin. -->","yoast_head_json":{"title":"Tiny Wand Emojibator Vibraator | Lust and Love","robots":{"index,follow,max-snippet":"index,follow,max-snippet:-1,max-image-preview:large,max-video-preview:-1"},"canonical":"https:\/\/lustandlove.eu\/et\/toode\/tiny-wand-emojibator-vibraator\/","twitter_card":"summary_large_image","twitter_title":"Tiny Wand Emojibator Vibraator | Lust and Love","twitter_description":"Valmistuge maksimaalseks naudinguks oma peopesal. Pakkisime oma pisikese v\u00f5lukepi sisse palju maagiat! Sellel imelisel m\u00e4nguasjal on 10 vibratsioonimustrit, ning see","twitter_image":"https:\/\/lustandlove.eu\/wp-content\/uploads\/IMG_4083_1200x.webp","schema":{"@context":"https:\/\/schema.org","@graph":[{"@type":["WebPage","ItemPage"],"@id":"https:\/\/lustandlove.eu\/et\/toode\/tiny-wand-emojibator-vibraator\/","url":"https:\/\/lustandlove.eu\/et\/toode\/tiny-wand-emojibator-vibraator\/","name":"Tiny Wand Emojibator Vibraator | Lust and Love","isPartOf":{"@id":"https:\/\/lustandlove.eu\/et\/#website"},"primaryImageOfPage":{"@id":"https:\/\/lustandlove.eu\/et\/toode\/tiny-wand-emojibator-vibraator\/#primaryimage"},"image":{"@id":"https:\/\/lustandlove.eu\/et\/toode\/tiny-wand-emojibator-vibraator\/#primaryimage"},"thumbnailUrl":"https:\/\/lustandlove.eu\/wp-content\/uploads\/IMG_4083_1200x.webp","datePublished":"2022-11-07T12:07:59+00:00","dateModified":"2026-04-13T07:34:02+00:00","breadcrumb":{"@id":"https:\/\/lustandlove.eu\/et\/toode\/tiny-wand-emojibator-vibraator\/#breadcrumb"},"inLanguage":"et","potentialAction":[{"@type":"ReadAction","target":["https:\/\/lustandlove.eu\/et\/toode\/tiny-wand-emojibator-vibraator\/"]}]},{"@type":"ImageObject","inLanguage":"et","@id":"https:\/\/lustandlove.eu\/et\/toode\/tiny-wand-emojibator-vibraator\/#primaryimage","url":"https:\/\/lustandlove.eu\/wp-content\/uploads\/IMG_4083_1200x.webp","contentUrl":"https:\/\/lustandlove.eu\/wp-content\/uploads\/IMG_4083_1200x.webp","width":1200,"height":1200,"caption":"Tiny Wand Emojibator Vibrator Lust&Love"},{"@type":"BreadcrumbList","@id":"https:\/\/lustandlove.eu\/et\/toode\/tiny-wand-emojibator-vibraator\/#breadcrumb","itemListElement":[{"@type":"ListItem","position":1,"name":"Lust and Love","item":"https:\/\/lustandlove.eu\/et\/"},{"@type":"ListItem","position":2,"name":"Pood","item":"https:\/\/lustandlove.eu\/et\/pood\/"},{"@type":"ListItem","position":3,"name":"Sekslelud","item":"https:\/\/lustandlove.eu\/et\/pood\/sekslelud\/"},{"@type":"ListItem","position":4,"name":"Tiny Wand Emojibator Vibraator"}]},{"@type":"WebSite","@id":"https:\/\/lustandlove.eu\/et\/#website","url":"https:\/\/lustandlove.eu\/et\/","name":"Lust &amp; Love","description":"Online erootikapood tervise, ilu ja armastuse jaoks","publisher":{"@id":"https:\/\/lustandlove.eu\/et\/#organization"},"potentialAction":[{"@type":"SearchAction","target":{"@type":"EntryPoint","urlTemplate":"https:\/\/lustandlove.eu\/et\/?s={search_term_string}"},"query-input":{"@type":"PropertyValueSpecification","valueRequired":true,"valueName":"search_term_string"}}],"inLanguage":"et"},{"@type":"Organization","@id":"https:\/\/lustandlove.eu\/et\/#organization","name":"Bioconcept Baltics O\u00dc","url":"https:\/\/lustandlove.eu\/et\/","logo":{"@type":"ImageObject","inLanguage":"et","@id":"https:\/\/lustandlove.eu\/et\/#\/schema\/logo\/image\/","url":"","contentUrl":"","caption":"Bioconcept Baltics O\u00dc"},"image":{"@id":"https:\/\/lustandlove.eu\/et\/#\/schema\/logo\/image\/"},"sameAs":["https:\/\/www.facebook.com\/LustandLoveEU\/","https:\/\/www.instagram.com\/lustandloveeu\/"]}]}},"_links":{"self":[{"href":"https:\/\/lustandlove.eu\/et\/wp-json\/wp\/v2\/product\/53402","targetHints":{"allow":["GET"]}}],"collection":[{"href":"https:\/\/lustandlove.eu\/et\/wp-json\/wp\/v2\/product"}],"about":[{"href":"https:\/\/lustandlove.eu\/et\/wp-json\/wp\/v2\/types\/product"}],"wp:featuredmedia":[{"embeddable":true,"href":"https:\/\/lustandlove.eu\/et\/wp-json\/wp\/v2\/media\/53393"}],"wp:attachment":[{"href":"https:\/\/lustandlove.eu\/et\/wp-json\/wp\/v2\/media?parent=53402"}],"wp:term":[{"taxonomy":"product_brand","embeddable":true,"href":"https:\/\/lustandlove.eu\/et\/wp-json\/wp\/v2\/product_brand?post=53402"},{"taxonomy":"product_cat","embeddable":true,"href":"https:\/\/lustandlove.eu\/et\/wp-json\/wp\/v2\/product_cat?post=53402"},{"taxonomy":"product_tag","embeddable":true,"href":"https:\/\/lustandlove.eu\/et\/wp-json\/wp\/v2\/product_tag?post=53402"}],"curies":[{"name":"wp","href":"https:\/\/api.w.org\/{rel}","templated":true}]}}