{"id":53460,"date":"2022-09-20T10:22:35","date_gmt":"2022-12-08T10:26:44","guid":{"rendered":"https:\/\/www.lustandlove.eu\/?post_type=product&#038;p=53460"},"modified":"2025-11-14T10:46:25","modified_gmt":"2025-11-14T08:46:25","slug":"tenga-srv-one","status":"publish","type":"product","link":"https:\/\/lustandlove.eu\/et\/toode\/tenga-srv-one\/","title":{"rendered":"Tenga SRV one"},"content":{"rendered":"<p>Tenga SRV one on Smart Vibe Ring (SVR). Selle ehitus koosneb vibraatorist, mis on kinnitatud silikoonr\u00f5nga k\u00fclge, et seda saaks kasutada koos m\u00e4ngides ja seksi ajal. R\u00f5nga saab venitada \u00fcmber peenise, et seksi ajal tunda vibratsioone, v\u00f5i kasutada seda vibraatorina, hoides eset lihtsalt s\u00f5rmede \u00fcmber.<\/p>\n<h3>Hoolitsemine<\/h3>\n<p>SVR-seeriaga tohib kasutada ainult veep\u00f5hiseid libesteid.<\/p>\n<p>&nbsp;<\/p>\n<p>\u25a0 \u00c4rge kasutage SVR-seeria lelusid silikoon-libesteid, \u00f5lisid (nt beebi\u00f5li) ega muid mitteveep\u00f5hiseid libesteid. Need v\u00f5ivad p\u00f5hjustada seadme moonutamist, v\u00e4rvimuutust v\u00f5i defekte.<\/p>\n<p>Palun peske esemeid k\u00fclma v\u00f5i leige veega. Kui esemel on m\u00e4rgatavat m\u00e4\u00e4rdumist, kasutage neutraalset pehmet seepi.<\/p>\n<h3>Hoiatus<\/h3>\n<p>\u25a0 \u00c4rge peske eset kuuma vee all, keetke ega kastke pesuvahendisse pikemaks ajaks.<\/p>\n<p>\u25a0 Kasutage ainult neutraalset v\u00f5i pehmet seepi. Suure happe- v\u00f5i leelisesisaldusega seebid v\u00f5ivad toote materjali kahjustada.<\/p>\n<p>\u25a0 \u00c4rge peske happeliste v\u00f5i alkoholi sisaldavate puhastusvahenditega, kuna see v\u00f5ib p\u00f5hjustada seadme moonutamist ja v\u00e4rvimuutust.<\/p>\n<p>\u25a0 Hallituse ja muude kogunemiste v\u00e4ltimiseks veenduge, et toode on enne ladustamist t\u00e4iesti puhas ja kuiv.<\/p>\n<p>&nbsp;<\/p>\n<p>Muud andmed:<br \/>\nT\u00f6\u00f6aeg: ca. 60 min (2 testri nupupatareid)<br \/>\nVeekindel kuni 50 cm<\/p>\n","protected":false},"excerpt":{"rendered":"<p>Tenga SRV one on Smart Vibe Ring (SVR). Selle ehitus koosneb vibraatorist, mis on kinnitatud silikoonr\u00f5nga k\u00fclge, et seda saaks<\/p>\n","protected":false},"featured_media":53443,"template":"","meta":[],"product_cat":[1477,1478],"product_tag":[],"yoast_head":"<!-- This site is optimized with the Yoast SEO plugin v22.9 - https:\/\/yoast.com\/wordpress\/plugins\/seo\/ -->\n<title>Tenga SRV one | Lust and Love<\/title>\n<meta name=\"description\" content=\"Tenga SRV one is a Smart Vibe Ring (SVR). It&#039;s items consist of a vibrator attached to a silicone ring for use in partnered play and during sex.\" \/>\n<meta name=\"robots\" content=\"index,follow,max-snippet:-1,max-image-preview:large,max-video-preview:-1\" \/>\n<link rel=\"canonical\" href=\"https:\/\/lustandlove.eu\/et\/toode\/tenga-srv-one\/\" \/>\n<meta name=\"twitter:card\" content=\"summary_large_image\" \/>\n<meta name=\"twitter:title\" content=\"Tenga SRV one | Lust and Love\" \/>\n<meta name=\"twitter:description\" content=\"Tenga SRV one is a Smart Vibe Ring (SVR). It&#039;s items consist of a vibrator attached to a silicone ring for use in partnered play and during sex.\" \/>\n<meta name=\"twitter:image\" content=\"https:\/\/lustandlove.eu\/wp-content\/uploads\/ezgif.com-gif-maker-1.jpg\" \/>\n<meta name=\"twitter:label1\" content=\"Est. reading time\" \/>\n\t<meta name=\"twitter:data1\" content=\"1 minut\" \/>\n<script type=\"application\/ld+json\" class=\"yoast-schema-graph\">{\"@context\":\"https:\/\/schema.org\",\"@graph\":[{\"@type\":[\"WebPage\",\"ItemPage\"],\"@id\":\"https:\/\/lustandlove.eu\/et\/toode\/tenga-srv-one\/\",\"url\":\"https:\/\/lustandlove.eu\/et\/toode\/tenga-srv-one\/\",\"name\":\"Tenga SRV one | Lust and Love\",\"isPartOf\":{\"@id\":\"https:\/\/lustandlove.eu\/et\/#website\"},\"primaryImageOfPage\":{\"@id\":\"https:\/\/lustandlove.eu\/et\/toode\/tenga-srv-one\/#primaryimage\"},\"image\":{\"@id\":\"https:\/\/lustandlove.eu\/et\/toode\/tenga-srv-one\/#primaryimage\"},\"thumbnailUrl\":\"https:\/\/lustandlove.eu\/wp-content\/uploads\/ezgif.com-gif-maker-1.jpg\",\"datePublished\":\"2022-12-08T10:26:44+00:00\",\"dateModified\":\"2025-11-14T08:46:25+00:00\",\"description\":\"Tenga SRV one is a Smart Vibe Ring (SVR). It's items consist of a vibrator attached to a silicone ring for use in partnered play and during sex.\",\"breadcrumb\":{\"@id\":\"https:\/\/lustandlove.eu\/et\/toode\/tenga-srv-one\/#breadcrumb\"},\"inLanguage\":\"et\",\"potentialAction\":[{\"@type\":\"ReadAction\",\"target\":[\"https:\/\/lustandlove.eu\/et\/toode\/tenga-srv-one\/\"]}]},{\"@type\":\"ImageObject\",\"inLanguage\":\"et\",\"@id\":\"https:\/\/lustandlove.eu\/et\/toode\/tenga-srv-one\/#primaryimage\",\"url\":\"https:\/\/lustandlove.eu\/wp-content\/uploads\/ezgif.com-gif-maker-1.jpg\",\"contentUrl\":\"https:\/\/lustandlove.eu\/wp-content\/uploads\/ezgif.com-gif-maker-1.jpg\",\"width\":1800,\"height\":1800,\"caption\":\"Tenga SRV one\"},{\"@type\":\"BreadcrumbList\",\"@id\":\"https:\/\/lustandlove.eu\/et\/toode\/tenga-srv-one\/#breadcrumb\",\"itemListElement\":[{\"@type\":\"ListItem\",\"position\":1,\"name\":\"Lust and Love\",\"item\":\"https:\/\/lustandlove.eu\/et\/\"},{\"@type\":\"ListItem\",\"position\":2,\"name\":\"Pood\",\"item\":\"https:\/\/lustandlove.eu\/et\/pood\/\"},{\"@type\":\"ListItem\",\"position\":3,\"name\":\"Meestele\",\"item\":\"https:\/\/lustandlove.eu\/et\/pood\/meestele\/\"},{\"@type\":\"ListItem\",\"position\":4,\"name\":\"Peeniser\u00f5ngad\",\"item\":\"https:\/\/lustandlove.eu\/et\/pood\/meestele\/peeniserongad\/\"},{\"@type\":\"ListItem\",\"position\":5,\"name\":\"Tenga SRV one\"}]},{\"@type\":\"WebSite\",\"@id\":\"https:\/\/lustandlove.eu\/et\/#website\",\"url\":\"https:\/\/lustandlove.eu\/et\/\",\"name\":\"Lust &amp; Love\",\"description\":\"Online erootikapood tervise, ilu ja armastuse jaoks\",\"publisher\":{\"@id\":\"https:\/\/lustandlove.eu\/et\/#organization\"},\"potentialAction\":[{\"@type\":\"SearchAction\",\"target\":{\"@type\":\"EntryPoint\",\"urlTemplate\":\"https:\/\/lustandlove.eu\/et\/?s={search_term_string}\"},\"query-input\":\"required name=search_term_string\"}],\"inLanguage\":\"et\"},{\"@type\":\"Organization\",\"@id\":\"https:\/\/lustandlove.eu\/et\/#organization\",\"name\":\"Bioconcept Baltics O\u00dc\",\"url\":\"https:\/\/lustandlove.eu\/et\/\",\"logo\":{\"@type\":\"ImageObject\",\"inLanguage\":\"et\",\"@id\":\"https:\/\/lustandlove.eu\/et\/#\/schema\/logo\/image\/\",\"url\":\"\",\"contentUrl\":\"\",\"caption\":\"Bioconcept Baltics O\u00dc\"},\"image\":{\"@id\":\"https:\/\/lustandlove.eu\/et\/#\/schema\/logo\/image\/\"},\"sameAs\":[\"https:\/\/www.facebook.com\/LustandLoveEU\/\",\"https:\/\/www.instagram.com\/lustandloveeu\/\"]}]}<\/script>\n<!-- \/ Yoast SEO plugin. -->","yoast_head_json":{"title":"Tenga SRV one | Lust and Love","description":"Tenga SRV one is a Smart Vibe Ring (SVR). It's items consist of a vibrator attached to a silicone ring for use in partnered play and during sex.","robots":{"index,follow,max-snippet":"index,follow,max-snippet:-1,max-image-preview:large,max-video-preview:-1"},"canonical":"https:\/\/lustandlove.eu\/et\/toode\/tenga-srv-one\/","twitter_card":"summary_large_image","twitter_title":"Tenga SRV one | Lust and Love","twitter_description":"Tenga SRV one is a Smart Vibe Ring (SVR). It's items consist of a vibrator attached to a silicone ring for use in partnered play and during sex.","twitter_image":"https:\/\/lustandlove.eu\/wp-content\/uploads\/ezgif.com-gif-maker-1.jpg","twitter_misc":{"Est. reading time":"1 minut"},"schema":{"@context":"https:\/\/schema.org","@graph":[{"@type":["WebPage","ItemPage"],"@id":"https:\/\/lustandlove.eu\/et\/toode\/tenga-srv-one\/","url":"https:\/\/lustandlove.eu\/et\/toode\/tenga-srv-one\/","name":"Tenga SRV one | Lust and Love","isPartOf":{"@id":"https:\/\/lustandlove.eu\/et\/#website"},"primaryImageOfPage":{"@id":"https:\/\/lustandlove.eu\/et\/toode\/tenga-srv-one\/#primaryimage"},"image":{"@id":"https:\/\/lustandlove.eu\/et\/toode\/tenga-srv-one\/#primaryimage"},"thumbnailUrl":"https:\/\/lustandlove.eu\/wp-content\/uploads\/ezgif.com-gif-maker-1.jpg","datePublished":"2022-12-08T10:26:44+00:00","dateModified":"2025-11-14T08:46:25+00:00","description":"Tenga SRV one is a Smart Vibe Ring (SVR). It's items consist of a vibrator attached to a silicone ring for use in partnered play and during sex.","breadcrumb":{"@id":"https:\/\/lustandlove.eu\/et\/toode\/tenga-srv-one\/#breadcrumb"},"inLanguage":"et","potentialAction":[{"@type":"ReadAction","target":["https:\/\/lustandlove.eu\/et\/toode\/tenga-srv-one\/"]}]},{"@type":"ImageObject","inLanguage":"et","@id":"https:\/\/lustandlove.eu\/et\/toode\/tenga-srv-one\/#primaryimage","url":"https:\/\/lustandlove.eu\/wp-content\/uploads\/ezgif.com-gif-maker-1.jpg","contentUrl":"https:\/\/lustandlove.eu\/wp-content\/uploads\/ezgif.com-gif-maker-1.jpg","width":1800,"height":1800,"caption":"Tenga SRV one"},{"@type":"BreadcrumbList","@id":"https:\/\/lustandlove.eu\/et\/toode\/tenga-srv-one\/#breadcrumb","itemListElement":[{"@type":"ListItem","position":1,"name":"Lust and Love","item":"https:\/\/lustandlove.eu\/et\/"},{"@type":"ListItem","position":2,"name":"Pood","item":"https:\/\/lustandlove.eu\/et\/pood\/"},{"@type":"ListItem","position":3,"name":"Meestele","item":"https:\/\/lustandlove.eu\/et\/pood\/meestele\/"},{"@type":"ListItem","position":4,"name":"Peeniser\u00f5ngad","item":"https:\/\/lustandlove.eu\/et\/pood\/meestele\/peeniserongad\/"},{"@type":"ListItem","position":5,"name":"Tenga SRV one"}]},{"@type":"WebSite","@id":"https:\/\/lustandlove.eu\/et\/#website","url":"https:\/\/lustandlove.eu\/et\/","name":"Lust &amp; Love","description":"Online erootikapood tervise, ilu ja armastuse jaoks","publisher":{"@id":"https:\/\/lustandlove.eu\/et\/#organization"},"potentialAction":[{"@type":"SearchAction","target":{"@type":"EntryPoint","urlTemplate":"https:\/\/lustandlove.eu\/et\/?s={search_term_string}"},"query-input":"required name=search_term_string"}],"inLanguage":"et"},{"@type":"Organization","@id":"https:\/\/lustandlove.eu\/et\/#organization","name":"Bioconcept Baltics O\u00dc","url":"https:\/\/lustandlove.eu\/et\/","logo":{"@type":"ImageObject","inLanguage":"et","@id":"https:\/\/lustandlove.eu\/et\/#\/schema\/logo\/image\/","url":"","contentUrl":"","caption":"Bioconcept Baltics O\u00dc"},"image":{"@id":"https:\/\/lustandlove.eu\/et\/#\/schema\/logo\/image\/"},"sameAs":["https:\/\/www.facebook.com\/LustandLoveEU\/","https:\/\/www.instagram.com\/lustandloveeu\/"]}]}},"_links":{"self":[{"href":"https:\/\/lustandlove.eu\/et\/wp-json\/wp\/v2\/product\/53460"}],"collection":[{"href":"https:\/\/lustandlove.eu\/et\/wp-json\/wp\/v2\/product"}],"about":[{"href":"https:\/\/lustandlove.eu\/et\/wp-json\/wp\/v2\/types\/product"}],"wp:featuredmedia":[{"embeddable":true,"href":"https:\/\/lustandlove.eu\/et\/wp-json\/wp\/v2\/media\/53443"}],"wp:attachment":[{"href":"https:\/\/lustandlove.eu\/et\/wp-json\/wp\/v2\/media?parent=53460"}],"wp:term":[{"taxonomy":"product_cat","embeddable":true,"href":"https:\/\/lustandlove.eu\/et\/wp-json\/wp\/v2\/product_cat?post=53460"},{"taxonomy":"product_tag","embeddable":true,"href":"https:\/\/lustandlove.eu\/et\/wp-json\/wp\/v2\/product_tag?post=53460"}],"curies":[{"name":"wp","href":"https:\/\/api.w.org\/{rel}","templated":true}]}}