{"id":53463,"date":"2022-11-07T14:08:01","date_gmt":"2022-11-07T12:08:01","guid":{"rendered":"https:\/\/www.lustandlove.eu\/?post_type=product&#038;p=53463"},"modified":"2026-04-13T10:34:02","modified_gmt":"2026-04-13T07:34:02","slug":"kirss","status":"publish","type":"product","link":"https:\/\/lustandlove.eu\/et\/toode\/kirss\/","title":{"rendered":"Kirss"},"content":{"rendered":"<p>See jumalik vibraator on teie kollektsiooni kirss! Kirsikujulisel vibraatoril on USB-laadimine, veekindel disain ja 9 vibratsioonimustrit. Lisaks on see reisis\u00f5bralik, et saaksite oma naudingu alati liikvele kaasa v\u00f5tta. On aeg uuesti m\u00f5elda, mida t\u00e4hendab \u201c<em>pop your cherry \ud83c\udf52<\/em>\u201c. Lelu v\u00f5ib kasutada v\u00e4liselt erogeensete tsoonide stimuleerimiseks, v\u00f5i kasutada seda vaginaalselt tupekuulina.<\/p>\n<ul>\n<li>9 vibratsioonimustrit, mis tabavad alati \u00f5iget kohta<\/li>\n<li>Lelu on veekindel, ning seda v\u00f5ib pesta vee all ja kaasa v\u00f5tta du\u0161i alla, kuid mitte vanni.<\/li>\n<li>USB laetav kaasasoleva kaabliga<\/li>\n<\/ul>\n<p>Koos varrega on lelu pikkus 11cm, diameeter 4cm.<\/p>\n","protected":false},"excerpt":{"rendered":"<p>Diskreetne, reisimiseks sobiv ja armas. Mahlakas Kirss on piisavalt v\u00e4ike, et mahub peopessa v\u00f5i lemmikkotti. Muuda oma m\u00e4nguaeg eriti magusaks koos selle l\u00f5busa kirsiga!<\/p>\n","protected":false},"featured_media":53410,"template":"","meta":[],"product_brand":[4140],"product_cat":[1484,3979,1488],"product_tag":[],"class_list":{"0":"post-53463","1":"product","2":"type-product","3":"status-publish","4":"has-post-thumbnail","6":"product_brand-emojibator-et","7":"product_cat-sekslelud","8":"product_cat-valispidised","9":"product_cat-vibraatorid","10":"pa_brand-emojibator-et","12":"first","13":"instock","14":"taxable","15":"shipping-taxable","16":"purchasable","17":"product-type-simple"},"yoast_head":"<!-- This site is optimized with the Yoast SEO plugin v27.3 - https:\/\/yoast.com\/product\/yoast-seo-wordpress\/ -->\n<title>Kirss | Lust and Love<\/title>\n<meta name=\"description\" content=\"See jumalik vibraator on teie kollektsiooni kirss! Cherry Emojibatoril on USB-laadimine, veekindel disain ja 9 vibratsioonimustrit.\" \/>\n<meta name=\"robots\" content=\"index,follow,max-snippet:-1,max-image-preview:large,max-video-preview:-1\" \/>\n<link rel=\"canonical\" href=\"https:\/\/lustandlove.eu\/et\/toode\/kirss\/\" \/>\n<meta name=\"twitter:card\" content=\"summary_large_image\" \/>\n<meta name=\"twitter:title\" content=\"Kirss | Lust and Love\" \/>\n<meta name=\"twitter:description\" content=\"See jumalik vibraator on teie kollektsiooni kirss! Cherry Emojibatoril on USB-laadimine, veekindel disain ja 9 vibratsioonimustrit.\" \/>\n<meta name=\"twitter:image\" content=\"https:\/\/lustandlove.eu\/wp-content\/uploads\/ezgif.com-gif-maker-11-1.jpg\" \/>\n<script type=\"application\/ld+json\" class=\"yoast-schema-graph\">{\"@context\":\"https:\\\/\\\/schema.org\",\"@graph\":[{\"@type\":[\"WebPage\",\"ItemPage\"],\"@id\":\"https:\\\/\\\/lustandlove.eu\\\/et\\\/toode\\\/kirss\\\/\",\"url\":\"https:\\\/\\\/lustandlove.eu\\\/et\\\/toode\\\/kirss\\\/\",\"name\":\"Kirss | Lust and Love\",\"isPartOf\":{\"@id\":\"https:\\\/\\\/lustandlove.eu\\\/et\\\/#website\"},\"primaryImageOfPage\":{\"@id\":\"https:\\\/\\\/lustandlove.eu\\\/et\\\/toode\\\/kirss\\\/#primaryimage\"},\"image\":{\"@id\":\"https:\\\/\\\/lustandlove.eu\\\/et\\\/toode\\\/kirss\\\/#primaryimage\"},\"thumbnailUrl\":\"https:\\\/\\\/lustandlove.eu\\\/wp-content\\\/uploads\\\/ezgif.com-gif-maker-11-1.jpg\",\"datePublished\":\"2022-11-07T12:08:01+00:00\",\"dateModified\":\"2026-04-13T07:34:02+00:00\",\"description\":\"See jumalik vibraator on teie kollektsiooni kirss! Cherry Emojibatoril on USB-laadimine, veekindel disain ja 9 vibratsioonimustrit.\",\"breadcrumb\":{\"@id\":\"https:\\\/\\\/lustandlove.eu\\\/et\\\/toode\\\/kirss\\\/#breadcrumb\"},\"inLanguage\":\"et\",\"potentialAction\":[{\"@type\":\"ReadAction\",\"target\":[\"https:\\\/\\\/lustandlove.eu\\\/et\\\/toode\\\/kirss\\\/\"]}]},{\"@type\":\"ImageObject\",\"inLanguage\":\"et\",\"@id\":\"https:\\\/\\\/lustandlove.eu\\\/et\\\/toode\\\/kirss\\\/#primaryimage\",\"url\":\"https:\\\/\\\/lustandlove.eu\\\/wp-content\\\/uploads\\\/ezgif.com-gif-maker-11-1.jpg\",\"contentUrl\":\"https:\\\/\\\/lustandlove.eu\\\/wp-content\\\/uploads\\\/ezgif.com-gif-maker-11-1.jpg\",\"width\":1920,\"height\":1920,\"caption\":\"cherry\"},{\"@type\":\"BreadcrumbList\",\"@id\":\"https:\\\/\\\/lustandlove.eu\\\/et\\\/toode\\\/kirss\\\/#breadcrumb\",\"itemListElement\":[{\"@type\":\"ListItem\",\"position\":1,\"name\":\"Lust and Love\",\"item\":\"https:\\\/\\\/lustandlove.eu\\\/et\\\/\"},{\"@type\":\"ListItem\",\"position\":2,\"name\":\"Pood\",\"item\":\"https:\\\/\\\/lustandlove.eu\\\/et\\\/pood\\\/\"},{\"@type\":\"ListItem\",\"position\":3,\"name\":\"Sekslelud\",\"item\":\"https:\\\/\\\/lustandlove.eu\\\/et\\\/pood\\\/sekslelud\\\/\"},{\"@type\":\"ListItem\",\"position\":4,\"name\":\"Kirss\"}]},{\"@type\":\"WebSite\",\"@id\":\"https:\\\/\\\/lustandlove.eu\\\/et\\\/#website\",\"url\":\"https:\\\/\\\/lustandlove.eu\\\/et\\\/\",\"name\":\"Lust &amp; Love\",\"description\":\"Online erootikapood tervise, ilu ja armastuse jaoks\",\"publisher\":{\"@id\":\"https:\\\/\\\/lustandlove.eu\\\/et\\\/#organization\"},\"potentialAction\":[{\"@type\":\"SearchAction\",\"target\":{\"@type\":\"EntryPoint\",\"urlTemplate\":\"https:\\\/\\\/lustandlove.eu\\\/et\\\/?s={search_term_string}\"},\"query-input\":{\"@type\":\"PropertyValueSpecification\",\"valueRequired\":true,\"valueName\":\"search_term_string\"}}],\"inLanguage\":\"et\"},{\"@type\":\"Organization\",\"@id\":\"https:\\\/\\\/lustandlove.eu\\\/et\\\/#organization\",\"name\":\"Bioconcept Baltics O\u00dc\",\"url\":\"https:\\\/\\\/lustandlove.eu\\\/et\\\/\",\"logo\":{\"@type\":\"ImageObject\",\"inLanguage\":\"et\",\"@id\":\"https:\\\/\\\/lustandlove.eu\\\/et\\\/#\\\/schema\\\/logo\\\/image\\\/\",\"url\":\"\",\"contentUrl\":\"\",\"caption\":\"Bioconcept Baltics O\u00dc\"},\"image\":{\"@id\":\"https:\\\/\\\/lustandlove.eu\\\/et\\\/#\\\/schema\\\/logo\\\/image\\\/\"},\"sameAs\":[\"https:\\\/\\\/www.facebook.com\\\/LustandLoveEU\\\/\",\"https:\\\/\\\/www.instagram.com\\\/lustandloveeu\\\/\"]}]}<\/script>\n<!-- \/ Yoast SEO plugin. -->","yoast_head_json":{"title":"Kirss | Lust and Love","description":"See jumalik vibraator on teie kollektsiooni kirss! Cherry Emojibatoril on USB-laadimine, veekindel disain ja 9 vibratsioonimustrit.","robots":{"index,follow,max-snippet":"index,follow,max-snippet:-1,max-image-preview:large,max-video-preview:-1"},"canonical":"https:\/\/lustandlove.eu\/et\/toode\/kirss\/","twitter_card":"summary_large_image","twitter_title":"Kirss | Lust and Love","twitter_description":"See jumalik vibraator on teie kollektsiooni kirss! Cherry Emojibatoril on USB-laadimine, veekindel disain ja 9 vibratsioonimustrit.","twitter_image":"https:\/\/lustandlove.eu\/wp-content\/uploads\/ezgif.com-gif-maker-11-1.jpg","schema":{"@context":"https:\/\/schema.org","@graph":[{"@type":["WebPage","ItemPage"],"@id":"https:\/\/lustandlove.eu\/et\/toode\/kirss\/","url":"https:\/\/lustandlove.eu\/et\/toode\/kirss\/","name":"Kirss | Lust and Love","isPartOf":{"@id":"https:\/\/lustandlove.eu\/et\/#website"},"primaryImageOfPage":{"@id":"https:\/\/lustandlove.eu\/et\/toode\/kirss\/#primaryimage"},"image":{"@id":"https:\/\/lustandlove.eu\/et\/toode\/kirss\/#primaryimage"},"thumbnailUrl":"https:\/\/lustandlove.eu\/wp-content\/uploads\/ezgif.com-gif-maker-11-1.jpg","datePublished":"2022-11-07T12:08:01+00:00","dateModified":"2026-04-13T07:34:02+00:00","description":"See jumalik vibraator on teie kollektsiooni kirss! Cherry Emojibatoril on USB-laadimine, veekindel disain ja 9 vibratsioonimustrit.","breadcrumb":{"@id":"https:\/\/lustandlove.eu\/et\/toode\/kirss\/#breadcrumb"},"inLanguage":"et","potentialAction":[{"@type":"ReadAction","target":["https:\/\/lustandlove.eu\/et\/toode\/kirss\/"]}]},{"@type":"ImageObject","inLanguage":"et","@id":"https:\/\/lustandlove.eu\/et\/toode\/kirss\/#primaryimage","url":"https:\/\/lustandlove.eu\/wp-content\/uploads\/ezgif.com-gif-maker-11-1.jpg","contentUrl":"https:\/\/lustandlove.eu\/wp-content\/uploads\/ezgif.com-gif-maker-11-1.jpg","width":1920,"height":1920,"caption":"cherry"},{"@type":"BreadcrumbList","@id":"https:\/\/lustandlove.eu\/et\/toode\/kirss\/#breadcrumb","itemListElement":[{"@type":"ListItem","position":1,"name":"Lust and Love","item":"https:\/\/lustandlove.eu\/et\/"},{"@type":"ListItem","position":2,"name":"Pood","item":"https:\/\/lustandlove.eu\/et\/pood\/"},{"@type":"ListItem","position":3,"name":"Sekslelud","item":"https:\/\/lustandlove.eu\/et\/pood\/sekslelud\/"},{"@type":"ListItem","position":4,"name":"Kirss"}]},{"@type":"WebSite","@id":"https:\/\/lustandlove.eu\/et\/#website","url":"https:\/\/lustandlove.eu\/et\/","name":"Lust &amp; Love","description":"Online erootikapood tervise, ilu ja armastuse jaoks","publisher":{"@id":"https:\/\/lustandlove.eu\/et\/#organization"},"potentialAction":[{"@type":"SearchAction","target":{"@type":"EntryPoint","urlTemplate":"https:\/\/lustandlove.eu\/et\/?s={search_term_string}"},"query-input":{"@type":"PropertyValueSpecification","valueRequired":true,"valueName":"search_term_string"}}],"inLanguage":"et"},{"@type":"Organization","@id":"https:\/\/lustandlove.eu\/et\/#organization","name":"Bioconcept Baltics O\u00dc","url":"https:\/\/lustandlove.eu\/et\/","logo":{"@type":"ImageObject","inLanguage":"et","@id":"https:\/\/lustandlove.eu\/et\/#\/schema\/logo\/image\/","url":"","contentUrl":"","caption":"Bioconcept Baltics O\u00dc"},"image":{"@id":"https:\/\/lustandlove.eu\/et\/#\/schema\/logo\/image\/"},"sameAs":["https:\/\/www.facebook.com\/LustandLoveEU\/","https:\/\/www.instagram.com\/lustandloveeu\/"]}]}},"_links":{"self":[{"href":"https:\/\/lustandlove.eu\/et\/wp-json\/wp\/v2\/product\/53463","targetHints":{"allow":["GET"]}}],"collection":[{"href":"https:\/\/lustandlove.eu\/et\/wp-json\/wp\/v2\/product"}],"about":[{"href":"https:\/\/lustandlove.eu\/et\/wp-json\/wp\/v2\/types\/product"}],"wp:featuredmedia":[{"embeddable":true,"href":"https:\/\/lustandlove.eu\/et\/wp-json\/wp\/v2\/media\/53410"}],"wp:attachment":[{"href":"https:\/\/lustandlove.eu\/et\/wp-json\/wp\/v2\/media?parent=53463"}],"wp:term":[{"taxonomy":"product_brand","embeddable":true,"href":"https:\/\/lustandlove.eu\/et\/wp-json\/wp\/v2\/product_brand?post=53463"},{"taxonomy":"product_cat","embeddable":true,"href":"https:\/\/lustandlove.eu\/et\/wp-json\/wp\/v2\/product_cat?post=53463"},{"taxonomy":"product_tag","embeddable":true,"href":"https:\/\/lustandlove.eu\/et\/wp-json\/wp\/v2\/product_tag?post=53463"}],"curies":[{"name":"wp","href":"https:\/\/api.w.org\/{rel}","templated":true}]}}