{"id":53610,"date":"2023-01-19T10:53:12","date_gmt":"2022-11-11T10:53:13","guid":{"rendered":"https:\/\/www.lustandlove.eu\/?post_type=product&#038;p=53610"},"modified":"2026-04-13T10:33:40","modified_gmt":"2026-04-13T07:33:40","slug":"love-box-komplekt-uus","status":"publish","type":"product","link":"https:\/\/lustandlove.eu\/et\/toode\/love-box-komplekt-uus\/","title":{"rendered":"Love Box Komplekt Uus!"},"content":{"rendered":"<p>Ainulaadne ja sensuaalne komplekt, mis on loodud \u00fcksteise kehade uurimiseks. Andke end ihade m\u00e4ngudesse ja laske endal taluda v\u00f5rgutavat kiusamist, mis h\u00f5lmab k\u00f5iki erootilise ilu ja sensuaalse armastuse vorme.<\/p>\n<p>Ja kuna on palju viise, kuidas end h\u00e4sti tunda, laske silmsidemel v\u00f5imendada k\u00f5iki naudinguid, samal ajal kui massaa\u017ei\u00f5li toimib suurep\u00e4raselt v\u00f5rgutava massaa\u017ei maagiliste v\u00f5tmetena, mida antakse l\u00e4bi teie partneri k\u00e4te soojuse. Ja tohutute orgasmide jaoks, mis saadavad teid uutesse naudingute maailmadesse, on orgasmigeel teie teenistuses.<\/p>\n<p>M\u00e4ngige, hellitage, puudutage ja laske juhusel otsustada meie ulakate seksit\u00e4ringutega, mis on uhkelt inspiratsiooniks nendeks maagilisteks n\u00e4dalavahetusteks, m\u00e4ngulisteks \u00f5htus\u00f6\u00f6kideks ja erootilisteks p\u00e4rastl\u00f5unateks.<\/p>\n<p>K\u00f5igile kehadele, kes soovivad \u00e4ratada endas erootilist kirge ja seksuaalset sensuaalsust, aga ka erootilistele paaridele, kes soovivad kogeda kuuma romantilist seksi, mis on erinev k\u00f5igest, mida nad on kunagi tundnud.<\/p>\n<p>Jagage seda \u00fcleannetut komplekti oma v\u00e4ljavalituga ja laske kuumal intensiivsusel kasvada, kui te \u00fcksteist t\u00e4ies kaasosaluses uurite.<\/p>\n<p>See erootiline komplekt sisaldab:<\/p>\n<p>&#8211; Massaa\u017ei\u00f5li (30 ml).<br \/>\n&#8211; Erutusgeel naistele (10g).<br \/>\n&#8211; \u00dclimalt pehme must satiinist silmside.<br \/>\n&#8211; Kaks ulakat t\u00e4ringut.<\/p>\n","protected":false},"excerpt":{"rendered":"<p>Love Box komplekt armutuvikestele!<\/p>\n","protected":false},"featured_media":53612,"template":"","meta":[],"product_brand":[4248],"product_cat":[1493,1484],"product_tag":[3403,3312],"class_list":{"0":"post-53610","1":"product","2":"type-product","3":"status-publish","4":"has-post-thumbnail","6":"product_brand-yesforlov-et","7":"product_cat-paaride-komplektid","8":"product_cat-sekslelud","9":"product_tag-naistepaev","10":"product_tag-valentines-et","11":"pa_brand-yesforlov-et","13":"first","14":"instock","15":"taxable","16":"shipping-taxable","17":"purchasable","18":"product-type-simple"},"yoast_head":"<!-- This site is optimized with the Yoast SEO plugin v27.3 - https:\/\/yoast.com\/product\/yoast-seo-wordpress\/ -->\n<title>Ignite the LOVE with Love Box | Lust&amp;Love Sex Shop<\/title>\n<meta name=\"description\" content=\"Love Box komplekt armutuvikestele!\" \/>\n<meta name=\"robots\" content=\"index,follow,max-snippet:-1,max-image-preview:large,max-video-preview:-1\" \/>\n<link rel=\"canonical\" href=\"https:\/\/lustandlove.eu\/et\/toode\/love-box-komplekt-uus\/\" \/>\n<meta name=\"twitter:card\" content=\"summary_large_image\" \/>\n<meta name=\"twitter:title\" content=\"Ignite the LOVE with Love Box | Lust&amp;Love Sex Shop\" \/>\n<meta name=\"twitter:description\" content=\"Love Box komplekt armutuvikestele!\" \/>\n<meta name=\"twitter:image\" content=\"https:\/\/lustandlove.eu\/wp-content\/uploads\/love_box_yesforlov.2022.hb_700x.webp\" \/>\n<meta name=\"twitter:label1\" content=\"Est. reading time\" \/>\n\t<meta name=\"twitter:data1\" content=\"1 minut\" \/>\n<script type=\"application\/ld+json\" class=\"yoast-schema-graph\">{\"@context\":\"https:\\\/\\\/schema.org\",\"@graph\":[{\"@type\":[\"WebPage\",\"ItemPage\"],\"@id\":\"https:\\\/\\\/lustandlove.eu\\\/et\\\/toode\\\/love-box-komplekt-uus\\\/\",\"url\":\"https:\\\/\\\/lustandlove.eu\\\/et\\\/toode\\\/love-box-komplekt-uus\\\/\",\"name\":\"Ignite the LOVE with Love Box | Lust&Love Sex Shop\",\"isPartOf\":{\"@id\":\"https:\\\/\\\/lustandlove.eu\\\/et\\\/#website\"},\"primaryImageOfPage\":{\"@id\":\"https:\\\/\\\/lustandlove.eu\\\/et\\\/toode\\\/love-box-komplekt-uus\\\/#primaryimage\"},\"image\":{\"@id\":\"https:\\\/\\\/lustandlove.eu\\\/et\\\/toode\\\/love-box-komplekt-uus\\\/#primaryimage\"},\"thumbnailUrl\":\"https:\\\/\\\/lustandlove.eu\\\/wp-content\\\/uploads\\\/love_box_yesforlov.2022.hb_700x.webp\",\"datePublished\":\"2022-11-11T10:53:13+00:00\",\"dateModified\":\"2026-04-13T07:33:40+00:00\",\"description\":\"Love Box komplekt armutuvikestele!\",\"breadcrumb\":{\"@id\":\"https:\\\/\\\/lustandlove.eu\\\/et\\\/toode\\\/love-box-komplekt-uus\\\/#breadcrumb\"},\"inLanguage\":\"et\",\"potentialAction\":[{\"@type\":\"ReadAction\",\"target\":[\"https:\\\/\\\/lustandlove.eu\\\/et\\\/toode\\\/love-box-komplekt-uus\\\/\"]}]},{\"@type\":\"ImageObject\",\"inLanguage\":\"et\",\"@id\":\"https:\\\/\\\/lustandlove.eu\\\/et\\\/toode\\\/love-box-komplekt-uus\\\/#primaryimage\",\"url\":\"https:\\\/\\\/lustandlove.eu\\\/wp-content\\\/uploads\\\/love_box_yesforlov.2022.hb_700x.webp\",\"contentUrl\":\"https:\\\/\\\/lustandlove.eu\\\/wp-content\\\/uploads\\\/love_box_yesforlov.2022.hb_700x.webp\",\"width\":700,\"height\":700},{\"@type\":\"BreadcrumbList\",\"@id\":\"https:\\\/\\\/lustandlove.eu\\\/et\\\/toode\\\/love-box-komplekt-uus\\\/#breadcrumb\",\"itemListElement\":[{\"@type\":\"ListItem\",\"position\":1,\"name\":\"Lust and Love\",\"item\":\"https:\\\/\\\/lustandlove.eu\\\/et\\\/\"},{\"@type\":\"ListItem\",\"position\":2,\"name\":\"Pood\",\"item\":\"https:\\\/\\\/lustandlove.eu\\\/et\\\/pood\\\/\"},{\"@type\":\"ListItem\",\"position\":3,\"name\":\"Love Box Komplekt Uus!\"}]},{\"@type\":\"WebSite\",\"@id\":\"https:\\\/\\\/lustandlove.eu\\\/et\\\/#website\",\"url\":\"https:\\\/\\\/lustandlove.eu\\\/et\\\/\",\"name\":\"Lust &amp; Love\",\"description\":\"Online erootikapood tervise, ilu ja armastuse jaoks\",\"publisher\":{\"@id\":\"https:\\\/\\\/lustandlove.eu\\\/et\\\/#organization\"},\"potentialAction\":[{\"@type\":\"SearchAction\",\"target\":{\"@type\":\"EntryPoint\",\"urlTemplate\":\"https:\\\/\\\/lustandlove.eu\\\/et\\\/?s={search_term_string}\"},\"query-input\":{\"@type\":\"PropertyValueSpecification\",\"valueRequired\":true,\"valueName\":\"search_term_string\"}}],\"inLanguage\":\"et\"},{\"@type\":\"Organization\",\"@id\":\"https:\\\/\\\/lustandlove.eu\\\/et\\\/#organization\",\"name\":\"Bioconcept Baltics O\u00dc\",\"url\":\"https:\\\/\\\/lustandlove.eu\\\/et\\\/\",\"logo\":{\"@type\":\"ImageObject\",\"inLanguage\":\"et\",\"@id\":\"https:\\\/\\\/lustandlove.eu\\\/et\\\/#\\\/schema\\\/logo\\\/image\\\/\",\"url\":\"\",\"contentUrl\":\"\",\"caption\":\"Bioconcept Baltics O\u00dc\"},\"image\":{\"@id\":\"https:\\\/\\\/lustandlove.eu\\\/et\\\/#\\\/schema\\\/logo\\\/image\\\/\"},\"sameAs\":[\"https:\\\/\\\/www.facebook.com\\\/LustandLoveEU\\\/\",\"https:\\\/\\\/www.instagram.com\\\/lustandloveeu\\\/\"]}]}<\/script>\n<!-- \/ Yoast SEO plugin. -->","yoast_head_json":{"title":"Ignite the LOVE with Love Box | Lust&Love Sex Shop","description":"Love Box komplekt armutuvikestele!","robots":{"index,follow,max-snippet":"index,follow,max-snippet:-1,max-image-preview:large,max-video-preview:-1"},"canonical":"https:\/\/lustandlove.eu\/et\/toode\/love-box-komplekt-uus\/","twitter_card":"summary_large_image","twitter_title":"Ignite the LOVE with Love Box | Lust&Love Sex Shop","twitter_description":"Love Box komplekt armutuvikestele!","twitter_image":"https:\/\/lustandlove.eu\/wp-content\/uploads\/love_box_yesforlov.2022.hb_700x.webp","twitter_misc":{"Est. reading time":"1 minut"},"schema":{"@context":"https:\/\/schema.org","@graph":[{"@type":["WebPage","ItemPage"],"@id":"https:\/\/lustandlove.eu\/et\/toode\/love-box-komplekt-uus\/","url":"https:\/\/lustandlove.eu\/et\/toode\/love-box-komplekt-uus\/","name":"Ignite the LOVE with Love Box | Lust&Love Sex Shop","isPartOf":{"@id":"https:\/\/lustandlove.eu\/et\/#website"},"primaryImageOfPage":{"@id":"https:\/\/lustandlove.eu\/et\/toode\/love-box-komplekt-uus\/#primaryimage"},"image":{"@id":"https:\/\/lustandlove.eu\/et\/toode\/love-box-komplekt-uus\/#primaryimage"},"thumbnailUrl":"https:\/\/lustandlove.eu\/wp-content\/uploads\/love_box_yesforlov.2022.hb_700x.webp","datePublished":"2022-11-11T10:53:13+00:00","dateModified":"2026-04-13T07:33:40+00:00","description":"Love Box komplekt armutuvikestele!","breadcrumb":{"@id":"https:\/\/lustandlove.eu\/et\/toode\/love-box-komplekt-uus\/#breadcrumb"},"inLanguage":"et","potentialAction":[{"@type":"ReadAction","target":["https:\/\/lustandlove.eu\/et\/toode\/love-box-komplekt-uus\/"]}]},{"@type":"ImageObject","inLanguage":"et","@id":"https:\/\/lustandlove.eu\/et\/toode\/love-box-komplekt-uus\/#primaryimage","url":"https:\/\/lustandlove.eu\/wp-content\/uploads\/love_box_yesforlov.2022.hb_700x.webp","contentUrl":"https:\/\/lustandlove.eu\/wp-content\/uploads\/love_box_yesforlov.2022.hb_700x.webp","width":700,"height":700},{"@type":"BreadcrumbList","@id":"https:\/\/lustandlove.eu\/et\/toode\/love-box-komplekt-uus\/#breadcrumb","itemListElement":[{"@type":"ListItem","position":1,"name":"Lust and Love","item":"https:\/\/lustandlove.eu\/et\/"},{"@type":"ListItem","position":2,"name":"Pood","item":"https:\/\/lustandlove.eu\/et\/pood\/"},{"@type":"ListItem","position":3,"name":"Love Box Komplekt Uus!"}]},{"@type":"WebSite","@id":"https:\/\/lustandlove.eu\/et\/#website","url":"https:\/\/lustandlove.eu\/et\/","name":"Lust &amp; Love","description":"Online erootikapood tervise, ilu ja armastuse jaoks","publisher":{"@id":"https:\/\/lustandlove.eu\/et\/#organization"},"potentialAction":[{"@type":"SearchAction","target":{"@type":"EntryPoint","urlTemplate":"https:\/\/lustandlove.eu\/et\/?s={search_term_string}"},"query-input":{"@type":"PropertyValueSpecification","valueRequired":true,"valueName":"search_term_string"}}],"inLanguage":"et"},{"@type":"Organization","@id":"https:\/\/lustandlove.eu\/et\/#organization","name":"Bioconcept Baltics O\u00dc","url":"https:\/\/lustandlove.eu\/et\/","logo":{"@type":"ImageObject","inLanguage":"et","@id":"https:\/\/lustandlove.eu\/et\/#\/schema\/logo\/image\/","url":"","contentUrl":"","caption":"Bioconcept Baltics O\u00dc"},"image":{"@id":"https:\/\/lustandlove.eu\/et\/#\/schema\/logo\/image\/"},"sameAs":["https:\/\/www.facebook.com\/LustandLoveEU\/","https:\/\/www.instagram.com\/lustandloveeu\/"]}]}},"_links":{"self":[{"href":"https:\/\/lustandlove.eu\/et\/wp-json\/wp\/v2\/product\/53610","targetHints":{"allow":["GET"]}}],"collection":[{"href":"https:\/\/lustandlove.eu\/et\/wp-json\/wp\/v2\/product"}],"about":[{"href":"https:\/\/lustandlove.eu\/et\/wp-json\/wp\/v2\/types\/product"}],"wp:featuredmedia":[{"embeddable":true,"href":"https:\/\/lustandlove.eu\/et\/wp-json\/wp\/v2\/media\/53612"}],"wp:attachment":[{"href":"https:\/\/lustandlove.eu\/et\/wp-json\/wp\/v2\/media?parent=53610"}],"wp:term":[{"taxonomy":"product_brand","embeddable":true,"href":"https:\/\/lustandlove.eu\/et\/wp-json\/wp\/v2\/product_brand?post=53610"},{"taxonomy":"product_cat","embeddable":true,"href":"https:\/\/lustandlove.eu\/et\/wp-json\/wp\/v2\/product_cat?post=53610"},{"taxonomy":"product_tag","embeddable":true,"href":"https:\/\/lustandlove.eu\/et\/wp-json\/wp\/v2\/product_tag?post=53610"}],"curies":[{"name":"wp","href":"https:\/\/api.w.org\/{rel}","templated":true}]}}