{"id":53630,"date":"2022-11-14T15:39:11","date_gmt":"2022-11-14T13:39:11","guid":{"rendered":"https:\/\/www.lustandlove.eu\/product\/love-surprise\/"},"modified":"2025-08-19T15:39:40","modified_gmt":"2025-08-19T12:39:40","slug":"love-surprise","status":"publish","type":"product","link":"https:\/\/lustandlove.eu\/et\/toode\/love-surprise\/","title":{"rendered":"Love Surprise"},"content":{"rendered":"<p>Prantsuse intiimkaupade br\u00e4nd YESforLOV on t\u00e4nu k\u00f5rgeima kvaliteediga toodetele v\u00f5itnud miljonite klientide usalduse \u00fcle maailma. YESforLOV Love Surprise Set sisaldab ettev\u00f5tte parimate massaa\u017ei\u00f5lide ja libestite n\u00e4idiseid, mis v\u00f5imaldab potentsiaalsel kliendil koostisi paremini tundma \u00f5ppida ja oma nahal katsetada.<\/p>\n<p>Komplektis on 2 kotikest massaa\u017ei\u00f5lisid ja armastus tsenaariumi kaart. Ostes sellise komplekti, ei saa te enam seda naudingut endale keelata!<\/p>\n<p><strong>Allover<\/strong> Lubricating Massage Gel on silikoonil p\u00f5hinev ja kondoomis\u00f5bralik<br \/>\n<strong>Bewitching<\/strong> Massage Oil on kerge, mitte\u00f5line ega m\u00e4\u00e4ri riideid ega linu<br \/>\n<strong>Excitement<\/strong> Gel for Women on kondoomi- ja lelus\u00f5bralik geel kliitori jaoks<br \/>\nUnisex <strong>Moisturizing<\/strong> Lubricant on veep\u00f5hine, kondoomi- ja lelus\u00f5bralik<br \/>\n<strong>Titillating<\/strong> Massage Oil on kerge ja mitterasvase tekstuuriga<\/p>\n","protected":false},"excerpt":{"rendered":"<p>Prantsuse intiimkaupade br\u00e4nd YESforLOV on t\u00e4nu k\u00f5rgeima kvaliteediga toodetele v\u00f5itnud miljonite klientide usalduse \u00fcle maailma. YESforLOV Love Surprise Set sisaldab<\/p>\n","protected":false},"featured_media":53623,"template":"","meta":[],"product_cat":[1484,1493,4009,4011],"product_tag":[3654],"yoast_head":"<!-- This site is optimized with the Yoast SEO plugin v22.9 - https:\/\/yoast.com\/wordpress\/plugins\/seo\/ -->\n<title>Love Surprise | Lust and Love<\/title>\n<meta name=\"robots\" content=\"index,follow,max-snippet:-1,max-image-preview:large,max-video-preview:-1\" \/>\n<link rel=\"canonical\" href=\"https:\/\/lustandlove.eu\/et\/toode\/love-surprise\/\" \/>\n<meta name=\"twitter:card\" content=\"summary_large_image\" \/>\n<meta name=\"twitter:title\" content=\"Love Surprise | Lust and Love\" \/>\n<meta name=\"twitter:description\" content=\"Prantsuse intiimkaupade br\u00e4nd YESforLOV on t\u00e4nu k\u00f5rgeima kvaliteediga toodetele v\u00f5itnud miljonite klientide usalduse \u00fcle maailma. YESforLOV Love Surprise Set sisaldab\" \/>\n<meta name=\"twitter:image\" content=\"https:\/\/lustandlove.eu\/wp-content\/uploads\/YFL01L01.Box-LovSurprise-Coffret-LovSurprise-hb.jpg\" \/>\n<meta name=\"twitter:label1\" content=\"Est. reading time\" \/>\n\t<meta name=\"twitter:data1\" content=\"1 minut\" \/>\n<script type=\"application\/ld+json\" class=\"yoast-schema-graph\">{\"@context\":\"https:\/\/schema.org\",\"@graph\":[{\"@type\":[\"WebPage\",\"ItemPage\"],\"@id\":\"https:\/\/lustandlove.eu\/et\/toode\/love-surprise\/\",\"url\":\"https:\/\/lustandlove.eu\/et\/toode\/love-surprise\/\",\"name\":\"Love Surprise | Lust and Love\",\"isPartOf\":{\"@id\":\"https:\/\/lustandlove.eu\/et\/#website\"},\"primaryImageOfPage\":{\"@id\":\"https:\/\/lustandlove.eu\/et\/toode\/love-surprise\/#primaryimage\"},\"image\":{\"@id\":\"https:\/\/lustandlove.eu\/et\/toode\/love-surprise\/#primaryimage\"},\"thumbnailUrl\":\"https:\/\/lustandlove.eu\/wp-content\/uploads\/YFL01L01.Box-LovSurprise-Coffret-LovSurprise-hb.jpg\",\"datePublished\":\"2022-11-14T13:39:11+00:00\",\"dateModified\":\"2025-08-19T12:39:40+00:00\",\"breadcrumb\":{\"@id\":\"https:\/\/lustandlove.eu\/et\/toode\/love-surprise\/#breadcrumb\"},\"inLanguage\":\"et\",\"potentialAction\":[{\"@type\":\"ReadAction\",\"target\":[\"https:\/\/lustandlove.eu\/et\/toode\/love-surprise\/\"]}]},{\"@type\":\"ImageObject\",\"inLanguage\":\"et\",\"@id\":\"https:\/\/lustandlove.eu\/et\/toode\/love-surprise\/#primaryimage\",\"url\":\"https:\/\/lustandlove.eu\/wp-content\/uploads\/YFL01L01.Box-LovSurprise-Coffret-LovSurprise-hb.jpg\",\"contentUrl\":\"https:\/\/lustandlove.eu\/wp-content\/uploads\/YFL01L01.Box-LovSurprise-Coffret-LovSurprise-hb.jpg\",\"width\":1920,\"height\":1920},{\"@type\":\"BreadcrumbList\",\"@id\":\"https:\/\/lustandlove.eu\/et\/toode\/love-surprise\/#breadcrumb\",\"itemListElement\":[{\"@type\":\"ListItem\",\"position\":1,\"name\":\"Lust and Love\",\"item\":\"https:\/\/lustandlove.eu\/et\/\"},{\"@type\":\"ListItem\",\"position\":2,\"name\":\"Pood\",\"item\":\"https:\/\/lustandlove.eu\/et\/pood\/\"},{\"@type\":\"ListItem\",\"position\":3,\"name\":\"L\u00f5bu &amp; M\u00e4ngud\",\"item\":\"https:\/\/lustandlove.eu\/et\/pood\/lobu-mangud\/\"},{\"@type\":\"ListItem\",\"position\":4,\"name\":\"Kingiideed\",\"item\":\"https:\/\/lustandlove.eu\/et\/pood\/lobu-mangud\/kingiideed\/\"},{\"@type\":\"ListItem\",\"position\":5,\"name\":\"Love Surprise\"}]},{\"@type\":\"WebSite\",\"@id\":\"https:\/\/lustandlove.eu\/et\/#website\",\"url\":\"https:\/\/lustandlove.eu\/et\/\",\"name\":\"Lust &amp; Love\",\"description\":\"Online erootikapood tervise, ilu ja armastuse jaoks\",\"publisher\":{\"@id\":\"https:\/\/lustandlove.eu\/et\/#organization\"},\"potentialAction\":[{\"@type\":\"SearchAction\",\"target\":{\"@type\":\"EntryPoint\",\"urlTemplate\":\"https:\/\/lustandlove.eu\/et\/?s={search_term_string}\"},\"query-input\":\"required name=search_term_string\"}],\"inLanguage\":\"et\"},{\"@type\":\"Organization\",\"@id\":\"https:\/\/lustandlove.eu\/et\/#organization\",\"name\":\"Bioconcept Baltics O\u00dc\",\"url\":\"https:\/\/lustandlove.eu\/et\/\",\"logo\":{\"@type\":\"ImageObject\",\"inLanguage\":\"et\",\"@id\":\"https:\/\/lustandlove.eu\/et\/#\/schema\/logo\/image\/\",\"url\":\"\",\"contentUrl\":\"\",\"caption\":\"Bioconcept Baltics O\u00dc\"},\"image\":{\"@id\":\"https:\/\/lustandlove.eu\/et\/#\/schema\/logo\/image\/\"},\"sameAs\":[\"https:\/\/www.facebook.com\/LustandLoveEU\/\",\"https:\/\/www.instagram.com\/lustandloveeu\/\"]}]}<\/script>\n<!-- \/ Yoast SEO plugin. -->","yoast_head_json":{"title":"Love Surprise | Lust and Love","robots":{"index,follow,max-snippet":"index,follow,max-snippet:-1,max-image-preview:large,max-video-preview:-1"},"canonical":"https:\/\/lustandlove.eu\/et\/toode\/love-surprise\/","twitter_card":"summary_large_image","twitter_title":"Love Surprise | Lust and Love","twitter_description":"Prantsuse intiimkaupade br\u00e4nd YESforLOV on t\u00e4nu k\u00f5rgeima kvaliteediga toodetele v\u00f5itnud miljonite klientide usalduse \u00fcle maailma. YESforLOV Love Surprise Set sisaldab","twitter_image":"https:\/\/lustandlove.eu\/wp-content\/uploads\/YFL01L01.Box-LovSurprise-Coffret-LovSurprise-hb.jpg","twitter_misc":{"Est. reading time":"1 minut"},"schema":{"@context":"https:\/\/schema.org","@graph":[{"@type":["WebPage","ItemPage"],"@id":"https:\/\/lustandlove.eu\/et\/toode\/love-surprise\/","url":"https:\/\/lustandlove.eu\/et\/toode\/love-surprise\/","name":"Love Surprise | Lust and Love","isPartOf":{"@id":"https:\/\/lustandlove.eu\/et\/#website"},"primaryImageOfPage":{"@id":"https:\/\/lustandlove.eu\/et\/toode\/love-surprise\/#primaryimage"},"image":{"@id":"https:\/\/lustandlove.eu\/et\/toode\/love-surprise\/#primaryimage"},"thumbnailUrl":"https:\/\/lustandlove.eu\/wp-content\/uploads\/YFL01L01.Box-LovSurprise-Coffret-LovSurprise-hb.jpg","datePublished":"2022-11-14T13:39:11+00:00","dateModified":"2025-08-19T12:39:40+00:00","breadcrumb":{"@id":"https:\/\/lustandlove.eu\/et\/toode\/love-surprise\/#breadcrumb"},"inLanguage":"et","potentialAction":[{"@type":"ReadAction","target":["https:\/\/lustandlove.eu\/et\/toode\/love-surprise\/"]}]},{"@type":"ImageObject","inLanguage":"et","@id":"https:\/\/lustandlove.eu\/et\/toode\/love-surprise\/#primaryimage","url":"https:\/\/lustandlove.eu\/wp-content\/uploads\/YFL01L01.Box-LovSurprise-Coffret-LovSurprise-hb.jpg","contentUrl":"https:\/\/lustandlove.eu\/wp-content\/uploads\/YFL01L01.Box-LovSurprise-Coffret-LovSurprise-hb.jpg","width":1920,"height":1920},{"@type":"BreadcrumbList","@id":"https:\/\/lustandlove.eu\/et\/toode\/love-surprise\/#breadcrumb","itemListElement":[{"@type":"ListItem","position":1,"name":"Lust and Love","item":"https:\/\/lustandlove.eu\/et\/"},{"@type":"ListItem","position":2,"name":"Pood","item":"https:\/\/lustandlove.eu\/et\/pood\/"},{"@type":"ListItem","position":3,"name":"L\u00f5bu &amp; M\u00e4ngud","item":"https:\/\/lustandlove.eu\/et\/pood\/lobu-mangud\/"},{"@type":"ListItem","position":4,"name":"Kingiideed","item":"https:\/\/lustandlove.eu\/et\/pood\/lobu-mangud\/kingiideed\/"},{"@type":"ListItem","position":5,"name":"Love Surprise"}]},{"@type":"WebSite","@id":"https:\/\/lustandlove.eu\/et\/#website","url":"https:\/\/lustandlove.eu\/et\/","name":"Lust &amp; Love","description":"Online erootikapood tervise, ilu ja armastuse jaoks","publisher":{"@id":"https:\/\/lustandlove.eu\/et\/#organization"},"potentialAction":[{"@type":"SearchAction","target":{"@type":"EntryPoint","urlTemplate":"https:\/\/lustandlove.eu\/et\/?s={search_term_string}"},"query-input":"required name=search_term_string"}],"inLanguage":"et"},{"@type":"Organization","@id":"https:\/\/lustandlove.eu\/et\/#organization","name":"Bioconcept Baltics O\u00dc","url":"https:\/\/lustandlove.eu\/et\/","logo":{"@type":"ImageObject","inLanguage":"et","@id":"https:\/\/lustandlove.eu\/et\/#\/schema\/logo\/image\/","url":"","contentUrl":"","caption":"Bioconcept Baltics O\u00dc"},"image":{"@id":"https:\/\/lustandlove.eu\/et\/#\/schema\/logo\/image\/"},"sameAs":["https:\/\/www.facebook.com\/LustandLoveEU\/","https:\/\/www.instagram.com\/lustandloveeu\/"]}]}},"_links":{"self":[{"href":"https:\/\/lustandlove.eu\/et\/wp-json\/wp\/v2\/product\/53630"}],"collection":[{"href":"https:\/\/lustandlove.eu\/et\/wp-json\/wp\/v2\/product"}],"about":[{"href":"https:\/\/lustandlove.eu\/et\/wp-json\/wp\/v2\/types\/product"}],"wp:featuredmedia":[{"embeddable":true,"href":"https:\/\/lustandlove.eu\/et\/wp-json\/wp\/v2\/media\/53623"}],"wp:attachment":[{"href":"https:\/\/lustandlove.eu\/et\/wp-json\/wp\/v2\/media?parent=53630"}],"wp:term":[{"taxonomy":"product_cat","embeddable":true,"href":"https:\/\/lustandlove.eu\/et\/wp-json\/wp\/v2\/product_cat?post=53630"},{"taxonomy":"product_tag","embeddable":true,"href":"https:\/\/lustandlove.eu\/et\/wp-json\/wp\/v2\/product_tag?post=53630"}],"curies":[{"name":"wp","href":"https:\/\/api.w.org\/{rel}","templated":true}]}}