{"id":53649,"date":"2022-05-16T13:47:41","date_gmt":"2022-11-16T11:47:45","guid":{"rendered":"https:\/\/www.lustandlove.eu\/?post_type=product&#038;p=53649"},"modified":"2026-04-13T10:34:18","modified_gmt":"2026-04-13T07:34:18","slug":"mad-banaan-dildo-copy-2","status":"publish","type":"product","link":"https:\/\/lustandlove.eu\/et\/toode\/mad-banaan-dildo-copy-2\/","title":{"rendered":"Mad Banaan Dildo"},"content":{"rendered":"<p>EGZO Banaan \u2013 \u00fclimalt realistlik iminapaga peeniseimiteerija. Detailid Banaan dildol on muljetavaldavad. Pealmine \u201ck\u00fcbernahk\u201d on \u00e4\u00e4rmiselt l\u00e4hedane reaalsele peenisele oma v\u00e4rvi ja pehme peenisepea osas. Materjal katab ka dildo tagumise osa, mida katsudes saad kohe aru, et fallos mitte ainult ei n\u00e4e realistlik vaid ka tundub. P\u00f5hjas asuv iminapp v\u00f5imaldab dildo siledale pinnale fikseerida.<\/p>\n<p><strong>Kuidas oma EGZO eest hoolt kanda<\/strong><\/p>\n<p>Palun kasuta toodet kondoomiga. T\u00e4nu sellele v\u00e4heneb \u201ck\u00fcbernaha\u201d puhastusaeg m\u00e4rkimisv\u00e4\u00e4rselt ning pikeneb toote eluiga. Kondoom v\u00f5ib olla lateksist ning eelistatult ilma libestita. Kasutades toodet mitme paarilisega v\u00e4hendate kondoomi kasutades ka suguhaiguste ja infektsioonide v\u00f5imalikku levikut. Vastasel juhul tuleb toode desinfitseerida. Seda saab teha seebiveega. Peale pesu kasutage talki (\u00e4ra kasuta talgipulbrit kui kavatsed toodet kohe\u00a0uuesti kasutada).<\/p>\n<p>Soovitame kasutada ainult vee-baasil toodetud libesteid. \u00c4ra kasuta silikoni- ja \u00f5li-baasil toodetud libesteid. Enne hoiustamist eemalda alati patareid. Eluaeg on 1-2 aastat, oleneb kui tihti sa kasutad ning kui h\u00e4sti tema eest hoolt kanda.<\/p>\n","protected":false},"excerpt":{"rendered":"<p>Banaan on k\u00f5ige suurem tootevalikus.<\/p>\n","protected":false},"featured_media":50258,"template":"","meta":[],"product_brand":[4203],"product_cat":[1485,4065,1484],"product_tag":[4094,1516,3781],"class_list":{"0":"post-53649","1":"product","2":"type-product","3":"status-publish","4":"has-post-thumbnail","6":"product_brand-egzo-et","7":"product_cat-dildod","8":"product_cat-realistlik","9":"product_cat-sekslelud","10":"product_tag-bf40-et","11":"product_tag-dildo-et","12":"product_tag-must-reede","13":"pa_brand-egzo-et","15":"first","16":"instock","17":"taxable","18":"shipping-taxable","19":"purchasable","20":"product-type-variable"},"yoast_head":"<!-- This site is optimized with the Yoast SEO plugin v27.3 - https:\/\/yoast.com\/product\/yoast-seo-wordpress\/ -->\n<title>EGZO Banana Dildo - The Biggest in Line | Lust&amp;Love<\/title>\n<meta name=\"description\" content=\"Banaan on k\u00f5ige suurem tootevalikus.\" \/>\n<meta name=\"robots\" content=\"index,follow,max-snippet:-1,max-image-preview:large,max-video-preview:-1\" \/>\n<link rel=\"canonical\" href=\"https:\/\/lustandlove.eu\/et\/toode\/mad-banaan-dildo-copy-2\/\" \/>\n<meta name=\"twitter:card\" content=\"summary_large_image\" \/>\n<meta name=\"twitter:title\" content=\"EGZO Banana Dildo - The Biggest in Line | Lust&amp;Love\" \/>\n<meta name=\"twitter:description\" content=\"Banaan on k\u00f5ige suurem tootevalikus.\" \/>\n<meta name=\"twitter:image\" content=\"https:\/\/lustandlove.eu\/wp-content\/uploads\/Banana-Dildo.png\" \/>\n<meta name=\"twitter:label1\" content=\"Est. reading time\" \/>\n\t<meta name=\"twitter:data1\" content=\"1 minut\" \/>\n<script type=\"application\/ld+json\" class=\"yoast-schema-graph\">{\"@context\":\"https:\\\/\\\/schema.org\",\"@graph\":[{\"@type\":[\"WebPage\",\"ItemPage\"],\"@id\":\"https:\\\/\\\/lustandlove.eu\\\/et\\\/toode\\\/mad-banaan-dildo-copy-2\\\/\",\"url\":\"https:\\\/\\\/lustandlove.eu\\\/et\\\/toode\\\/mad-banaan-dildo-copy-2\\\/\",\"name\":\"EGZO Banana Dildo - The Biggest in Line | Lust&Love\",\"isPartOf\":{\"@id\":\"https:\\\/\\\/lustandlove.eu\\\/et\\\/#website\"},\"primaryImageOfPage\":{\"@id\":\"https:\\\/\\\/lustandlove.eu\\\/et\\\/toode\\\/mad-banaan-dildo-copy-2\\\/#primaryimage\"},\"image\":{\"@id\":\"https:\\\/\\\/lustandlove.eu\\\/et\\\/toode\\\/mad-banaan-dildo-copy-2\\\/#primaryimage\"},\"thumbnailUrl\":\"https:\\\/\\\/lustandlove.eu\\\/wp-content\\\/uploads\\\/Banana-Dildo.png\",\"datePublished\":\"2022-11-16T11:47:45+00:00\",\"dateModified\":\"2026-04-13T07:34:18+00:00\",\"description\":\"Banaan on k\u00f5ige suurem tootevalikus.\",\"breadcrumb\":{\"@id\":\"https:\\\/\\\/lustandlove.eu\\\/et\\\/toode\\\/mad-banaan-dildo-copy-2\\\/#breadcrumb\"},\"inLanguage\":\"et\",\"potentialAction\":[{\"@type\":\"ReadAction\",\"target\":[\"https:\\\/\\\/lustandlove.eu\\\/et\\\/toode\\\/mad-banaan-dildo-copy-2\\\/\"]}]},{\"@type\":\"ImageObject\",\"inLanguage\":\"et\",\"@id\":\"https:\\\/\\\/lustandlove.eu\\\/et\\\/toode\\\/mad-banaan-dildo-copy-2\\\/#primaryimage\",\"url\":\"https:\\\/\\\/lustandlove.eu\\\/wp-content\\\/uploads\\\/Banana-Dildo.png\",\"contentUrl\":\"https:\\\/\\\/lustandlove.eu\\\/wp-content\\\/uploads\\\/Banana-Dildo.png\",\"width\":812,\"height\":793},{\"@type\":\"BreadcrumbList\",\"@id\":\"https:\\\/\\\/lustandlove.eu\\\/et\\\/toode\\\/mad-banaan-dildo-copy-2\\\/#breadcrumb\",\"itemListElement\":[{\"@type\":\"ListItem\",\"position\":1,\"name\":\"Lust and Love\",\"item\":\"https:\\\/\\\/lustandlove.eu\\\/et\\\/\"},{\"@type\":\"ListItem\",\"position\":2,\"name\":\"Pood\",\"item\":\"https:\\\/\\\/lustandlove.eu\\\/et\\\/pood\\\/\"},{\"@type\":\"ListItem\",\"position\":3,\"name\":\"Sekslelud\",\"item\":\"https:\\\/\\\/lustandlove.eu\\\/et\\\/pood\\\/sekslelud\\\/\"},{\"@type\":\"ListItem\",\"position\":4,\"name\":\"Dildod\",\"item\":\"https:\\\/\\\/lustandlove.eu\\\/et\\\/pood\\\/sekslelud\\\/dildod\\\/\"},{\"@type\":\"ListItem\",\"position\":5,\"name\":\"Realistlik\",\"item\":\"https:\\\/\\\/lustandlove.eu\\\/et\\\/pood\\\/sekslelud\\\/dildod\\\/realistlik\\\/\"},{\"@type\":\"ListItem\",\"position\":6,\"name\":\"Mad Banaan Dildo\"}]},{\"@type\":\"WebSite\",\"@id\":\"https:\\\/\\\/lustandlove.eu\\\/et\\\/#website\",\"url\":\"https:\\\/\\\/lustandlove.eu\\\/et\\\/\",\"name\":\"Lust &amp; Love\",\"description\":\"Online erootikapood tervise, ilu ja armastuse jaoks\",\"publisher\":{\"@id\":\"https:\\\/\\\/lustandlove.eu\\\/et\\\/#organization\"},\"potentialAction\":[{\"@type\":\"SearchAction\",\"target\":{\"@type\":\"EntryPoint\",\"urlTemplate\":\"https:\\\/\\\/lustandlove.eu\\\/et\\\/?s={search_term_string}\"},\"query-input\":{\"@type\":\"PropertyValueSpecification\",\"valueRequired\":true,\"valueName\":\"search_term_string\"}}],\"inLanguage\":\"et\"},{\"@type\":\"Organization\",\"@id\":\"https:\\\/\\\/lustandlove.eu\\\/et\\\/#organization\",\"name\":\"Bioconcept Baltics O\u00dc\",\"url\":\"https:\\\/\\\/lustandlove.eu\\\/et\\\/\",\"logo\":{\"@type\":\"ImageObject\",\"inLanguage\":\"et\",\"@id\":\"https:\\\/\\\/lustandlove.eu\\\/et\\\/#\\\/schema\\\/logo\\\/image\\\/\",\"url\":\"\",\"contentUrl\":\"\",\"caption\":\"Bioconcept Baltics O\u00dc\"},\"image\":{\"@id\":\"https:\\\/\\\/lustandlove.eu\\\/et\\\/#\\\/schema\\\/logo\\\/image\\\/\"},\"sameAs\":[\"https:\\\/\\\/www.facebook.com\\\/LustandLoveEU\\\/\",\"https:\\\/\\\/www.instagram.com\\\/lustandloveeu\\\/\"]}]}<\/script>\n<!-- \/ Yoast SEO plugin. -->","yoast_head_json":{"title":"EGZO Banana Dildo - The Biggest in Line | Lust&Love","description":"Banaan on k\u00f5ige suurem tootevalikus.","robots":{"index,follow,max-snippet":"index,follow,max-snippet:-1,max-image-preview:large,max-video-preview:-1"},"canonical":"https:\/\/lustandlove.eu\/et\/toode\/mad-banaan-dildo-copy-2\/","twitter_card":"summary_large_image","twitter_title":"EGZO Banana Dildo - The Biggest in Line | Lust&Love","twitter_description":"Banaan on k\u00f5ige suurem tootevalikus.","twitter_image":"https:\/\/lustandlove.eu\/wp-content\/uploads\/Banana-Dildo.png","twitter_misc":{"Est. reading time":"1 minut"},"schema":{"@context":"https:\/\/schema.org","@graph":[{"@type":["WebPage","ItemPage"],"@id":"https:\/\/lustandlove.eu\/et\/toode\/mad-banaan-dildo-copy-2\/","url":"https:\/\/lustandlove.eu\/et\/toode\/mad-banaan-dildo-copy-2\/","name":"EGZO Banana Dildo - The Biggest in Line | Lust&Love","isPartOf":{"@id":"https:\/\/lustandlove.eu\/et\/#website"},"primaryImageOfPage":{"@id":"https:\/\/lustandlove.eu\/et\/toode\/mad-banaan-dildo-copy-2\/#primaryimage"},"image":{"@id":"https:\/\/lustandlove.eu\/et\/toode\/mad-banaan-dildo-copy-2\/#primaryimage"},"thumbnailUrl":"https:\/\/lustandlove.eu\/wp-content\/uploads\/Banana-Dildo.png","datePublished":"2022-11-16T11:47:45+00:00","dateModified":"2026-04-13T07:34:18+00:00","description":"Banaan on k\u00f5ige suurem tootevalikus.","breadcrumb":{"@id":"https:\/\/lustandlove.eu\/et\/toode\/mad-banaan-dildo-copy-2\/#breadcrumb"},"inLanguage":"et","potentialAction":[{"@type":"ReadAction","target":["https:\/\/lustandlove.eu\/et\/toode\/mad-banaan-dildo-copy-2\/"]}]},{"@type":"ImageObject","inLanguage":"et","@id":"https:\/\/lustandlove.eu\/et\/toode\/mad-banaan-dildo-copy-2\/#primaryimage","url":"https:\/\/lustandlove.eu\/wp-content\/uploads\/Banana-Dildo.png","contentUrl":"https:\/\/lustandlove.eu\/wp-content\/uploads\/Banana-Dildo.png","width":812,"height":793},{"@type":"BreadcrumbList","@id":"https:\/\/lustandlove.eu\/et\/toode\/mad-banaan-dildo-copy-2\/#breadcrumb","itemListElement":[{"@type":"ListItem","position":1,"name":"Lust and Love","item":"https:\/\/lustandlove.eu\/et\/"},{"@type":"ListItem","position":2,"name":"Pood","item":"https:\/\/lustandlove.eu\/et\/pood\/"},{"@type":"ListItem","position":3,"name":"Sekslelud","item":"https:\/\/lustandlove.eu\/et\/pood\/sekslelud\/"},{"@type":"ListItem","position":4,"name":"Dildod","item":"https:\/\/lustandlove.eu\/et\/pood\/sekslelud\/dildod\/"},{"@type":"ListItem","position":5,"name":"Realistlik","item":"https:\/\/lustandlove.eu\/et\/pood\/sekslelud\/dildod\/realistlik\/"},{"@type":"ListItem","position":6,"name":"Mad Banaan Dildo"}]},{"@type":"WebSite","@id":"https:\/\/lustandlove.eu\/et\/#website","url":"https:\/\/lustandlove.eu\/et\/","name":"Lust &amp; Love","description":"Online erootikapood tervise, ilu ja armastuse jaoks","publisher":{"@id":"https:\/\/lustandlove.eu\/et\/#organization"},"potentialAction":[{"@type":"SearchAction","target":{"@type":"EntryPoint","urlTemplate":"https:\/\/lustandlove.eu\/et\/?s={search_term_string}"},"query-input":{"@type":"PropertyValueSpecification","valueRequired":true,"valueName":"search_term_string"}}],"inLanguage":"et"},{"@type":"Organization","@id":"https:\/\/lustandlove.eu\/et\/#organization","name":"Bioconcept Baltics O\u00dc","url":"https:\/\/lustandlove.eu\/et\/","logo":{"@type":"ImageObject","inLanguage":"et","@id":"https:\/\/lustandlove.eu\/et\/#\/schema\/logo\/image\/","url":"","contentUrl":"","caption":"Bioconcept Baltics O\u00dc"},"image":{"@id":"https:\/\/lustandlove.eu\/et\/#\/schema\/logo\/image\/"},"sameAs":["https:\/\/www.facebook.com\/LustandLoveEU\/","https:\/\/www.instagram.com\/lustandloveeu\/"]}]}},"_links":{"self":[{"href":"https:\/\/lustandlove.eu\/et\/wp-json\/wp\/v2\/product\/53649","targetHints":{"allow":["GET"]}}],"collection":[{"href":"https:\/\/lustandlove.eu\/et\/wp-json\/wp\/v2\/product"}],"about":[{"href":"https:\/\/lustandlove.eu\/et\/wp-json\/wp\/v2\/types\/product"}],"wp:featuredmedia":[{"embeddable":true,"href":"https:\/\/lustandlove.eu\/et\/wp-json\/wp\/v2\/media\/50258"}],"wp:attachment":[{"href":"https:\/\/lustandlove.eu\/et\/wp-json\/wp\/v2\/media?parent=53649"}],"wp:term":[{"taxonomy":"product_brand","embeddable":true,"href":"https:\/\/lustandlove.eu\/et\/wp-json\/wp\/v2\/product_brand?post=53649"},{"taxonomy":"product_cat","embeddable":true,"href":"https:\/\/lustandlove.eu\/et\/wp-json\/wp\/v2\/product_cat?post=53649"},{"taxonomy":"product_tag","embeddable":true,"href":"https:\/\/lustandlove.eu\/et\/wp-json\/wp\/v2\/product_tag?post=53649"}],"curies":[{"name":"wp","href":"https:\/\/api.w.org\/{rel}","templated":true}]}}