{"id":53785,"date":"2022-12-05T11:42:04","date_gmt":"2022-12-05T09:42:05","guid":{"rendered":"https:\/\/www.lustandlove.eu\/?post_type=product&#038;p=53785"},"modified":"2026-04-13T10:34:00","modified_gmt":"2026-04-13T07:34:00","slug":"tenga-flip-zero-electronic-vibrotation","status":"publish","type":"product","link":"https:\/\/lustandlove.eu\/et\/toode\/tenga-flip-zero-electronic-vibrotation\/","title":{"rendered":"Tenga Flip Zero Electronic Vibrotation"},"content":{"rendered":"<p>10 aastat evolutsiooni on viinud Tenga Flip Zero Electronic Vibrotations j\u00e4rgmisele tasemele \u2013 vibratsioon + p\u00f6\u00f6rlemine! Tundmatu nauding on saabunud \u00fclima &#8220;Flip Zero Electronic Vibrotationiga&#8221;, sest Tenga tipptasemel Flip-seeria sisaldab n\u00fc\u00fcd ka p\u00f6\u00f6rlevat lisaseadet!<\/p>\n<p>K\u00e4tt kallutades saate g\u00fcroanduri abil h\u00f5lpsalt reguleerida p\u00f6\u00f6rlemise suunda ja kiirust. Lisaks kasutatakse v\u00e4ga intensiivse vibratsiooni tekitamiseks mitut mootorit ja suure tihedusega detaile, mis on spetsialiseerunud p\u00f6\u00f6rlemisele ja vibratsioonile! Puudutused p\u00f6\u00f6rlemise ja vibreerimise ajal pakuvad maksimaalset ja senitundmatut naudingut.<\/p>\n<p>L\u00fclitage lihtsalt nupuga k\u00f5igi 5 vibratsioonimustri vahel ja nautige manuaalset re\u017eiimi + 3 erinevat p\u00f6\u00f6rlemismustrit!<br \/>\nP\u00f6\u00f6rlemiskiirus suureneb kaldenurga all ja seda on v\u00f5imalik intuitiivselt juhtida.<\/p>\n","protected":false},"excerpt":{"rendered":"<p>10 aastat evolutsiooni on viinud Tenga Flip Zero Electronic Vibrotations j\u00e4rgmisele tasemele \u2013 vibratsioon + p\u00f6\u00f6rlemine! Tundmatu nauding on saabunud<\/p>\n","protected":false},"featured_media":53795,"template":"","meta":[],"product_brand":[4244],"product_cat":[4007,1480,1477],"product_tag":[],"class_list":{"0":"post-53785","1":"product","2":"type-product","3":"status-publish","4":"has-post-thumbnail","6":"product_brand-tenga-et","7":"product_cat-automaatsed","8":"product_cat-masturbaatorid","9":"product_cat-meestele","10":"pa_brand-tenga-et","12":"first","13":"instock","14":"taxable","15":"shipping-taxable","16":"purchasable","17":"product-type-simple"},"yoast_head":"<!-- This site is optimized with the Yoast SEO plugin v27.4 - https:\/\/yoast.com\/product\/yoast-seo-wordpress\/ -->\n<title>Tenga Flip Zero Electronic Vibrotation | Lust and Love<\/title>\n<meta name=\"description\" content=\"Tenga Flip Zero Electronic Vibrotations - Vibration + rotation! Pleasure has arrived because Tenga&#039;s Flip series now includes a rotating attachment!\" \/>\n<meta name=\"robots\" content=\"index,follow,max-snippet:-1,max-image-preview:large,max-video-preview:-1\" \/>\n<link rel=\"canonical\" href=\"https:\/\/lustandlove.eu\/et\/toode\/tenga-flip-zero-electronic-vibrotation\/\" \/>\n<script type=\"application\/ld+json\" class=\"yoast-schema-graph\">{\"@context\":\"https:\\\/\\\/schema.org\",\"@graph\":[{\"@type\":[\"WebPage\",\"ItemPage\"],\"@id\":\"https:\\\/\\\/lustandlove.eu\\\/et\\\/toode\\\/tenga-flip-zero-electronic-vibrotation\\\/\",\"url\":\"https:\\\/\\\/lustandlove.eu\\\/et\\\/toode\\\/tenga-flip-zero-electronic-vibrotation\\\/\",\"name\":\"Tenga Flip Zero Electronic Vibrotation | Lust and Love\",\"isPartOf\":{\"@id\":\"https:\\\/\\\/lustandlove.eu\\\/et\\\/#website\"},\"primaryImageOfPage\":{\"@id\":\"https:\\\/\\\/lustandlove.eu\\\/et\\\/toode\\\/tenga-flip-zero-electronic-vibrotation\\\/#primaryimage\"},\"image\":{\"@id\":\"https:\\\/\\\/lustandlove.eu\\\/et\\\/toode\\\/tenga-flip-zero-electronic-vibrotation\\\/#primaryimage\"},\"thumbnailUrl\":\"https:\\\/\\\/lustandlove.eu\\\/wp-content\\\/uploads\\\/product_TFZ-103R_01_pc_600x.webp\",\"datePublished\":\"2022-12-05T09:42:05+00:00\",\"dateModified\":\"2026-04-13T07:34:00+00:00\",\"description\":\"Tenga Flip Zero Electronic Vibrotations - Vibration + rotation! Pleasure has arrived because Tenga's Flip series now includes a rotating attachment!\",\"breadcrumb\":{\"@id\":\"https:\\\/\\\/lustandlove.eu\\\/et\\\/toode\\\/tenga-flip-zero-electronic-vibrotation\\\/#breadcrumb\"},\"inLanguage\":\"et\",\"potentialAction\":[{\"@type\":\"ReadAction\",\"target\":[\"https:\\\/\\\/lustandlove.eu\\\/et\\\/toode\\\/tenga-flip-zero-electronic-vibrotation\\\/\"]}]},{\"@type\":\"ImageObject\",\"inLanguage\":\"et\",\"@id\":\"https:\\\/\\\/lustandlove.eu\\\/et\\\/toode\\\/tenga-flip-zero-electronic-vibrotation\\\/#primaryimage\",\"url\":\"https:\\\/\\\/lustandlove.eu\\\/wp-content\\\/uploads\\\/product_TFZ-103R_01_pc_600x.webp\",\"contentUrl\":\"https:\\\/\\\/lustandlove.eu\\\/wp-content\\\/uploads\\\/product_TFZ-103R_01_pc_600x.webp\",\"width\":600,\"height\":600},{\"@type\":\"BreadcrumbList\",\"@id\":\"https:\\\/\\\/lustandlove.eu\\\/et\\\/toode\\\/tenga-flip-zero-electronic-vibrotation\\\/#breadcrumb\",\"itemListElement\":[{\"@type\":\"ListItem\",\"position\":1,\"name\":\"Lust and Love\",\"item\":\"https:\\\/\\\/lustandlove.eu\\\/et\\\/\"},{\"@type\":\"ListItem\",\"position\":2,\"name\":\"Pood\",\"item\":\"https:\\\/\\\/lustandlove.eu\\\/et\\\/pood\\\/\"},{\"@type\":\"ListItem\",\"position\":3,\"name\":\"Tenga Flip Zero Electronic Vibrotation\"}]},{\"@type\":\"WebSite\",\"@id\":\"https:\\\/\\\/lustandlove.eu\\\/et\\\/#website\",\"url\":\"https:\\\/\\\/lustandlove.eu\\\/et\\\/\",\"name\":\"Lust & Love\",\"description\":\"Online erootikapood tervise, ilu ja armastuse jaoks\",\"publisher\":{\"@id\":\"https:\\\/\\\/lustandlove.eu\\\/et\\\/#organization\"},\"potentialAction\":[{\"@type\":\"SearchAction\",\"target\":{\"@type\":\"EntryPoint\",\"urlTemplate\":\"https:\\\/\\\/lustandlove.eu\\\/et\\\/?s={search_term_string}\"},\"query-input\":{\"@type\":\"PropertyValueSpecification\",\"valueRequired\":true,\"valueName\":\"search_term_string\"}}],\"inLanguage\":\"et\"},{\"@type\":\"Organization\",\"@id\":\"https:\\\/\\\/lustandlove.eu\\\/et\\\/#organization\",\"name\":\"Bioconcept Baltics O\u00dc\",\"url\":\"https:\\\/\\\/lustandlove.eu\\\/et\\\/\",\"logo\":{\"@type\":\"ImageObject\",\"inLanguage\":\"et\",\"@id\":\"https:\\\/\\\/lustandlove.eu\\\/et\\\/#\\\/schema\\\/logo\\\/image\\\/\",\"url\":\"https:\\\/\\\/lustandlove.eu\\\/wp-content\\\/uploads\\\/logo-full-2.png\",\"contentUrl\":\"https:\\\/\\\/lustandlove.eu\\\/wp-content\\\/uploads\\\/logo-full-2.png\",\"width\":837,\"height\":200,\"caption\":\"Bioconcept Baltics O\u00dc\"},\"image\":{\"@id\":\"https:\\\/\\\/lustandlove.eu\\\/et\\\/#\\\/schema\\\/logo\\\/image\\\/\"},\"sameAs\":[\"https:\\\/\\\/www.facebook.com\\\/LustandLoveEU\\\/\",\"https:\\\/\\\/www.instagram.com\\\/lustandloveeu\\\/\"]}]}<\/script>\n<!-- \/ Yoast SEO plugin. -->","yoast_head_json":{"title":"Tenga Flip Zero Electronic Vibrotation | Lust and Love","description":"Tenga Flip Zero Electronic Vibrotations - Vibration + rotation! Pleasure has arrived because Tenga's Flip series now includes a rotating attachment!","robots":{"index,follow,max-snippet":"index,follow,max-snippet:-1,max-image-preview:large,max-video-preview:-1"},"canonical":"https:\/\/lustandlove.eu\/et\/toode\/tenga-flip-zero-electronic-vibrotation\/","schema":{"@context":"https:\/\/schema.org","@graph":[{"@type":["WebPage","ItemPage"],"@id":"https:\/\/lustandlove.eu\/et\/toode\/tenga-flip-zero-electronic-vibrotation\/","url":"https:\/\/lustandlove.eu\/et\/toode\/tenga-flip-zero-electronic-vibrotation\/","name":"Tenga Flip Zero Electronic Vibrotation | Lust and Love","isPartOf":{"@id":"https:\/\/lustandlove.eu\/et\/#website"},"primaryImageOfPage":{"@id":"https:\/\/lustandlove.eu\/et\/toode\/tenga-flip-zero-electronic-vibrotation\/#primaryimage"},"image":{"@id":"https:\/\/lustandlove.eu\/et\/toode\/tenga-flip-zero-electronic-vibrotation\/#primaryimage"},"thumbnailUrl":"https:\/\/lustandlove.eu\/wp-content\/uploads\/product_TFZ-103R_01_pc_600x.webp","datePublished":"2022-12-05T09:42:05+00:00","dateModified":"2026-04-13T07:34:00+00:00","description":"Tenga Flip Zero Electronic Vibrotations - Vibration + rotation! Pleasure has arrived because Tenga's Flip series now includes a rotating attachment!","breadcrumb":{"@id":"https:\/\/lustandlove.eu\/et\/toode\/tenga-flip-zero-electronic-vibrotation\/#breadcrumb"},"inLanguage":"et","potentialAction":[{"@type":"ReadAction","target":["https:\/\/lustandlove.eu\/et\/toode\/tenga-flip-zero-electronic-vibrotation\/"]}]},{"@type":"ImageObject","inLanguage":"et","@id":"https:\/\/lustandlove.eu\/et\/toode\/tenga-flip-zero-electronic-vibrotation\/#primaryimage","url":"https:\/\/lustandlove.eu\/wp-content\/uploads\/product_TFZ-103R_01_pc_600x.webp","contentUrl":"https:\/\/lustandlove.eu\/wp-content\/uploads\/product_TFZ-103R_01_pc_600x.webp","width":600,"height":600},{"@type":"BreadcrumbList","@id":"https:\/\/lustandlove.eu\/et\/toode\/tenga-flip-zero-electronic-vibrotation\/#breadcrumb","itemListElement":[{"@type":"ListItem","position":1,"name":"Lust and Love","item":"https:\/\/lustandlove.eu\/et\/"},{"@type":"ListItem","position":2,"name":"Pood","item":"https:\/\/lustandlove.eu\/et\/pood\/"},{"@type":"ListItem","position":3,"name":"Tenga Flip Zero Electronic Vibrotation"}]},{"@type":"WebSite","@id":"https:\/\/lustandlove.eu\/et\/#website","url":"https:\/\/lustandlove.eu\/et\/","name":"Lust & Love","description":"Online erootikapood tervise, ilu ja armastuse jaoks","publisher":{"@id":"https:\/\/lustandlove.eu\/et\/#organization"},"potentialAction":[{"@type":"SearchAction","target":{"@type":"EntryPoint","urlTemplate":"https:\/\/lustandlove.eu\/et\/?s={search_term_string}"},"query-input":{"@type":"PropertyValueSpecification","valueRequired":true,"valueName":"search_term_string"}}],"inLanguage":"et"},{"@type":"Organization","@id":"https:\/\/lustandlove.eu\/et\/#organization","name":"Bioconcept Baltics O\u00dc","url":"https:\/\/lustandlove.eu\/et\/","logo":{"@type":"ImageObject","inLanguage":"et","@id":"https:\/\/lustandlove.eu\/et\/#\/schema\/logo\/image\/","url":"https:\/\/lustandlove.eu\/wp-content\/uploads\/logo-full-2.png","contentUrl":"https:\/\/lustandlove.eu\/wp-content\/uploads\/logo-full-2.png","width":837,"height":200,"caption":"Bioconcept Baltics O\u00dc"},"image":{"@id":"https:\/\/lustandlove.eu\/et\/#\/schema\/logo\/image\/"},"sameAs":["https:\/\/www.facebook.com\/LustandLoveEU\/","https:\/\/www.instagram.com\/lustandloveeu\/"]}]}},"_links":{"self":[{"href":"https:\/\/lustandlove.eu\/et\/wp-json\/wp\/v2\/product\/53785","targetHints":{"allow":["GET"]}}],"collection":[{"href":"https:\/\/lustandlove.eu\/et\/wp-json\/wp\/v2\/product"}],"about":[{"href":"https:\/\/lustandlove.eu\/et\/wp-json\/wp\/v2\/types\/product"}],"wp:featuredmedia":[{"embeddable":true,"href":"https:\/\/lustandlove.eu\/et\/wp-json\/wp\/v2\/media\/53795"}],"wp:attachment":[{"href":"https:\/\/lustandlove.eu\/et\/wp-json\/wp\/v2\/media?parent=53785"}],"wp:term":[{"taxonomy":"product_brand","embeddable":true,"href":"https:\/\/lustandlove.eu\/et\/wp-json\/wp\/v2\/product_brand?post=53785"},{"taxonomy":"product_cat","embeddable":true,"href":"https:\/\/lustandlove.eu\/et\/wp-json\/wp\/v2\/product_cat?post=53785"},{"taxonomy":"product_tag","embeddable":true,"href":"https:\/\/lustandlove.eu\/et\/wp-json\/wp\/v2\/product_tag?post=53785"}],"curies":[{"name":"wp","href":"https:\/\/api.w.org\/{rel}","templated":true}]}}