{"id":53796,"date":"2022-12-03T15:14:24","date_gmt":"2022-12-03T13:14:24","guid":{"rendered":"https:\/\/www.lustandlove.eu\/product\/rolling-tenga-gyro-roller-cup\/"},"modified":"2026-04-13T10:34:01","modified_gmt":"2026-04-13T07:34:01","slug":"rolling-tenga-gyro-roller-cup","status":"publish","type":"product","link":"https:\/\/lustandlove.eu\/et\/toode\/rolling-tenga-gyro-roller-cup\/","title":{"rendered":"Rolling Tenga Gyro Roller Cup"},"content":{"rendered":"<p><strong>See on spetsiaalselt GYRO ROLLERI jaoks valmistatud mastrubaator.<\/strong><\/p>\n<p>Rolling Tenga seeria t\u00f6\u00f6tati v\u00e4lja spetsiaalselt Gyro Roller-i jaoks. Sisaldab k\u00fclgsuunas p\u00f6\u00f6rlevaid detaile ja libestit, mis ei kuiva \u00e4ra. P\u00f6\u00f6rates ja liigutades saad nautida spiraalide tunnet.<\/p>\n<p><strong>Valikus on 3 Rolling Tenga variatsiooni.<\/strong><\/p>\n<p>Rolling Tenga t\u00f6\u00f6tas v\u00e4lja kolm erinevat t\u00fc\u00fcpi Gyro Rolling Cupi: standardt\u00fc\u00fcp, mis v\u00f5imaldab teil nautida s\u00fcgavuse tunnet. Gyro Rolling Cup Soft: pehme t\u00fc\u00fcp, mis v\u00f5imaldab teil tunda igat p\u00f6\u00f6ret ja keerutust. Gyro Rolling Cup Hard: k\u00f5va t\u00fc\u00fcp, mis v\u00f5imaldab teil nautida pingutustunnet p\u00f6\u00f6rlemise ajal.<\/p>\n<p><strong>Ostke eraldi m\u00fc\u00fcgis olev Gyro Roller.<\/strong><\/p>\n<p>Rolling Tenga seeriat saab kasutada ka \u00fcksi, kuid kuna tegemist on spetsiaalselt p\u00f6\u00f6rlemiseks m\u00f5eldud <em>Cup<\/em>-iga, siis soovitame koos sellega kasutada Gyro Roller-it. Lisaks lugege enne kasutamist hoolikalt l\u00e4bi GYRO ROLLERIga kaasas olev kasutusjuhend.<\/p>\n","protected":false},"excerpt":{"rendered":"<p>See on spetsiaalselt GYRO ROLLERI jaoks valmistatud mastrubaator. Rolling Tenga seeria t\u00f6\u00f6tati v\u00e4lja spetsiaalselt Gyro Roller-i jaoks. Sisaldab k\u00fclgsuunas p\u00f6\u00f6rlevaid<\/p>\n","protected":false},"featured_media":53763,"template":"","meta":[],"product_brand":[4244],"product_cat":[4008,1480,1477],"product_tag":[],"class_list":{"0":"post-53796","1":"product","2":"type-product","3":"status-publish","4":"has-post-thumbnail","6":"product_brand-tenga-et","7":"product_cat-manuaalsed","8":"product_cat-masturbaatorid","9":"product_cat-meestele","10":"pa_brand-tenga-et","12":"first","13":"instock","14":"taxable","15":"shipping-taxable","16":"purchasable","17":"product-type-variable"},"yoast_head":"<!-- This site is optimized with the Yoast SEO plugin v27.3 - https:\/\/yoast.com\/product\/yoast-seo-wordpress\/ -->\n<title>Rolling Tenga Gyro Roller Cup | Lust and Love<\/title>\n<meta name=\"robots\" content=\"index,follow,max-snippet:-1,max-image-preview:large,max-video-preview:-1\" \/>\n<link rel=\"canonical\" href=\"https:\/\/lustandlove.eu\/et\/toode\/rolling-tenga-gyro-roller-cup\/\" \/>\n<meta name=\"twitter:card\" content=\"summary_large_image\" \/>\n<meta name=\"twitter:title\" content=\"Rolling Tenga Gyro Roller Cup | Lust and Love\" \/>\n<meta name=\"twitter:description\" content=\"See on spetsiaalselt GYRO ROLLERI jaoks valmistatud mastrubaator. Rolling Tenga seeria t\u00f6\u00f6tati v\u00e4lja spetsiaalselt Gyro Roller-i jaoks. Sisaldab k\u00fclgsuunas p\u00f6\u00f6rlevaid\" \/>\n<meta name=\"twitter:image\" content=\"https:\/\/lustandlove.eu\/wp-content\/uploads\/TOC_101GR_Brandsite_OD_221003_600x.webp\" \/>\n<meta name=\"twitter:label1\" content=\"Est. reading time\" \/>\n\t<meta name=\"twitter:data1\" content=\"1 minut\" \/>\n<script type=\"application\/ld+json\" class=\"yoast-schema-graph\">{\"@context\":\"https:\\\/\\\/schema.org\",\"@graph\":[{\"@type\":[\"WebPage\",\"ItemPage\"],\"@id\":\"https:\\\/\\\/lustandlove.eu\\\/et\\\/toode\\\/rolling-tenga-gyro-roller-cup\\\/\",\"url\":\"https:\\\/\\\/lustandlove.eu\\\/et\\\/toode\\\/rolling-tenga-gyro-roller-cup\\\/\",\"name\":\"Rolling Tenga Gyro Roller Cup | Lust and Love\",\"isPartOf\":{\"@id\":\"https:\\\/\\\/lustandlove.eu\\\/et\\\/#website\"},\"primaryImageOfPage\":{\"@id\":\"https:\\\/\\\/lustandlove.eu\\\/et\\\/toode\\\/rolling-tenga-gyro-roller-cup\\\/#primaryimage\"},\"image\":{\"@id\":\"https:\\\/\\\/lustandlove.eu\\\/et\\\/toode\\\/rolling-tenga-gyro-roller-cup\\\/#primaryimage\"},\"thumbnailUrl\":\"https:\\\/\\\/lustandlove.eu\\\/wp-content\\\/uploads\\\/TOC_101GR_Brandsite_OD_221003_600x.webp\",\"datePublished\":\"2022-12-03T13:14:24+00:00\",\"dateModified\":\"2026-04-13T07:34:01+00:00\",\"breadcrumb\":{\"@id\":\"https:\\\/\\\/lustandlove.eu\\\/et\\\/toode\\\/rolling-tenga-gyro-roller-cup\\\/#breadcrumb\"},\"inLanguage\":\"et\",\"potentialAction\":[{\"@type\":\"ReadAction\",\"target\":[\"https:\\\/\\\/lustandlove.eu\\\/et\\\/toode\\\/rolling-tenga-gyro-roller-cup\\\/\"]}]},{\"@type\":\"ImageObject\",\"inLanguage\":\"et\",\"@id\":\"https:\\\/\\\/lustandlove.eu\\\/et\\\/toode\\\/rolling-tenga-gyro-roller-cup\\\/#primaryimage\",\"url\":\"https:\\\/\\\/lustandlove.eu\\\/wp-content\\\/uploads\\\/TOC_101GR_Brandsite_OD_221003_600x.webp\",\"contentUrl\":\"https:\\\/\\\/lustandlove.eu\\\/wp-content\\\/uploads\\\/TOC_101GR_Brandsite_OD_221003_600x.webp\",\"width\":600,\"height\":600},{\"@type\":\"BreadcrumbList\",\"@id\":\"https:\\\/\\\/lustandlove.eu\\\/et\\\/toode\\\/rolling-tenga-gyro-roller-cup\\\/#breadcrumb\",\"itemListElement\":[{\"@type\":\"ListItem\",\"position\":1,\"name\":\"Lust and Love\",\"item\":\"https:\\\/\\\/lustandlove.eu\\\/et\\\/\"},{\"@type\":\"ListItem\",\"position\":2,\"name\":\"Pood\",\"item\":\"https:\\\/\\\/lustandlove.eu\\\/et\\\/pood\\\/\"},{\"@type\":\"ListItem\",\"position\":3,\"name\":\"Meestele\",\"item\":\"https:\\\/\\\/lustandlove.eu\\\/et\\\/pood\\\/meestele\\\/\"},{\"@type\":\"ListItem\",\"position\":4,\"name\":\"Rolling Tenga Gyro Roller Cup\"}]},{\"@type\":\"WebSite\",\"@id\":\"https:\\\/\\\/lustandlove.eu\\\/et\\\/#website\",\"url\":\"https:\\\/\\\/lustandlove.eu\\\/et\\\/\",\"name\":\"Lust &amp; Love\",\"description\":\"Online erootikapood tervise, ilu ja armastuse jaoks\",\"publisher\":{\"@id\":\"https:\\\/\\\/lustandlove.eu\\\/et\\\/#organization\"},\"potentialAction\":[{\"@type\":\"SearchAction\",\"target\":{\"@type\":\"EntryPoint\",\"urlTemplate\":\"https:\\\/\\\/lustandlove.eu\\\/et\\\/?s={search_term_string}\"},\"query-input\":{\"@type\":\"PropertyValueSpecification\",\"valueRequired\":true,\"valueName\":\"search_term_string\"}}],\"inLanguage\":\"et\"},{\"@type\":\"Organization\",\"@id\":\"https:\\\/\\\/lustandlove.eu\\\/et\\\/#organization\",\"name\":\"Bioconcept Baltics O\u00dc\",\"url\":\"https:\\\/\\\/lustandlove.eu\\\/et\\\/\",\"logo\":{\"@type\":\"ImageObject\",\"inLanguage\":\"et\",\"@id\":\"https:\\\/\\\/lustandlove.eu\\\/et\\\/#\\\/schema\\\/logo\\\/image\\\/\",\"url\":\"\",\"contentUrl\":\"\",\"caption\":\"Bioconcept Baltics O\u00dc\"},\"image\":{\"@id\":\"https:\\\/\\\/lustandlove.eu\\\/et\\\/#\\\/schema\\\/logo\\\/image\\\/\"},\"sameAs\":[\"https:\\\/\\\/www.facebook.com\\\/LustandLoveEU\\\/\",\"https:\\\/\\\/www.instagram.com\\\/lustandloveeu\\\/\"]}]}<\/script>\n<!-- \/ Yoast SEO plugin. -->","yoast_head_json":{"title":"Rolling Tenga Gyro Roller Cup | Lust and Love","robots":{"index,follow,max-snippet":"index,follow,max-snippet:-1,max-image-preview:large,max-video-preview:-1"},"canonical":"https:\/\/lustandlove.eu\/et\/toode\/rolling-tenga-gyro-roller-cup\/","twitter_card":"summary_large_image","twitter_title":"Rolling Tenga Gyro Roller Cup | Lust and Love","twitter_description":"See on spetsiaalselt GYRO ROLLERI jaoks valmistatud mastrubaator. Rolling Tenga seeria t\u00f6\u00f6tati v\u00e4lja spetsiaalselt Gyro Roller-i jaoks. Sisaldab k\u00fclgsuunas p\u00f6\u00f6rlevaid","twitter_image":"https:\/\/lustandlove.eu\/wp-content\/uploads\/TOC_101GR_Brandsite_OD_221003_600x.webp","twitter_misc":{"Est. reading time":"1 minut"},"schema":{"@context":"https:\/\/schema.org","@graph":[{"@type":["WebPage","ItemPage"],"@id":"https:\/\/lustandlove.eu\/et\/toode\/rolling-tenga-gyro-roller-cup\/","url":"https:\/\/lustandlove.eu\/et\/toode\/rolling-tenga-gyro-roller-cup\/","name":"Rolling Tenga Gyro Roller Cup | Lust and Love","isPartOf":{"@id":"https:\/\/lustandlove.eu\/et\/#website"},"primaryImageOfPage":{"@id":"https:\/\/lustandlove.eu\/et\/toode\/rolling-tenga-gyro-roller-cup\/#primaryimage"},"image":{"@id":"https:\/\/lustandlove.eu\/et\/toode\/rolling-tenga-gyro-roller-cup\/#primaryimage"},"thumbnailUrl":"https:\/\/lustandlove.eu\/wp-content\/uploads\/TOC_101GR_Brandsite_OD_221003_600x.webp","datePublished":"2022-12-03T13:14:24+00:00","dateModified":"2026-04-13T07:34:01+00:00","breadcrumb":{"@id":"https:\/\/lustandlove.eu\/et\/toode\/rolling-tenga-gyro-roller-cup\/#breadcrumb"},"inLanguage":"et","potentialAction":[{"@type":"ReadAction","target":["https:\/\/lustandlove.eu\/et\/toode\/rolling-tenga-gyro-roller-cup\/"]}]},{"@type":"ImageObject","inLanguage":"et","@id":"https:\/\/lustandlove.eu\/et\/toode\/rolling-tenga-gyro-roller-cup\/#primaryimage","url":"https:\/\/lustandlove.eu\/wp-content\/uploads\/TOC_101GR_Brandsite_OD_221003_600x.webp","contentUrl":"https:\/\/lustandlove.eu\/wp-content\/uploads\/TOC_101GR_Brandsite_OD_221003_600x.webp","width":600,"height":600},{"@type":"BreadcrumbList","@id":"https:\/\/lustandlove.eu\/et\/toode\/rolling-tenga-gyro-roller-cup\/#breadcrumb","itemListElement":[{"@type":"ListItem","position":1,"name":"Lust and Love","item":"https:\/\/lustandlove.eu\/et\/"},{"@type":"ListItem","position":2,"name":"Pood","item":"https:\/\/lustandlove.eu\/et\/pood\/"},{"@type":"ListItem","position":3,"name":"Meestele","item":"https:\/\/lustandlove.eu\/et\/pood\/meestele\/"},{"@type":"ListItem","position":4,"name":"Rolling Tenga Gyro Roller Cup"}]},{"@type":"WebSite","@id":"https:\/\/lustandlove.eu\/et\/#website","url":"https:\/\/lustandlove.eu\/et\/","name":"Lust &amp; Love","description":"Online erootikapood tervise, ilu ja armastuse jaoks","publisher":{"@id":"https:\/\/lustandlove.eu\/et\/#organization"},"potentialAction":[{"@type":"SearchAction","target":{"@type":"EntryPoint","urlTemplate":"https:\/\/lustandlove.eu\/et\/?s={search_term_string}"},"query-input":{"@type":"PropertyValueSpecification","valueRequired":true,"valueName":"search_term_string"}}],"inLanguage":"et"},{"@type":"Organization","@id":"https:\/\/lustandlove.eu\/et\/#organization","name":"Bioconcept Baltics O\u00dc","url":"https:\/\/lustandlove.eu\/et\/","logo":{"@type":"ImageObject","inLanguage":"et","@id":"https:\/\/lustandlove.eu\/et\/#\/schema\/logo\/image\/","url":"","contentUrl":"","caption":"Bioconcept Baltics O\u00dc"},"image":{"@id":"https:\/\/lustandlove.eu\/et\/#\/schema\/logo\/image\/"},"sameAs":["https:\/\/www.facebook.com\/LustandLoveEU\/","https:\/\/www.instagram.com\/lustandloveeu\/"]}]}},"_links":{"self":[{"href":"https:\/\/lustandlove.eu\/et\/wp-json\/wp\/v2\/product\/53796","targetHints":{"allow":["GET"]}}],"collection":[{"href":"https:\/\/lustandlove.eu\/et\/wp-json\/wp\/v2\/product"}],"about":[{"href":"https:\/\/lustandlove.eu\/et\/wp-json\/wp\/v2\/types\/product"}],"wp:featuredmedia":[{"embeddable":true,"href":"https:\/\/lustandlove.eu\/et\/wp-json\/wp\/v2\/media\/53763"}],"wp:attachment":[{"href":"https:\/\/lustandlove.eu\/et\/wp-json\/wp\/v2\/media?parent=53796"}],"wp:term":[{"taxonomy":"product_brand","embeddable":true,"href":"https:\/\/lustandlove.eu\/et\/wp-json\/wp\/v2\/product_brand?post=53796"},{"taxonomy":"product_cat","embeddable":true,"href":"https:\/\/lustandlove.eu\/et\/wp-json\/wp\/v2\/product_cat?post=53796"},{"taxonomy":"product_tag","embeddable":true,"href":"https:\/\/lustandlove.eu\/et\/wp-json\/wp\/v2\/product_tag?post=53796"}],"curies":[{"name":"wp","href":"https:\/\/api.w.org\/{rel}","templated":true}]}}