{"id":53811,"date":"2022-12-08T13:10:49","date_gmt":"2022-12-08T11:10:49","guid":{"rendered":"https:\/\/www.lustandlove.eu\/product\/kamasutra-positsioonide-raamat\/"},"modified":"2026-04-13T10:34:00","modified_gmt":"2026-04-13T07:34:00","slug":"kamasutra-positsioonide-raamat","status":"publish","type":"product","link":"https:\/\/lustandlove.eu\/et\/toode\/kamasutra-positsioonide-raamat\/","title":{"rendered":"Kamasutra Positsioonide Raamat"},"content":{"rendered":"<p>M\u00f5nikord oleme liiga harjunud samu toiminguid tegema. Rutiini ja aja m\u00f6\u00f6dudes tunneme end mugavalt ja me ei tee enam uuendusi ning sama juhtub seksiga, p\u00f5hjustades meie suhetes s\u00e4deme kadumise. Seet\u00f5ttu on hea proovida rutiinist v\u00e4lja tulla ja paarina uusi asju proovida, et leek ei kustuks.<\/p>\n<p>Mis siis, kui raamat paljastab uued seksuaalsed positsioonid, mida te pole kunagi varem proovinud, ja selgitab \u00fcksikasjalikult, kuidas neid samm-sammult sooritada, et need oleksid v\u00e4ga-v\u00e4ga nauditavad?<\/p>\n<p>Noh, see raamat&#8230; See on siin!<\/p>\n<p>Avastage 69 illustreeritud seksiasendit, mida Secret Play teile ja teie partnerile pakub, et nautida t\u00e4isv\u00e4\u00e4rtuslikku ja l\u00f5busat seksi. Raamatut uurides saate murda monotoonsuse ja proovida positsioone, mida te pole kunagi varem ette kujutanud.<\/p>\n<p>Teame, et selliste positsioonidega nagu misjon\u00e4r, doggy style, spooning v\u00f5i 69 me ei avasta uusi asju, aga kuidas oleks proovida uusi positsioone nagu ragulka, ekspertsild, tetris v\u00f5i lumeingel?<\/p>\n<p>V\u00f5ib-olla arvate, et teate juba, mis on teie lemmikpositsioon, kuid kui te pole seda veel avastanud ja tunnete, et soovite katsetada, on see raamat teie jaoks loodud.<\/p>\n<p>Harjutage neid asendeid olenemata teie soost ja seksuaalsest s\u00e4ttumusest. Saate neid teha positstioone teha nii vagiina, anaali, genitaalide h\u00f5\u00f5rdumise, erootiliste m\u00e4nguasjade, strap-on rakmete, libestite, stimulaatorite jne abil. Julgustame neid k\u00f5iki proovida!<\/p>\n<p>Raamatu keel: Hispaania, Inglise, Taani, Prantsuse, Hollandi ja Portugaalia<\/p>\n","protected":false},"excerpt":{"rendered":"<p>M\u00f5nikord oleme liiga harjunud samu toiminguid tegema. Rutiini ja aja m\u00f6\u00f6dudes tunneme end mugavalt ja me ei tee enam uuendusi<\/p>\n","protected":false},"featured_media":53810,"template":"","meta":[],"product_brand":[4239],"product_cat":[4009,4010],"product_tag":[],"class_list":{"0":"post-53811","1":"product","2":"type-product","3":"status-publish","4":"has-post-thumbnail","6":"product_brand-secret-play-et","7":"product_cat-lobu-mangud","8":"product_cat-mangud","9":"pa_brand-secret-play-et","11":"first","12":"instock","13":"taxable","14":"shipping-taxable","15":"purchasable","16":"product-type-simple"},"yoast_head":"<!-- This site is optimized with the Yoast SEO plugin v27.3 - https:\/\/yoast.com\/product\/yoast-seo-wordpress\/ -->\n<title>Kamasutra Positsioonide Raamat | Lust and Love<\/title>\n<meta name=\"robots\" content=\"index,follow,max-snippet:-1,max-image-preview:large,max-video-preview:-1\" \/>\n<link rel=\"canonical\" href=\"https:\/\/lustandlove.eu\/et\/toode\/kamasutra-positsioonide-raamat\/\" \/>\n<meta name=\"twitter:card\" content=\"summary_large_image\" \/>\n<meta name=\"twitter:title\" content=\"Kamasutra Positsioonide Raamat | Lust and Love\" \/>\n<meta name=\"twitter:description\" content=\"M\u00f5nikord oleme liiga harjunud samu toiminguid tegema. Rutiini ja aja m\u00f6\u00f6dudes tunneme end mugavalt ja me ei tee enam uuendusi\" \/>\n<meta name=\"twitter:image\" content=\"https:\/\/lustandlove.eu\/wp-content\/uploads\/image.jpeg\" \/>\n<meta name=\"twitter:label1\" content=\"Est. reading time\" \/>\n\t<meta name=\"twitter:data1\" content=\"1 minut\" \/>\n<script type=\"application\/ld+json\" class=\"yoast-schema-graph\">{\"@context\":\"https:\\\/\\\/schema.org\",\"@graph\":[{\"@type\":[\"WebPage\",\"ItemPage\"],\"@id\":\"https:\\\/\\\/lustandlove.eu\\\/et\\\/toode\\\/kamasutra-positsioonide-raamat\\\/\",\"url\":\"https:\\\/\\\/lustandlove.eu\\\/et\\\/toode\\\/kamasutra-positsioonide-raamat\\\/\",\"name\":\"Kamasutra Positsioonide Raamat | Lust and Love\",\"isPartOf\":{\"@id\":\"https:\\\/\\\/lustandlove.eu\\\/et\\\/#website\"},\"primaryImageOfPage\":{\"@id\":\"https:\\\/\\\/lustandlove.eu\\\/et\\\/toode\\\/kamasutra-positsioonide-raamat\\\/#primaryimage\"},\"image\":{\"@id\":\"https:\\\/\\\/lustandlove.eu\\\/et\\\/toode\\\/kamasutra-positsioonide-raamat\\\/#primaryimage\"},\"thumbnailUrl\":\"https:\\\/\\\/lustandlove.eu\\\/wp-content\\\/uploads\\\/image.jpeg\",\"datePublished\":\"2022-12-08T11:10:49+00:00\",\"dateModified\":\"2026-04-13T07:34:00+00:00\",\"breadcrumb\":{\"@id\":\"https:\\\/\\\/lustandlove.eu\\\/et\\\/toode\\\/kamasutra-positsioonide-raamat\\\/#breadcrumb\"},\"inLanguage\":\"et\",\"potentialAction\":[{\"@type\":\"ReadAction\",\"target\":[\"https:\\\/\\\/lustandlove.eu\\\/et\\\/toode\\\/kamasutra-positsioonide-raamat\\\/\"]}]},{\"@type\":\"ImageObject\",\"inLanguage\":\"et\",\"@id\":\"https:\\\/\\\/lustandlove.eu\\\/et\\\/toode\\\/kamasutra-positsioonide-raamat\\\/#primaryimage\",\"url\":\"https:\\\/\\\/lustandlove.eu\\\/wp-content\\\/uploads\\\/image.jpeg\",\"contentUrl\":\"https:\\\/\\\/lustandlove.eu\\\/wp-content\\\/uploads\\\/image.jpeg\",\"width\":1000,\"height\":1000},{\"@type\":\"BreadcrumbList\",\"@id\":\"https:\\\/\\\/lustandlove.eu\\\/et\\\/toode\\\/kamasutra-positsioonide-raamat\\\/#breadcrumb\",\"itemListElement\":[{\"@type\":\"ListItem\",\"position\":1,\"name\":\"Lust and Love\",\"item\":\"https:\\\/\\\/lustandlove.eu\\\/et\\\/\"},{\"@type\":\"ListItem\",\"position\":2,\"name\":\"Pood\",\"item\":\"https:\\\/\\\/lustandlove.eu\\\/et\\\/pood\\\/\"},{\"@type\":\"ListItem\",\"position\":3,\"name\":\"L\u00f5bu &amp; M\u00e4ngud\",\"item\":\"https:\\\/\\\/lustandlove.eu\\\/et\\\/pood\\\/lobu-mangud\\\/\"},{\"@type\":\"ListItem\",\"position\":4,\"name\":\"M\u00e4ngud\",\"item\":\"https:\\\/\\\/lustandlove.eu\\\/et\\\/pood\\\/lobu-mangud\\\/mangud\\\/\"},{\"@type\":\"ListItem\",\"position\":5,\"name\":\"Kamasutra Positsioonide Raamat\"}]},{\"@type\":\"WebSite\",\"@id\":\"https:\\\/\\\/lustandlove.eu\\\/et\\\/#website\",\"url\":\"https:\\\/\\\/lustandlove.eu\\\/et\\\/\",\"name\":\"Lust &amp; Love\",\"description\":\"Online erootikapood tervise, ilu ja armastuse jaoks\",\"publisher\":{\"@id\":\"https:\\\/\\\/lustandlove.eu\\\/et\\\/#organization\"},\"potentialAction\":[{\"@type\":\"SearchAction\",\"target\":{\"@type\":\"EntryPoint\",\"urlTemplate\":\"https:\\\/\\\/lustandlove.eu\\\/et\\\/?s={search_term_string}\"},\"query-input\":{\"@type\":\"PropertyValueSpecification\",\"valueRequired\":true,\"valueName\":\"search_term_string\"}}],\"inLanguage\":\"et\"},{\"@type\":\"Organization\",\"@id\":\"https:\\\/\\\/lustandlove.eu\\\/et\\\/#organization\",\"name\":\"Bioconcept Baltics O\u00dc\",\"url\":\"https:\\\/\\\/lustandlove.eu\\\/et\\\/\",\"logo\":{\"@type\":\"ImageObject\",\"inLanguage\":\"et\",\"@id\":\"https:\\\/\\\/lustandlove.eu\\\/et\\\/#\\\/schema\\\/logo\\\/image\\\/\",\"url\":\"\",\"contentUrl\":\"\",\"caption\":\"Bioconcept Baltics O\u00dc\"},\"image\":{\"@id\":\"https:\\\/\\\/lustandlove.eu\\\/et\\\/#\\\/schema\\\/logo\\\/image\\\/\"},\"sameAs\":[\"https:\\\/\\\/www.facebook.com\\\/LustandLoveEU\\\/\",\"https:\\\/\\\/www.instagram.com\\\/lustandloveeu\\\/\"]}]}<\/script>\n<!-- \/ Yoast SEO plugin. -->","yoast_head_json":{"title":"Kamasutra Positsioonide Raamat | Lust and Love","robots":{"index,follow,max-snippet":"index,follow,max-snippet:-1,max-image-preview:large,max-video-preview:-1"},"canonical":"https:\/\/lustandlove.eu\/et\/toode\/kamasutra-positsioonide-raamat\/","twitter_card":"summary_large_image","twitter_title":"Kamasutra Positsioonide Raamat | Lust and Love","twitter_description":"M\u00f5nikord oleme liiga harjunud samu toiminguid tegema. Rutiini ja aja m\u00f6\u00f6dudes tunneme end mugavalt ja me ei tee enam uuendusi","twitter_image":"https:\/\/lustandlove.eu\/wp-content\/uploads\/image.jpeg","twitter_misc":{"Est. reading time":"1 minut"},"schema":{"@context":"https:\/\/schema.org","@graph":[{"@type":["WebPage","ItemPage"],"@id":"https:\/\/lustandlove.eu\/et\/toode\/kamasutra-positsioonide-raamat\/","url":"https:\/\/lustandlove.eu\/et\/toode\/kamasutra-positsioonide-raamat\/","name":"Kamasutra Positsioonide Raamat | Lust and Love","isPartOf":{"@id":"https:\/\/lustandlove.eu\/et\/#website"},"primaryImageOfPage":{"@id":"https:\/\/lustandlove.eu\/et\/toode\/kamasutra-positsioonide-raamat\/#primaryimage"},"image":{"@id":"https:\/\/lustandlove.eu\/et\/toode\/kamasutra-positsioonide-raamat\/#primaryimage"},"thumbnailUrl":"https:\/\/lustandlove.eu\/wp-content\/uploads\/image.jpeg","datePublished":"2022-12-08T11:10:49+00:00","dateModified":"2026-04-13T07:34:00+00:00","breadcrumb":{"@id":"https:\/\/lustandlove.eu\/et\/toode\/kamasutra-positsioonide-raamat\/#breadcrumb"},"inLanguage":"et","potentialAction":[{"@type":"ReadAction","target":["https:\/\/lustandlove.eu\/et\/toode\/kamasutra-positsioonide-raamat\/"]}]},{"@type":"ImageObject","inLanguage":"et","@id":"https:\/\/lustandlove.eu\/et\/toode\/kamasutra-positsioonide-raamat\/#primaryimage","url":"https:\/\/lustandlove.eu\/wp-content\/uploads\/image.jpeg","contentUrl":"https:\/\/lustandlove.eu\/wp-content\/uploads\/image.jpeg","width":1000,"height":1000},{"@type":"BreadcrumbList","@id":"https:\/\/lustandlove.eu\/et\/toode\/kamasutra-positsioonide-raamat\/#breadcrumb","itemListElement":[{"@type":"ListItem","position":1,"name":"Lust and Love","item":"https:\/\/lustandlove.eu\/et\/"},{"@type":"ListItem","position":2,"name":"Pood","item":"https:\/\/lustandlove.eu\/et\/pood\/"},{"@type":"ListItem","position":3,"name":"L\u00f5bu &amp; M\u00e4ngud","item":"https:\/\/lustandlove.eu\/et\/pood\/lobu-mangud\/"},{"@type":"ListItem","position":4,"name":"M\u00e4ngud","item":"https:\/\/lustandlove.eu\/et\/pood\/lobu-mangud\/mangud\/"},{"@type":"ListItem","position":5,"name":"Kamasutra Positsioonide Raamat"}]},{"@type":"WebSite","@id":"https:\/\/lustandlove.eu\/et\/#website","url":"https:\/\/lustandlove.eu\/et\/","name":"Lust &amp; Love","description":"Online erootikapood tervise, ilu ja armastuse jaoks","publisher":{"@id":"https:\/\/lustandlove.eu\/et\/#organization"},"potentialAction":[{"@type":"SearchAction","target":{"@type":"EntryPoint","urlTemplate":"https:\/\/lustandlove.eu\/et\/?s={search_term_string}"},"query-input":{"@type":"PropertyValueSpecification","valueRequired":true,"valueName":"search_term_string"}}],"inLanguage":"et"},{"@type":"Organization","@id":"https:\/\/lustandlove.eu\/et\/#organization","name":"Bioconcept Baltics O\u00dc","url":"https:\/\/lustandlove.eu\/et\/","logo":{"@type":"ImageObject","inLanguage":"et","@id":"https:\/\/lustandlove.eu\/et\/#\/schema\/logo\/image\/","url":"","contentUrl":"","caption":"Bioconcept Baltics O\u00dc"},"image":{"@id":"https:\/\/lustandlove.eu\/et\/#\/schema\/logo\/image\/"},"sameAs":["https:\/\/www.facebook.com\/LustandLoveEU\/","https:\/\/www.instagram.com\/lustandloveeu\/"]}]}},"_links":{"self":[{"href":"https:\/\/lustandlove.eu\/et\/wp-json\/wp\/v2\/product\/53811","targetHints":{"allow":["GET"]}}],"collection":[{"href":"https:\/\/lustandlove.eu\/et\/wp-json\/wp\/v2\/product"}],"about":[{"href":"https:\/\/lustandlove.eu\/et\/wp-json\/wp\/v2\/types\/product"}],"wp:featuredmedia":[{"embeddable":true,"href":"https:\/\/lustandlove.eu\/et\/wp-json\/wp\/v2\/media\/53810"}],"wp:attachment":[{"href":"https:\/\/lustandlove.eu\/et\/wp-json\/wp\/v2\/media?parent=53811"}],"wp:term":[{"taxonomy":"product_brand","embeddable":true,"href":"https:\/\/lustandlove.eu\/et\/wp-json\/wp\/v2\/product_brand?post=53811"},{"taxonomy":"product_cat","embeddable":true,"href":"https:\/\/lustandlove.eu\/et\/wp-json\/wp\/v2\/product_cat?post=53811"},{"taxonomy":"product_tag","embeddable":true,"href":"https:\/\/lustandlove.eu\/et\/wp-json\/wp\/v2\/product_tag?post=53811"}],"curies":[{"name":"wp","href":"https:\/\/api.w.org\/{rel}","templated":true}]}}