{"id":53813,"date":"2022-12-08T13:16:19","date_gmt":"2022-12-08T11:16:20","guid":{"rendered":"https:\/\/www.lustandlove.eu\/?post_type=product&#038;p=53813"},"modified":"2026-04-13T10:34:00","modified_gmt":"2026-04-13T07:34:00","slug":"pull-play-mang","status":"publish","type":"product","link":"https:\/\/lustandlove.eu\/et\/toode\/pull-play-mang\/","title":{"rendered":"Pull &#038; Play M\u00e4ng"},"content":{"rendered":"<p>Kas tunned, et oled langenud monotoonsusse ja rutiin v\u00f5ttis sinust v\u00f5imu? V\u00f5i vajate lihtsalt uusi stiimuleid, et p\u00e4rast paariaastast suhet s\u00e4det elus hoida?<\/p>\n<p>Pull &amp; Play on paarim\u00e4ng, mis paneb sind nautima intiimseid hetki olenemata sinu soost ja seksuaalsest eelistusest.<\/p>\n<p>Kuidas m\u00e4ngida Pull &amp; Play:<\/p>\n<p>Peate kaardi karbist v\u00e4lja t\u00f5mbama. N\u00e4ete, et iga kaart on jagatud kaheks, nii et iga partner peab t\u00f5mbama kaardi serva, et hoida oma poolkaarti m\u00e4ngimiseks.<\/p>\n<p>Lugege oma test vaikides l\u00e4bi \u00fcksteisele midagi avaldamata.<\/p>\n<p>M\u00e4ngija, kellel on kaart number 1, alustab positsioonile j\u00e4rgimist ja tegutseb nii, nagu kaardil on n\u00e4idatud, seej\u00e4rel j\u00e4tkab m\u00e4ngija, kellel on kaart number 2, v\u00e4ljakutset.<\/p>\n<p>\u00c4ra \u00fctle midagi, vaid tegutse! Kes esimesena orgasmini j\u00f5uab, kaotab.<\/p>\n<p>M\u00e4ng sisaldab 100 v\u00e4ljakutset (50&#215;2)<\/p>\n","protected":false},"excerpt":{"rendered":"<p>Kas tunned, et oled langenud monotoonsusse ja rutiin v\u00f5ttis sinust v\u00f5imu? V\u00f5i vajate lihtsalt uusi stiimuleid, et p\u00e4rast paariaastast suhet<\/p>\n","protected":false},"featured_media":53815,"template":"","meta":[],"product_brand":[4239],"product_cat":[4009,4010],"product_tag":[4103],"class_list":{"0":"post-53813","1":"product","2":"type-product","3":"status-publish","4":"has-post-thumbnail","6":"product_brand-secret-play-et","7":"product_cat-lobu-mangud","8":"product_cat-mangud","9":"product_tag-gifts-et","10":"pa_brand-secret-play-et","12":"first","13":"instock","14":"taxable","15":"shipping-taxable","16":"purchasable","17":"product-type-simple"},"yoast_head":"<!-- This site is optimized with the Yoast SEO plugin v27.3 - https:\/\/yoast.com\/product\/yoast-seo-wordpress\/ -->\n<title>Pull &amp; Play M\u00e4ng | Lust and Love<\/title>\n<meta name=\"description\" content=\"Do you feel that you&#039;ve fallen into monotony and routine took over you? Pull &amp; Play is a couple game for everyone that will make you enjoy intimate moments\" \/>\n<meta name=\"robots\" content=\"index,follow,max-snippet:-1,max-image-preview:large,max-video-preview:-1\" \/>\n<link rel=\"canonical\" href=\"https:\/\/lustandlove.eu\/et\/toode\/pull-play-mang\/\" \/>\n<meta name=\"twitter:card\" content=\"summary_large_image\" \/>\n<meta name=\"twitter:title\" content=\"Pull &amp; Play M\u00e4ng | Lust and Love\" \/>\n<meta name=\"twitter:description\" content=\"Do you feel that you&#039;ve fallen into monotony and routine took over you? Pull &amp; Play is a couple game for everyone that will make you enjoy intimate moments\" \/>\n<meta name=\"twitter:image\" content=\"https:\/\/lustandlove.eu\/wp-content\/uploads\/image-1.jpeg\" \/>\n<meta name=\"twitter:label1\" content=\"Est. reading time\" \/>\n\t<meta name=\"twitter:data1\" content=\"1 minut\" \/>\n<script type=\"application\/ld+json\" class=\"yoast-schema-graph\">{\"@context\":\"https:\\\/\\\/schema.org\",\"@graph\":[{\"@type\":[\"WebPage\",\"ItemPage\"],\"@id\":\"https:\\\/\\\/lustandlove.eu\\\/et\\\/toode\\\/pull-play-mang\\\/\",\"url\":\"https:\\\/\\\/lustandlove.eu\\\/et\\\/toode\\\/pull-play-mang\\\/\",\"name\":\"Pull & Play M\u00e4ng | Lust and Love\",\"isPartOf\":{\"@id\":\"https:\\\/\\\/lustandlove.eu\\\/et\\\/#website\"},\"primaryImageOfPage\":{\"@id\":\"https:\\\/\\\/lustandlove.eu\\\/et\\\/toode\\\/pull-play-mang\\\/#primaryimage\"},\"image\":{\"@id\":\"https:\\\/\\\/lustandlove.eu\\\/et\\\/toode\\\/pull-play-mang\\\/#primaryimage\"},\"thumbnailUrl\":\"https:\\\/\\\/lustandlove.eu\\\/wp-content\\\/uploads\\\/image-1.jpeg\",\"datePublished\":\"2022-12-08T11:16:20+00:00\",\"dateModified\":\"2026-04-13T07:34:00+00:00\",\"description\":\"Do you feel that you've fallen into monotony and routine took over you? Pull & Play is a couple game for everyone that will make you enjoy intimate moments\",\"breadcrumb\":{\"@id\":\"https:\\\/\\\/lustandlove.eu\\\/et\\\/toode\\\/pull-play-mang\\\/#breadcrumb\"},\"inLanguage\":\"et\",\"potentialAction\":[{\"@type\":\"ReadAction\",\"target\":[\"https:\\\/\\\/lustandlove.eu\\\/et\\\/toode\\\/pull-play-mang\\\/\"]}]},{\"@type\":\"ImageObject\",\"inLanguage\":\"et\",\"@id\":\"https:\\\/\\\/lustandlove.eu\\\/et\\\/toode\\\/pull-play-mang\\\/#primaryimage\",\"url\":\"https:\\\/\\\/lustandlove.eu\\\/wp-content\\\/uploads\\\/image-1.jpeg\",\"contentUrl\":\"https:\\\/\\\/lustandlove.eu\\\/wp-content\\\/uploads\\\/image-1.jpeg\",\"width\":1000,\"height\":1000},{\"@type\":\"BreadcrumbList\",\"@id\":\"https:\\\/\\\/lustandlove.eu\\\/et\\\/toode\\\/pull-play-mang\\\/#breadcrumb\",\"itemListElement\":[{\"@type\":\"ListItem\",\"position\":1,\"name\":\"Lust and Love\",\"item\":\"https:\\\/\\\/lustandlove.eu\\\/et\\\/\"},{\"@type\":\"ListItem\",\"position\":2,\"name\":\"Pood\",\"item\":\"https:\\\/\\\/lustandlove.eu\\\/et\\\/pood\\\/\"},{\"@type\":\"ListItem\",\"position\":3,\"name\":\"L\u00f5bu &amp; M\u00e4ngud\",\"item\":\"https:\\\/\\\/lustandlove.eu\\\/et\\\/pood\\\/lobu-mangud\\\/\"},{\"@type\":\"ListItem\",\"position\":4,\"name\":\"M\u00e4ngud\",\"item\":\"https:\\\/\\\/lustandlove.eu\\\/et\\\/pood\\\/lobu-mangud\\\/mangud\\\/\"},{\"@type\":\"ListItem\",\"position\":5,\"name\":\"Pull &#038; Play M\u00e4ng\"}]},{\"@type\":\"WebSite\",\"@id\":\"https:\\\/\\\/lustandlove.eu\\\/et\\\/#website\",\"url\":\"https:\\\/\\\/lustandlove.eu\\\/et\\\/\",\"name\":\"Lust &amp; Love\",\"description\":\"Online erootikapood tervise, ilu ja armastuse jaoks\",\"publisher\":{\"@id\":\"https:\\\/\\\/lustandlove.eu\\\/et\\\/#organization\"},\"potentialAction\":[{\"@type\":\"SearchAction\",\"target\":{\"@type\":\"EntryPoint\",\"urlTemplate\":\"https:\\\/\\\/lustandlove.eu\\\/et\\\/?s={search_term_string}\"},\"query-input\":{\"@type\":\"PropertyValueSpecification\",\"valueRequired\":true,\"valueName\":\"search_term_string\"}}],\"inLanguage\":\"et\"},{\"@type\":\"Organization\",\"@id\":\"https:\\\/\\\/lustandlove.eu\\\/et\\\/#organization\",\"name\":\"Bioconcept Baltics O\u00dc\",\"url\":\"https:\\\/\\\/lustandlove.eu\\\/et\\\/\",\"logo\":{\"@type\":\"ImageObject\",\"inLanguage\":\"et\",\"@id\":\"https:\\\/\\\/lustandlove.eu\\\/et\\\/#\\\/schema\\\/logo\\\/image\\\/\",\"url\":\"\",\"contentUrl\":\"\",\"caption\":\"Bioconcept Baltics O\u00dc\"},\"image\":{\"@id\":\"https:\\\/\\\/lustandlove.eu\\\/et\\\/#\\\/schema\\\/logo\\\/image\\\/\"},\"sameAs\":[\"https:\\\/\\\/www.facebook.com\\\/LustandLoveEU\\\/\",\"https:\\\/\\\/www.instagram.com\\\/lustandloveeu\\\/\"]}]}<\/script>\n<!-- \/ Yoast SEO plugin. -->","yoast_head_json":{"title":"Pull & Play M\u00e4ng | Lust and Love","description":"Do you feel that you've fallen into monotony and routine took over you? Pull & Play is a couple game for everyone that will make you enjoy intimate moments","robots":{"index,follow,max-snippet":"index,follow,max-snippet:-1,max-image-preview:large,max-video-preview:-1"},"canonical":"https:\/\/lustandlove.eu\/et\/toode\/pull-play-mang\/","twitter_card":"summary_large_image","twitter_title":"Pull & Play M\u00e4ng | Lust and Love","twitter_description":"Do you feel that you've fallen into monotony and routine took over you? Pull & Play is a couple game for everyone that will make you enjoy intimate moments","twitter_image":"https:\/\/lustandlove.eu\/wp-content\/uploads\/image-1.jpeg","twitter_misc":{"Est. reading time":"1 minut"},"schema":{"@context":"https:\/\/schema.org","@graph":[{"@type":["WebPage","ItemPage"],"@id":"https:\/\/lustandlove.eu\/et\/toode\/pull-play-mang\/","url":"https:\/\/lustandlove.eu\/et\/toode\/pull-play-mang\/","name":"Pull & Play M\u00e4ng | Lust and Love","isPartOf":{"@id":"https:\/\/lustandlove.eu\/et\/#website"},"primaryImageOfPage":{"@id":"https:\/\/lustandlove.eu\/et\/toode\/pull-play-mang\/#primaryimage"},"image":{"@id":"https:\/\/lustandlove.eu\/et\/toode\/pull-play-mang\/#primaryimage"},"thumbnailUrl":"https:\/\/lustandlove.eu\/wp-content\/uploads\/image-1.jpeg","datePublished":"2022-12-08T11:16:20+00:00","dateModified":"2026-04-13T07:34:00+00:00","description":"Do you feel that you've fallen into monotony and routine took over you? Pull & Play is a couple game for everyone that will make you enjoy intimate moments","breadcrumb":{"@id":"https:\/\/lustandlove.eu\/et\/toode\/pull-play-mang\/#breadcrumb"},"inLanguage":"et","potentialAction":[{"@type":"ReadAction","target":["https:\/\/lustandlove.eu\/et\/toode\/pull-play-mang\/"]}]},{"@type":"ImageObject","inLanguage":"et","@id":"https:\/\/lustandlove.eu\/et\/toode\/pull-play-mang\/#primaryimage","url":"https:\/\/lustandlove.eu\/wp-content\/uploads\/image-1.jpeg","contentUrl":"https:\/\/lustandlove.eu\/wp-content\/uploads\/image-1.jpeg","width":1000,"height":1000},{"@type":"BreadcrumbList","@id":"https:\/\/lustandlove.eu\/et\/toode\/pull-play-mang\/#breadcrumb","itemListElement":[{"@type":"ListItem","position":1,"name":"Lust and Love","item":"https:\/\/lustandlove.eu\/et\/"},{"@type":"ListItem","position":2,"name":"Pood","item":"https:\/\/lustandlove.eu\/et\/pood\/"},{"@type":"ListItem","position":3,"name":"L\u00f5bu &amp; M\u00e4ngud","item":"https:\/\/lustandlove.eu\/et\/pood\/lobu-mangud\/"},{"@type":"ListItem","position":4,"name":"M\u00e4ngud","item":"https:\/\/lustandlove.eu\/et\/pood\/lobu-mangud\/mangud\/"},{"@type":"ListItem","position":5,"name":"Pull &#038; Play M\u00e4ng"}]},{"@type":"WebSite","@id":"https:\/\/lustandlove.eu\/et\/#website","url":"https:\/\/lustandlove.eu\/et\/","name":"Lust &amp; Love","description":"Online erootikapood tervise, ilu ja armastuse jaoks","publisher":{"@id":"https:\/\/lustandlove.eu\/et\/#organization"},"potentialAction":[{"@type":"SearchAction","target":{"@type":"EntryPoint","urlTemplate":"https:\/\/lustandlove.eu\/et\/?s={search_term_string}"},"query-input":{"@type":"PropertyValueSpecification","valueRequired":true,"valueName":"search_term_string"}}],"inLanguage":"et"},{"@type":"Organization","@id":"https:\/\/lustandlove.eu\/et\/#organization","name":"Bioconcept Baltics O\u00dc","url":"https:\/\/lustandlove.eu\/et\/","logo":{"@type":"ImageObject","inLanguage":"et","@id":"https:\/\/lustandlove.eu\/et\/#\/schema\/logo\/image\/","url":"","contentUrl":"","caption":"Bioconcept Baltics O\u00dc"},"image":{"@id":"https:\/\/lustandlove.eu\/et\/#\/schema\/logo\/image\/"},"sameAs":["https:\/\/www.facebook.com\/LustandLoveEU\/","https:\/\/www.instagram.com\/lustandloveeu\/"]}]}},"_links":{"self":[{"href":"https:\/\/lustandlove.eu\/et\/wp-json\/wp\/v2\/product\/53813","targetHints":{"allow":["GET"]}}],"collection":[{"href":"https:\/\/lustandlove.eu\/et\/wp-json\/wp\/v2\/product"}],"about":[{"href":"https:\/\/lustandlove.eu\/et\/wp-json\/wp\/v2\/types\/product"}],"wp:featuredmedia":[{"embeddable":true,"href":"https:\/\/lustandlove.eu\/et\/wp-json\/wp\/v2\/media\/53815"}],"wp:attachment":[{"href":"https:\/\/lustandlove.eu\/et\/wp-json\/wp\/v2\/media?parent=53813"}],"wp:term":[{"taxonomy":"product_brand","embeddable":true,"href":"https:\/\/lustandlove.eu\/et\/wp-json\/wp\/v2\/product_brand?post=53813"},{"taxonomy":"product_cat","embeddable":true,"href":"https:\/\/lustandlove.eu\/et\/wp-json\/wp\/v2\/product_cat?post=53813"},{"taxonomy":"product_tag","embeddable":true,"href":"https:\/\/lustandlove.eu\/et\/wp-json\/wp\/v2\/product_tag?post=53813"}],"curies":[{"name":"wp","href":"https:\/\/api.w.org\/{rel}","templated":true}]}}