{"id":53854,"date":"2022-12-21T15:11:47","date_gmt":"2022-12-21T13:11:48","guid":{"rendered":"https:\/\/www.lustandlove.eu\/?post_type=product&#038;p=53854"},"modified":"2026-04-13T10:33:59","modified_gmt":"2026-04-13T07:33:59","slug":"sagami-0-01mm-uliohukesed-lateksivabad-poluuretaanist-kondoomid-5-pakk","status":"publish","type":"product","link":"https:\/\/lustandlove.eu\/et\/toode\/sagami-0-01mm-uliohukesed-lateksivabad-poluuretaanist-kondoomid-5-pakk\/","title":{"rendered":"Sagami 0.01mm \u00dcli\u00f5hukesed Lateksivabad (pol\u00fcuretaanist) Kondoomid 5-pakk"},"content":{"rendered":"<div class=\"wpb-content-wrapper\"><p>[vc_row][vc_column][vc_column_text woodmart_inline=&#8221;no&#8221; text_larger=&#8221;no&#8221;]<br \/>\nSagami Original 0.01, meie k\u00f5igi aegade k\u00f5ige \u00f5hem pol\u00fcuretaanist (PU) kondoom, on loodud teid \u00fcksteisele l\u00e4hemale viima, et luua s\u00fcgavam \u00fchendus. Kogege intiimsuse j\u00e4rgmist taset, samuti maksimaalset tundlikkust ja \u00fclimat naudingut. Sagami siiramad \u00f5nnistused k\u00f5igile armastajatele.<\/p>\n<h3>T\u00f5eline \u00fclim paksus 10 mikronit<\/h3>\n<p>Sagami Original 0.01 on k\u00f5igest 0,018 mm* paksune, mis on \u00f5huke t\u00e4nu pol\u00fcuretaanile (PU).<\/p>\n<p>*0,018\u00b10,008 mm (keskmine)<\/p>\n<h3>Rohkem kui 3 korda tugevam kui latekskondoom.<\/h3>\n<p>L\u00f5hkemisr\u00f5hu osas, mis on kondoomi tugevuse m\u00f5\u00f5t, on 0.01 umbes 3\u20135 korda tugevam kui latekskondoomil. Nii et selle tugevuse saladus on pol\u00fcuretaani kasutamine. See v\u00f5ib olla \u00f5huke, kuid v\u00f5ite Sagamit julgelt kasutada.<\/p>\n<h3>T\u00e4iuslik soojusjuhtivus, laseb sul kergemini tunda oma partneri kehasoojust.<\/h3>\n<p>Kas olete kunagi m\u00e4rganud, et latekskondoomid tunduvad sisestamisel tavaliselt veidi k\u00fclmad? Pol\u00fcuretaan on suurep\u00e4rane soojuse edastaja, edastades koheselt teie partneri naha soojuse loomulikuma tunde saamiseks. Lisaks on pol\u00fcuretaanil sile pind, mis tagab kasutamise ajal pehmema tunde.<\/p>\n<h3>Materjal Pol\u00fcuretaan on inimkehaga bio\u00fchilduv ja sobib kasutamiseks lateksiallergia korral.<\/h3>\n<p>Lateksallergia v\u00f5ib p\u00f5hjustada s\u00fcgelust, valu, naha\u00e4rritust ja n\u00f5gest\u00f5bi. Sagami Original kasutab \u00f5rnemat pol\u00fcuretaani, mis sobib ideaalselt neile, kes on kummi suhtes allergilised. Sagami on keskendunud pol\u00fcuretaani eelistele meditsiinivaldkonnas sageli kasutatava kummi ees, sealhulgas tehiss\u00fcdamete ja tehisveresoonte komponendid.<\/p>\n<h3>Erinevalt lateksist on pol\u00fcuretaan l\u00f5hnatu.<\/h3>\n<p>Lateksist v\u00f5i muud t\u00fc\u00fcpi kummist kondoomidel on tavaliselt ainulaadne l\u00f5hn. Sagami Original kasutab pol\u00fcuretaani, mis muudab need l\u00f5hnatuks.<\/p>\n<p>Populaarne pol\u00fcuretaankondoom number 1 Jaapanis. Kasutage korraga ainult \u00fchte kondoomi. Kasutage kondoomi ainult \u00fcks kord. \u00dckski rasestumisvastane meetod ei kaitse 100% raseduse v\u00f5i sugulisel teel levivate infektsioonide (STI), sealhulgas HIV (AIDS) eest. Palun lugege enne kasutamist kasutusjuhendit.[\/vc_column_text][\/vc_column][\/vc_row]<\/p>\n<\/div>","protected":false},"excerpt":{"rendered":"<p>\u00d5huke, tugev, l\u00f5hnatu ja imeline soojuse edasikandja. Sagami Original kondoomid tagavad t\u00e4iesti teistsuguse, loomuliku tunde, kui tavap\u00e4rased kummist kondoomid. See 0.01 millimeetrit \u00f5huke kondoom peidab endas parimat Sagami tehnoloogiat.<\/p>\n","protected":false},"featured_media":55211,"template":"","meta":[],"product_brand":[4237],"product_cat":[1462,1460],"product_tag":[],"class_list":{"0":"post-53854","1":"product","2":"type-product","3":"status-publish","4":"has-post-thumbnail","6":"product_brand-sagami-et","7":"product_cat-kondoomid","8":"product_cat-apteek","9":"pa_brand-sagami-et","11":"first","12":"instock","13":"taxable","14":"shipping-taxable","15":"purchasable","16":"product-type-simple"},"yoast_head":"<!-- This site is optimized with the Yoast SEO plugin v27.3 - https:\/\/yoast.com\/product\/yoast-seo-wordpress\/ -->\n<title>Sagami 0.01mm \u00dcli\u00f5hukesed Lateksivabad (pol\u00fcuretaanist) Kondoomid 5-pakk<\/title>\n<meta name=\"description\" content=\"\u00d5huke, tugev, l\u00f5hnatu ja imeline soojuse edasikandja. Sagami Original kondoomid tagavad t\u00e4iesti teistsuguse, loomuliku tunde, kui tavap\u00e4rased kummist kondoomid.\" \/>\n<meta name=\"robots\" content=\"index,follow,max-snippet:-1,max-image-preview:large,max-video-preview:-1\" \/>\n<link rel=\"canonical\" href=\"https:\/\/lustandlove.eu\/et\/toode\/sagami-0-01mm-uliohukesed-lateksivabad-poluuretaanist-kondoomid-5-pakk\/\" \/>\n<meta name=\"twitter:card\" content=\"summary_large_image\" \/>\n<meta name=\"twitter:title\" content=\"Sagami 0.01mm \u00dcli\u00f5hukesed Lateksivabad (pol\u00fcuretaanist) Kondoomid 5-pakk\" \/>\n<meta name=\"twitter:description\" content=\"\u00d5huke, tugev, l\u00f5hnatu ja imeline soojuse edasikandja. Sagami Original kondoomid tagavad t\u00e4iesti teistsuguse, loomuliku tunde, kui tavap\u00e4rased kummist kondoomid.\" \/>\n<meta name=\"twitter:image\" content=\"https:\/\/lustandlove.eu\/wp-content\/uploads\/001.png\" \/>\n<meta name=\"twitter:label1\" content=\"Est. reading time\" \/>\n\t<meta name=\"twitter:data1\" content=\"2 minutit\" \/>\n<script type=\"application\/ld+json\" class=\"yoast-schema-graph\">{\"@context\":\"https:\\\/\\\/schema.org\",\"@graph\":[{\"@type\":[\"WebPage\",\"ItemPage\"],\"@id\":\"https:\\\/\\\/lustandlove.eu\\\/et\\\/toode\\\/sagami-0-01mm-uliohukesed-lateksivabad-poluuretaanist-kondoomid-5-pakk\\\/\",\"url\":\"https:\\\/\\\/lustandlove.eu\\\/et\\\/toode\\\/sagami-0-01mm-uliohukesed-lateksivabad-poluuretaanist-kondoomid-5-pakk\\\/\",\"name\":\"Sagami 0.01mm \u00dcli\u00f5hukesed Lateksivabad (pol\u00fcuretaanist) Kondoomid 5-pakk\",\"isPartOf\":{\"@id\":\"https:\\\/\\\/lustandlove.eu\\\/et\\\/#website\"},\"primaryImageOfPage\":{\"@id\":\"https:\\\/\\\/lustandlove.eu\\\/et\\\/toode\\\/sagami-0-01mm-uliohukesed-lateksivabad-poluuretaanist-kondoomid-5-pakk\\\/#primaryimage\"},\"image\":{\"@id\":\"https:\\\/\\\/lustandlove.eu\\\/et\\\/toode\\\/sagami-0-01mm-uliohukesed-lateksivabad-poluuretaanist-kondoomid-5-pakk\\\/#primaryimage\"},\"thumbnailUrl\":\"https:\\\/\\\/lustandlove.eu\\\/wp-content\\\/uploads\\\/001.png\",\"datePublished\":\"2022-12-21T13:11:48+00:00\",\"dateModified\":\"2026-04-13T07:33:59+00:00\",\"description\":\"\u00d5huke, tugev, l\u00f5hnatu ja imeline soojuse edasikandja. Sagami Original kondoomid tagavad t\u00e4iesti teistsuguse, loomuliku tunde, kui tavap\u00e4rased kummist kondoomid.\",\"breadcrumb\":{\"@id\":\"https:\\\/\\\/lustandlove.eu\\\/et\\\/toode\\\/sagami-0-01mm-uliohukesed-lateksivabad-poluuretaanist-kondoomid-5-pakk\\\/#breadcrumb\"},\"inLanguage\":\"et\",\"potentialAction\":[{\"@type\":\"ReadAction\",\"target\":[\"https:\\\/\\\/lustandlove.eu\\\/et\\\/toode\\\/sagami-0-01mm-uliohukesed-lateksivabad-poluuretaanist-kondoomid-5-pakk\\\/\"]}]},{\"@type\":\"ImageObject\",\"inLanguage\":\"et\",\"@id\":\"https:\\\/\\\/lustandlove.eu\\\/et\\\/toode\\\/sagami-0-01mm-uliohukesed-lateksivabad-poluuretaanist-kondoomid-5-pakk\\\/#primaryimage\",\"url\":\"https:\\\/\\\/lustandlove.eu\\\/wp-content\\\/uploads\\\/001.png\",\"contentUrl\":\"https:\\\/\\\/lustandlove.eu\\\/wp-content\\\/uploads\\\/001.png\",\"width\":500,\"height\":500},{\"@type\":\"BreadcrumbList\",\"@id\":\"https:\\\/\\\/lustandlove.eu\\\/et\\\/toode\\\/sagami-0-01mm-uliohukesed-lateksivabad-poluuretaanist-kondoomid-5-pakk\\\/#breadcrumb\",\"itemListElement\":[{\"@type\":\"ListItem\",\"position\":1,\"name\":\"Lust and Love\",\"item\":\"https:\\\/\\\/lustandlove.eu\\\/et\\\/\"},{\"@type\":\"ListItem\",\"position\":2,\"name\":\"Pood\",\"item\":\"https:\\\/\\\/lustandlove.eu\\\/et\\\/pood\\\/\"},{\"@type\":\"ListItem\",\"position\":3,\"name\":\"Libestid ja kehahooldus\",\"item\":\"https:\\\/\\\/lustandlove.eu\\\/et\\\/pood\\\/apteek\\\/\"},{\"@type\":\"ListItem\",\"position\":4,\"name\":\"Kondoomid\",\"item\":\"https:\\\/\\\/lustandlove.eu\\\/et\\\/pood\\\/apteek\\\/kondoomid\\\/\"},{\"@type\":\"ListItem\",\"position\":5,\"name\":\"Sagami 0.01mm \u00dcli\u00f5hukesed Lateksivabad (pol\u00fcuretaanist) Kondoomid 5-pakk\"}]},{\"@type\":\"WebSite\",\"@id\":\"https:\\\/\\\/lustandlove.eu\\\/et\\\/#website\",\"url\":\"https:\\\/\\\/lustandlove.eu\\\/et\\\/\",\"name\":\"Lust &amp; Love\",\"description\":\"Online erootikapood tervise, ilu ja armastuse jaoks\",\"publisher\":{\"@id\":\"https:\\\/\\\/lustandlove.eu\\\/et\\\/#organization\"},\"potentialAction\":[{\"@type\":\"SearchAction\",\"target\":{\"@type\":\"EntryPoint\",\"urlTemplate\":\"https:\\\/\\\/lustandlove.eu\\\/et\\\/?s={search_term_string}\"},\"query-input\":{\"@type\":\"PropertyValueSpecification\",\"valueRequired\":true,\"valueName\":\"search_term_string\"}}],\"inLanguage\":\"et\"},{\"@type\":\"Organization\",\"@id\":\"https:\\\/\\\/lustandlove.eu\\\/et\\\/#organization\",\"name\":\"Bioconcept Baltics O\u00dc\",\"url\":\"https:\\\/\\\/lustandlove.eu\\\/et\\\/\",\"logo\":{\"@type\":\"ImageObject\",\"inLanguage\":\"et\",\"@id\":\"https:\\\/\\\/lustandlove.eu\\\/et\\\/#\\\/schema\\\/logo\\\/image\\\/\",\"url\":\"\",\"contentUrl\":\"\",\"caption\":\"Bioconcept Baltics O\u00dc\"},\"image\":{\"@id\":\"https:\\\/\\\/lustandlove.eu\\\/et\\\/#\\\/schema\\\/logo\\\/image\\\/\"},\"sameAs\":[\"https:\\\/\\\/www.facebook.com\\\/LustandLoveEU\\\/\",\"https:\\\/\\\/www.instagram.com\\\/lustandloveeu\\\/\"]}]}<\/script>\n<!-- \/ Yoast SEO plugin. -->","yoast_head_json":{"title":"Sagami 0.01mm \u00dcli\u00f5hukesed Lateksivabad (pol\u00fcuretaanist) Kondoomid 5-pakk","description":"\u00d5huke, tugev, l\u00f5hnatu ja imeline soojuse edasikandja. Sagami Original kondoomid tagavad t\u00e4iesti teistsuguse, loomuliku tunde, kui tavap\u00e4rased kummist kondoomid.","robots":{"index,follow,max-snippet":"index,follow,max-snippet:-1,max-image-preview:large,max-video-preview:-1"},"canonical":"https:\/\/lustandlove.eu\/et\/toode\/sagami-0-01mm-uliohukesed-lateksivabad-poluuretaanist-kondoomid-5-pakk\/","twitter_card":"summary_large_image","twitter_title":"Sagami 0.01mm \u00dcli\u00f5hukesed Lateksivabad (pol\u00fcuretaanist) Kondoomid 5-pakk","twitter_description":"\u00d5huke, tugev, l\u00f5hnatu ja imeline soojuse edasikandja. Sagami Original kondoomid tagavad t\u00e4iesti teistsuguse, loomuliku tunde, kui tavap\u00e4rased kummist kondoomid.","twitter_image":"https:\/\/lustandlove.eu\/wp-content\/uploads\/001.png","twitter_misc":{"Est. reading time":"2 minutit"},"schema":{"@context":"https:\/\/schema.org","@graph":[{"@type":["WebPage","ItemPage"],"@id":"https:\/\/lustandlove.eu\/et\/toode\/sagami-0-01mm-uliohukesed-lateksivabad-poluuretaanist-kondoomid-5-pakk\/","url":"https:\/\/lustandlove.eu\/et\/toode\/sagami-0-01mm-uliohukesed-lateksivabad-poluuretaanist-kondoomid-5-pakk\/","name":"Sagami 0.01mm \u00dcli\u00f5hukesed Lateksivabad (pol\u00fcuretaanist) Kondoomid 5-pakk","isPartOf":{"@id":"https:\/\/lustandlove.eu\/et\/#website"},"primaryImageOfPage":{"@id":"https:\/\/lustandlove.eu\/et\/toode\/sagami-0-01mm-uliohukesed-lateksivabad-poluuretaanist-kondoomid-5-pakk\/#primaryimage"},"image":{"@id":"https:\/\/lustandlove.eu\/et\/toode\/sagami-0-01mm-uliohukesed-lateksivabad-poluuretaanist-kondoomid-5-pakk\/#primaryimage"},"thumbnailUrl":"https:\/\/lustandlove.eu\/wp-content\/uploads\/001.png","datePublished":"2022-12-21T13:11:48+00:00","dateModified":"2026-04-13T07:33:59+00:00","description":"\u00d5huke, tugev, l\u00f5hnatu ja imeline soojuse edasikandja. Sagami Original kondoomid tagavad t\u00e4iesti teistsuguse, loomuliku tunde, kui tavap\u00e4rased kummist kondoomid.","breadcrumb":{"@id":"https:\/\/lustandlove.eu\/et\/toode\/sagami-0-01mm-uliohukesed-lateksivabad-poluuretaanist-kondoomid-5-pakk\/#breadcrumb"},"inLanguage":"et","potentialAction":[{"@type":"ReadAction","target":["https:\/\/lustandlove.eu\/et\/toode\/sagami-0-01mm-uliohukesed-lateksivabad-poluuretaanist-kondoomid-5-pakk\/"]}]},{"@type":"ImageObject","inLanguage":"et","@id":"https:\/\/lustandlove.eu\/et\/toode\/sagami-0-01mm-uliohukesed-lateksivabad-poluuretaanist-kondoomid-5-pakk\/#primaryimage","url":"https:\/\/lustandlove.eu\/wp-content\/uploads\/001.png","contentUrl":"https:\/\/lustandlove.eu\/wp-content\/uploads\/001.png","width":500,"height":500},{"@type":"BreadcrumbList","@id":"https:\/\/lustandlove.eu\/et\/toode\/sagami-0-01mm-uliohukesed-lateksivabad-poluuretaanist-kondoomid-5-pakk\/#breadcrumb","itemListElement":[{"@type":"ListItem","position":1,"name":"Lust and Love","item":"https:\/\/lustandlove.eu\/et\/"},{"@type":"ListItem","position":2,"name":"Pood","item":"https:\/\/lustandlove.eu\/et\/pood\/"},{"@type":"ListItem","position":3,"name":"Libestid ja kehahooldus","item":"https:\/\/lustandlove.eu\/et\/pood\/apteek\/"},{"@type":"ListItem","position":4,"name":"Kondoomid","item":"https:\/\/lustandlove.eu\/et\/pood\/apteek\/kondoomid\/"},{"@type":"ListItem","position":5,"name":"Sagami 0.01mm \u00dcli\u00f5hukesed Lateksivabad (pol\u00fcuretaanist) Kondoomid 5-pakk"}]},{"@type":"WebSite","@id":"https:\/\/lustandlove.eu\/et\/#website","url":"https:\/\/lustandlove.eu\/et\/","name":"Lust &amp; Love","description":"Online erootikapood tervise, ilu ja armastuse jaoks","publisher":{"@id":"https:\/\/lustandlove.eu\/et\/#organization"},"potentialAction":[{"@type":"SearchAction","target":{"@type":"EntryPoint","urlTemplate":"https:\/\/lustandlove.eu\/et\/?s={search_term_string}"},"query-input":{"@type":"PropertyValueSpecification","valueRequired":true,"valueName":"search_term_string"}}],"inLanguage":"et"},{"@type":"Organization","@id":"https:\/\/lustandlove.eu\/et\/#organization","name":"Bioconcept Baltics O\u00dc","url":"https:\/\/lustandlove.eu\/et\/","logo":{"@type":"ImageObject","inLanguage":"et","@id":"https:\/\/lustandlove.eu\/et\/#\/schema\/logo\/image\/","url":"","contentUrl":"","caption":"Bioconcept Baltics O\u00dc"},"image":{"@id":"https:\/\/lustandlove.eu\/et\/#\/schema\/logo\/image\/"},"sameAs":["https:\/\/www.facebook.com\/LustandLoveEU\/","https:\/\/www.instagram.com\/lustandloveeu\/"]}]}},"_links":{"self":[{"href":"https:\/\/lustandlove.eu\/et\/wp-json\/wp\/v2\/product\/53854","targetHints":{"allow":["GET"]}}],"collection":[{"href":"https:\/\/lustandlove.eu\/et\/wp-json\/wp\/v2\/product"}],"about":[{"href":"https:\/\/lustandlove.eu\/et\/wp-json\/wp\/v2\/types\/product"}],"wp:featuredmedia":[{"embeddable":true,"href":"https:\/\/lustandlove.eu\/et\/wp-json\/wp\/v2\/media\/55211"}],"wp:attachment":[{"href":"https:\/\/lustandlove.eu\/et\/wp-json\/wp\/v2\/media?parent=53854"}],"wp:term":[{"taxonomy":"product_brand","embeddable":true,"href":"https:\/\/lustandlove.eu\/et\/wp-json\/wp\/v2\/product_brand?post=53854"},{"taxonomy":"product_cat","embeddable":true,"href":"https:\/\/lustandlove.eu\/et\/wp-json\/wp\/v2\/product_cat?post=53854"},{"taxonomy":"product_tag","embeddable":true,"href":"https:\/\/lustandlove.eu\/et\/wp-json\/wp\/v2\/product_tag?post=53854"}],"curies":[{"name":"wp","href":"https:\/\/api.w.org\/{rel}","templated":true}]}}