{"id":54684,"date":"2023-01-11T12:55:30","date_gmt":"2023-01-11T10:55:30","guid":{"rendered":"https:\/\/www.lustandlove.eu\/product\/piits-135cm-klassikaline-kollektsioon\/"},"modified":"2026-04-13T10:33:52","modified_gmt":"2026-04-13T07:33:52","slug":"piits-135cm-klassikaline-kollektsioon","status":"publish","type":"product","link":"https:\/\/lustandlove.eu\/et\/toode\/piits-135cm-klassikaline-kollektsioon\/","title":{"rendered":"Piits 135cm Klassikaline Kollektsioon"},"content":{"rendered":"<p>Kogupikkus: 160 cm<br \/>\nWHIPS on ainulaadne erootiline kollektsioon, mille on loonud Wroclawi k\u00e4sit\u00f6\u00f6lised Poolas. Meie ettev\u00f5tte ajalugu ulatub aastasse 1986. Meie erootiliste aksessuaaride kollektsioon on vallutanud Poola klientide s\u00fcdamed. Meil on hea meel teha erakordseid projekte. Otsime uusi kogemusi ja soovime iga p\u00e4ev oma silmaringi laiendada.<\/p>\n","protected":false},"excerpt":{"rendered":"<p>Kogupikkus: 160 cm WHIPS on ainulaadne erootiline kollektsioon, mille on loonud Wroclawi k\u00e4sit\u00f6\u00f6lised Poolas. Meie ettev\u00f5tte ajalugu ulatub aastasse 1986.<\/p>\n","protected":false},"featured_media":54280,"template":"","meta":[],"product_brand":[4247],"product_cat":[1470,1607],"product_tag":[1550,3278,1585,1508],"class_list":{"0":"post-54684","1":"product","2":"type-product","3":"status-publish","4":"has-post-thumbnail","6":"product_brand-whips-et","7":"product_cat-bdsm-et","8":"product_cat-piitsad-ja-lapatsid","9":"product_tag-bdsm-et","10":"product_tag-bdsm-mangud","11":"product_tag-piits","12":"product_tag-sidumine","13":"pa_brand-whips-et","15":"first","16":"instock","17":"taxable","18":"shipping-taxable","19":"purchasable","20":"product-type-simple"},"yoast_head":"<!-- This site is optimized with the Yoast SEO plugin v27.3 - https:\/\/yoast.com\/product\/yoast-seo-wordpress\/ -->\n<title>Piits 135cm Klassikaline Kollektsioon | Lust and Love<\/title>\n<meta name=\"robots\" content=\"index,follow,max-snippet:-1,max-image-preview:large,max-video-preview:-1\" \/>\n<link rel=\"canonical\" href=\"https:\/\/lustandlove.eu\/et\/toode\/piits-135cm-klassikaline-kollektsioon\/\" \/>\n<meta name=\"twitter:card\" content=\"summary_large_image\" \/>\n<meta name=\"twitter:title\" content=\"Piits 135cm Klassikaline Kollektsioon | Lust and Love\" \/>\n<meta name=\"twitter:description\" content=\"Kogupikkus: 160 cm WHIPS on ainulaadne erootiline kollektsioon, mille on loonud Wroclawi k\u00e4sit\u00f6\u00f6lised Poolas. Meie ettev\u00f5tte ajalugu ulatub aastasse 1986.\" \/>\n<meta name=\"twitter:image\" content=\"https:\/\/lustandlove.eu\/wp-content\/uploads\/Bat-2.jpg\" \/>\n<script type=\"application\/ld+json\" class=\"yoast-schema-graph\">{\"@context\":\"https:\\\/\\\/schema.org\",\"@graph\":[{\"@type\":[\"WebPage\",\"ItemPage\"],\"@id\":\"https:\\\/\\\/lustandlove.eu\\\/et\\\/toode\\\/piits-135cm-klassikaline-kollektsioon\\\/\",\"url\":\"https:\\\/\\\/lustandlove.eu\\\/et\\\/toode\\\/piits-135cm-klassikaline-kollektsioon\\\/\",\"name\":\"Piits 135cm Klassikaline Kollektsioon | Lust and Love\",\"isPartOf\":{\"@id\":\"https:\\\/\\\/lustandlove.eu\\\/et\\\/#website\"},\"primaryImageOfPage\":{\"@id\":\"https:\\\/\\\/lustandlove.eu\\\/et\\\/toode\\\/piits-135cm-klassikaline-kollektsioon\\\/#primaryimage\"},\"image\":{\"@id\":\"https:\\\/\\\/lustandlove.eu\\\/et\\\/toode\\\/piits-135cm-klassikaline-kollektsioon\\\/#primaryimage\"},\"thumbnailUrl\":\"https:\\\/\\\/lustandlove.eu\\\/wp-content\\\/uploads\\\/Bat-2.jpg\",\"datePublished\":\"2023-01-11T10:55:30+00:00\",\"dateModified\":\"2026-04-13T07:33:52+00:00\",\"breadcrumb\":{\"@id\":\"https:\\\/\\\/lustandlove.eu\\\/et\\\/toode\\\/piits-135cm-klassikaline-kollektsioon\\\/#breadcrumb\"},\"inLanguage\":\"et\",\"potentialAction\":[{\"@type\":\"ReadAction\",\"target\":[\"https:\\\/\\\/lustandlove.eu\\\/et\\\/toode\\\/piits-135cm-klassikaline-kollektsioon\\\/\"]}]},{\"@type\":\"ImageObject\",\"inLanguage\":\"et\",\"@id\":\"https:\\\/\\\/lustandlove.eu\\\/et\\\/toode\\\/piits-135cm-klassikaline-kollektsioon\\\/#primaryimage\",\"url\":\"https:\\\/\\\/lustandlove.eu\\\/wp-content\\\/uploads\\\/Bat-2.jpg\",\"contentUrl\":\"https:\\\/\\\/lustandlove.eu\\\/wp-content\\\/uploads\\\/Bat-2.jpg\",\"width\":1152,\"height\":768},{\"@type\":\"BreadcrumbList\",\"@id\":\"https:\\\/\\\/lustandlove.eu\\\/et\\\/toode\\\/piits-135cm-klassikaline-kollektsioon\\\/#breadcrumb\",\"itemListElement\":[{\"@type\":\"ListItem\",\"position\":1,\"name\":\"Lust and Love\",\"item\":\"https:\\\/\\\/lustandlove.eu\\\/et\\\/\"},{\"@type\":\"ListItem\",\"position\":2,\"name\":\"Pood\",\"item\":\"https:\\\/\\\/lustandlove.eu\\\/et\\\/pood\\\/\"},{\"@type\":\"ListItem\",\"position\":3,\"name\":\"BDSM\",\"item\":\"https:\\\/\\\/lustandlove.eu\\\/et\\\/pood\\\/bdsm-et\\\/\"},{\"@type\":\"ListItem\",\"position\":4,\"name\":\"Piits 135cm Klassikaline Kollektsioon\"}]},{\"@type\":\"WebSite\",\"@id\":\"https:\\\/\\\/lustandlove.eu\\\/et\\\/#website\",\"url\":\"https:\\\/\\\/lustandlove.eu\\\/et\\\/\",\"name\":\"Lust &amp; Love\",\"description\":\"Online erootikapood tervise, ilu ja armastuse jaoks\",\"publisher\":{\"@id\":\"https:\\\/\\\/lustandlove.eu\\\/et\\\/#organization\"},\"potentialAction\":[{\"@type\":\"SearchAction\",\"target\":{\"@type\":\"EntryPoint\",\"urlTemplate\":\"https:\\\/\\\/lustandlove.eu\\\/et\\\/?s={search_term_string}\"},\"query-input\":{\"@type\":\"PropertyValueSpecification\",\"valueRequired\":true,\"valueName\":\"search_term_string\"}}],\"inLanguage\":\"et\"},{\"@type\":\"Organization\",\"@id\":\"https:\\\/\\\/lustandlove.eu\\\/et\\\/#organization\",\"name\":\"Bioconcept Baltics O\u00dc\",\"url\":\"https:\\\/\\\/lustandlove.eu\\\/et\\\/\",\"logo\":{\"@type\":\"ImageObject\",\"inLanguage\":\"et\",\"@id\":\"https:\\\/\\\/lustandlove.eu\\\/et\\\/#\\\/schema\\\/logo\\\/image\\\/\",\"url\":\"\",\"contentUrl\":\"\",\"caption\":\"Bioconcept Baltics O\u00dc\"},\"image\":{\"@id\":\"https:\\\/\\\/lustandlove.eu\\\/et\\\/#\\\/schema\\\/logo\\\/image\\\/\"},\"sameAs\":[\"https:\\\/\\\/www.facebook.com\\\/LustandLoveEU\\\/\",\"https:\\\/\\\/www.instagram.com\\\/lustandloveeu\\\/\"]}]}<\/script>\n<!-- \/ Yoast SEO plugin. -->","yoast_head_json":{"title":"Piits 135cm Klassikaline Kollektsioon | Lust and Love","robots":{"index,follow,max-snippet":"index,follow,max-snippet:-1,max-image-preview:large,max-video-preview:-1"},"canonical":"https:\/\/lustandlove.eu\/et\/toode\/piits-135cm-klassikaline-kollektsioon\/","twitter_card":"summary_large_image","twitter_title":"Piits 135cm Klassikaline Kollektsioon | Lust and Love","twitter_description":"Kogupikkus: 160 cm WHIPS on ainulaadne erootiline kollektsioon, mille on loonud Wroclawi k\u00e4sit\u00f6\u00f6lised Poolas. Meie ettev\u00f5tte ajalugu ulatub aastasse 1986.","twitter_image":"https:\/\/lustandlove.eu\/wp-content\/uploads\/Bat-2.jpg","schema":{"@context":"https:\/\/schema.org","@graph":[{"@type":["WebPage","ItemPage"],"@id":"https:\/\/lustandlove.eu\/et\/toode\/piits-135cm-klassikaline-kollektsioon\/","url":"https:\/\/lustandlove.eu\/et\/toode\/piits-135cm-klassikaline-kollektsioon\/","name":"Piits 135cm Klassikaline Kollektsioon | Lust and Love","isPartOf":{"@id":"https:\/\/lustandlove.eu\/et\/#website"},"primaryImageOfPage":{"@id":"https:\/\/lustandlove.eu\/et\/toode\/piits-135cm-klassikaline-kollektsioon\/#primaryimage"},"image":{"@id":"https:\/\/lustandlove.eu\/et\/toode\/piits-135cm-klassikaline-kollektsioon\/#primaryimage"},"thumbnailUrl":"https:\/\/lustandlove.eu\/wp-content\/uploads\/Bat-2.jpg","datePublished":"2023-01-11T10:55:30+00:00","dateModified":"2026-04-13T07:33:52+00:00","breadcrumb":{"@id":"https:\/\/lustandlove.eu\/et\/toode\/piits-135cm-klassikaline-kollektsioon\/#breadcrumb"},"inLanguage":"et","potentialAction":[{"@type":"ReadAction","target":["https:\/\/lustandlove.eu\/et\/toode\/piits-135cm-klassikaline-kollektsioon\/"]}]},{"@type":"ImageObject","inLanguage":"et","@id":"https:\/\/lustandlove.eu\/et\/toode\/piits-135cm-klassikaline-kollektsioon\/#primaryimage","url":"https:\/\/lustandlove.eu\/wp-content\/uploads\/Bat-2.jpg","contentUrl":"https:\/\/lustandlove.eu\/wp-content\/uploads\/Bat-2.jpg","width":1152,"height":768},{"@type":"BreadcrumbList","@id":"https:\/\/lustandlove.eu\/et\/toode\/piits-135cm-klassikaline-kollektsioon\/#breadcrumb","itemListElement":[{"@type":"ListItem","position":1,"name":"Lust and Love","item":"https:\/\/lustandlove.eu\/et\/"},{"@type":"ListItem","position":2,"name":"Pood","item":"https:\/\/lustandlove.eu\/et\/pood\/"},{"@type":"ListItem","position":3,"name":"BDSM","item":"https:\/\/lustandlove.eu\/et\/pood\/bdsm-et\/"},{"@type":"ListItem","position":4,"name":"Piits 135cm Klassikaline Kollektsioon"}]},{"@type":"WebSite","@id":"https:\/\/lustandlove.eu\/et\/#website","url":"https:\/\/lustandlove.eu\/et\/","name":"Lust &amp; Love","description":"Online erootikapood tervise, ilu ja armastuse jaoks","publisher":{"@id":"https:\/\/lustandlove.eu\/et\/#organization"},"potentialAction":[{"@type":"SearchAction","target":{"@type":"EntryPoint","urlTemplate":"https:\/\/lustandlove.eu\/et\/?s={search_term_string}"},"query-input":{"@type":"PropertyValueSpecification","valueRequired":true,"valueName":"search_term_string"}}],"inLanguage":"et"},{"@type":"Organization","@id":"https:\/\/lustandlove.eu\/et\/#organization","name":"Bioconcept Baltics O\u00dc","url":"https:\/\/lustandlove.eu\/et\/","logo":{"@type":"ImageObject","inLanguage":"et","@id":"https:\/\/lustandlove.eu\/et\/#\/schema\/logo\/image\/","url":"","contentUrl":"","caption":"Bioconcept Baltics O\u00dc"},"image":{"@id":"https:\/\/lustandlove.eu\/et\/#\/schema\/logo\/image\/"},"sameAs":["https:\/\/www.facebook.com\/LustandLoveEU\/","https:\/\/www.instagram.com\/lustandloveeu\/"]}]}},"_links":{"self":[{"href":"https:\/\/lustandlove.eu\/et\/wp-json\/wp\/v2\/product\/54684","targetHints":{"allow":["GET"]}}],"collection":[{"href":"https:\/\/lustandlove.eu\/et\/wp-json\/wp\/v2\/product"}],"about":[{"href":"https:\/\/lustandlove.eu\/et\/wp-json\/wp\/v2\/types\/product"}],"wp:featuredmedia":[{"embeddable":true,"href":"https:\/\/lustandlove.eu\/et\/wp-json\/wp\/v2\/media\/54280"}],"wp:attachment":[{"href":"https:\/\/lustandlove.eu\/et\/wp-json\/wp\/v2\/media?parent=54684"}],"wp:term":[{"taxonomy":"product_brand","embeddable":true,"href":"https:\/\/lustandlove.eu\/et\/wp-json\/wp\/v2\/product_brand?post=54684"},{"taxonomy":"product_cat","embeddable":true,"href":"https:\/\/lustandlove.eu\/et\/wp-json\/wp\/v2\/product_cat?post=54684"},{"taxonomy":"product_tag","embeddable":true,"href":"https:\/\/lustandlove.eu\/et\/wp-json\/wp\/v2\/product_tag?post=54684"}],"curies":[{"name":"wp","href":"https:\/\/api.w.org\/{rel}","templated":true}]}}