{"id":55171,"date":"2023-01-30T14:40:37","date_gmt":"2023-01-30T12:40:37","guid":{"rendered":"https:\/\/www.lustandlove.eu\/product\/btb-fisting-libesti-geel-100ml\/"},"modified":"2026-04-13T10:33:37","modified_gmt":"2026-04-13T07:33:37","slug":"btb-fisting-libesti-geel-100ml","status":"publish","type":"product","link":"https:\/\/lustandlove.eu\/et\/toode\/btb-fisting-libesti-geel-100ml\/","title":{"rendered":"BTB Fisting libesti-geel 100ml"},"content":{"rendered":"<p>Uus BTB Fisting kergelt tuimestav libesti t\u00f6\u00f6tati v\u00e4lja sulgurlihaste maksimaalseks l\u00f5dvestamiseks ja optimaalsete libisemisomaduste tagamiseks.<\/p>\n<p>&#8211; Desensibiliseerib maksimaalseks l\u00f5\u00f5gastumiseks<br \/>\n&#8211; Optimaalsed libisemisomadused<br \/>\n&#8211; Mugavalt kasutatav tuub<\/p>\n<p>Koostis: Aqua, prop\u00fcleengl\u00fckool, ts\u00fcklopentasiloksaan, gl\u00fctseriin, dimetikoon, dimetikonool, lauret-9, akr\u00fclaadid\/C10-30 alk\u00fc\u00fclakr\u00fclaadi ristpol\u00fcmeer, bens\u00fc\u00fclalkohol, deh\u00fcdro\u00e4\u00e4dikhape, ksantaankummi, vanillinaatriumh\u00fcdroks\u00fceetrit, vanill\u00fc\u00fclbut\u00fc\u00fcleetrit,.<\/p>\n","protected":false},"excerpt":{"rendered":"<p>Uus BTB Fisting kergelt tuimestav libesti t\u00f6\u00f6tati v\u00e4lja sulgurlihaste maksimaalseks l\u00f5dvestamiseks ja optimaalsete libisemisomaduste tagamiseks. &#8211; Desensibiliseerib maksimaalseks l\u00f5\u00f5gastumiseks &#8211;<\/p>\n","protected":false},"featured_media":55107,"template":"","meta":[],"product_brand":[4224],"product_cat":[3973,1464,1467,1460,3976],"product_tag":[],"class_list":{"0":"post-55171","1":"product","2":"type-product","3":"status-publish","4":"has-post-thumbnail","6":"product_brand-mai-et","7":"product_cat-anaal","8":"product_cat-erutavad-geelid","9":"product_cat-libestid","10":"product_cat-apteek","11":"product_cat-vee-baasil","12":"pa_brand-mai-et","14":"first","15":"instock","16":"sale","17":"taxable","18":"shipping-taxable","19":"purchasable","20":"product-type-simple"},"yoast_head":"<!-- This site is optimized with the Yoast SEO plugin v27.3 - https:\/\/yoast.com\/product\/yoast-seo-wordpress\/ -->\n<title>BTB Fisting libesti-geel 100ml | Lust and Love<\/title>\n<meta name=\"robots\" content=\"index,follow,max-snippet:-1,max-image-preview:large,max-video-preview:-1\" \/>\n<link rel=\"canonical\" href=\"https:\/\/lustandlove.eu\/et\/toode\/btb-fisting-libesti-geel-100ml\/\" \/>\n<meta name=\"twitter:card\" content=\"summary_large_image\" \/>\n<meta name=\"twitter:title\" content=\"BTB Fisting libesti-geel 100ml | Lust and Love\" \/>\n<meta name=\"twitter:description\" content=\"Uus BTB Fisting kergelt tuimestav libesti t\u00f6\u00f6tati v\u00e4lja sulgurlihaste maksimaalseks l\u00f5dvestamiseks ja optimaalsete libisemisomaduste tagamiseks. &#8211; Desensibiliseerib maksimaalseks l\u00f5\u00f5gastumiseks &#8211;\" \/>\n<meta name=\"twitter:image\" content=\"https:\/\/lustandlove.eu\/wp-content\/uploads\/LT2383-3.png\" \/>\n<script type=\"application\/ld+json\" class=\"yoast-schema-graph\">{\"@context\":\"https:\\\/\\\/schema.org\",\"@graph\":[{\"@type\":[\"WebPage\",\"ItemPage\"],\"@id\":\"https:\\\/\\\/lustandlove.eu\\\/et\\\/toode\\\/btb-fisting-libesti-geel-100ml\\\/\",\"url\":\"https:\\\/\\\/lustandlove.eu\\\/et\\\/toode\\\/btb-fisting-libesti-geel-100ml\\\/\",\"name\":\"BTB Fisting libesti-geel 100ml | Lust and Love\",\"isPartOf\":{\"@id\":\"https:\\\/\\\/lustandlove.eu\\\/et\\\/#website\"},\"primaryImageOfPage\":{\"@id\":\"https:\\\/\\\/lustandlove.eu\\\/et\\\/toode\\\/btb-fisting-libesti-geel-100ml\\\/#primaryimage\"},\"image\":{\"@id\":\"https:\\\/\\\/lustandlove.eu\\\/et\\\/toode\\\/btb-fisting-libesti-geel-100ml\\\/#primaryimage\"},\"thumbnailUrl\":\"https:\\\/\\\/lustandlove.eu\\\/wp-content\\\/uploads\\\/LT2383-3.png\",\"datePublished\":\"2023-01-30T12:40:37+00:00\",\"dateModified\":\"2026-04-13T07:33:37+00:00\",\"breadcrumb\":{\"@id\":\"https:\\\/\\\/lustandlove.eu\\\/et\\\/toode\\\/btb-fisting-libesti-geel-100ml\\\/#breadcrumb\"},\"inLanguage\":\"et\",\"potentialAction\":[{\"@type\":\"ReadAction\",\"target\":[\"https:\\\/\\\/lustandlove.eu\\\/et\\\/toode\\\/btb-fisting-libesti-geel-100ml\\\/\"]}]},{\"@type\":\"ImageObject\",\"inLanguage\":\"et\",\"@id\":\"https:\\\/\\\/lustandlove.eu\\\/et\\\/toode\\\/btb-fisting-libesti-geel-100ml\\\/#primaryimage\",\"url\":\"https:\\\/\\\/lustandlove.eu\\\/wp-content\\\/uploads\\\/LT2383-3.png\",\"contentUrl\":\"https:\\\/\\\/lustandlove.eu\\\/wp-content\\\/uploads\\\/LT2383-3.png\",\"width\":1920,\"height\":1920},{\"@type\":\"BreadcrumbList\",\"@id\":\"https:\\\/\\\/lustandlove.eu\\\/et\\\/toode\\\/btb-fisting-libesti-geel-100ml\\\/#breadcrumb\",\"itemListElement\":[{\"@type\":\"ListItem\",\"position\":1,\"name\":\"Lust and Love\",\"item\":\"https:\\\/\\\/lustandlove.eu\\\/et\\\/\"},{\"@type\":\"ListItem\",\"position\":2,\"name\":\"Pood\",\"item\":\"https:\\\/\\\/lustandlove.eu\\\/et\\\/pood\\\/\"},{\"@type\":\"ListItem\",\"position\":3,\"name\":\"Libestid ja kehahooldus\",\"item\":\"https:\\\/\\\/lustandlove.eu\\\/et\\\/pood\\\/apteek\\\/\"},{\"@type\":\"ListItem\",\"position\":4,\"name\":\"BTB Fisting libesti-geel 100ml\"}]},{\"@type\":\"WebSite\",\"@id\":\"https:\\\/\\\/lustandlove.eu\\\/et\\\/#website\",\"url\":\"https:\\\/\\\/lustandlove.eu\\\/et\\\/\",\"name\":\"Lust &amp; Love\",\"description\":\"Online erootikapood tervise, ilu ja armastuse jaoks\",\"publisher\":{\"@id\":\"https:\\\/\\\/lustandlove.eu\\\/et\\\/#organization\"},\"potentialAction\":[{\"@type\":\"SearchAction\",\"target\":{\"@type\":\"EntryPoint\",\"urlTemplate\":\"https:\\\/\\\/lustandlove.eu\\\/et\\\/?s={search_term_string}\"},\"query-input\":{\"@type\":\"PropertyValueSpecification\",\"valueRequired\":true,\"valueName\":\"search_term_string\"}}],\"inLanguage\":\"et\"},{\"@type\":\"Organization\",\"@id\":\"https:\\\/\\\/lustandlove.eu\\\/et\\\/#organization\",\"name\":\"Bioconcept Baltics O\u00dc\",\"url\":\"https:\\\/\\\/lustandlove.eu\\\/et\\\/\",\"logo\":{\"@type\":\"ImageObject\",\"inLanguage\":\"et\",\"@id\":\"https:\\\/\\\/lustandlove.eu\\\/et\\\/#\\\/schema\\\/logo\\\/image\\\/\",\"url\":\"\",\"contentUrl\":\"\",\"caption\":\"Bioconcept Baltics O\u00dc\"},\"image\":{\"@id\":\"https:\\\/\\\/lustandlove.eu\\\/et\\\/#\\\/schema\\\/logo\\\/image\\\/\"},\"sameAs\":[\"https:\\\/\\\/www.facebook.com\\\/LustandLoveEU\\\/\",\"https:\\\/\\\/www.instagram.com\\\/lustandloveeu\\\/\"]}]}<\/script>\n<!-- \/ Yoast SEO plugin. -->","yoast_head_json":{"title":"BTB Fisting libesti-geel 100ml | Lust and Love","robots":{"index,follow,max-snippet":"index,follow,max-snippet:-1,max-image-preview:large,max-video-preview:-1"},"canonical":"https:\/\/lustandlove.eu\/et\/toode\/btb-fisting-libesti-geel-100ml\/","twitter_card":"summary_large_image","twitter_title":"BTB Fisting libesti-geel 100ml | Lust and Love","twitter_description":"Uus BTB Fisting kergelt tuimestav libesti t\u00f6\u00f6tati v\u00e4lja sulgurlihaste maksimaalseks l\u00f5dvestamiseks ja optimaalsete libisemisomaduste tagamiseks. &#8211; Desensibiliseerib maksimaalseks l\u00f5\u00f5gastumiseks &#8211;","twitter_image":"https:\/\/lustandlove.eu\/wp-content\/uploads\/LT2383-3.png","schema":{"@context":"https:\/\/schema.org","@graph":[{"@type":["WebPage","ItemPage"],"@id":"https:\/\/lustandlove.eu\/et\/toode\/btb-fisting-libesti-geel-100ml\/","url":"https:\/\/lustandlove.eu\/et\/toode\/btb-fisting-libesti-geel-100ml\/","name":"BTB Fisting libesti-geel 100ml | Lust and Love","isPartOf":{"@id":"https:\/\/lustandlove.eu\/et\/#website"},"primaryImageOfPage":{"@id":"https:\/\/lustandlove.eu\/et\/toode\/btb-fisting-libesti-geel-100ml\/#primaryimage"},"image":{"@id":"https:\/\/lustandlove.eu\/et\/toode\/btb-fisting-libesti-geel-100ml\/#primaryimage"},"thumbnailUrl":"https:\/\/lustandlove.eu\/wp-content\/uploads\/LT2383-3.png","datePublished":"2023-01-30T12:40:37+00:00","dateModified":"2026-04-13T07:33:37+00:00","breadcrumb":{"@id":"https:\/\/lustandlove.eu\/et\/toode\/btb-fisting-libesti-geel-100ml\/#breadcrumb"},"inLanguage":"et","potentialAction":[{"@type":"ReadAction","target":["https:\/\/lustandlove.eu\/et\/toode\/btb-fisting-libesti-geel-100ml\/"]}]},{"@type":"ImageObject","inLanguage":"et","@id":"https:\/\/lustandlove.eu\/et\/toode\/btb-fisting-libesti-geel-100ml\/#primaryimage","url":"https:\/\/lustandlove.eu\/wp-content\/uploads\/LT2383-3.png","contentUrl":"https:\/\/lustandlove.eu\/wp-content\/uploads\/LT2383-3.png","width":1920,"height":1920},{"@type":"BreadcrumbList","@id":"https:\/\/lustandlove.eu\/et\/toode\/btb-fisting-libesti-geel-100ml\/#breadcrumb","itemListElement":[{"@type":"ListItem","position":1,"name":"Lust and Love","item":"https:\/\/lustandlove.eu\/et\/"},{"@type":"ListItem","position":2,"name":"Pood","item":"https:\/\/lustandlove.eu\/et\/pood\/"},{"@type":"ListItem","position":3,"name":"Libestid ja kehahooldus","item":"https:\/\/lustandlove.eu\/et\/pood\/apteek\/"},{"@type":"ListItem","position":4,"name":"BTB Fisting libesti-geel 100ml"}]},{"@type":"WebSite","@id":"https:\/\/lustandlove.eu\/et\/#website","url":"https:\/\/lustandlove.eu\/et\/","name":"Lust &amp; Love","description":"Online erootikapood tervise, ilu ja armastuse jaoks","publisher":{"@id":"https:\/\/lustandlove.eu\/et\/#organization"},"potentialAction":[{"@type":"SearchAction","target":{"@type":"EntryPoint","urlTemplate":"https:\/\/lustandlove.eu\/et\/?s={search_term_string}"},"query-input":{"@type":"PropertyValueSpecification","valueRequired":true,"valueName":"search_term_string"}}],"inLanguage":"et"},{"@type":"Organization","@id":"https:\/\/lustandlove.eu\/et\/#organization","name":"Bioconcept Baltics O\u00dc","url":"https:\/\/lustandlove.eu\/et\/","logo":{"@type":"ImageObject","inLanguage":"et","@id":"https:\/\/lustandlove.eu\/et\/#\/schema\/logo\/image\/","url":"","contentUrl":"","caption":"Bioconcept Baltics O\u00dc"},"image":{"@id":"https:\/\/lustandlove.eu\/et\/#\/schema\/logo\/image\/"},"sameAs":["https:\/\/www.facebook.com\/LustandLoveEU\/","https:\/\/www.instagram.com\/lustandloveeu\/"]}]}},"_links":{"self":[{"href":"https:\/\/lustandlove.eu\/et\/wp-json\/wp\/v2\/product\/55171","targetHints":{"allow":["GET"]}}],"collection":[{"href":"https:\/\/lustandlove.eu\/et\/wp-json\/wp\/v2\/product"}],"about":[{"href":"https:\/\/lustandlove.eu\/et\/wp-json\/wp\/v2\/types\/product"}],"wp:featuredmedia":[{"embeddable":true,"href":"https:\/\/lustandlove.eu\/et\/wp-json\/wp\/v2\/media\/55107"}],"wp:attachment":[{"href":"https:\/\/lustandlove.eu\/et\/wp-json\/wp\/v2\/media?parent=55171"}],"wp:term":[{"taxonomy":"product_brand","embeddable":true,"href":"https:\/\/lustandlove.eu\/et\/wp-json\/wp\/v2\/product_brand?post=55171"},{"taxonomy":"product_cat","embeddable":true,"href":"https:\/\/lustandlove.eu\/et\/wp-json\/wp\/v2\/product_cat?post=55171"},{"taxonomy":"product_tag","embeddable":true,"href":"https:\/\/lustandlove.eu\/et\/wp-json\/wp\/v2\/product_tag?post=55171"}],"curies":[{"name":"wp","href":"https:\/\/api.w.org\/{rel}","templated":true}]}}