{"id":55175,"date":"2023-01-30T14:40:37","date_gmt":"2023-01-30T12:40:37","guid":{"rendered":"https:\/\/www.lustandlove.eu\/product\/btb-silikooni-baasil-libesti-100ml\/"},"modified":"2026-04-13T10:33:37","modified_gmt":"2026-04-13T07:33:37","slug":"btb-silikooni-baasil-libesti-100ml","status":"publish","type":"product","link":"https:\/\/lustandlove.eu\/et\/toode\/btb-silikooni-baasil-libesti-100ml\/","title":{"rendered":"BTB Silikooni baasil libesti 100ml"},"content":{"rendered":"<p>Kui soovite \u00fclikindlat libisemist, siis see silikoonil p\u00f5hinev s\u00fcnteetiliste koostisosade segul p\u00f5hinev geel tagab kahtlemata parima libisemise, p\u00fcsides sama kaua kui teie! Pikema kestva toime saavutamiseks on intiimsel silikoonil p\u00f5hineval libestil retsept, mis sisaldab v\u00e4hem kui neli komponenti ja ei sisalda \u00fcldse vett.<br \/>\nBack To Basics on paksem ja k\u00f5rgema sametise puudutusega kui teised turul olevad tooted ning tagab kauakestva ja sujuva libisemise, mis on ideaalne k\u00f5rgeima m\u00e4\u00e4rimise saavutamiseks k\u00f5igis konkreetsetes olukordades, mis v\u00f5ivad teie fantaasiat valgustada: vee all (du\u0161i all v\u00f5i vannis) libisemist v\u00e4hendamata v\u00f5i kauakestvaks erootiliseks massaa\u017eiks intiimsetele kohtadele.<\/p>\n","protected":false},"excerpt":{"rendered":"<p>Parim enne 09\/2026<\/p>\n","protected":false},"featured_media":55145,"template":"","meta":[],"product_brand":[4224],"product_cat":[3973,1467,1460,3870,3975],"product_tag":[3868],"class_list":{"0":"post-55175","1":"product","2":"type-product","3":"status-publish","4":"has-post-thumbnail","6":"product_brand-mai-et","7":"product_cat-anaal","8":"product_cat-libestid","9":"product_cat-apteek","10":"product_cat-outlet-et","11":"product_cat-silikooni-baasil","12":"product_tag-outlet-et","13":"pa_brand-mai-et","15":"first","16":"outofstock","17":"sale","18":"taxable","19":"shipping-taxable","20":"purchasable","21":"product-type-simple"},"yoast_head":"<!-- This site is optimized with the Yoast SEO plugin v27.3 - https:\/\/yoast.com\/product\/yoast-seo-wordpress\/ -->\n<title>BTB Silikooni baasil libesti 100ml | Lust and Love<\/title>\n<meta name=\"robots\" content=\"index,follow,max-snippet:-1,max-image-preview:large,max-video-preview:-1\" \/>\n<link rel=\"canonical\" href=\"https:\/\/lustandlove.eu\/et\/toode\/btb-silikooni-baasil-libesti-100ml\/\" \/>\n<meta name=\"twitter:card\" content=\"summary_large_image\" \/>\n<meta name=\"twitter:title\" content=\"BTB Silikooni baasil libesti 100ml | Lust and Love\" \/>\n<meta name=\"twitter:description\" content=\"Parim enne 09\/2026\" \/>\n<meta name=\"twitter:image\" content=\"https:\/\/lustandlove.eu\/wp-content\/uploads\/n12010-btb-silicone-100ml-1.jpg\" \/>\n<meta name=\"twitter:label1\" content=\"Est. reading time\" \/>\n\t<meta name=\"twitter:data1\" content=\"1 minut\" \/>\n<script type=\"application\/ld+json\" class=\"yoast-schema-graph\">{\"@context\":\"https:\\\/\\\/schema.org\",\"@graph\":[{\"@type\":[\"WebPage\",\"ItemPage\"],\"@id\":\"https:\\\/\\\/lustandlove.eu\\\/et\\\/toode\\\/btb-silikooni-baasil-libesti-100ml\\\/\",\"url\":\"https:\\\/\\\/lustandlove.eu\\\/et\\\/toode\\\/btb-silikooni-baasil-libesti-100ml\\\/\",\"name\":\"BTB Silikooni baasil libesti 100ml | Lust and Love\",\"isPartOf\":{\"@id\":\"https:\\\/\\\/lustandlove.eu\\\/et\\\/#website\"},\"primaryImageOfPage\":{\"@id\":\"https:\\\/\\\/lustandlove.eu\\\/et\\\/toode\\\/btb-silikooni-baasil-libesti-100ml\\\/#primaryimage\"},\"image\":{\"@id\":\"https:\\\/\\\/lustandlove.eu\\\/et\\\/toode\\\/btb-silikooni-baasil-libesti-100ml\\\/#primaryimage\"},\"thumbnailUrl\":\"https:\\\/\\\/lustandlove.eu\\\/wp-content\\\/uploads\\\/n12010-btb-silicone-100ml-1.jpg\",\"datePublished\":\"2023-01-30T12:40:37+00:00\",\"dateModified\":\"2026-04-13T07:33:37+00:00\",\"breadcrumb\":{\"@id\":\"https:\\\/\\\/lustandlove.eu\\\/et\\\/toode\\\/btb-silikooni-baasil-libesti-100ml\\\/#breadcrumb\"},\"inLanguage\":\"et\",\"potentialAction\":[{\"@type\":\"ReadAction\",\"target\":[\"https:\\\/\\\/lustandlove.eu\\\/et\\\/toode\\\/btb-silikooni-baasil-libesti-100ml\\\/\"]}]},{\"@type\":\"ImageObject\",\"inLanguage\":\"et\",\"@id\":\"https:\\\/\\\/lustandlove.eu\\\/et\\\/toode\\\/btb-silikooni-baasil-libesti-100ml\\\/#primaryimage\",\"url\":\"https:\\\/\\\/lustandlove.eu\\\/wp-content\\\/uploads\\\/n12010-btb-silicone-100ml-1.jpg\",\"contentUrl\":\"https:\\\/\\\/lustandlove.eu\\\/wp-content\\\/uploads\\\/n12010-btb-silicone-100ml-1.jpg\",\"width\":500,\"height\":500},{\"@type\":\"BreadcrumbList\",\"@id\":\"https:\\\/\\\/lustandlove.eu\\\/et\\\/toode\\\/btb-silikooni-baasil-libesti-100ml\\\/#breadcrumb\",\"itemListElement\":[{\"@type\":\"ListItem\",\"position\":1,\"name\":\"Lust and Love\",\"item\":\"https:\\\/\\\/lustandlove.eu\\\/et\\\/\"},{\"@type\":\"ListItem\",\"position\":2,\"name\":\"Pood\",\"item\":\"https:\\\/\\\/lustandlove.eu\\\/et\\\/pood\\\/\"},{\"@type\":\"ListItem\",\"position\":3,\"name\":\"Libestid ja kehahooldus\",\"item\":\"https:\\\/\\\/lustandlove.eu\\\/et\\\/pood\\\/apteek\\\/\"},{\"@type\":\"ListItem\",\"position\":4,\"name\":\"BTB Silikooni baasil libesti 100ml\"}]},{\"@type\":\"WebSite\",\"@id\":\"https:\\\/\\\/lustandlove.eu\\\/et\\\/#website\",\"url\":\"https:\\\/\\\/lustandlove.eu\\\/et\\\/\",\"name\":\"Lust &amp; Love\",\"description\":\"Online erootikapood tervise, ilu ja armastuse jaoks\",\"publisher\":{\"@id\":\"https:\\\/\\\/lustandlove.eu\\\/et\\\/#organization\"},\"potentialAction\":[{\"@type\":\"SearchAction\",\"target\":{\"@type\":\"EntryPoint\",\"urlTemplate\":\"https:\\\/\\\/lustandlove.eu\\\/et\\\/?s={search_term_string}\"},\"query-input\":{\"@type\":\"PropertyValueSpecification\",\"valueRequired\":true,\"valueName\":\"search_term_string\"}}],\"inLanguage\":\"et\"},{\"@type\":\"Organization\",\"@id\":\"https:\\\/\\\/lustandlove.eu\\\/et\\\/#organization\",\"name\":\"Bioconcept Baltics O\u00dc\",\"url\":\"https:\\\/\\\/lustandlove.eu\\\/et\\\/\",\"logo\":{\"@type\":\"ImageObject\",\"inLanguage\":\"et\",\"@id\":\"https:\\\/\\\/lustandlove.eu\\\/et\\\/#\\\/schema\\\/logo\\\/image\\\/\",\"url\":\"\",\"contentUrl\":\"\",\"caption\":\"Bioconcept Baltics O\u00dc\"},\"image\":{\"@id\":\"https:\\\/\\\/lustandlove.eu\\\/et\\\/#\\\/schema\\\/logo\\\/image\\\/\"},\"sameAs\":[\"https:\\\/\\\/www.facebook.com\\\/LustandLoveEU\\\/\",\"https:\\\/\\\/www.instagram.com\\\/lustandloveeu\\\/\"]}]}<\/script>\n<!-- \/ Yoast SEO plugin. -->","yoast_head_json":{"title":"BTB Silikooni baasil libesti 100ml | Lust and Love","robots":{"index,follow,max-snippet":"index,follow,max-snippet:-1,max-image-preview:large,max-video-preview:-1"},"canonical":"https:\/\/lustandlove.eu\/et\/toode\/btb-silikooni-baasil-libesti-100ml\/","twitter_card":"summary_large_image","twitter_title":"BTB Silikooni baasil libesti 100ml | Lust and Love","twitter_description":"Parim enne 09\/2026","twitter_image":"https:\/\/lustandlove.eu\/wp-content\/uploads\/n12010-btb-silicone-100ml-1.jpg","twitter_misc":{"Est. reading time":"1 minut"},"schema":{"@context":"https:\/\/schema.org","@graph":[{"@type":["WebPage","ItemPage"],"@id":"https:\/\/lustandlove.eu\/et\/toode\/btb-silikooni-baasil-libesti-100ml\/","url":"https:\/\/lustandlove.eu\/et\/toode\/btb-silikooni-baasil-libesti-100ml\/","name":"BTB Silikooni baasil libesti 100ml | Lust and Love","isPartOf":{"@id":"https:\/\/lustandlove.eu\/et\/#website"},"primaryImageOfPage":{"@id":"https:\/\/lustandlove.eu\/et\/toode\/btb-silikooni-baasil-libesti-100ml\/#primaryimage"},"image":{"@id":"https:\/\/lustandlove.eu\/et\/toode\/btb-silikooni-baasil-libesti-100ml\/#primaryimage"},"thumbnailUrl":"https:\/\/lustandlove.eu\/wp-content\/uploads\/n12010-btb-silicone-100ml-1.jpg","datePublished":"2023-01-30T12:40:37+00:00","dateModified":"2026-04-13T07:33:37+00:00","breadcrumb":{"@id":"https:\/\/lustandlove.eu\/et\/toode\/btb-silikooni-baasil-libesti-100ml\/#breadcrumb"},"inLanguage":"et","potentialAction":[{"@type":"ReadAction","target":["https:\/\/lustandlove.eu\/et\/toode\/btb-silikooni-baasil-libesti-100ml\/"]}]},{"@type":"ImageObject","inLanguage":"et","@id":"https:\/\/lustandlove.eu\/et\/toode\/btb-silikooni-baasil-libesti-100ml\/#primaryimage","url":"https:\/\/lustandlove.eu\/wp-content\/uploads\/n12010-btb-silicone-100ml-1.jpg","contentUrl":"https:\/\/lustandlove.eu\/wp-content\/uploads\/n12010-btb-silicone-100ml-1.jpg","width":500,"height":500},{"@type":"BreadcrumbList","@id":"https:\/\/lustandlove.eu\/et\/toode\/btb-silikooni-baasil-libesti-100ml\/#breadcrumb","itemListElement":[{"@type":"ListItem","position":1,"name":"Lust and Love","item":"https:\/\/lustandlove.eu\/et\/"},{"@type":"ListItem","position":2,"name":"Pood","item":"https:\/\/lustandlove.eu\/et\/pood\/"},{"@type":"ListItem","position":3,"name":"Libestid ja kehahooldus","item":"https:\/\/lustandlove.eu\/et\/pood\/apteek\/"},{"@type":"ListItem","position":4,"name":"BTB Silikooni baasil libesti 100ml"}]},{"@type":"WebSite","@id":"https:\/\/lustandlove.eu\/et\/#website","url":"https:\/\/lustandlove.eu\/et\/","name":"Lust &amp; Love","description":"Online erootikapood tervise, ilu ja armastuse jaoks","publisher":{"@id":"https:\/\/lustandlove.eu\/et\/#organization"},"potentialAction":[{"@type":"SearchAction","target":{"@type":"EntryPoint","urlTemplate":"https:\/\/lustandlove.eu\/et\/?s={search_term_string}"},"query-input":{"@type":"PropertyValueSpecification","valueRequired":true,"valueName":"search_term_string"}}],"inLanguage":"et"},{"@type":"Organization","@id":"https:\/\/lustandlove.eu\/et\/#organization","name":"Bioconcept Baltics O\u00dc","url":"https:\/\/lustandlove.eu\/et\/","logo":{"@type":"ImageObject","inLanguage":"et","@id":"https:\/\/lustandlove.eu\/et\/#\/schema\/logo\/image\/","url":"","contentUrl":"","caption":"Bioconcept Baltics O\u00dc"},"image":{"@id":"https:\/\/lustandlove.eu\/et\/#\/schema\/logo\/image\/"},"sameAs":["https:\/\/www.facebook.com\/LustandLoveEU\/","https:\/\/www.instagram.com\/lustandloveeu\/"]}]}},"_links":{"self":[{"href":"https:\/\/lustandlove.eu\/et\/wp-json\/wp\/v2\/product\/55175","targetHints":{"allow":["GET"]}}],"collection":[{"href":"https:\/\/lustandlove.eu\/et\/wp-json\/wp\/v2\/product"}],"about":[{"href":"https:\/\/lustandlove.eu\/et\/wp-json\/wp\/v2\/types\/product"}],"wp:featuredmedia":[{"embeddable":true,"href":"https:\/\/lustandlove.eu\/et\/wp-json\/wp\/v2\/media\/55145"}],"wp:attachment":[{"href":"https:\/\/lustandlove.eu\/et\/wp-json\/wp\/v2\/media?parent=55175"}],"wp:term":[{"taxonomy":"product_brand","embeddable":true,"href":"https:\/\/lustandlove.eu\/et\/wp-json\/wp\/v2\/product_brand?post=55175"},{"taxonomy":"product_cat","embeddable":true,"href":"https:\/\/lustandlove.eu\/et\/wp-json\/wp\/v2\/product_cat?post=55175"},{"taxonomy":"product_tag","embeddable":true,"href":"https:\/\/lustandlove.eu\/et\/wp-json\/wp\/v2\/product_tag?post=55175"}],"curies":[{"name":"wp","href":"https:\/\/api.w.org\/{rel}","templated":true}]}}