{"id":55192,"date":"2023-01-30T14:40:33","date_gmt":"2023-01-30T12:40:33","guid":{"rendered":"https:\/\/www.lustandlove.eu\/product\/soojendav-libesti-atraktsiooniga-mojito-50ml\/"},"modified":"2026-04-13T10:33:40","modified_gmt":"2026-04-13T07:33:40","slug":"soojendav-libesti-atraktsiooniga-mojito-50ml","status":"publish","type":"product","link":"https:\/\/lustandlove.eu\/et\/toode\/soojendav-libesti-atraktsiooniga-mojito-50ml\/","title":{"rendered":"Soojendav libesti atraktsiooniga Mojito 50ml"},"content":{"rendered":"<p>Soojendav libesti Mojito maitsega paneb asjad linade vahele kindlasti k\u00e4ima! Meie vegan retsept t\u00f6\u00f6tati v\u00e4lja intiimseks eelm\u00e4nguks ja suuliseks naudinguks. Intiimsetele piirkondadele kandes annab see maitsev segu k\u00fclmast piparm\u00fcndist, maitsekalt laimist ja \u00f5rna magususest kergelt soojendava tunde.<\/p>\n<p>Afrodisiaagi m\u00f5ju v\u00e4rskeks ja unustamatuks kohtumiseks \u2013 Paljud partnerite masseerimiseks kasutatavad \u00f5lid ei ole midagi sellist, mida tahaks suhu pista, seet\u00f5ttu on need m\u00f5eldud ainult masseerimiseks. Soojendav libesti atraktsiooniga Mojito maitsega on aga ainulaadne massaa\u017ei\u00f5li, mis on v\u00e4ga suudeldav. Teie erootiline massaa\u017e v\u00f5ib kiiresti kasvada auravaks eelm\u00e4nguks v\u00f5i oraalseksiks koos lakkumisega siin ja suudlusega seal.<\/p>\n<p>Iga puudutus on ainulaadne kogemus ja rahustav massaa\u017e on ideaalne l\u00e4henemine uute tunnete tekitamiseks. Puudutus on alati olnud tunne, mis loob sidemeid, l\u00e4hendades inimesi \u00fcksteisele, pannes nad tundma end terviklikuna ja v\u00f5imaldades tundeid otse teie nahal v\u00e4ljendada.<\/p>\n","protected":false},"excerpt":{"rendered":"<p>Parim enne 09\/2026<\/p>\n","protected":false},"featured_media":54946,"template":"","meta":[],"product_brand":[4224],"product_cat":[1467,1460,3870,3976],"product_tag":[3868,3444],"class_list":{"0":"post-55192","1":"product","2":"type-product","3":"status-publish","4":"has-post-thumbnail","6":"product_brand-mai-et","7":"product_cat-libestid","8":"product_cat-apteek","9":"product_cat-outlet-et","10":"product_cat-vee-baasil","11":"product_tag-outlet-et","12":"product_tag-sugis","13":"pa_brand-mai-et","15":"first","16":"instock","17":"sale","18":"taxable","19":"shipping-taxable","20":"purchasable","21":"product-type-simple"},"yoast_head":"<!-- This site is optimized with the Yoast SEO plugin v27.3 - https:\/\/yoast.com\/product\/yoast-seo-wordpress\/ -->\n<title>Soojendav libesti atraktsiooniga Mojito 50ml | Lust and Love<\/title>\n<meta name=\"robots\" content=\"index,follow,max-snippet:-1,max-image-preview:large,max-video-preview:-1\" \/>\n<link rel=\"canonical\" href=\"https:\/\/lustandlove.eu\/et\/toode\/soojendav-libesti-atraktsiooniga-mojito-50ml\/\" \/>\n<meta name=\"twitter:card\" content=\"summary_large_image\" \/>\n<meta name=\"twitter:title\" content=\"Soojendav libesti atraktsiooniga Mojito 50ml | Lust and Love\" \/>\n<meta name=\"twitter:description\" content=\"Parim enne 09\/2026\" \/>\n<meta name=\"twitter:image\" content=\"https:\/\/lustandlove.eu\/wp-content\/uploads\/LT2390-4.jpg\" \/>\n<meta name=\"twitter:label1\" content=\"Est. reading time\" \/>\n\t<meta name=\"twitter:data1\" content=\"1 minut\" \/>\n<script type=\"application\/ld+json\" class=\"yoast-schema-graph\">{\"@context\":\"https:\\\/\\\/schema.org\",\"@graph\":[{\"@type\":[\"WebPage\",\"ItemPage\"],\"@id\":\"https:\\\/\\\/lustandlove.eu\\\/et\\\/toode\\\/soojendav-libesti-atraktsiooniga-mojito-50ml\\\/\",\"url\":\"https:\\\/\\\/lustandlove.eu\\\/et\\\/toode\\\/soojendav-libesti-atraktsiooniga-mojito-50ml\\\/\",\"name\":\"Soojendav libesti atraktsiooniga Mojito 50ml | Lust and Love\",\"isPartOf\":{\"@id\":\"https:\\\/\\\/lustandlove.eu\\\/et\\\/#website\"},\"primaryImageOfPage\":{\"@id\":\"https:\\\/\\\/lustandlove.eu\\\/et\\\/toode\\\/soojendav-libesti-atraktsiooniga-mojito-50ml\\\/#primaryimage\"},\"image\":{\"@id\":\"https:\\\/\\\/lustandlove.eu\\\/et\\\/toode\\\/soojendav-libesti-atraktsiooniga-mojito-50ml\\\/#primaryimage\"},\"thumbnailUrl\":\"https:\\\/\\\/lustandlove.eu\\\/wp-content\\\/uploads\\\/LT2390-4.jpg\",\"datePublished\":\"2023-01-30T12:40:33+00:00\",\"dateModified\":\"2026-04-13T07:33:40+00:00\",\"breadcrumb\":{\"@id\":\"https:\\\/\\\/lustandlove.eu\\\/et\\\/toode\\\/soojendav-libesti-atraktsiooniga-mojito-50ml\\\/#breadcrumb\"},\"inLanguage\":\"et\",\"potentialAction\":[{\"@type\":\"ReadAction\",\"target\":[\"https:\\\/\\\/lustandlove.eu\\\/et\\\/toode\\\/soojendav-libesti-atraktsiooniga-mojito-50ml\\\/\"]}]},{\"@type\":\"ImageObject\",\"inLanguage\":\"et\",\"@id\":\"https:\\\/\\\/lustandlove.eu\\\/et\\\/toode\\\/soojendav-libesti-atraktsiooniga-mojito-50ml\\\/#primaryimage\",\"url\":\"https:\\\/\\\/lustandlove.eu\\\/wp-content\\\/uploads\\\/LT2390-4.jpg\",\"contentUrl\":\"https:\\\/\\\/lustandlove.eu\\\/wp-content\\\/uploads\\\/LT2390-4.jpg\",\"width\":1600,\"height\":1600},{\"@type\":\"BreadcrumbList\",\"@id\":\"https:\\\/\\\/lustandlove.eu\\\/et\\\/toode\\\/soojendav-libesti-atraktsiooniga-mojito-50ml\\\/#breadcrumb\",\"itemListElement\":[{\"@type\":\"ListItem\",\"position\":1,\"name\":\"Lust and Love\",\"item\":\"https:\\\/\\\/lustandlove.eu\\\/et\\\/\"},{\"@type\":\"ListItem\",\"position\":2,\"name\":\"Pood\",\"item\":\"https:\\\/\\\/lustandlove.eu\\\/et\\\/pood\\\/\"},{\"@type\":\"ListItem\",\"position\":3,\"name\":\"Libestid ja kehahooldus\",\"item\":\"https:\\\/\\\/lustandlove.eu\\\/et\\\/pood\\\/apteek\\\/\"},{\"@type\":\"ListItem\",\"position\":4,\"name\":\"Soojendav libesti atraktsiooniga Mojito 50ml\"}]},{\"@type\":\"WebSite\",\"@id\":\"https:\\\/\\\/lustandlove.eu\\\/et\\\/#website\",\"url\":\"https:\\\/\\\/lustandlove.eu\\\/et\\\/\",\"name\":\"Lust &amp; Love\",\"description\":\"Online erootikapood tervise, ilu ja armastuse jaoks\",\"publisher\":{\"@id\":\"https:\\\/\\\/lustandlove.eu\\\/et\\\/#organization\"},\"potentialAction\":[{\"@type\":\"SearchAction\",\"target\":{\"@type\":\"EntryPoint\",\"urlTemplate\":\"https:\\\/\\\/lustandlove.eu\\\/et\\\/?s={search_term_string}\"},\"query-input\":{\"@type\":\"PropertyValueSpecification\",\"valueRequired\":true,\"valueName\":\"search_term_string\"}}],\"inLanguage\":\"et\"},{\"@type\":\"Organization\",\"@id\":\"https:\\\/\\\/lustandlove.eu\\\/et\\\/#organization\",\"name\":\"Bioconcept Baltics O\u00dc\",\"url\":\"https:\\\/\\\/lustandlove.eu\\\/et\\\/\",\"logo\":{\"@type\":\"ImageObject\",\"inLanguage\":\"et\",\"@id\":\"https:\\\/\\\/lustandlove.eu\\\/et\\\/#\\\/schema\\\/logo\\\/image\\\/\",\"url\":\"\",\"contentUrl\":\"\",\"caption\":\"Bioconcept Baltics O\u00dc\"},\"image\":{\"@id\":\"https:\\\/\\\/lustandlove.eu\\\/et\\\/#\\\/schema\\\/logo\\\/image\\\/\"},\"sameAs\":[\"https:\\\/\\\/www.facebook.com\\\/LustandLoveEU\\\/\",\"https:\\\/\\\/www.instagram.com\\\/lustandloveeu\\\/\"]}]}<\/script>\n<!-- \/ Yoast SEO plugin. -->","yoast_head_json":{"title":"Soojendav libesti atraktsiooniga Mojito 50ml | Lust and Love","robots":{"index,follow,max-snippet":"index,follow,max-snippet:-1,max-image-preview:large,max-video-preview:-1"},"canonical":"https:\/\/lustandlove.eu\/et\/toode\/soojendav-libesti-atraktsiooniga-mojito-50ml\/","twitter_card":"summary_large_image","twitter_title":"Soojendav libesti atraktsiooniga Mojito 50ml | Lust and Love","twitter_description":"Parim enne 09\/2026","twitter_image":"https:\/\/lustandlove.eu\/wp-content\/uploads\/LT2390-4.jpg","twitter_misc":{"Est. reading time":"1 minut"},"schema":{"@context":"https:\/\/schema.org","@graph":[{"@type":["WebPage","ItemPage"],"@id":"https:\/\/lustandlove.eu\/et\/toode\/soojendav-libesti-atraktsiooniga-mojito-50ml\/","url":"https:\/\/lustandlove.eu\/et\/toode\/soojendav-libesti-atraktsiooniga-mojito-50ml\/","name":"Soojendav libesti atraktsiooniga Mojito 50ml | Lust and Love","isPartOf":{"@id":"https:\/\/lustandlove.eu\/et\/#website"},"primaryImageOfPage":{"@id":"https:\/\/lustandlove.eu\/et\/toode\/soojendav-libesti-atraktsiooniga-mojito-50ml\/#primaryimage"},"image":{"@id":"https:\/\/lustandlove.eu\/et\/toode\/soojendav-libesti-atraktsiooniga-mojito-50ml\/#primaryimage"},"thumbnailUrl":"https:\/\/lustandlove.eu\/wp-content\/uploads\/LT2390-4.jpg","datePublished":"2023-01-30T12:40:33+00:00","dateModified":"2026-04-13T07:33:40+00:00","breadcrumb":{"@id":"https:\/\/lustandlove.eu\/et\/toode\/soojendav-libesti-atraktsiooniga-mojito-50ml\/#breadcrumb"},"inLanguage":"et","potentialAction":[{"@type":"ReadAction","target":["https:\/\/lustandlove.eu\/et\/toode\/soojendav-libesti-atraktsiooniga-mojito-50ml\/"]}]},{"@type":"ImageObject","inLanguage":"et","@id":"https:\/\/lustandlove.eu\/et\/toode\/soojendav-libesti-atraktsiooniga-mojito-50ml\/#primaryimage","url":"https:\/\/lustandlove.eu\/wp-content\/uploads\/LT2390-4.jpg","contentUrl":"https:\/\/lustandlove.eu\/wp-content\/uploads\/LT2390-4.jpg","width":1600,"height":1600},{"@type":"BreadcrumbList","@id":"https:\/\/lustandlove.eu\/et\/toode\/soojendav-libesti-atraktsiooniga-mojito-50ml\/#breadcrumb","itemListElement":[{"@type":"ListItem","position":1,"name":"Lust and Love","item":"https:\/\/lustandlove.eu\/et\/"},{"@type":"ListItem","position":2,"name":"Pood","item":"https:\/\/lustandlove.eu\/et\/pood\/"},{"@type":"ListItem","position":3,"name":"Libestid ja kehahooldus","item":"https:\/\/lustandlove.eu\/et\/pood\/apteek\/"},{"@type":"ListItem","position":4,"name":"Soojendav libesti atraktsiooniga Mojito 50ml"}]},{"@type":"WebSite","@id":"https:\/\/lustandlove.eu\/et\/#website","url":"https:\/\/lustandlove.eu\/et\/","name":"Lust &amp; Love","description":"Online erootikapood tervise, ilu ja armastuse jaoks","publisher":{"@id":"https:\/\/lustandlove.eu\/et\/#organization"},"potentialAction":[{"@type":"SearchAction","target":{"@type":"EntryPoint","urlTemplate":"https:\/\/lustandlove.eu\/et\/?s={search_term_string}"},"query-input":{"@type":"PropertyValueSpecification","valueRequired":true,"valueName":"search_term_string"}}],"inLanguage":"et"},{"@type":"Organization","@id":"https:\/\/lustandlove.eu\/et\/#organization","name":"Bioconcept Baltics O\u00dc","url":"https:\/\/lustandlove.eu\/et\/","logo":{"@type":"ImageObject","inLanguage":"et","@id":"https:\/\/lustandlove.eu\/et\/#\/schema\/logo\/image\/","url":"","contentUrl":"","caption":"Bioconcept Baltics O\u00dc"},"image":{"@id":"https:\/\/lustandlove.eu\/et\/#\/schema\/logo\/image\/"},"sameAs":["https:\/\/www.facebook.com\/LustandLoveEU\/","https:\/\/www.instagram.com\/lustandloveeu\/"]}]}},"_links":{"self":[{"href":"https:\/\/lustandlove.eu\/et\/wp-json\/wp\/v2\/product\/55192","targetHints":{"allow":["GET"]}}],"collection":[{"href":"https:\/\/lustandlove.eu\/et\/wp-json\/wp\/v2\/product"}],"about":[{"href":"https:\/\/lustandlove.eu\/et\/wp-json\/wp\/v2\/types\/product"}],"wp:featuredmedia":[{"embeddable":true,"href":"https:\/\/lustandlove.eu\/et\/wp-json\/wp\/v2\/media\/54946"}],"wp:attachment":[{"href":"https:\/\/lustandlove.eu\/et\/wp-json\/wp\/v2\/media?parent=55192"}],"wp:term":[{"taxonomy":"product_brand","embeddable":true,"href":"https:\/\/lustandlove.eu\/et\/wp-json\/wp\/v2\/product_brand?post=55192"},{"taxonomy":"product_cat","embeddable":true,"href":"https:\/\/lustandlove.eu\/et\/wp-json\/wp\/v2\/product_cat?post=55192"},{"taxonomy":"product_tag","embeddable":true,"href":"https:\/\/lustandlove.eu\/et\/wp-json\/wp\/v2\/product_tag?post=55192"}],"curies":[{"name":"wp","href":"https:\/\/api.w.org\/{rel}","templated":true}]}}