{"id":55198,"date":"2023-01-30T14:40:33","date_gmt":"2023-01-30T12:40:33","guid":{"rendered":"https:\/\/www.lustandlove.eu\/product\/feromoonide-meelitav-anaallibesti-temale-50ml\/"},"modified":"2026-04-13T10:33:39","modified_gmt":"2026-04-13T07:33:39","slug":"feromoonide-meelitav-anaallibesti-temale-50ml","status":"publish","type":"product","link":"https:\/\/lustandlove.eu\/et\/toode\/feromoonide-meelitav-anaallibesti-temale-50ml\/","title":{"rendered":"Feromoonide meelitav anaallibesti temale 50ml"},"content":{"rendered":"<p>Mai meelitav libesti on feromoonide segu s\u00fcgavaks nautimiseks. Anaallibesti temale suurendab k\u00fclget\u00f5mmet ja iha fantastilise seksi ja orgasmide j\u00e4rele.<\/p>\n<p>S\u00e4ilitage m\u00e4ngimise ajal maksimaalne nauding ja mugavus: pole midagi hullemat, kui peate keset orgasmi peatuma ja uuesti libestit kasutama. Meie feromoonidega anaallibesti temale on \u00fcllatavalt kauakestev ja taasaktiveerub vee v\u00f5i s\u00fclje puudutusega, v\u00f5imaldades teil soovi korral terve \u00f6\u00f6 \u00fcleval olla.<\/p>\n","protected":false},"excerpt":{"rendered":"<p>Parim enne 09\/2026<\/p>\n","protected":false},"featured_media":54966,"template":"","meta":[],"product_brand":[4224],"product_cat":[1467,1460,3870,3976],"product_tag":[3868],"class_list":{"0":"post-55198","1":"product","2":"type-product","3":"status-publish","4":"has-post-thumbnail","6":"product_brand-mai-et","7":"product_cat-libestid","8":"product_cat-apteek","9":"product_cat-outlet-et","10":"product_cat-vee-baasil","11":"product_tag-outlet-et","12":"pa_brand-mai-et","14":"first","15":"instock","16":"sale","17":"taxable","18":"shipping-taxable","19":"purchasable","20":"product-type-simple"},"yoast_head":"<!-- This site is optimized with the Yoast SEO plugin v27.4 - https:\/\/yoast.com\/product\/yoast-seo-wordpress\/ -->\n<title>Feromoonide meelitav anaallibesti temale 50ml | Lust and Love<\/title>\n<meta name=\"robots\" content=\"index,follow,max-snippet:-1,max-image-preview:large,max-video-preview:-1\" \/>\n<link rel=\"canonical\" href=\"https:\/\/lustandlove.eu\/et\/toode\/feromoonide-meelitav-anaallibesti-temale-50ml\/\" \/>\n<script type=\"application\/ld+json\" class=\"yoast-schema-graph\">{\"@context\":\"https:\\\/\\\/schema.org\",\"@graph\":[{\"@type\":[\"WebPage\",\"ItemPage\"],\"@id\":\"https:\\\/\\\/lustandlove.eu\\\/et\\\/toode\\\/feromoonide-meelitav-anaallibesti-temale-50ml\\\/\",\"url\":\"https:\\\/\\\/lustandlove.eu\\\/et\\\/toode\\\/feromoonide-meelitav-anaallibesti-temale-50ml\\\/\",\"name\":\"Feromoonide meelitav anaallibesti temale 50ml | Lust and Love\",\"isPartOf\":{\"@id\":\"https:\\\/\\\/lustandlove.eu\\\/et\\\/#website\"},\"primaryImageOfPage\":{\"@id\":\"https:\\\/\\\/lustandlove.eu\\\/et\\\/toode\\\/feromoonide-meelitav-anaallibesti-temale-50ml\\\/#primaryimage\"},\"image\":{\"@id\":\"https:\\\/\\\/lustandlove.eu\\\/et\\\/toode\\\/feromoonide-meelitav-anaallibesti-temale-50ml\\\/#primaryimage\"},\"thumbnailUrl\":\"https:\\\/\\\/lustandlove.eu\\\/wp-content\\\/uploads\\\/LT2387-4.jpg\",\"datePublished\":\"2023-01-30T12:40:33+00:00\",\"dateModified\":\"2026-04-13T07:33:39+00:00\",\"breadcrumb\":{\"@id\":\"https:\\\/\\\/lustandlove.eu\\\/et\\\/toode\\\/feromoonide-meelitav-anaallibesti-temale-50ml\\\/#breadcrumb\"},\"inLanguage\":\"et\",\"potentialAction\":[{\"@type\":\"ReadAction\",\"target\":[\"https:\\\/\\\/lustandlove.eu\\\/et\\\/toode\\\/feromoonide-meelitav-anaallibesti-temale-50ml\\\/\"]}]},{\"@type\":\"ImageObject\",\"inLanguage\":\"et\",\"@id\":\"https:\\\/\\\/lustandlove.eu\\\/et\\\/toode\\\/feromoonide-meelitav-anaallibesti-temale-50ml\\\/#primaryimage\",\"url\":\"https:\\\/\\\/lustandlove.eu\\\/wp-content\\\/uploads\\\/LT2387-4.jpg\",\"contentUrl\":\"https:\\\/\\\/lustandlove.eu\\\/wp-content\\\/uploads\\\/LT2387-4.jpg\",\"width\":1600,\"height\":1600},{\"@type\":\"BreadcrumbList\",\"@id\":\"https:\\\/\\\/lustandlove.eu\\\/et\\\/toode\\\/feromoonide-meelitav-anaallibesti-temale-50ml\\\/#breadcrumb\",\"itemListElement\":[{\"@type\":\"ListItem\",\"position\":1,\"name\":\"Lust and Love\",\"item\":\"https:\\\/\\\/lustandlove.eu\\\/et\\\/\"},{\"@type\":\"ListItem\",\"position\":2,\"name\":\"Pood\",\"item\":\"https:\\\/\\\/lustandlove.eu\\\/et\\\/pood\\\/\"},{\"@type\":\"ListItem\",\"position\":3,\"name\":\"Libestid ja kehahooldus\",\"item\":\"https:\\\/\\\/lustandlove.eu\\\/et\\\/pood\\\/apteek\\\/\"},{\"@type\":\"ListItem\",\"position\":4,\"name\":\"Feromoonide meelitav anaallibesti temale 50ml\"}]},{\"@type\":\"WebSite\",\"@id\":\"https:\\\/\\\/lustandlove.eu\\\/et\\\/#website\",\"url\":\"https:\\\/\\\/lustandlove.eu\\\/et\\\/\",\"name\":\"Lust & Love\",\"description\":\"Online erootikapood tervise, ilu ja armastuse jaoks\",\"publisher\":{\"@id\":\"https:\\\/\\\/lustandlove.eu\\\/et\\\/#organization\"},\"potentialAction\":[{\"@type\":\"SearchAction\",\"target\":{\"@type\":\"EntryPoint\",\"urlTemplate\":\"https:\\\/\\\/lustandlove.eu\\\/et\\\/?s={search_term_string}\"},\"query-input\":{\"@type\":\"PropertyValueSpecification\",\"valueRequired\":true,\"valueName\":\"search_term_string\"}}],\"inLanguage\":\"et\"},{\"@type\":\"Organization\",\"@id\":\"https:\\\/\\\/lustandlove.eu\\\/et\\\/#organization\",\"name\":\"Bioconcept Baltics O\u00dc\",\"url\":\"https:\\\/\\\/lustandlove.eu\\\/et\\\/\",\"logo\":{\"@type\":\"ImageObject\",\"inLanguage\":\"et\",\"@id\":\"https:\\\/\\\/lustandlove.eu\\\/et\\\/#\\\/schema\\\/logo\\\/image\\\/\",\"url\":\"https:\\\/\\\/lustandlove.eu\\\/wp-content\\\/uploads\\\/logo-full-2.png\",\"contentUrl\":\"https:\\\/\\\/lustandlove.eu\\\/wp-content\\\/uploads\\\/logo-full-2.png\",\"width\":837,\"height\":200,\"caption\":\"Bioconcept Baltics O\u00dc\"},\"image\":{\"@id\":\"https:\\\/\\\/lustandlove.eu\\\/et\\\/#\\\/schema\\\/logo\\\/image\\\/\"},\"sameAs\":[\"https:\\\/\\\/www.facebook.com\\\/LustandLoveEU\\\/\",\"https:\\\/\\\/www.instagram.com\\\/lustandloveeu\\\/\"]}]}<\/script>\n<!-- \/ Yoast SEO plugin. -->","yoast_head_json":{"title":"Feromoonide meelitav anaallibesti temale 50ml | Lust and Love","robots":{"index,follow,max-snippet":"index,follow,max-snippet:-1,max-image-preview:large,max-video-preview:-1"},"canonical":"https:\/\/lustandlove.eu\/et\/toode\/feromoonide-meelitav-anaallibesti-temale-50ml\/","schema":{"@context":"https:\/\/schema.org","@graph":[{"@type":["WebPage","ItemPage"],"@id":"https:\/\/lustandlove.eu\/et\/toode\/feromoonide-meelitav-anaallibesti-temale-50ml\/","url":"https:\/\/lustandlove.eu\/et\/toode\/feromoonide-meelitav-anaallibesti-temale-50ml\/","name":"Feromoonide meelitav anaallibesti temale 50ml | Lust and Love","isPartOf":{"@id":"https:\/\/lustandlove.eu\/et\/#website"},"primaryImageOfPage":{"@id":"https:\/\/lustandlove.eu\/et\/toode\/feromoonide-meelitav-anaallibesti-temale-50ml\/#primaryimage"},"image":{"@id":"https:\/\/lustandlove.eu\/et\/toode\/feromoonide-meelitav-anaallibesti-temale-50ml\/#primaryimage"},"thumbnailUrl":"https:\/\/lustandlove.eu\/wp-content\/uploads\/LT2387-4.jpg","datePublished":"2023-01-30T12:40:33+00:00","dateModified":"2026-04-13T07:33:39+00:00","breadcrumb":{"@id":"https:\/\/lustandlove.eu\/et\/toode\/feromoonide-meelitav-anaallibesti-temale-50ml\/#breadcrumb"},"inLanguage":"et","potentialAction":[{"@type":"ReadAction","target":["https:\/\/lustandlove.eu\/et\/toode\/feromoonide-meelitav-anaallibesti-temale-50ml\/"]}]},{"@type":"ImageObject","inLanguage":"et","@id":"https:\/\/lustandlove.eu\/et\/toode\/feromoonide-meelitav-anaallibesti-temale-50ml\/#primaryimage","url":"https:\/\/lustandlove.eu\/wp-content\/uploads\/LT2387-4.jpg","contentUrl":"https:\/\/lustandlove.eu\/wp-content\/uploads\/LT2387-4.jpg","width":1600,"height":1600},{"@type":"BreadcrumbList","@id":"https:\/\/lustandlove.eu\/et\/toode\/feromoonide-meelitav-anaallibesti-temale-50ml\/#breadcrumb","itemListElement":[{"@type":"ListItem","position":1,"name":"Lust and Love","item":"https:\/\/lustandlove.eu\/et\/"},{"@type":"ListItem","position":2,"name":"Pood","item":"https:\/\/lustandlove.eu\/et\/pood\/"},{"@type":"ListItem","position":3,"name":"Libestid ja kehahooldus","item":"https:\/\/lustandlove.eu\/et\/pood\/apteek\/"},{"@type":"ListItem","position":4,"name":"Feromoonide meelitav anaallibesti temale 50ml"}]},{"@type":"WebSite","@id":"https:\/\/lustandlove.eu\/et\/#website","url":"https:\/\/lustandlove.eu\/et\/","name":"Lust & Love","description":"Online erootikapood tervise, ilu ja armastuse jaoks","publisher":{"@id":"https:\/\/lustandlove.eu\/et\/#organization"},"potentialAction":[{"@type":"SearchAction","target":{"@type":"EntryPoint","urlTemplate":"https:\/\/lustandlove.eu\/et\/?s={search_term_string}"},"query-input":{"@type":"PropertyValueSpecification","valueRequired":true,"valueName":"search_term_string"}}],"inLanguage":"et"},{"@type":"Organization","@id":"https:\/\/lustandlove.eu\/et\/#organization","name":"Bioconcept Baltics O\u00dc","url":"https:\/\/lustandlove.eu\/et\/","logo":{"@type":"ImageObject","inLanguage":"et","@id":"https:\/\/lustandlove.eu\/et\/#\/schema\/logo\/image\/","url":"https:\/\/lustandlove.eu\/wp-content\/uploads\/logo-full-2.png","contentUrl":"https:\/\/lustandlove.eu\/wp-content\/uploads\/logo-full-2.png","width":837,"height":200,"caption":"Bioconcept Baltics O\u00dc"},"image":{"@id":"https:\/\/lustandlove.eu\/et\/#\/schema\/logo\/image\/"},"sameAs":["https:\/\/www.facebook.com\/LustandLoveEU\/","https:\/\/www.instagram.com\/lustandloveeu\/"]}]}},"_links":{"self":[{"href":"https:\/\/lustandlove.eu\/et\/wp-json\/wp\/v2\/product\/55198","targetHints":{"allow":["GET"]}}],"collection":[{"href":"https:\/\/lustandlove.eu\/et\/wp-json\/wp\/v2\/product"}],"about":[{"href":"https:\/\/lustandlove.eu\/et\/wp-json\/wp\/v2\/types\/product"}],"wp:featuredmedia":[{"embeddable":true,"href":"https:\/\/lustandlove.eu\/et\/wp-json\/wp\/v2\/media\/54966"}],"wp:attachment":[{"href":"https:\/\/lustandlove.eu\/et\/wp-json\/wp\/v2\/media?parent=55198"}],"wp:term":[{"taxonomy":"product_brand","embeddable":true,"href":"https:\/\/lustandlove.eu\/et\/wp-json\/wp\/v2\/product_brand?post=55198"},{"taxonomy":"product_cat","embeddable":true,"href":"https:\/\/lustandlove.eu\/et\/wp-json\/wp\/v2\/product_cat?post=55198"},{"taxonomy":"product_tag","embeddable":true,"href":"https:\/\/lustandlove.eu\/et\/wp-json\/wp\/v2\/product_tag?post=55198"}],"curies":[{"name":"wp","href":"https:\/\/api.w.org\/{rel}","templated":true}]}}