{"id":55329,"date":"2023-02-10T10:56:59","date_gmt":"2023-02-10T08:56:59","guid":{"rendered":"https:\/\/www.lustandlove.eu\/?post_type=product&#038;p=55329"},"modified":"2026-04-13T10:33:35","modified_gmt":"2026-04-13T07:33:35","slug":"seks-maakohas","status":"publish","type":"product","link":"https:\/\/lustandlove.eu\/et\/toode\/seks-maakohas\/","title":{"rendered":"Seks Maakohas"},"content":{"rendered":"<div class=\"wpb-content-wrapper\"><p>[vc_row][vc_column][vc_column_text woodmart_inline=&#8221;no&#8221; text_larger=&#8221;no&#8221;]<strong>MIS ON SINU J\u00c4RGMINE SIHTKOHT?<\/strong><br \/>\nKas plaanite koos partneriga romantilist puhkust ja te ei taha plaanidest t\u00fchjaks j\u00e4\u00e4da? Kas soovite anda sellele kauaoodatud reisile elevust? Pakume teile ulakaid ideid, et muuta teie reis unustamatuks.<br \/>\nKas kujutate ette, et te ei kaotaks s\u00e4det reisi ajal ajal, tehes selliseid ulakaid asju nagu n\u00e4iteks puude vahel peitust m\u00e4ngides, ja kui teie partner teid leiab, annate talle tasu?<br \/>\nKui olete seiklushimuline, v\u00f5ite ehk korraldada j\u00f5utrenni, ronida puu otsas v\u00f5i harrastada m\u00f5nda ekstreemspordiala, nagu ronimine, vabalaskumine v\u00f5i kanjonis\u00f5it &#8230;<br \/>\nKuid kui olete romantiline ja soovite l\u00f5\u00f5gastuda, leiate ka selliseid v\u00e4ljakutseid nagu \u00f6\u00f6sel murul lamamine ja t\u00e4htede vaatamine v\u00f5i p\u00e4ikeseloojangut vaatama minemine.<br \/>\nM\u00f5ned neist ja palju muud testid leiate maakohakomplektist, mida te ei lakka nautimast.<br \/>\nV\u00f5tke komplektist kaardid ja korraldage plaanid vastavalt oma soovile. T\u00e4itke oma soovid vahenditega, mida see komplekt teile pakub.<\/p>\n<p>M\u00e4ng sisaldab:<\/p>\n<p>40 \u00fclesandekaarti<br \/>\n1 bullet vibraator<br \/>\n1 Kamasutra t\u00e4ring<br \/>\n1 virsiku ja vahuveini massaa\u017ei\u00f5li kotike (10 ml)<br \/>\n1 maasika-vahukoore kotike (10 ml)<br \/>\n1 vedel naudingut suurendav geeli kotike (2 ml)<\/p>\n<p>See on ideaalne n\u00e4dalavahetuse v\u00f5i \u00fchep\u00e4evareisideks, kauaoodatud reisideks v\u00f5i ka selleks, et anda vaba voli oma fantaasiale, fantaseerides kodust, et olete maal. Selles komplektis sisalduvad l\u00f5busad testid koos t\u00e4ringu, vibraatori ja kotikestega ei j\u00e4ta teid \u00fcksk\u00f5ikseks.<\/p>\n<p>M\u00e4ngu keel: (ES\/EN\/DE\/FR\/NL\/PT)[\/vc_column_text][\/vc_column][\/vc_row]<\/p>\n<\/div>","protected":false},"excerpt":{"rendered":"<p>Plaanite oma partneriga romantilist puhkust ja soovite selle puhkuse sisustada siivutute plaanidega ning lisada juurde p\u00f5nevust?<\/p>\n","protected":false},"featured_media":55331,"template":"","meta":[],"product_brand":[4239],"product_cat":[4009,4012],"product_tag":[3654,3013,3014],"class_list":{"0":"post-55329","1":"product","2":"type-product","3":"status-publish","4":"has-post-thumbnail","6":"product_brand-secret-play-et","7":"product_cat-lobu-mangud","8":"product_cat-reisikomplektid","9":"product_tag-reisiks","10":"product_tag-secret-play-et","11":"product_tag-secretplay-et","12":"pa_brand-secret-play-et","14":"first","15":"instock","16":"taxable","17":"shipping-taxable","18":"purchasable","19":"product-type-simple"},"yoast_head":"<!-- This site is optimized with the Yoast SEO plugin v27.3 - https:\/\/yoast.com\/product\/yoast-seo-wordpress\/ -->\n<title>Seks Maakohas | Lust and Love<\/title>\n<meta name=\"robots\" content=\"index,follow,max-snippet:-1,max-image-preview:large,max-video-preview:-1\" \/>\n<link rel=\"canonical\" href=\"https:\/\/lustandlove.eu\/et\/toode\/seks-maakohas\/\" \/>\n<meta name=\"twitter:card\" content=\"summary_large_image\" \/>\n<meta name=\"twitter:title\" content=\"Seks Maakohas | Lust and Love\" \/>\n<meta name=\"twitter:description\" content=\"Plaanite oma partneriga romantilist puhkust ja soovite selle puhkuse sisustada siivutute plaanidega ning lisada juurde p\u00f5nevust?\" \/>\n<meta name=\"twitter:image\" content=\"https:\/\/lustandlove.eu\/wp-content\/uploads\/image-6-1.jpg\" \/>\n<meta name=\"twitter:label1\" content=\"Est. reading time\" \/>\n\t<meta name=\"twitter:data1\" content=\"1 minut\" \/>\n<script type=\"application\/ld+json\" class=\"yoast-schema-graph\">{\"@context\":\"https:\\\/\\\/schema.org\",\"@graph\":[{\"@type\":[\"WebPage\",\"ItemPage\"],\"@id\":\"https:\\\/\\\/lustandlove.eu\\\/et\\\/toode\\\/seks-maakohas\\\/\",\"url\":\"https:\\\/\\\/lustandlove.eu\\\/et\\\/toode\\\/seks-maakohas\\\/\",\"name\":\"Seks Maakohas | Lust and Love\",\"isPartOf\":{\"@id\":\"https:\\\/\\\/lustandlove.eu\\\/et\\\/#website\"},\"primaryImageOfPage\":{\"@id\":\"https:\\\/\\\/lustandlove.eu\\\/et\\\/toode\\\/seks-maakohas\\\/#primaryimage\"},\"image\":{\"@id\":\"https:\\\/\\\/lustandlove.eu\\\/et\\\/toode\\\/seks-maakohas\\\/#primaryimage\"},\"thumbnailUrl\":\"https:\\\/\\\/lustandlove.eu\\\/wp-content\\\/uploads\\\/image-6-1.jpg\",\"datePublished\":\"2023-02-10T08:56:59+00:00\",\"dateModified\":\"2026-04-13T07:33:35+00:00\",\"breadcrumb\":{\"@id\":\"https:\\\/\\\/lustandlove.eu\\\/et\\\/toode\\\/seks-maakohas\\\/#breadcrumb\"},\"inLanguage\":\"et\",\"potentialAction\":[{\"@type\":\"ReadAction\",\"target\":[\"https:\\\/\\\/lustandlove.eu\\\/et\\\/toode\\\/seks-maakohas\\\/\"]}]},{\"@type\":\"ImageObject\",\"inLanguage\":\"et\",\"@id\":\"https:\\\/\\\/lustandlove.eu\\\/et\\\/toode\\\/seks-maakohas\\\/#primaryimage\",\"url\":\"https:\\\/\\\/lustandlove.eu\\\/wp-content\\\/uploads\\\/image-6-1.jpg\",\"contentUrl\":\"https:\\\/\\\/lustandlove.eu\\\/wp-content\\\/uploads\\\/image-6-1.jpg\",\"width\":1000,\"height\":1000},{\"@type\":\"BreadcrumbList\",\"@id\":\"https:\\\/\\\/lustandlove.eu\\\/et\\\/toode\\\/seks-maakohas\\\/#breadcrumb\",\"itemListElement\":[{\"@type\":\"ListItem\",\"position\":1,\"name\":\"Lust and Love\",\"item\":\"https:\\\/\\\/lustandlove.eu\\\/et\\\/\"},{\"@type\":\"ListItem\",\"position\":2,\"name\":\"Pood\",\"item\":\"https:\\\/\\\/lustandlove.eu\\\/et\\\/pood\\\/\"},{\"@type\":\"ListItem\",\"position\":3,\"name\":\"L\u00f5bu &amp; M\u00e4ngud\",\"item\":\"https:\\\/\\\/lustandlove.eu\\\/et\\\/pood\\\/lobu-mangud\\\/\"},{\"@type\":\"ListItem\",\"position\":4,\"name\":\"Reisikomplektid\",\"item\":\"https:\\\/\\\/lustandlove.eu\\\/et\\\/pood\\\/lobu-mangud\\\/reisikomplektid\\\/\"},{\"@type\":\"ListItem\",\"position\":5,\"name\":\"Seks Maakohas\"}]},{\"@type\":\"WebSite\",\"@id\":\"https:\\\/\\\/lustandlove.eu\\\/et\\\/#website\",\"url\":\"https:\\\/\\\/lustandlove.eu\\\/et\\\/\",\"name\":\"Lust &amp; Love\",\"description\":\"Online erootikapood tervise, ilu ja armastuse jaoks\",\"publisher\":{\"@id\":\"https:\\\/\\\/lustandlove.eu\\\/et\\\/#organization\"},\"potentialAction\":[{\"@type\":\"SearchAction\",\"target\":{\"@type\":\"EntryPoint\",\"urlTemplate\":\"https:\\\/\\\/lustandlove.eu\\\/et\\\/?s={search_term_string}\"},\"query-input\":{\"@type\":\"PropertyValueSpecification\",\"valueRequired\":true,\"valueName\":\"search_term_string\"}}],\"inLanguage\":\"et\"},{\"@type\":\"Organization\",\"@id\":\"https:\\\/\\\/lustandlove.eu\\\/et\\\/#organization\",\"name\":\"Bioconcept Baltics O\u00dc\",\"url\":\"https:\\\/\\\/lustandlove.eu\\\/et\\\/\",\"logo\":{\"@type\":\"ImageObject\",\"inLanguage\":\"et\",\"@id\":\"https:\\\/\\\/lustandlove.eu\\\/et\\\/#\\\/schema\\\/logo\\\/image\\\/\",\"url\":\"\",\"contentUrl\":\"\",\"caption\":\"Bioconcept Baltics O\u00dc\"},\"image\":{\"@id\":\"https:\\\/\\\/lustandlove.eu\\\/et\\\/#\\\/schema\\\/logo\\\/image\\\/\"},\"sameAs\":[\"https:\\\/\\\/www.facebook.com\\\/LustandLoveEU\\\/\",\"https:\\\/\\\/www.instagram.com\\\/lustandloveeu\\\/\"]}]}<\/script>\n<!-- \/ Yoast SEO plugin. -->","yoast_head_json":{"title":"Seks Maakohas | Lust and Love","robots":{"index,follow,max-snippet":"index,follow,max-snippet:-1,max-image-preview:large,max-video-preview:-1"},"canonical":"https:\/\/lustandlove.eu\/et\/toode\/seks-maakohas\/","twitter_card":"summary_large_image","twitter_title":"Seks Maakohas | Lust and Love","twitter_description":"Plaanite oma partneriga romantilist puhkust ja soovite selle puhkuse sisustada siivutute plaanidega ning lisada juurde p\u00f5nevust?","twitter_image":"https:\/\/lustandlove.eu\/wp-content\/uploads\/image-6-1.jpg","twitter_misc":{"Est. reading time":"1 minut"},"schema":{"@context":"https:\/\/schema.org","@graph":[{"@type":["WebPage","ItemPage"],"@id":"https:\/\/lustandlove.eu\/et\/toode\/seks-maakohas\/","url":"https:\/\/lustandlove.eu\/et\/toode\/seks-maakohas\/","name":"Seks Maakohas | Lust and Love","isPartOf":{"@id":"https:\/\/lustandlove.eu\/et\/#website"},"primaryImageOfPage":{"@id":"https:\/\/lustandlove.eu\/et\/toode\/seks-maakohas\/#primaryimage"},"image":{"@id":"https:\/\/lustandlove.eu\/et\/toode\/seks-maakohas\/#primaryimage"},"thumbnailUrl":"https:\/\/lustandlove.eu\/wp-content\/uploads\/image-6-1.jpg","datePublished":"2023-02-10T08:56:59+00:00","dateModified":"2026-04-13T07:33:35+00:00","breadcrumb":{"@id":"https:\/\/lustandlove.eu\/et\/toode\/seks-maakohas\/#breadcrumb"},"inLanguage":"et","potentialAction":[{"@type":"ReadAction","target":["https:\/\/lustandlove.eu\/et\/toode\/seks-maakohas\/"]}]},{"@type":"ImageObject","inLanguage":"et","@id":"https:\/\/lustandlove.eu\/et\/toode\/seks-maakohas\/#primaryimage","url":"https:\/\/lustandlove.eu\/wp-content\/uploads\/image-6-1.jpg","contentUrl":"https:\/\/lustandlove.eu\/wp-content\/uploads\/image-6-1.jpg","width":1000,"height":1000},{"@type":"BreadcrumbList","@id":"https:\/\/lustandlove.eu\/et\/toode\/seks-maakohas\/#breadcrumb","itemListElement":[{"@type":"ListItem","position":1,"name":"Lust and Love","item":"https:\/\/lustandlove.eu\/et\/"},{"@type":"ListItem","position":2,"name":"Pood","item":"https:\/\/lustandlove.eu\/et\/pood\/"},{"@type":"ListItem","position":3,"name":"L\u00f5bu &amp; M\u00e4ngud","item":"https:\/\/lustandlove.eu\/et\/pood\/lobu-mangud\/"},{"@type":"ListItem","position":4,"name":"Reisikomplektid","item":"https:\/\/lustandlove.eu\/et\/pood\/lobu-mangud\/reisikomplektid\/"},{"@type":"ListItem","position":5,"name":"Seks Maakohas"}]},{"@type":"WebSite","@id":"https:\/\/lustandlove.eu\/et\/#website","url":"https:\/\/lustandlove.eu\/et\/","name":"Lust &amp; Love","description":"Online erootikapood tervise, ilu ja armastuse jaoks","publisher":{"@id":"https:\/\/lustandlove.eu\/et\/#organization"},"potentialAction":[{"@type":"SearchAction","target":{"@type":"EntryPoint","urlTemplate":"https:\/\/lustandlove.eu\/et\/?s={search_term_string}"},"query-input":{"@type":"PropertyValueSpecification","valueRequired":true,"valueName":"search_term_string"}}],"inLanguage":"et"},{"@type":"Organization","@id":"https:\/\/lustandlove.eu\/et\/#organization","name":"Bioconcept Baltics O\u00dc","url":"https:\/\/lustandlove.eu\/et\/","logo":{"@type":"ImageObject","inLanguage":"et","@id":"https:\/\/lustandlove.eu\/et\/#\/schema\/logo\/image\/","url":"","contentUrl":"","caption":"Bioconcept Baltics O\u00dc"},"image":{"@id":"https:\/\/lustandlove.eu\/et\/#\/schema\/logo\/image\/"},"sameAs":["https:\/\/www.facebook.com\/LustandLoveEU\/","https:\/\/www.instagram.com\/lustandloveeu\/"]}]}},"_links":{"self":[{"href":"https:\/\/lustandlove.eu\/et\/wp-json\/wp\/v2\/product\/55329","targetHints":{"allow":["GET"]}}],"collection":[{"href":"https:\/\/lustandlove.eu\/et\/wp-json\/wp\/v2\/product"}],"about":[{"href":"https:\/\/lustandlove.eu\/et\/wp-json\/wp\/v2\/types\/product"}],"wp:featuredmedia":[{"embeddable":true,"href":"https:\/\/lustandlove.eu\/et\/wp-json\/wp\/v2\/media\/55331"}],"wp:attachment":[{"href":"https:\/\/lustandlove.eu\/et\/wp-json\/wp\/v2\/media?parent=55329"}],"wp:term":[{"taxonomy":"product_brand","embeddable":true,"href":"https:\/\/lustandlove.eu\/et\/wp-json\/wp\/v2\/product_brand?post=55329"},{"taxonomy":"product_cat","embeddable":true,"href":"https:\/\/lustandlove.eu\/et\/wp-json\/wp\/v2\/product_cat?post=55329"},{"taxonomy":"product_tag","embeddable":true,"href":"https:\/\/lustandlove.eu\/et\/wp-json\/wp\/v2\/product_tag?post=55329"}],"curies":[{"name":"wp","href":"https:\/\/api.w.org\/{rel}","templated":true}]}}