{"id":55367,"date":"2023-02-13T14:58:30","date_gmt":"2023-02-13T12:58:41","guid":{"rendered":"https:\/\/www.lustandlove.eu\/?post_type=product&#038;p=55367"},"modified":"2026-04-13T10:33:35","modified_gmt":"2026-04-13T07:33:35","slug":"comze-strap-on-dildo-stimuleeriva-pohjaga","status":"publish","type":"product","link":"https:\/\/lustandlove.eu\/et\/toode\/comze-strap-on-dildo-stimuleeriva-pohjaga\/","title":{"rendered":"Comze strap-on dildo stimuleeriva p\u00f5hjaga"},"content":{"rendered":"<div class=\"wpb-content-wrapper\"><p>[vc_row][vc_column][vc_column_text woodmart_inline=&#8221;no&#8221; text_larger=&#8221;no&#8221;]<br \/>\nT\u00e4histame mittebinaarset ja mittespetsiifilist sugu, asendades Her uue Zee-ga. Tunneme, et meie LGBTQ kogukonnas peavad k\u00f5ik esindatud olema. Meie lesbidest ja transliikmetest koosnev meeskond disainib uhkusega mittebinaarseid ja mitte-soop\u00f5hiseid m\u00e4nguasju. Selle lelu aluseks on eriline pehme kontuuriga p\u00f5hi, mis on keskelt k\u00f5rgendatud, et see saaks kandja kliitoriga tugevamalt kokku puutuda, pakkudes m\u00e4nguasja kandjale t\u00e4iendavat naudingut ning tema partnerile r\u00f5\u00f5mu. Need m\u00e4nguasjad sobivad Jocki v\u00f5i Wet For Her Brief Strap&#8217;i rakmete k\u00fclge.<\/p>\n<p>Dildo sisestatava poole alumine osa on veidi suurema \u00fcmberm\u00f5\u00f5duga kui meie teistel dildodel, mis annab m\u00f5nele vastuv\u00f5tjale parema t\u00e4istunde.<\/p>\n<p>K\u00f5ik Wet For Her disainitud tooted on ergonoomiliselt meeldivad ja ebarealistlikud, ning Wet For Her enda poolt valmistatud dildod on valmistatud 100% meditsiinilisest silikoonist, mis on puudutamisel siidiselt pehme ja mis k\u00f5ige t\u00e4htsam, kehakindel nii andjale kui ka saajale!<\/p>\n<p>M\u00f5\u00f5dud:<\/p>\n<p>Pikkus: 7,3&#8243; \/ 18,5 cm<br \/>\nSisestatav pikkus: 5,7&#8243; \/ 14,5 cm<br \/>\nL\u00e4bim\u00f5\u00f5t: 1,4&#8243; \/ 3,5 cm<\/p>\n<p>[\/vc_column_text][\/vc_column][\/vc_row]<\/p>\n<\/div>","protected":false},"excerpt":{"rendered":"<p>T\u00e4histame mittebinaarset ja mittespetsiifilist sugu, asendades Her uue Zee-ga. Tunneme, et meie LGBTQ kogukonnas peavad k\u00f5ik esindatud olema. Meie lesbidest ja transliikmetest koosnev meeskond disainib uhkusega mittebinaarseid ja mitte-soop\u00f5hiseid m\u00e4nguasju.<\/p>\n","protected":false},"featured_media":55391,"template":"","meta":[],"product_brand":[4246],"product_cat":[1485,1496,1484,4066,1499],"product_tag":[3388],"class_list":{"0":"post-55367","1":"product","2":"type-product","3":"status-publish","4":"has-post-thumbnail","6":"product_brand-wet-for-her-et","7":"product_cat-dildod","8":"product_cat-lgbtq-et","9":"product_cat-sekslelud","10":"product_cat-strap-on-et","11":"product_cat-strap-on-dildod","12":"product_tag-pride-et","13":"pa_brand-wet-for-her-et","15":"first","16":"instock","17":"taxable","18":"shipping-taxable","19":"purchasable","20":"product-type-variable"},"yoast_head":"<!-- This site is optimized with the Yoast SEO plugin v27.3 - https:\/\/yoast.com\/product\/yoast-seo-wordpress\/ -->\n<title>Comze strap-on dildo stimuleeriva p\u00f5hjaga | Lust&amp;Love Sex Shop<\/title>\n<meta name=\"description\" content=\"T\u00e4histame mittebinaarset ja mittespetsiifilist sugu, asendades Her uue Zee-ga. Tunneme, et meie LGBTQ kogukonnas peavad k\u00f5ik esindatud olema. Meie lesbidest ja transliikmetest koosnev meeskond disainib uhkusega mittebinaarseid ja mitte-soop\u00f5hiseid m\u00e4nguasju\" \/>\n<meta name=\"robots\" content=\"index,follow,max-snippet:-1,max-image-preview:large,max-video-preview:-1\" \/>\n<link rel=\"canonical\" href=\"https:\/\/lustandlove.eu\/et\/toode\/comze-strap-on-dildo-stimuleeriva-pohjaga\/\" \/>\n<meta name=\"twitter:card\" content=\"summary_large_image\" \/>\n<meta name=\"twitter:title\" content=\"Comze strap-on dildo stimuleeriva p\u00f5hjaga | Lust&amp;Love Sex Shop\" \/>\n<meta name=\"twitter:description\" content=\"T\u00e4histame mittebinaarset ja mittespetsiifilist sugu, asendades Her uue Zee-ga. Tunneme, et meie LGBTQ kogukonnas peavad k\u00f5ik esindatud olema. Meie lesbidest ja transliikmetest koosnev meeskond disainib uhkusega mittebinaarseid ja mitte-soop\u00f5hiseid m\u00e4nguasju\" \/>\n<meta name=\"twitter:image\" content=\"https:\/\/lustandlove.eu\/wp-content\/uploads\/comze-front_2.webp\" \/>\n<meta name=\"twitter:label1\" content=\"Est. reading time\" \/>\n\t<meta name=\"twitter:data1\" content=\"2 minutit\" \/>\n<script type=\"application\/ld+json\" class=\"yoast-schema-graph\">{\"@context\":\"https:\\\/\\\/schema.org\",\"@graph\":[{\"@type\":[\"WebPage\",\"ItemPage\"],\"@id\":\"https:\\\/\\\/lustandlove.eu\\\/et\\\/toode\\\/comze-strap-on-dildo-stimuleeriva-pohjaga\\\/\",\"url\":\"https:\\\/\\\/lustandlove.eu\\\/et\\\/toode\\\/comze-strap-on-dildo-stimuleeriva-pohjaga\\\/\",\"name\":\"Comze strap-on dildo stimuleeriva p\u00f5hjaga | Lust&Love Sex Shop\",\"isPartOf\":{\"@id\":\"https:\\\/\\\/lustandlove.eu\\\/et\\\/#website\"},\"primaryImageOfPage\":{\"@id\":\"https:\\\/\\\/lustandlove.eu\\\/et\\\/toode\\\/comze-strap-on-dildo-stimuleeriva-pohjaga\\\/#primaryimage\"},\"image\":{\"@id\":\"https:\\\/\\\/lustandlove.eu\\\/et\\\/toode\\\/comze-strap-on-dildo-stimuleeriva-pohjaga\\\/#primaryimage\"},\"thumbnailUrl\":\"https:\\\/\\\/lustandlove.eu\\\/wp-content\\\/uploads\\\/comze-front_2.webp\",\"datePublished\":\"2023-02-13T12:58:41+00:00\",\"dateModified\":\"2026-04-13T07:33:35+00:00\",\"description\":\"T\u00e4histame mittebinaarset ja mittespetsiifilist sugu, asendades Her uue Zee-ga. Tunneme, et meie LGBTQ kogukonnas peavad k\u00f5ik esindatud olema. Meie lesbidest ja transliikmetest koosnev meeskond disainib uhkusega mittebinaarseid ja mitte-soop\u00f5hiseid m\u00e4nguasju\",\"breadcrumb\":{\"@id\":\"https:\\\/\\\/lustandlove.eu\\\/et\\\/toode\\\/comze-strap-on-dildo-stimuleeriva-pohjaga\\\/#breadcrumb\"},\"inLanguage\":\"et\",\"potentialAction\":[{\"@type\":\"ReadAction\",\"target\":[\"https:\\\/\\\/lustandlove.eu\\\/et\\\/toode\\\/comze-strap-on-dildo-stimuleeriva-pohjaga\\\/\"]}]},{\"@type\":\"ImageObject\",\"inLanguage\":\"et\",\"@id\":\"https:\\\/\\\/lustandlove.eu\\\/et\\\/toode\\\/comze-strap-on-dildo-stimuleeriva-pohjaga\\\/#primaryimage\",\"url\":\"https:\\\/\\\/lustandlove.eu\\\/wp-content\\\/uploads\\\/comze-front_2.webp\",\"contentUrl\":\"https:\\\/\\\/lustandlove.eu\\\/wp-content\\\/uploads\\\/comze-front_2.webp\",\"width\":1200,\"height\":1200},{\"@type\":\"BreadcrumbList\",\"@id\":\"https:\\\/\\\/lustandlove.eu\\\/et\\\/toode\\\/comze-strap-on-dildo-stimuleeriva-pohjaga\\\/#breadcrumb\",\"itemListElement\":[{\"@type\":\"ListItem\",\"position\":1,\"name\":\"Lust and Love\",\"item\":\"https:\\\/\\\/lustandlove.eu\\\/et\\\/\"},{\"@type\":\"ListItem\",\"position\":2,\"name\":\"Pood\",\"item\":\"https:\\\/\\\/lustandlove.eu\\\/et\\\/pood\\\/\"},{\"@type\":\"ListItem\",\"position\":3,\"name\":\"Sekslelud\",\"item\":\"https:\\\/\\\/lustandlove.eu\\\/et\\\/pood\\\/sekslelud\\\/\"},{\"@type\":\"ListItem\",\"position\":4,\"name\":\"LGBTQ\",\"item\":\"https:\\\/\\\/lustandlove.eu\\\/et\\\/pood\\\/sekslelud\\\/lgbtq-et\\\/\"},{\"@type\":\"ListItem\",\"position\":5,\"name\":\"Comze strap-on dildo stimuleeriva p\u00f5hjaga\"}]},{\"@type\":\"WebSite\",\"@id\":\"https:\\\/\\\/lustandlove.eu\\\/et\\\/#website\",\"url\":\"https:\\\/\\\/lustandlove.eu\\\/et\\\/\",\"name\":\"Lust &amp; Love\",\"description\":\"Online erootikapood tervise, ilu ja armastuse jaoks\",\"publisher\":{\"@id\":\"https:\\\/\\\/lustandlove.eu\\\/et\\\/#organization\"},\"potentialAction\":[{\"@type\":\"SearchAction\",\"target\":{\"@type\":\"EntryPoint\",\"urlTemplate\":\"https:\\\/\\\/lustandlove.eu\\\/et\\\/?s={search_term_string}\"},\"query-input\":{\"@type\":\"PropertyValueSpecification\",\"valueRequired\":true,\"valueName\":\"search_term_string\"}}],\"inLanguage\":\"et\"},{\"@type\":\"Organization\",\"@id\":\"https:\\\/\\\/lustandlove.eu\\\/et\\\/#organization\",\"name\":\"Bioconcept Baltics O\u00dc\",\"url\":\"https:\\\/\\\/lustandlove.eu\\\/et\\\/\",\"logo\":{\"@type\":\"ImageObject\",\"inLanguage\":\"et\",\"@id\":\"https:\\\/\\\/lustandlove.eu\\\/et\\\/#\\\/schema\\\/logo\\\/image\\\/\",\"url\":\"\",\"contentUrl\":\"\",\"caption\":\"Bioconcept Baltics O\u00dc\"},\"image\":{\"@id\":\"https:\\\/\\\/lustandlove.eu\\\/et\\\/#\\\/schema\\\/logo\\\/image\\\/\"},\"sameAs\":[\"https:\\\/\\\/www.facebook.com\\\/LustandLoveEU\\\/\",\"https:\\\/\\\/www.instagram.com\\\/lustandloveeu\\\/\"]}]}<\/script>\n<!-- \/ Yoast SEO plugin. -->","yoast_head_json":{"title":"Comze strap-on dildo stimuleeriva p\u00f5hjaga | Lust&Love Sex Shop","description":"T\u00e4histame mittebinaarset ja mittespetsiifilist sugu, asendades Her uue Zee-ga. Tunneme, et meie LGBTQ kogukonnas peavad k\u00f5ik esindatud olema. Meie lesbidest ja transliikmetest koosnev meeskond disainib uhkusega mittebinaarseid ja mitte-soop\u00f5hiseid m\u00e4nguasju","robots":{"index,follow,max-snippet":"index,follow,max-snippet:-1,max-image-preview:large,max-video-preview:-1"},"canonical":"https:\/\/lustandlove.eu\/et\/toode\/comze-strap-on-dildo-stimuleeriva-pohjaga\/","twitter_card":"summary_large_image","twitter_title":"Comze strap-on dildo stimuleeriva p\u00f5hjaga | Lust&Love Sex Shop","twitter_description":"T\u00e4histame mittebinaarset ja mittespetsiifilist sugu, asendades Her uue Zee-ga. Tunneme, et meie LGBTQ kogukonnas peavad k\u00f5ik esindatud olema. Meie lesbidest ja transliikmetest koosnev meeskond disainib uhkusega mittebinaarseid ja mitte-soop\u00f5hiseid m\u00e4nguasju","twitter_image":"https:\/\/lustandlove.eu\/wp-content\/uploads\/comze-front_2.webp","twitter_misc":{"Est. reading time":"2 minutit"},"schema":{"@context":"https:\/\/schema.org","@graph":[{"@type":["WebPage","ItemPage"],"@id":"https:\/\/lustandlove.eu\/et\/toode\/comze-strap-on-dildo-stimuleeriva-pohjaga\/","url":"https:\/\/lustandlove.eu\/et\/toode\/comze-strap-on-dildo-stimuleeriva-pohjaga\/","name":"Comze strap-on dildo stimuleeriva p\u00f5hjaga | Lust&Love Sex Shop","isPartOf":{"@id":"https:\/\/lustandlove.eu\/et\/#website"},"primaryImageOfPage":{"@id":"https:\/\/lustandlove.eu\/et\/toode\/comze-strap-on-dildo-stimuleeriva-pohjaga\/#primaryimage"},"image":{"@id":"https:\/\/lustandlove.eu\/et\/toode\/comze-strap-on-dildo-stimuleeriva-pohjaga\/#primaryimage"},"thumbnailUrl":"https:\/\/lustandlove.eu\/wp-content\/uploads\/comze-front_2.webp","datePublished":"2023-02-13T12:58:41+00:00","dateModified":"2026-04-13T07:33:35+00:00","description":"T\u00e4histame mittebinaarset ja mittespetsiifilist sugu, asendades Her uue Zee-ga. Tunneme, et meie LGBTQ kogukonnas peavad k\u00f5ik esindatud olema. Meie lesbidest ja transliikmetest koosnev meeskond disainib uhkusega mittebinaarseid ja mitte-soop\u00f5hiseid m\u00e4nguasju","breadcrumb":{"@id":"https:\/\/lustandlove.eu\/et\/toode\/comze-strap-on-dildo-stimuleeriva-pohjaga\/#breadcrumb"},"inLanguage":"et","potentialAction":[{"@type":"ReadAction","target":["https:\/\/lustandlove.eu\/et\/toode\/comze-strap-on-dildo-stimuleeriva-pohjaga\/"]}]},{"@type":"ImageObject","inLanguage":"et","@id":"https:\/\/lustandlove.eu\/et\/toode\/comze-strap-on-dildo-stimuleeriva-pohjaga\/#primaryimage","url":"https:\/\/lustandlove.eu\/wp-content\/uploads\/comze-front_2.webp","contentUrl":"https:\/\/lustandlove.eu\/wp-content\/uploads\/comze-front_2.webp","width":1200,"height":1200},{"@type":"BreadcrumbList","@id":"https:\/\/lustandlove.eu\/et\/toode\/comze-strap-on-dildo-stimuleeriva-pohjaga\/#breadcrumb","itemListElement":[{"@type":"ListItem","position":1,"name":"Lust and Love","item":"https:\/\/lustandlove.eu\/et\/"},{"@type":"ListItem","position":2,"name":"Pood","item":"https:\/\/lustandlove.eu\/et\/pood\/"},{"@type":"ListItem","position":3,"name":"Sekslelud","item":"https:\/\/lustandlove.eu\/et\/pood\/sekslelud\/"},{"@type":"ListItem","position":4,"name":"LGBTQ","item":"https:\/\/lustandlove.eu\/et\/pood\/sekslelud\/lgbtq-et\/"},{"@type":"ListItem","position":5,"name":"Comze strap-on dildo stimuleeriva p\u00f5hjaga"}]},{"@type":"WebSite","@id":"https:\/\/lustandlove.eu\/et\/#website","url":"https:\/\/lustandlove.eu\/et\/","name":"Lust &amp; Love","description":"Online erootikapood tervise, ilu ja armastuse jaoks","publisher":{"@id":"https:\/\/lustandlove.eu\/et\/#organization"},"potentialAction":[{"@type":"SearchAction","target":{"@type":"EntryPoint","urlTemplate":"https:\/\/lustandlove.eu\/et\/?s={search_term_string}"},"query-input":{"@type":"PropertyValueSpecification","valueRequired":true,"valueName":"search_term_string"}}],"inLanguage":"et"},{"@type":"Organization","@id":"https:\/\/lustandlove.eu\/et\/#organization","name":"Bioconcept Baltics O\u00dc","url":"https:\/\/lustandlove.eu\/et\/","logo":{"@type":"ImageObject","inLanguage":"et","@id":"https:\/\/lustandlove.eu\/et\/#\/schema\/logo\/image\/","url":"","contentUrl":"","caption":"Bioconcept Baltics O\u00dc"},"image":{"@id":"https:\/\/lustandlove.eu\/et\/#\/schema\/logo\/image\/"},"sameAs":["https:\/\/www.facebook.com\/LustandLoveEU\/","https:\/\/www.instagram.com\/lustandloveeu\/"]}]}},"_links":{"self":[{"href":"https:\/\/lustandlove.eu\/et\/wp-json\/wp\/v2\/product\/55367","targetHints":{"allow":["GET"]}}],"collection":[{"href":"https:\/\/lustandlove.eu\/et\/wp-json\/wp\/v2\/product"}],"about":[{"href":"https:\/\/lustandlove.eu\/et\/wp-json\/wp\/v2\/types\/product"}],"wp:featuredmedia":[{"embeddable":true,"href":"https:\/\/lustandlove.eu\/et\/wp-json\/wp\/v2\/media\/55391"}],"wp:attachment":[{"href":"https:\/\/lustandlove.eu\/et\/wp-json\/wp\/v2\/media?parent=55367"}],"wp:term":[{"taxonomy":"product_brand","embeddable":true,"href":"https:\/\/lustandlove.eu\/et\/wp-json\/wp\/v2\/product_brand?post=55367"},{"taxonomy":"product_cat","embeddable":true,"href":"https:\/\/lustandlove.eu\/et\/wp-json\/wp\/v2\/product_cat?post=55367"},{"taxonomy":"product_tag","embeddable":true,"href":"https:\/\/lustandlove.eu\/et\/wp-json\/wp\/v2\/product_tag?post=55367"}],"curies":[{"name":"wp","href":"https:\/\/api.w.org\/{rel}","templated":true}]}}